{"id":9,"date":"2018-02-21T12:41:13","date_gmt":"2018-02-21T10:41:13","guid":{"rendered":"http:\/\/koski.fi\/ylaaste\/?page_id=9"},"modified":"2025-07-30T13:32:51","modified_gmt":"2025-07-30T10:32:51","slug":"tapahtumakalenteri","status":"publish","type":"page","link":"https:\/\/koski.fi\/ylaaste\/tapahtumakalenteri\/","title":{"rendered":"Tapahtumakalenteri"},"content":{"rendered":"<h2><b>LUKUVUOSI 2025-2026<\/b><\/h2>\n<p><b>SYYSLUKUKAUSI to 7.8. \u2013 la 20.12.2025<\/b><\/p>\n<p>&nbsp;<\/p>\n<p><b>Elokuu<\/b><\/p>\n<p>to 7.8. 1. jakso alkaa<\/p>\n<p>ma 11.8. yhteis\u00f6llinen aamupala<\/p>\n<p>ti 12.8. <span style=\"font-weight: 400\">seiskojen ryhm\u00e4ytyminen Koskella klo 11-15<\/span><\/p>\n<p><span style=\"font-weight: 400\">xx.xx. kasien ryhm\u00e4ytyminen (ajankohta tarkentuu my\u00f6hemmin)<\/span><\/p>\n<p><span style=\"font-weight: 400\">xx.xx. ysien ryhm\u00e4ytyminen (ajankohta tarkentuu my\u00f6hemmin)<\/span><\/p>\n<p>to 28.8. valokuvausp\u00e4iv\u00e4<\/p>\n<p>&nbsp;<\/p>\n<p><b>Syyskuu<\/b><\/p>\n<p>ti 2.9. kasiluokat Taidetestaamassa Turussa klo 9-13. Tanssiteatteri ERI, esitys #PINNALLA.<\/p>\n<p>ke 3.9. liikennevalistus 8. lk klo 12-15 juhlasalissa<\/p>\n<p><span style=\"font-weight: 400\"><span style=\"float: none;background-color: #ffffff;color: #333333;cursor: text;font-family: Georgia,'Times New Roman','Bitstream Charter',Times,serif;font-size: 16px;font-style: normal;font-variant: normal;font-weight: 400;letter-spacing: normal;text-align: left;text-decoration: none;text-indent: 0px;text-transform: none\">ke 3.9. 7.lk vanhempainilta klo 18<\/span><\/span><\/p>\n<p>ke 10.9. seiskojen ryhm\u00e4ytyminen Teijon kansallispuistossa (ruskaretki) klo 9-15<\/p>\n<p>to 18.9. 2. jakso alkaa<\/p>\n<p><span style=\"font-weight: 400\">pe 26.9. Euroopan kielten p\u00e4iv\u00e4<\/span><\/p>\n<p>pe 26.9. N\u00e4lk\u00e4p\u00e4iv\u00e4<\/p>\n<p>&nbsp;<\/p>\n<p><b>Lokakuu<\/b><\/p>\n<p>&nbsp;<\/p>\n<p><span style=\"font-weight: 400\">Syysloma ma 13. \u2013 pe 17.10.2025 (vko 42)<\/span><\/p>\n<p>ma 20.10 yhteis\u00f6llinen aamupala<\/p>\n<p>&nbsp;<\/p>\n<p><b>Marraskuu<\/b><\/p>\n<p><span style=\"font-weight: 400\">peruskoulun matematiikkakilpailu (aika tarkentuu my\u00f6h.)<\/span><\/p>\n<p><span style=\"font-weight: 400\">ke 5.11. 3. jakso alkaa<\/span><\/p>\n<p>ma 17<span style=\"font-weight: 400\">.11. kurssiarvioinnit (2. jakso) Wilmassa<\/span><\/p>\n<p>&nbsp;<\/p>\n<p><b>Joulukuu<\/b><\/p>\n<p>&nbsp;<\/p>\n<p><span style=\"font-weight: 400\">pe 5.12. itsen\u00e4isyysjuhlallisuudet ja itsen\u00e4isyystanssiaiset<\/span><\/p>\n<p>pe 6.12. itsen\u00e4isyysp\u00e4iv\u00e4 (vapaap\u00e4iv\u00e4)<\/p>\n<p>pe 12<span style=\"font-weight: 400\">.12. Lucianp\u00e4iv\u00e4<\/span><\/p>\n<p>&nbsp;<\/p>\n<p><span style=\"font-weight: 400\">Joululoma 21.12.2025 \u2013 6.1.2026<\/span><\/p>\n<p><strong>\u00a0<\/strong><\/p>\n<p><b>KEV\u00c4TLUKUKAUSI ke 7.1. \u2013 \u00a0la 30.5.2026<\/b><\/p>\n<p><b>Tammikuu<\/b><\/p>\n<p><span style=\"font-weight: 400\">ke 7.1. 4. jakso alkaa<\/span><\/p>\n<p>ke 7.1. yhteis\u00f6llinen aamupala<\/p>\n<p><span style=\"font-weight: 400\">ti 13.1. 9A ja 9B Yrityskyl\u00e4ss\u00e4 Turussa klo 10-15<\/span><\/p>\n<p>to 15.1. kasiluokat taidetestaamassa Helsingiss\u00e4 klo 9-15. Sinfoninen pelimusiikkikonsertti (Game Music Collective), Helsingin kulttuuritalo.<\/p>\n<p><span style=\"font-weight: 400\">pe 16.1. 9C ja 9D Yrityskyl\u00e4ss\u00e4 Turussa klo 10-15<\/span><\/p>\n<p><span style=\"font-weight: 400\">pe 16.1. kurssiarvioinnit wilmassa (3. jakso) ja v\u00e4litodistusten jako\u00a0<\/span><\/p>\n<p>&nbsp;<\/p>\n<p><b>Helmikuu<\/b><\/p>\n<p><span style=\"font-weight: 400\">to 12.2. penkkarit (lukion abiturientit)<\/span><\/p>\n<p>pe 13.2. yst\u00e4v\u00e4np\u00e4iv\u00e4<\/p>\n<p><span style=\"font-weight: 400\">pe 13.2. Vanhojen tanssit (lukion kakkoset)<\/span><\/p>\n<p><span style=\"font-weight: 400\">Talviloma ma 16. \u2013 pe 20.2. (vko 8)<\/span><\/p>\n<p>ma 23.2. 5. jakso alkaa<\/p>\n<p>ma 23.2. yhteis\u00f6llinen aamupala<\/p>\n<p>&nbsp;<\/p>\n<p><b>Maaliskuu<\/b><\/p>\n<p><span style=\"font-weight: 400\">pe 6.3. kurssiarvioinnit wilmassa (4. jakso)<\/span><\/p>\n<p>ti 11.3. 8B ja 8C Taidetestaamassa Turussa<\/p>\n<p>31.3.-4.4. 8.lk TET-jakso<\/p>\n<p>&nbsp;<\/p>\n<p><b>Huhtikuu<\/b><\/p>\n<p>pe 3.4. &#8211; ma 6.4. p\u00e4\u00e4si\u00e4isloma<\/p>\n<p>ke 8.4<b>. <\/b><span style=\"font-weight: 400\">englannin valtakunnallinen koe 9. lk<\/span><\/p>\n<p><span style=\"font-weight: 400\">ma 13.4. 6. jakso alkaa<\/span><\/p>\n<p><span style=\"font-weight: 400\">to 30.4. vapputanssiaiset<\/span><\/p>\n<p>pe 1.5. vappu (vapaap\u00e4iv\u00e4)<\/p>\n<p>&nbsp;<\/p>\n<p><b>Toukokuu<\/b><\/p>\n<p>ke 6.5.<span style=\"font-weight: 400\">\u00a0tulevien seiskojen vanhempainilta<\/span><\/p>\n<p>to 14.5. <span style=\"float: none;background-color: #ffffff;color: #333333;cursor: text;font-family: Georgia,'Times New Roman','Bitstream Charter',Times,serif;font-size: 16px;font-style: normal;font-variant: normal;font-weight: 400;letter-spacing: normal;text-align: left;text-decoration: none;text-indent: 0px;text-transform: none\">vapaap\u00e4iv\u00e4 (helatorstai)<\/span><\/p>\n<p>ti 19<span style=\"font-weight: 400\">.5. tulevien seiskojen tutustumisp\u00e4iv\u00e4<\/span><\/p>\n<p>pe 22.5. seiskojen TET-p\u00e4iv\u00e4<\/p>\n<p><span style=\"font-weight: 400\">ti 26.5<\/span><span style=\"font-weight: 400\">.<\/span><span style=\"font-weight: 400\">\u00a0 ammatti- ja lukiop\u00e4iv\u00e4, 9. lk<\/span><\/p>\n<p>ke 27.5. 7.lk TET-p\u00e4iv\u00e4n purku klo 12-15<\/p>\n<p>to 28.5. luokkaretket<\/p>\n<p>pe 29.5. kev\u00e4tkirkko<\/p>\n<p>pe 29.5. kev\u00e4tjuhlaharjoitukset (9.lk)<\/p>\n<p>la 30.5. kev\u00e4tjuhla klo 9 + todistusten jako<\/p>\n<p>&nbsp;<\/p>\n<p><strong>Kes\u00e4kuu<\/strong><\/p>\n<p><span style=\"font-weight: 400\">ma 8.6. uusintakuulustelu klo 9<\/span><\/p>\n","protected":false},"excerpt":{"rendered":"<p>LUKUVUOSI 2025-2026 SYYSLUKUKAUSI to 7.8. \u2013 la 20.12.2025 &nbsp; Elokuu  [&#8230;]<\/p>\n","protected":false},"author":24,"featured_media":0,"parent":0,"menu_order":0,"comment_status":"closed","ping_status":"closed","template":"","meta":{"footnotes":""},"class_list":["post-9","page","type-page","status-publish","hentry"],"jetpack_sharing_enabled":true,"_links":{"self":[{"href":"https:\/\/koski.fi\/ylaaste\/wp-json\/wp\/v2\/pages\/9","targetHints":{"allow":["GET"]}}],"collection":[{"href":"https:\/\/koski.fi\/ylaaste\/wp-json\/wp\/v2\/pages"}],"about":[{"href":"https:\/\/koski.fi\/ylaaste\/wp-json\/wp\/v2\/types\/page"}],"author":[{"embeddable":true,"href":"https:\/\/koski.fi\/ylaaste\/wp-json\/wp\/v2\/users\/24"}],"replies":[{"embeddable":true,"href":"https:\/\/koski.fi\/ylaaste\/wp-json\/wp\/v2\/comments?post=9"}],"version-history":[{"count":58,"href":"https:\/\/koski.fi\/ylaaste\/wp-json\/wp\/v2\/pages\/9\/revisions"}],"predecessor-version":[{"id":613,"href":"https:\/\/koski.fi\/ylaaste\/wp-json\/wp\/v2\/pages\/9\/revisions\/613"}],"wp:attachment":[{"href":"https:\/\/koski.fi\/ylaaste\/wp-json\/wp\/v2\/media?parent=9"}],"curies":[{"name":"wp","href":"https:\/\/api.w.org\/{rel}","templated":true}]}}