{"id":5,"date":"2018-02-21T12:39:50","date_gmt":"2018-02-21T10:39:50","guid":{"rendered":"http:\/\/koski.fi\/ylaaste\/?page_id=5"},"modified":"2025-06-17T09:11:55","modified_gmt":"2025-06-17T06:11:55","slug":"koulusta-yleisesti","status":"publish","type":"page","link":"https:\/\/koski.fi\/ylaaste\/","title":{"rendered":"Koulusta yleisesti"},"content":{"rendered":"<p>Kosken seudun yl\u00e4aste on seutukunnallinen yl\u00e4koulu, jossa oppilaita on Koskelta TL, Marttilasta, Loimaalta ja Salosta.<\/p>\n<p>Kosken seudun yl\u00e4aste toimii Kosken koulukeskuksen tiloissa yhdess\u00e4 Kosken lukion kanssa. Yl\u00e4koulussa toimii vuosiluokat 7.-9. ja koulussamme on lukuvuoden 2025-2026 alussa 170 oppilasta. Henkil\u00f6kuntaa talossa on noin 40.<\/p>\n<p>Koulumme on Liikkuva koulu ja kuulumme KiVa-koulu hankkeeseen.<\/p>\n<p>&nbsp;<\/p>\n<p>Kosken seudun yl\u00e4aste on\u00a0<a href=\"https:\/\/www.facebook.com\/Kosken-seudun-yl%C3%A4aste-543821599119329\/\" target=\"_blank\" rel=\"noopener noreferrer\">Facebookissa<\/a>!<\/p>\n<p>LUKUVUOSI 2025-2026 ALKAA TORSTAINANA 7.8. KLO 8.55.<\/p>\n<p>KAIKKI KOULUKULJETUKSIA KOSKEVAT TIEDUSTELUT KOULUN KANSLIASTA 1.8.2025 ALKAEN (044 744 1004).<\/p>\n<p>&nbsp;<\/p>\n","protected":false},"excerpt":{"rendered":"<p>Kosken seudun yl\u00e4aste on seutukunnallinen yl\u00e4koulu, jossa oppilaita on Koskelta  [&#8230;]<\/p>\n","protected":false},"author":24,"featured_media":0,"parent":0,"menu_order":0,"comment_status":"closed","ping_status":"closed","template":"","meta":{"footnotes":""},"class_list":["post-5","page","type-page","status-publish","hentry"],"jetpack_sharing_enabled":true,"_links":{"self":[{"href":"https:\/\/koski.fi\/ylaaste\/wp-json\/wp\/v2\/pages\/5","targetHints":{"allow":["GET"]}}],"collection":[{"href":"https:\/\/koski.fi\/ylaaste\/wp-json\/wp\/v2\/pages"}],"about":[{"href":"https:\/\/koski.fi\/ylaaste\/wp-json\/wp\/v2\/types\/page"}],"author":[{"embeddable":true,"href":"https:\/\/koski.fi\/ylaaste\/wp-json\/wp\/v2\/users\/24"}],"replies":[{"embeddable":true,"href":"https:\/\/koski.fi\/ylaaste\/wp-json\/wp\/v2\/comments?post=5"}],"version-history":[{"count":23,"href":"https:\/\/koski.fi\/ylaaste\/wp-json\/wp\/v2\/pages\/5\/revisions"}],"predecessor-version":[{"id":601,"href":"https:\/\/koski.fi\/ylaaste\/wp-json\/wp\/v2\/pages\/5\/revisions\/601"}],"wp:attachment":[{"href":"https:\/\/koski.fi\/ylaaste\/wp-json\/wp\/v2\/media?parent=5"}],"curies":[{"name":"wp","href":"https:\/\/api.w.org\/{rel}","templated":true}]}}