{"id":45,"date":"2018-02-21T13:12:57","date_gmt":"2018-02-21T11:12:57","guid":{"rendered":"http:\/\/koski.fi\/ylaaste\/?page_id=45"},"modified":"2024-07-31T09:02:08","modified_gmt":"2024-07-31T06:02:08","slug":"oppilaskunta","status":"publish","type":"page","link":"https:\/\/koski.fi\/ylaaste\/oppilaskunta\/","title":{"rendered":"Oppilaskunta"},"content":{"rendered":"<p>Oppilaskunnan ohjaava opettaja on Linda Lehtonen.<\/p>\n<p>Oppilaskuntaan kuuluvat kaikki koulun oppilaat. Hallitukseen valitaan syksyisin edustaja ja varaedustaja jokaiselta luokalta. Luokan edustajat tuovat oppilaskunnan hallitukselle tietoa oppilaiden toiveista ja mielipiteist\u00e4. Oppilaskunta j\u00e4rjest\u00e4\u00e4 erilaisia tempauksia ja osallistuu s\u00e4\u00e4nn\u00f6llisesti mm. n\u00e4lk\u00e4p\u00e4iv\u00e4- ja p\u00e4iv\u00e4ty\u00f6ker\u00e4yksen j\u00e4rjest\u00e4miseen.<\/p>\n","protected":false},"excerpt":{"rendered":"<p>Oppilaskunnan ohjaava opettaja on Linda Lehtonen. Oppilaskuntaan kuuluvat kaikki koulun  [&#8230;]<\/p>\n","protected":false},"author":24,"featured_media":0,"parent":0,"menu_order":0,"comment_status":"closed","ping_status":"closed","template":"","meta":{"footnotes":""},"class_list":["post-45","page","type-page","status-publish","hentry"],"jetpack_sharing_enabled":true,"_links":{"self":[{"href":"https:\/\/koski.fi\/ylaaste\/wp-json\/wp\/v2\/pages\/45","targetHints":{"allow":["GET"]}}],"collection":[{"href":"https:\/\/koski.fi\/ylaaste\/wp-json\/wp\/v2\/pages"}],"about":[{"href":"https:\/\/koski.fi\/ylaaste\/wp-json\/wp\/v2\/types\/page"}],"author":[{"embeddable":true,"href":"https:\/\/koski.fi\/ylaaste\/wp-json\/wp\/v2\/users\/24"}],"replies":[{"embeddable":true,"href":"https:\/\/koski.fi\/ylaaste\/wp-json\/wp\/v2\/comments?post=45"}],"version-history":[{"count":4,"href":"https:\/\/koski.fi\/ylaaste\/wp-json\/wp\/v2\/pages\/45\/revisions"}],"predecessor-version":[{"id":558,"href":"https:\/\/koski.fi\/ylaaste\/wp-json\/wp\/v2\/pages\/45\/revisions\/558"}],"wp:attachment":[{"href":"https:\/\/koski.fi\/ylaaste\/wp-json\/wp\/v2\/media?parent=45"}],"curies":[{"name":"wp","href":"https:\/\/api.w.org\/{rel}","templated":true}]}}