{"id":44,"date":"2018-02-21T13:12:20","date_gmt":"2018-02-21T11:12:20","guid":{"rendered":"http:\/\/koski.fi\/ylaaste\/?page_id=44"},"modified":"2023-08-22T09:01:35","modified_gmt":"2023-08-22T06:01:35","slug":"koulukuraattori","status":"publish","type":"page","link":"https:\/\/koski.fi\/ylaaste\/koulukuraattori\/","title":{"rendered":"Koulukuraattori"},"content":{"rendered":"<div>\n<p><b>Koulukuraattoripalvelut ovat jokaisen koulumme oppilaan k\u00e4ytett\u00e4viss\u00e4 kotikunnasta riippumatta.<\/b><\/p>\n<p><strong>Koulukuraattori on paikalla Kosken koulukeskuksessa p\u00e4\u00e4s\u00e4\u00e4nt\u00f6isesti <\/strong><\/p>\n<p><strong>maanantaisin, torstaisin ja perjantaisin.<\/strong><\/p>\n<p><strong>Kosken Tl esi- ja alakoulun asiakkaille koulukuraattoripalvelut ovat tarjolla tarpeen mukaan.<\/strong><\/p>\n<p><strong>Yhteystiedot:<\/strong><\/p>\n<p><strong>koulukuraattori Juha Lehtonen puh. 044 7441002, 28.8.2023 alkaen<\/strong><\/p>\n<p><strong>juha.lehtonen@varha.fi<\/strong><\/p>\n<\/div>\n<div><\/div>\n<div><\/div>\n","protected":false},"excerpt":{"rendered":"<p>Koulukuraattoripalvelut ovat jokaisen koulumme oppilaan k\u00e4ytett\u00e4viss\u00e4 kotikunnasta riippumatta. Koulukuraattori on  [&#8230;]<\/p>\n","protected":false},"author":24,"featured_media":0,"parent":0,"menu_order":0,"comment_status":"closed","ping_status":"closed","template":"","meta":{"footnotes":""},"class_list":["post-44","page","type-page","status-publish","hentry"],"jetpack_sharing_enabled":true,"_links":{"self":[{"href":"https:\/\/koski.fi\/ylaaste\/wp-json\/wp\/v2\/pages\/44","targetHints":{"allow":["GET"]}}],"collection":[{"href":"https:\/\/koski.fi\/ylaaste\/wp-json\/wp\/v2\/pages"}],"about":[{"href":"https:\/\/koski.fi\/ylaaste\/wp-json\/wp\/v2\/types\/page"}],"author":[{"embeddable":true,"href":"https:\/\/koski.fi\/ylaaste\/wp-json\/wp\/v2\/users\/24"}],"replies":[{"embeddable":true,"href":"https:\/\/koski.fi\/ylaaste\/wp-json\/wp\/v2\/comments?post=44"}],"version-history":[{"count":12,"href":"https:\/\/koski.fi\/ylaaste\/wp-json\/wp\/v2\/pages\/44\/revisions"}],"predecessor-version":[{"id":508,"href":"https:\/\/koski.fi\/ylaaste\/wp-json\/wp\/v2\/pages\/44\/revisions\/508"}],"wp:attachment":[{"href":"https:\/\/koski.fi\/ylaaste\/wp-json\/wp\/v2\/media?parent=44"}],"curies":[{"name":"wp","href":"https:\/\/api.w.org\/{rel}","templated":true}]}} 