{"id":36,"date":"2018-02-21T13:10:56","date_gmt":"2018-02-21T11:10:56","guid":{"rendered":"http:\/\/koski.fi\/ylaaste\/?page_id=36"},"modified":"2018-02-21T13:10:56","modified_gmt":"2018-02-21T11:10:56","slug":"opiskeluhuoltoryhma","status":"publish","type":"page","link":"https:\/\/koski.fi\/ylaaste\/opiskeluhuoltoryhma\/","title":{"rendered":"Opiskeluhuoltoryhm\u00e4"},"content":{"rendered":"<p>Opiskeluhuoltoryhm\u00e4 on koulumme moniammatillinen ty\u00f6ryhm\u00e4, joka kokoontuu tarvittaessa k\u00e4sittelem\u00e4\u00e4n koulussamme kouluty\u00f6n sujumiseen liittyvi\u00e4 yleisi\u00e4 asioita ja oppilaiden koulunk\u00e4yntiin liittyvi\u00e4 asioita. Tavoitteena on oppilaiden koulunk\u00e4ynnin ja opiskelun turvaaminen.<\/p>\n<div>Opiskeluhuoltoryhm\u00e4\u00e4n kuuluvat rehtori, opinto-ohjaaja, erityisopettajat, terveydenhoitaja ja koulupsykologi. Tarvittaessa ryhm\u00e4\u00e4n kutsutaan oppilaan huoltajat sek\u00e4 asiantuntijoita kuten sosiaality\u00f6ntekij\u00e4t, luokanvalvojat tai hoitavat l\u00e4\u00e4k\u00e4rit. Ty\u00f6ryhm\u00e4n j\u00e4seni\u00e4 sitoo vaitiolovelvollisuus. Huoltaja voi ottaa yhteytt\u00e4 opiskeluhuoltoryhm\u00e4n j\u00e4seniin ja tuoda lapsensa asian ryhm\u00e4n k\u00e4sitelt\u00e4v\u00e4ksi.<\/div>\n","protected":false},"excerpt":{"rendered":"<p>Opiskeluhuoltoryhm\u00e4 on koulumme moniammatillinen ty\u00f6ryhm\u00e4, joka kokoontuu tarvittaessa k\u00e4sittelem\u00e4\u00e4n koulussamme  [&#8230;]<\/p>\n","protected":false},"author":1,"featured_media":0,"parent":0,"menu_order":0,"comment_status":"closed","ping_status":"closed","template":"","meta":{"footnotes":""},"class_list":["post-36","page","type-page","status-publish","hentry"],"jetpack_sharing_enabled":true,"_links":{"self":[{"href":"https:\/\/koski.fi\/ylaaste\/wp-json\/wp\/v2\/pages\/36","targetHints":{"allow":["GET"]}}],"collection":[{"href":"https:\/\/koski.fi\/ylaaste\/wp-json\/wp\/v2\/pages"}],"about":[{"href":"https:\/\/koski.fi\/ylaaste\/wp-json\/wp\/v2\/types\/page"}],"author":[{"embeddable":true,"href":"https:\/\/koski.fi\/ylaaste\/wp-json\/wp\/v2\/users\/1"}],"replies":[{"embeddable":true,"href":"https:\/\/koski.fi\/ylaaste\/wp-json\/wp\/v2\/comments?post=36"}],"version-history":[{"count":1,"href":"https:\/\/koski.fi\/ylaaste\/wp-json\/wp\/v2\/pages\/36\/revisions"}],"predecessor-version":[{"id":40,"href":"https:\/\/koski.fi\/ylaaste\/wp-json\/wp\/v2\/pages\/36\/revisions\/40"}],"wp:attachment":[{"href":"https:\/\/koski.fi\/ylaaste\/wp-json\/wp\/v2\/media?parent=36"}],"curies":[{"name":"wp","href":"https:\/\/api.w.org\/{rel}","templated":true}]}}