{"id":32,"date":"2018-02-21T13:06:46","date_gmt":"2018-02-21T11:06:46","guid":{"rendered":"http:\/\/koski.fi\/ylaaste\/?page_id=32"},"modified":"2018-03-08T10:47:53","modified_gmt":"2018-03-08T08:47:53","slug":"tukioppilaat","status":"publish","type":"page","link":"https:\/\/koski.fi\/ylaaste\/tukioppilaat\/","title":{"rendered":"Tukioppilaat"},"content":{"rendered":"<div>Tukioppilastoimintaa koulussamme ohjaa opettaja Paula Corv\u00e9n.<\/div>\n<div><\/div>\n<div>Tukioppilastoiminnan tavoitteena on helpottaa ja ehk\u00e4ist\u00e4 kouluty\u00f6n ongelmia oppilaiden avulla ja korostaa kaikkien yhteist\u00e4 vastuuta kouluyhteis\u00f6ss\u00e4.<\/div>\n<div><\/div>\n<div>9.-luokkalaisten tilalle valitaan uudet tukioppilaat 7. luokalta kev\u00e4\u00e4n aikana.<\/div>\n","protected":false},"excerpt":{"rendered":"<p>Tukioppilastoimintaa koulussamme ohjaa opettaja Paula Corv\u00e9n. Tukioppilastoiminnan tavoitteena on helpottaa  [&#8230;]<\/p>\n","protected":false},"author":1,"featured_media":0,"parent":0,"menu_order":0,"comment_status":"closed","ping_status":"closed","template":"","meta":{"footnotes":""},"class_list":["post-32","page","type-page","status-publish","hentry"],"jetpack_sharing_enabled":true,"_links":{"self":[{"href":"https:\/\/koski.fi\/ylaaste\/wp-json\/wp\/v2\/pages\/32","targetHints":{"allow":["GET"]}}],"collection":[{"href":"https:\/\/koski.fi\/ylaaste\/wp-json\/wp\/v2\/pages"}],"about":[{"href":"https:\/\/koski.fi\/ylaaste\/wp-json\/wp\/v2\/types\/page"}],"author":[{"embeddable":true,"href":"https:\/\/koski.fi\/ylaaste\/wp-json\/wp\/v2\/users\/1"}],"replies":[{"embeddable":true,"href":"https:\/\/koski.fi\/ylaaste\/wp-json\/wp\/v2\/comments?post=32"}],"version-history":[{"count":2,"href":"https:\/\/koski.fi\/ylaaste\/wp-json\/wp\/v2\/pages\/32\/revisions"}],"predecessor-version":[{"id":92,"href":"https:\/\/koski.fi\/ylaaste\/wp-json\/wp\/v2\/pages\/32\/revisions\/92"}],"wp:attachment":[{"href":"https:\/\/koski.fi\/ylaaste\/wp-json\/wp\/v2\/media?parent=32"}],"curies":[{"name":"wp","href":"https:\/\/api.w.org\/{rel}","templated":true}]}}