{"id":24,"date":"2018-02-21T12:55:24","date_gmt":"2018-02-21T10:55:24","guid":{"rendered":"http:\/\/koski.fi\/ylaaste\/?page_id=24"},"modified":"2025-06-17T10:37:49","modified_gmt":"2025-06-17T07:37:49","slug":"tuntijako","status":"publish","type":"page","link":"https:\/\/koski.fi\/ylaaste\/tuntijako\/","title":{"rendered":"Tuntijako"},"content":{"rendered":"<div class=\"leipa\">\n<div>Tuntijaossa on ilmoitettu oppiaineessa opiskeltava tuntim\u00e4\u00e4r\u00e4 vuosiviikkotunteina. Vuosiviikkotunti tarkoittaa keskim\u00e4\u00e4rin viikossa opiskeltavaa tuntim\u00e4\u00e4r\u00e4\u00e4.\u00a0 Koulussamme noudatetaan jakso-opiskelua, jolloin oppilaan lukuj\u00e4rjestys vaihtuu kuusi kertaa lukuvuoden aikana. Eri lukuj\u00e4rjestyksiss\u00e4 on eri oppiaineita erilaiset tuntim\u00e4\u00e4r\u00e4t.<\/div>\n<p>&nbsp;<\/p>\n<p><strong>Tuntijako Kosken seudun yl\u00e4asteella (OPS 2016)<\/strong><\/p>\n<div>\n<table border=\"1\" cellspacing=\"0\" cellpadding=\"0\">\n<tbody>\n<tr>\n<td valign=\"bottom\" width=\"314\"><strong>Perusopetuksen tuntijako<\/strong><\/td>\n<td valign=\"bottom\" width=\"60\"><\/td>\n<td valign=\"bottom\" width=\"60\"><strong>luokka<\/strong><\/td>\n<td valign=\"bottom\" width=\"60\"><\/td>\n<\/tr>\n<tr>\n<td valign=\"bottom\" width=\"314\"><strong>oppiaine<\/strong><\/td>\n<td valign=\"bottom\" width=\"60\"><strong>7 lk<\/strong><\/td>\n<td valign=\"bottom\" width=\"60\"><strong>8 lk<\/strong><\/td>\n<td valign=\"bottom\" width=\"60\"><strong>9 lk<\/strong><\/td>\n<\/tr>\n<tr>\n<td valign=\"bottom\" width=\"314\">\u00c4idinkieli ja kirjallisuus<\/td>\n<td valign=\"bottom\" width=\"60\">3<\/td>\n<td valign=\"bottom\" width=\"60\">4<\/td>\n<td valign=\"bottom\" width=\"60\">3<\/td>\n<\/tr>\n<tr>\n<td valign=\"bottom\" width=\"314\">A1-kieli, englanti<\/td>\n<td valign=\"bottom\" width=\"60\">2<\/td>\n<td valign=\"bottom\" width=\"60\">3<\/td>\n<td valign=\"bottom\" width=\"60\">2<\/td>\n<\/tr>\n<tr>\n<td valign=\"bottom\" width=\"314\">B1-kieli, ruotsi<\/td>\n<td valign=\"bottom\" width=\"60\">2<\/td>\n<td valign=\"bottom\" width=\"60\">1<\/td>\n<td valign=\"bottom\" width=\"60\">2<\/td>\n<\/tr>\n<tr>\n<td valign=\"bottom\" width=\"314\">Matematiikka<\/td>\n<td valign=\"bottom\" width=\"60\">3<\/td>\n<td valign=\"bottom\" width=\"60\">4<\/td>\n<td valign=\"bottom\" width=\"60\">4<\/td>\n<\/tr>\n<tr>\n<td valign=\"bottom\" width=\"314\">Biologia<\/td>\n<td valign=\"bottom\" width=\"60\">1<\/td>\n<td valign=\"bottom\" width=\"60\">1<\/td>\n<td valign=\"bottom\" width=\"60\">2<\/td>\n<\/tr>\n<tr>\n<td valign=\"bottom\" width=\"314\">Maantiede<\/td>\n<td valign=\"bottom\" width=\"60\">1<\/td>\n<td valign=\"bottom\" width=\"60\">1<\/td>\n<td valign=\"bottom\" width=\"60\">1<\/td>\n<\/tr>\n<tr>\n<td valign=\"bottom\" width=\"314\">Fysiikka<\/td>\n<td valign=\"bottom\" width=\"60\">1<\/td>\n<td valign=\"bottom\" width=\"60\">1<\/td>\n<td valign=\"bottom\" width=\"60\">1,5<\/td>\n<\/tr>\n<tr>\n<td valign=\"bottom\" width=\"314\">Kemia<\/td>\n<td valign=\"bottom\" width=\"60\">1<\/td>\n<td valign=\"bottom\" width=\"60\">1<\/td>\n<td valign=\"bottom\" width=\"60\">1,5<\/td>\n<\/tr>\n<tr>\n<td valign=\"bottom\" width=\"314\">Terveystieto<\/td>\n<td valign=\"bottom\" width=\"60\">1<\/td>\n<td valign=\"bottom\" width=\"60\">1<\/td>\n<td valign=\"bottom\" width=\"60\">1<\/td>\n<\/tr>\n<tr>\n<td valign=\"bottom\" width=\"314\">Uskonto<\/td>\n<td valign=\"bottom\" width=\"60\">0,5<\/td>\n<td valign=\"bottom\" width=\"60\">1<\/td>\n<td valign=\"bottom\" width=\"60\">1,5<\/td>\n<\/tr>\n<tr>\n<td valign=\"bottom\" width=\"314\">Historia<\/td>\n<td valign=\"bottom\" width=\"60\">2<\/td>\n<td valign=\"bottom\" width=\"60\">2<\/td>\n<td valign=\"bottom\" width=\"60\">&#8211;<\/td>\n<\/tr>\n<tr>\n<td valign=\"bottom\" width=\"314\">Yhteiskuntaoppi<\/td>\n<td valign=\"bottom\" width=\"60\">&#8211;<\/td>\n<td valign=\"bottom\" width=\"60\">1<\/td>\n<td valign=\"bottom\" width=\"60\">2<\/td>\n<\/tr>\n<tr>\n<td valign=\"bottom\" width=\"314\">Musiikki<\/td>\n<td valign=\"bottom\" width=\"60\">2<\/td>\n<td valign=\"bottom\" width=\"60\">&#8211;<\/td>\n<td valign=\"bottom\" width=\"60\">&#8211;<\/td>\n<\/tr>\n<tr>\n<td valign=\"bottom\" width=\"314\">Kuvataide<\/td>\n<td valign=\"bottom\" width=\"60\">2<\/td>\n<td valign=\"bottom\" width=\"60\">&#8211;<\/td>\n<td valign=\"bottom\" width=\"60\">&#8211;<\/td>\n<\/tr>\n<tr>\n<td valign=\"bottom\" width=\"314\">K\u00e4sity\u00f6<\/td>\n<td valign=\"bottom\" width=\"60\">3<\/td>\n<td valign=\"bottom\" width=\"60\">&#8211;<\/td>\n<td valign=\"bottom\" width=\"60\">&#8211;<\/td>\n<\/tr>\n<tr>\n<td valign=\"bottom\" width=\"314\">Liikunta<\/td>\n<td valign=\"bottom\" width=\"60\">2<\/td>\n<td valign=\"bottom\" width=\"60\">2,5<\/td>\n<td valign=\"bottom\" width=\"60\">2,5<\/td>\n<\/tr>\n<tr>\n<td valign=\"bottom\" width=\"314\">Kotitalous<\/td>\n<td valign=\"bottom\" width=\"60\">3<\/td>\n<td valign=\"bottom\" width=\"60\">&#8211;<\/td>\n<td valign=\"bottom\" width=\"60\">&#8211;<\/td>\n<\/tr>\n<tr>\n<td valign=\"bottom\" width=\"314\">Oppilaanohjaus<\/td>\n<td valign=\"bottom\" width=\"60\">0,5<\/td>\n<td valign=\"bottom\" width=\"60\">1<\/td>\n<td valign=\"bottom\" width=\"60\">0,5<\/td>\n<\/tr>\n<tr>\n<td valign=\"bottom\" width=\"314\">Taito- ja taideaineiden valinnaiset<\/td>\n<td valign=\"bottom\" width=\"60\">&#8211;<\/td>\n<td valign=\"bottom\" width=\"60\">2<\/td>\n<td valign=\"bottom\" width=\"60\">2<\/td>\n<\/tr>\n<tr>\n<td valign=\"bottom\" width=\"314\">Valinnaiset aineet<\/td>\n<td valign=\"bottom\" width=\"60\">&#8211;<\/td>\n<td valign=\"bottom\" width=\"60\">4<\/td>\n<td valign=\"bottom\" width=\"60\">4<\/td>\n<\/tr>\n<tr>\n<td valign=\"bottom\" width=\"314\"><strong>Oppilaan tuntim\u00e4\u00e4r\u00e4 yhteens\u00e4<\/strong><\/td>\n<td valign=\"bottom\" width=\"60\"><strong>30<\/strong><\/td>\n<td valign=\"bottom\" width=\"60\"><strong>30,5<\/strong><\/td>\n<td valign=\"bottom\" width=\"60\"><strong>30,5<\/strong><\/td>\n<\/tr>\n<\/tbody>\n<\/table>\n<\/div>\n<div><strong>\u00a0<\/strong><\/div>\n<div><\/div>\n<div><\/div>\n<div><\/div>\n<div><\/div>\n<\/div>\n","protected":false},"excerpt":{"rendered":"<p>Tuntijaossa on ilmoitettu oppiaineessa opiskeltava tuntim\u00e4\u00e4r\u00e4 vuosiviikkotunteina. Vuosiviikkotunti tarkoittaa keskim\u00e4\u00e4rin  [&#8230;]<\/p>\n","protected":false},"author":24,"featured_media":0,"parent":0,"menu_order":0,"comment_status":"closed","ping_status":"closed","template":"","meta":{"footnotes":""},"class_list":["post-24","page","type-page","status-publish","hentry"],"jetpack_sharing_enabled":true,"_links":{"self":[{"href":"https:\/\/koski.fi\/ylaaste\/wp-json\/wp\/v2\/pages\/24","targetHints":{"allow":["GET"]}}],"collection":[{"href":"https:\/\/koski.fi\/ylaaste\/wp-json\/wp\/v2\/pages"}],"about":[{"href":"https:\/\/koski.fi\/ylaaste\/wp-json\/wp\/v2\/types\/page"}],"author":[{"embeddable":true,"href":"https:\/\/koski.fi\/ylaaste\/wp-json\/wp\/v2\/users\/24"}],"replies":[{"embeddable":true,"href":"https:\/\/koski.fi\/ylaaste\/wp-json\/wp\/v2\/comments?post=24"}],"version-history":[{"count":6,"href":"https:\/\/koski.fi\/ylaaste\/wp-json\/wp\/v2\/pages\/24\/revisions"}],"predecessor-version":[{"id":609,"href":"https:\/\/koski.fi\/ylaaste\/wp-json\/wp\/v2\/pages\/24\/revisions\/609"}],"wp:attachment":[{"href":"https:\/\/koski.fi\/ylaaste\/wp-json\/wp\/v2\/media?parent=24"}],"curies":[{"name":"wp","href":"https:\/\/api.w.org\/{rel}","templated":true}]}}