{"id":23,"date":"2018-02-21T12:52:34","date_gmt":"2018-02-21T10:52:34","guid":{"rendered":"http:\/\/koski.fi\/ylaaste\/?page_id=23"},"modified":"2025-07-30T13:44:37","modified_gmt":"2025-07-30T10:44:37","slug":"jaksojarjestelma","status":"publish","type":"page","link":"https:\/\/koski.fi\/ylaaste\/jaksojarjestelma\/","title":{"rendered":"Jaksoj\u00e4rjestelm\u00e4"},"content":{"rendered":"<p>Koulussamme noudatetaan jakso-opiskelua, jolloin lukuj\u00e4rjestys oppilaalla vaihtuu kuusi kertaa lukuvuoden aikana. Eri lukuj\u00e4rjestyksiss\u00e4 on eri oppiaineita erilaiset tuntim\u00e4\u00e4r\u00e4t, joissakin jaksoissa jotakin ainetta ei opiskella lainkaan.<\/p>\n<p>Oppilaat saavat arvioinnit p\u00e4\u00e4ttyneist\u00e4 kursseistaan oheisen arviointiaikataulun mukaisesti.<\/p>\n<p>&nbsp;<\/p>\n<div>Jaksot\u00a0\u00a0\u00a0\u00a0\u00a0\u00a0\u00a0\u00a0\u00a0\u00a0\u00a0\u00a0\u00a0\u00a0\u00a0\u00a0\u00a0\u00a0\u00a0\u00a0\u00a0\u00a0\u00a0\u00a0\u00a0\u00a0\u00a0\u00a0\u00a0\u00a0\u00a0\u00a0\u00a0\u00a0 arviointi kursseista annetaan<\/div>\n<div>1. jakso 7.8. \u2013 17.9.2025\u00a0 \u00a0 \u00a0 \u00a0 \u00a0 \u00a0 \u00a0 \u00a0 \u00a0 \u00a0 \u00a0 \u00a0 &#8212;<\/div>\n<div>2. jakso 18.9. \u2013 4.11.2025\u00a0 \u00a0 \u00a0 \u00a0 \u00a0 \u00a0 \u00a0 \u00a0 \u00a0 \u00a017.11.2025<\/div>\n<div>3. jakso 5.11.-16.12.2025\u00a0 \u00a0 \u00a0 \u00a0 \u00a0 \u00a0 \u00a0 \u00a0 \u00a0 \u00a0 \u00a016.1.2026<\/div>\n<div>4. jakso 17.1.2025-13.2.2026\u00a0 \u00a0 \u00a0 \u00a0 \u00a0 \u00a0 \u00a06.3.2026<\/div>\n<div>5. jakso 23.2.-10.4.2026\u00a0 \u00a0 \u00a0 \u00a0 \u00a0 \u00a0 \u00a0 \u00a0 \u00a0 \u00a0 \u00a0 \u00a0 \u00a0 &#8212;<\/div>\n<div>6. jakso 13.4.-30.5.2026\u00a0 \u00a0 \u00a0 \u00a0 \u00a0 \u00a0 \u00a0 \u00a0 \u00a0 \u00a0 \u00a0 30.5.2026<\/div>\n<div><\/div>\n<div>Arvosanat julkaistaan Wilmassa, josta oppilaat ja huoltajat voivat seurata oppilaan opintomenestyst\u00e4. 7.lk:n oppilaat saavat arvosanat kaksi kertaa vuodessa.\u00a0 Paperinen v\u00e4litodistus jaetaan 3. jakson j\u00e4lkeen ja p\u00e4\u00e4tt\u00f6todistus\/lukuvuositodistus 6. jakson j\u00e4lkeen.<\/div>\n","protected":false},"excerpt":{"rendered":"<p>Koulussamme noudatetaan jakso-opiskelua, jolloin lukuj\u00e4rjestys oppilaalla vaihtuu kuusi kertaa lukuvuoden  [&#8230;]<\/p>\n","protected":false},"author":24,"featured_media":0,"parent":0,"menu_order":0,"comment_status":"closed","ping_status":"closed","template":"","meta":{"footnotes":""},"class_list":["post-23","page","type-page","status-publish","hentry"],"jetpack_sharing_enabled":true,"_links":{"self":[{"href":"https:\/\/koski.fi\/ylaaste\/wp-json\/wp\/v2\/pages\/23","targetHints":{"allow":["GET"]}}],"collection":[{"href":"https:\/\/koski.fi\/ylaaste\/wp-json\/wp\/v2\/pages"}],"about":[{"href":"https:\/\/koski.fi\/ylaaste\/wp-json\/wp\/v2\/types\/page"}],"author":[{"embeddable":true,"href":"https:\/\/koski.fi\/ylaaste\/wp-json\/wp\/v2\/users\/24"}],"replies":[{"embeddable":true,"href":"https:\/\/koski.fi\/ylaaste\/wp-json\/wp\/v2\/comments?post=23"}],"version-history":[{"count":14,"href":"https:\/\/koski.fi\/ylaaste\/wp-json\/wp\/v2\/pages\/23\/revisions"}],"predecessor-version":[{"id":619,"href":"https:\/\/koski.fi\/ylaaste\/wp-json\/wp\/v2\/pages\/23\/revisions\/619"}],"wp:attachment":[{"href":"https:\/\/koski.fi\/ylaaste\/wp-json\/wp\/v2\/media?parent=23"}],"curies":[{"name":"wp","href":"https:\/\/api.w.org\/{rel}","templated":true}]}}