{"id":21,"date":"2018-02-21T12:51:59","date_gmt":"2018-02-21T10:51:59","guid":{"rendered":"http:\/\/koski.fi\/ylaaste\/?page_id=21"},"modified":"2025-08-07T12:50:11","modified_gmt":"2025-08-07T09:50:11","slug":"koulun-jarjestyssaannot","status":"publish","type":"page","link":"https:\/\/koski.fi\/ylaaste\/koulun-jarjestyssaannot\/","title":{"rendered":"Koulun k\u00e4yt\u00e4nteit\u00e4 ja j\u00e4rjestyss\u00e4\u00e4nn\u00f6t"},"content":{"rendered":"<p><a href=\"https:\/\/drive.google.com\/file\/d\/1KLPA6LQvWMgWS9N_HFpnJBo4UiR-Ce48\/view?usp=sharing\">Koulun k\u00e4yt\u00e4nteit\u00e4 ja j\u00e4rjestyss\u00e4\u00e4nn\u00f6t<\/a><\/p>\n","protected":false},"excerpt":{"rendered":"<p>Koulun k\u00e4yt\u00e4nteit\u00e4 ja j\u00e4rjestyss\u00e4\u00e4nn\u00f6t<\/p>\n","protected":false},"author":24,"featured_media":0,"parent":0,"menu_order":0,"comment_status":"closed","ping_status":"closed","template":"","meta":{"footnotes":""},"class_list":["post-21","page","type-page","status-publish","hentry"],"jetpack_sharing_enabled":true,"_links":{"self":[{"href":"https:\/\/koski.fi\/ylaaste\/wp-json\/wp\/v2\/pages\/21","targetHints":{"allow":["GET"]}}],"collection":[{"href":"https:\/\/koski.fi\/ylaaste\/wp-json\/wp\/v2\/pages"}],"about":[{"href":"https:\/\/koski.fi\/ylaaste\/wp-json\/wp\/v2\/types\/page"}],"author":[{"embeddable":true,"href":"https:\/\/koski.fi\/ylaaste\/wp-json\/wp\/v2\/users\/24"}],"replies":[{"embeddable":true,"href":"https:\/\/koski.fi\/ylaaste\/wp-json\/wp\/v2\/comments?post=21"}],"version-history":[{"count":6,"href":"https:\/\/koski.fi\/ylaaste\/wp-json\/wp\/v2\/pages\/21\/revisions"}],"predecessor-version":[{"id":623,"href":"https:\/\/koski.fi\/ylaaste\/wp-json\/wp\/v2\/pages\/21\/revisions\/623"}],"wp:attachment":[{"href":"https:\/\/koski.fi\/ylaaste\/wp-json\/wp\/v2\/media?parent=21"}],"curies":[{"name":"wp","href":"https:\/\/api.w.org\/{rel}","templated":true}]}} 