{"id":17,"date":"2018-02-21T12:48:57","date_gmt":"2018-02-21T10:48:57","guid":{"rendered":"http:\/\/koski.fi\/ylaaste\/?page_id=17"},"modified":"2025-08-27T13:54:24","modified_gmt":"2025-08-27T10:54:24","slug":"muu-henkilokunta","status":"publish","type":"page","link":"https:\/\/koski.fi\/ylaaste\/muu-henkilokunta\/","title":{"rendered":"Muu henkil\u00f6kunta"},"content":{"rendered":"<table style=\"height: 668px\" width=\"1126\" cellspacing=\"0\" cellpadding=\"3\">\n<tbody>\n<tr>\n<td valign=\"top\" width=\"33%\">\n<div>Laitosmies<\/div>\n<\/td>\n<td valign=\"top\" width=\"33%\">\n<div>Jarmo Takala<\/div>\n<\/td>\n<td valign=\"top\" width=\"33%\">\n<div>044 744 1156<\/div>\n<\/td>\n<\/tr>\n<tr>\n<td valign=\"top\" width=\"33%\">\n<div>Keitti\u00f6 \/ keitti\u00f6p\u00e4\u00e4llikk\u00f6<\/div>\n<\/td>\n<td valign=\"top\" width=\"33%\">\n<div>Kirsi Jokela<\/div>\n<\/td>\n<td valign=\"top\" width=\"33%\">\n<div>044 744 1270<\/div>\n<\/td>\n<\/tr>\n<tr>\n<td valign=\"top\" width=\"33%\">\n<div>Ravitsemusty\u00f6ntekij\u00e4<\/div>\n<\/td>\n<td valign=\"top\" width=\"33%\">\n<div>Nina Leime<\/div>\n<\/td>\n<td valign=\"top\" width=\"33%\"><\/td>\n<\/tr>\n<tr>\n<td valign=\"top\" width=\"33%\">\n<div>Kouluhuoltaja<\/div>\n<\/td>\n<td valign=\"top\" width=\"33%\">\n<div>Merja Huvila<\/div>\n<\/td>\n<td valign=\"top\" width=\"33%\"><\/td>\n<\/tr>\n<tr>\n<td valign=\"top\" width=\"33%\"><\/td>\n<td valign=\"top\" width=\"33%\"><\/td>\n<td valign=\"top\" width=\"33%\"><\/td>\n<\/tr>\n<tr>\n<td valign=\"top\" width=\"33%\">Kouluhuoltaja<\/td>\n<td valign=\"top\" width=\"33%\">Pirjo Kramsu<\/td>\n<td valign=\"top\" width=\"33%\"><\/td>\n<\/tr>\n<tr>\n<td valign=\"top\" width=\"33%\"><\/td>\n<td valign=\"top\" width=\"33%\"><\/td>\n<td valign=\"top\" width=\"33%\"><\/td>\n<\/tr>\n<tr>\n<td valign=\"top\" width=\"33%\">Koulunuorisoty\u00f6ntekij\u00e4<\/td>\n<td valign=\"top\" width=\"33%\">Noora Lindeberg-Kaukonen<\/td>\n<td valign=\"top\" width=\"33%\">044 744 1276<\/td>\n<\/tr>\n<tr>\n<td valign=\"top\" width=\"33%\">&#8211;<\/td>\n<td valign=\"top\" width=\"33%\"><\/td>\n<td valign=\"top\" width=\"33%\"><\/td>\n<\/tr>\n<tr>\n<td valign=\"top\" width=\"33%\">Varsinais-Suomen hyvinvointialueen palvelut:<\/td>\n<td valign=\"top\" width=\"33%\">s\u00e4hk\u00f6postit etunimi.sukunimi@varha.fi<\/td>\n<td valign=\"top\" width=\"33%\"><\/td>\n<\/tr>\n<tr>\n<td valign=\"top\" width=\"33%\">\n<div>Kouluterveydenhoitaja<\/div>\n<\/td>\n<td valign=\"top\" width=\"33%\">\n<div>Marika Riitamaa<\/div>\n<\/td>\n<td valign=\"top\" width=\"33%\">\n<div>050 559 6853<br \/>\n(paikalla ti, to ja pe, ilman ajanvarausta klo 12.15-12.45)<\/div>\n<\/td>\n<\/tr>\n<tr>\n<td valign=\"top\" width=\"33%\">\n<div>Koulupsykologi<\/div>\n<\/td>\n<td valign=\"top\" width=\"33%\">\n<div>Marjaana Leino<\/div>\n<\/td>\n<td valign=\"top\" width=\"33%\">\n<div>044 084 7435<\/div>\n<\/td>\n<\/tr>\n<tr>\n<td valign=\"top\" width=\"33%\">Koulukuraattori<\/td>\n<td valign=\"top\" width=\"33%\">Juha Lehtonen<\/td>\n<td valign=\"top\" width=\"33%\">044 744 1002<\/td>\n<\/tr>\n<tr>\n<td valign=\"top\" width=\"33%\">\n<div>Koulul\u00e4\u00e4k\u00e4ri<\/div>\n<\/td>\n<td valign=\"top\" width=\"33%\">\n<div><\/div>\n<\/td>\n<td valign=\"top\" width=\"33%\">\n<div>02 4873 7530<\/div>\n<\/td>\n<\/tr>\n<tr>\n<td valign=\"top\" width=\"33%\">\n<div>Kouluhammasl\u00e4\u00e4k\u00e4ri (koskelaiset)<\/div>\n<\/td>\n<td valign=\"top\" width=\"33%\"><\/td>\n<td valign=\"top\" width=\"33%\">\n<div>02 4873 7353<\/div>\n<\/td>\n<\/tr>\n<tr>\n<td valign=\"top\" width=\"33%\">\n<div>Kouluhammasl\u00e4\u00e4k\u00e4ri (marttilalaiset)<\/div>\n<\/td>\n<td valign=\"top\" width=\"33%\">\n<div><\/div>\n<\/td>\n<td valign=\"top\" width=\"33%\">\n<div>02 4873 7353<\/div>\n<\/td>\n<\/tr>\n<tr>\n<td colspan=\"2\" valign=\"top\" width=\"33%\">Kattavammat tiedot, palvelut j\u00e4rjest\u00e4v\u00e4n Varsinais-Suomen hyvinvointialueen kotisivuilta <a href=\"https:\/\/www.varha.fi\" target=\"_blank\" rel=\"noopener noreferrer\">www.varha.fi<\/a><\/p>\n<p>&nbsp;<\/td>\n<td valign=\"top\" width=\"33%\"><\/td>\n<\/tr>\n<tr>\n<td valign=\"top\" width=\"33%\">\n<div>Koulunk\u00e4ynninohjaaja<\/div>\n<\/td>\n<td valign=\"top\" width=\"33%\">\n<div>Mia Aalto\u00a0 \u00a0 \u00a0 \u00a0 \u00a0 \u00a0 \u00a0 \u00a0 \u00a0 \u00a0 \u00a0 \u00a0 \u00a0 \u00a0 \u00a0 \u00a0 \u00a0 \u00a0 \u00a0 \u00a0 \u00a0 \u00a0 044 744 1286<\/div>\n<\/td>\n<td valign=\"top\" width=\"33%\"><\/td>\n<\/tr>\n<tr>\n<td valign=\"top\" width=\"33%\">\n<div>Koulunk\u00e4ynninohjaaja<\/div>\n<\/td>\n<td valign=\"top\" width=\"33%\">\n<div>Katja Salonen\u00a0 \u00a0 \u00a0 \u00a0 \u00a0 \u00a0 \u00a0 \u00a0 \u00a0 \u00a0 \u00a0 \u00a0 \u00a0 \u00a0 \u00a0 \u00a0 \u00a0 \u00a0 \u00a0044 744 1287<\/div>\n<\/td>\n<\/tr>\n<\/tbody>\n<\/table>\n","protected":false},"excerpt":{"rendered":"<p>Laitosmies Jarmo Takala 044 744 1156 Keitti\u00f6 \/ keitti\u00f6p\u00e4\u00e4llikk\u00f6 Kirsi  [&#8230;]<\/p>\n","protected":false},"author":24,"featured_media":0,"parent":0,"menu_order":0,"comment_status":"closed","ping_status":"closed","template":"","meta":{"footnotes":""},"class_list":["post-17","page","type-page","status-publish","hentry"],"jetpack_sharing_enabled":true,"_links":{"self":[{"href":"https:\/\/koski.fi\/ylaaste\/wp-json\/wp\/v2\/pages\/17","targetHints":{"allow":["GET"]}}],"collection":[{"href":"https:\/\/koski.fi\/ylaaste\/wp-json\/wp\/v2\/pages"}],"about":[{"href":"https:\/\/koski.fi\/ylaaste\/wp-json\/wp\/v2\/types\/page"}],"author":[{"embeddable":true,"href":"https:\/\/koski.fi\/ylaaste\/wp-json\/wp\/v2\/users\/24"}],"replies":[{"embeddable":true,"href":"https:\/\/koski.fi\/ylaaste\/wp-json\/wp\/v2\/comments?post=17"}],"version-history":[{"count":28,"href":"https:\/\/koski.fi\/ylaaste\/wp-json\/wp\/v2\/pages\/17\/revisions"}],"predecessor-version":[{"id":624,"href":"https:\/\/koski.fi\/ylaaste\/wp-json\/wp\/v2\/pages\/17\/revisions\/624"}],"wp:attachment":[{"href":"https:\/\/koski.fi\/ylaaste\/wp-json\/wp\/v2\/media?parent=17"}],"curies":[{"name":"wp","href":"https:\/\/api.w.org\/{rel}","templated":true}]}}