{"id":15,"date":"2018-02-21T12:48:06","date_gmt":"2018-02-21T10:48:06","guid":{"rendered":"http:\/\/koski.fi\/ylaaste\/?page_id=15"},"modified":"2025-07-30T13:39:40","modified_gmt":"2025-07-30T10:39:40","slug":"opettajat","status":"publish","type":"page","link":"https:\/\/koski.fi\/ylaaste\/opettajat\/","title":{"rendered":"Opettajat"},"content":{"rendered":"<table width=\"99%\" cellspacing=\"0\" cellpadding=\"3\">\n<tbody>\n<tr>\n<td valign=\"top\" width=\"33%\">Corv\u00e9n Paula<\/td>\n<td valign=\"top\" width=\"33%\">laaja-alainen erityisopetus<\/td>\n<td valign=\"top\" width=\"33%\">tukioppilastoiminta<\/td>\n<\/tr>\n<tr>\n<td valign=\"top\" width=\"33%\">\n<div>Hovila Assi<\/div>\n<\/td>\n<td valign=\"top\" width=\"33%\">\n<div>matematiikka, fysiikka, kemia<\/div>\n<\/td>\n<td valign=\"top\" width=\"33%\">LV 8A<\/td>\n<\/tr>\n<tr>\n<td valign=\"top\" width=\"33%\">Julla Hans<\/td>\n<td valign=\"top\" width=\"33%\">musiikki<\/td>\n<td valign=\"top\" width=\"33%\">LV 8D<\/td>\n<\/tr>\n<tr>\n<td valign=\"top\" width=\"33%\">\n<div>Karvonen Jouni<\/div>\n<\/td>\n<td valign=\"top\" width=\"33%\">\n<div>uskonto, el\u00e4m\u00e4nkatsomustieto, rentoutumiskurssit<\/div>\n<\/td>\n<td valign=\"top\" width=\"33%\">\n<div>rehtori, perusopetusjohtaja<\/div>\n<\/td>\n<\/tr>\n<tr>\n<td valign=\"top\" width=\"33%\">\n<div>Karvonen Niina<\/div>\n<\/td>\n<td valign=\"top\" width=\"33%\">\n<div>liikunta, terveystieto<\/div>\n<\/td>\n<td valign=\"top\" width=\"33%\">LV 9B<\/td>\n<\/tr>\n<tr>\n<td valign=\"top\" width=\"33%\">\n<div>Koski Verneri<\/div>\n<div>K\u00e4\u00e4ri\u00e4inen Hanna<\/div>\n<\/td>\n<td valign=\"top\" width=\"33%\">\n<div>biologia, maantiede, terveystieto, resurssiopettaja<\/div>\n<div>kuvataide<\/div>\n<\/td>\n<td valign=\"top\" width=\"33%\">LV 7B<\/td>\n<\/tr>\n<tr>\n<td valign=\"top\" width=\"33%\">\n<div>Laine Riikka<\/div>\n<div>Lehtonen Linda<\/div>\n<div><\/div>\n<div>L\u00e4hdeniitty Iina<\/div>\n<\/td>\n<td valign=\"top\" width=\"33%\">\n<div>kotitalous, terveystieto<\/div>\n<div>\u00e4idinkieli ja kirjallisuus, historia, uskonto, S2-opetus<\/div>\n<div><\/div>\n<div>matematiikka, fysiikka, kemia<\/div>\n<\/td>\n<td valign=\"top\" width=\"33%\">\n<div>LV 9A<\/div>\n<div>LV 8C, oppilaskunnan ohjaava opettaja<\/div>\n<div><\/div>\n<div>LV 8B<\/div>\n<\/td>\n<\/tr>\n<tr>\n<td valign=\"top\" width=\"33%\"><\/td>\n<td valign=\"top\" width=\"33%\"><\/td>\n<td valign=\"top\" width=\"33%\"><\/td>\n<\/tr>\n<tr>\n<td valign=\"top\" width=\"33%\">\n<div>Murto Sari<\/div>\n<\/td>\n<td valign=\"top\" width=\"33%\">biologia, maantiede, terveystieto<\/td>\n<td valign=\"top\" width=\"33%\">LV 8D<\/td>\n<\/tr>\n<tr>\n<td valign=\"top\" width=\"33%\">\n<div>Nyk\u00e4nen Pia<\/div>\n<\/td>\n<td valign=\"top\" width=\"33%\">\n<div>luokkamuotoinen erityisopetus<\/div>\n<\/td>\n<td valign=\"top\" width=\"33%\"><\/td>\n<\/tr>\n<tr>\n<td valign=\"top\" width=\"33%\">\n<div>N\u00e4s\u00e4nen Katja<\/div>\n<\/td>\n<td valign=\"top\" width=\"33%\">\n<div>\u00e4idinkieli ja kirjallisuus<\/div>\n<\/td>\n<td valign=\"top\" width=\"33%\"><\/td>\n<\/tr>\n<tr>\n<td valign=\"top\" width=\"33%\">\n<div>Pyrh\u00f6nen Susanna<\/div>\n<\/td>\n<td valign=\"top\" width=\"33%\">\n<div>englanti, ruotsi<\/div>\n<\/td>\n<td valign=\"top\" width=\"33%\"><\/td>\n<\/tr>\n<tr>\n<td valign=\"top\" width=\"33%\">\n<div>P\u00e4iv\u00e4rinta Jukka<\/div>\n<\/td>\n<td valign=\"top\" width=\"33%\">\n<div>historia, yhteiskuntaoppi, uskonto<\/div>\n<\/td>\n<td valign=\"top\" width=\"33%\"><\/td>\n<\/tr>\n<tr>\n<td valign=\"top\" width=\"33%\">\n<div>Salo Urpo<\/div>\n<\/td>\n<td valign=\"top\" width=\"33%\">\n<div>ruotsi, saksa<\/div>\n<\/td>\n<td valign=\"top\" width=\"33%\">LV 7D<\/td>\n<\/tr>\n<tr>\n<td valign=\"top\" width=\"33%\">Salonen Katja<\/td>\n<td valign=\"top\" width=\"33%\">k\u00e4sity\u00f6<\/td>\n<td valign=\"top\" width=\"33%\"><\/td>\n<\/tr>\n<tr>\n<td valign=\"top\" width=\"33%\">Silfver Anssi<\/td>\n<td valign=\"top\" width=\"33%\">liikunta, terveystieto<\/td>\n<td valign=\"top\" width=\"33%\">LV 8C<\/td>\n<\/tr>\n<tr>\n<td valign=\"top\" width=\"33%\">Suutari Eevastiina<\/td>\n<td valign=\"top\" width=\"33%\">englanti, ruotsi, saksa, opintojen ohjaus 7.lk:t<\/td>\n<td valign=\"top\" width=\"33%\">LV 7C, vararehtori<\/td>\n<\/tr>\n<tr>\n<td valign=\"top\" width=\"33%\"><\/td>\n<td valign=\"top\" width=\"33%\"><\/td>\n<td valign=\"top\" width=\"33%\"><\/td>\n<\/tr>\n<tr>\n<td valign=\"top\" width=\"33%\">\n<div>Toivonen Taru<\/div>\n<\/td>\n<td valign=\"top\" width=\"33%\">\n<div>k\u00e4sity\u00f6, matematiikka<\/div>\n<\/td>\n<td valign=\"top\" width=\"33%\">LV 7A<\/td>\n<\/tr>\n<tr>\n<td valign=\"top\" width=\"33%\">T\u00e4htinen Ville<\/td>\n<td valign=\"top\" width=\"33%\">fysiikka, kemia<\/td>\n<td valign=\"top\" width=\"33%\"><\/td>\n<\/tr>\n<tr>\n<td style=\"text-align: left\" valign=\"top\" width=\"33%\">Uuttu Tiinu, virkavapaalla lv 2025-2026, sijainen Niina L\u00e4hdem\u00e4ki<\/td>\n<td valign=\"top\" width=\"33%\">opinto-ohjaaja<\/td>\n<td valign=\"top\" width=\"33%\"><\/td>\n<\/tr>\n<tr>\n<td valign=\"top\" width=\"33%\">Wilpola Kristiina<\/td>\n<td valign=\"top\" width=\"33%\">\u00e4idinkieli ja kirjallisuus<\/td>\n<td valign=\"top\" width=\"33%\"><\/td>\n<\/tr>\n<tr>\n<td valign=\"top\" width=\"33%\">Witka Johanna<\/td>\n<td valign=\"top\" width=\"33%\">matematiikka, fysiikka, kemia<\/td>\n<td valign=\"top\" width=\"33%\"><\/td>\n<\/tr>\n<tr>\n<td valign=\"top\" width=\"33%\">\u00c4iki\u00e4 Hannu<\/td>\n<td valign=\"top\" width=\"33%\">historia, yhteiskuntaoppi<\/td>\n<td valign=\"top\" width=\"33%\"><\/td>\n<\/tr>\n<tr>\n<td valign=\"top\" width=\"33%\">s\u00e4hk\u00f6postiosoitteet ovat muotoa\u00a0<a href=\"mailto:etunimi.sukunimi@koski.fi\">etunimi.sukunimi@koski.fi<\/a><\/td>\n<td valign=\"top\" width=\"33%\"><\/td>\n<td valign=\"top\" width=\"33%\"><\/td>\n<\/tr>\n<tr>\n<td valign=\"top\" width=\"33%\"><\/td>\n<\/tr>\n<\/tbody>\n<\/table>\n","protected":false},"excerpt":{"rendered":"<p>Corv\u00e9n Paula laaja-alainen erityisopetus tukioppilastoiminta Hovila Assi matematiikka, fysiikka, kemia  [&#8230;]<\/p>\n","protected":false},"author":24,"featured_media":0,"parent":0,"menu_order":0,"comment_status":"closed","ping_status":"closed","template":"","meta":{"footnotes":""},"class_list":["post-15","page","type-page","status-publish","hentry"],"jetpack_sharing_enabled":true,"_links":{"self":[{"href":"https:\/\/koski.fi\/ylaaste\/wp-json\/wp\/v2\/pages\/15","targetHints":{"allow":["GET"]}}],"collection":[{"href":"https:\/\/koski.fi\/ylaaste\/wp-json\/wp\/v2\/pages"}],"about":[{"href":"https:\/\/koski.fi\/ylaaste\/wp-json\/wp\/v2\/types\/page"}],"author":[{"embeddable":true,"href":"https:\/\/koski.fi\/ylaaste\/wp-json\/wp\/v2\/users\/24"}],"replies":[{"embeddable":true,"href":"https:\/\/koski.fi\/ylaaste\/wp-json\/wp\/v2\/comments?post=15"}],"version-history":[{"count":34,"href":"https:\/\/koski.fi\/ylaaste\/wp-json\/wp\/v2\/pages\/15\/revisions"}],"predecessor-version":[{"id":617,"href":"https:\/\/koski.fi\/ylaaste\/wp-json\/wp\/v2\/pages\/15\/revisions\/617"}],"wp:attachment":[{"href":"https:\/\/koski.fi\/ylaaste\/wp-json\/wp\/v2\/media?parent=15"}],"curies":[{"name":"wp","href":"https:\/\/api.w.org\/{rel}","templated":true}]}} 