{"id":2,"date":"2023-01-08T14:26:15","date_gmt":"2023-01-08T12:26:15","guid":{"rendered":"https:\/\/koski.fi\/visit\/?page_id=2"},"modified":"2023-10-24T09:29:17","modified_gmt":"2023-10-24T06:29:17","slug":"nyt","status":"publish","type":"page","link":"https:\/\/koski.fi\/visit\/nyt\/","title":{"rendered":"Nyt"},"content":{"rendered":"<p><div class=\"fusion-fullwidth fullwidth-box fusion-builder-row-1 fusion-flex-container nonhundred-percent-fullwidth non-hundred-percent-height-scrolling\" style=\"--awb-border-radius-top-left:0px;--awb-border-radius-top-right:0px;--awb-border-radius-bottom-right:0px;--awb-border-radius-bottom-left:0px;--awb-flex-wrap:wrap;\" ><div class=\"fusion-builder-row fusion-row fusion-flex-align-items-flex-start fusion-flex-content-wrap\" style=\"max-width:calc( 1200px + 80px );margin-left: calc(-80px \/ 2 );margin-right: calc(-80px \/ 2 );\"><div class=\"fusion-layout-column fusion_builder_column fusion-builder-column-0 fusion_builder_column_1_1 1_1 fusion-flex-column\" style=\"--awb-bg-size:cover;--awb-width-large:100%;--awb-margin-top-large:0px;--awb-spacing-right-large:40px;--awb-margin-bottom-large:20px;--awb-spacing-left-large:40px;--awb-width-medium:100%;--awb-order-medium:0;--awb-spacing-right-medium:40px;--awb-spacing-left-medium:40px;--awb-width-small:100%;--awb-order-small:0;--awb-spacing-right-small:40px;--awb-spacing-left-small:40px;\"><div class=\"fusion-column-wrapper fusion-column-has-shadow fusion-flex-justify-content-flex-start fusion-content-layout-column\"><div class=\"fusion-widget-area awb-widget-area-element fusion-widget-area-1 fusion-content-widget-area\" style=\"--awb-title-size:19px;--awb-title-color:var(--awb-color8);--awb-padding:0px 0px 0px 0px;\"><div class=\"fusion-additional-widget-content\"><\/div><\/div><div class=\"fusion-separator fusion-full-width-sep\" style=\"align-self: center;margin-left: auto;margin-right: auto;width:100%;\"><div class=\"fusion-separator-border sep-double\" style=\"--awb-height:20px;--awb-amount:20px;border-color:var(--awb-color3);border-top-width:1px;border-bottom-width:1px;\"><\/div><\/div><\/div><\/div><\/div><\/div><div id=\"kuulumisia\" class=\"fusion-container-anchor\"><div class=\"fusion-fullwidth fullwidth-box fusion-builder-row-2 fusion-flex-container nonhundred-percent-fullwidth non-hundred-percent-height-scrolling\" style=\"--awb-border-radius-top-left:0px;--awb-border-radius-top-right:0px;--awb-border-radius-bottom-right:0px;--awb-border-radius-bottom-left:0px;--awb-margin-top:80px;--awb-background-color:#f9f9f9;--awb-flex-wrap:wrap;\" ><div class=\"fusion-builder-row fusion-row fusion-flex-align-items-flex-start fusion-flex-content-wrap\" style=\"max-width:calc( 1200px + 80px );margin-left: calc(-80px \/ 2 );margin-right: calc(-80px \/ 2 );\"><div class=\"fusion-layout-column fusion_builder_column fusion-builder-column-1 fusion_builder_column_1_1 1_1 fusion-flex-column\" style=\"--awb-padding-top:10px;--awb-padding-right:10px;--awb-padding-bottom:10px;--awb-padding-left:10px;--awb-bg-size:cover;--awb-width-large:100%;--awb-margin-top-large:0px;--awb-spacing-right-large:40px;--awb-margin-bottom-large:20px;--awb-spacing-left-large:40px;--awb-width-medium:100%;--awb-order-medium:0;--awb-spacing-right-medium:40px;--awb-spacing-left-medium:40px;--awb-width-small:100%;--awb-order-small:0;--awb-spacing-right-small:40px;--awb-spacing-left-small:40px;\"><div class=\"fusion-column-wrapper fusion-column-has-shadow fusion-flex-justify-content-flex-start fusion-content-layout-column\"><div class=\"fusion-title title fusion-title-1 fusion-sep-none fusion-title-text fusion-title-size-two\" style=\"--awb-margin-top:30px;--awb-margin-bottom:30px;--awb-margin-top-small:10px;--awb-margin-right-small:0px;--awb-margin-bottom-small:10px;--awb-margin-left-small:0px;\"><h2 class=\"fusion-title-heading title-heading-left\" style=\"margin:0;text-transform:none;\">Kuulumisia Koskelta Tl<\/h2><\/div><div class=\"fusion-blog-shortcode fusion-blog-shortcode-1 fusion-blog-archive fusion-blog-layout-grid-wrapper fusion-blog-pagination\"><style type=\"text\/css\">.fusion-blog-shortcode-1 .fusion-blog-layout-grid .fusion-post-grid{padding:20px;}.fusion-blog-shortcode-1 .fusion-posts-container{margin-left: -20px !important; margin-right:-20px !important;}<\/style><div class=\"fusion-posts-container fusion-posts-container-pagination fusion-no-meta-info fusion-blog-layout-grid fusion-blog-layout-grid-4 isotope\" data-pages=\"20\" data-grid-col-space=\"40\" style=\"margin: -20px -20px 0;min-height:500px;\"><article id=\"blog-1-post-12149\" class=\"fusion-post-grid post-12149 post type-post status-publish format-standard has-post-thumbnail hentry category-yleinen\">\n<div class=\"fusion-post-wrapper\" style=\"background-color:rgba(255,255,255,0);border:none;\">\n\n\t\t\t<div class=\"fusion-flexslider flexslider fusion-flexslider-loading fusion-post-slideshow\" style=\"border-color:rgba(242,243,245,0);\">\n\t\t<ul class=\"slides\">\n\t\t\t\n\t\t\t\t\t\t\t\t\t\t\t\t\t\t<li><div  class=\"fusion-image-wrapper\" aria-haspopup=\"true\">\n\t\t\t\t\t\t\t<a href=\"https:\/\/koski.fi\/visit\/koko-perheen-paasiaistapahtuma-koskenkartanolla\/\" aria-label=\"Koko perheen p\u00e4\u00e4si\u00e4istapahtuma Koskenkartanolla!\">\n\t\t\t\t\t\t\t<img decoding=\"async\" width=\"1300\" height=\"566\" src=\"https:\/\/koski.fi\/visit\/wp-content\/uploads\/sites\/7\/2023\/05\/MLL-logo.jpg\" class=\"attachment-full size-full lazyload wp-post-image\" alt=\"\" srcset=\"data:image\/svg+xml,%3Csvg%20xmlns%3D%27http%3A%2F%2Fwww.w3.org%2F2000%2Fsvg%27%20width%3D%271300%27%20height%3D%27566%27%20viewBox%3D%270%200%201300%20566%27%3E%3Crect%20width%3D%271300%27%20height%3D%27566%27%20fill-opacity%3D%220%22%2F%3E%3C%2Fsvg%3E\" data-orig-src=\"https:\/\/koski.fi\/visit\/wp-content\/uploads\/sites\/7\/2023\/05\/MLL-logo.jpg\" data-srcset=\"https:\/\/koski.fi\/visit\/wp-content\/uploads\/sites\/7\/2023\/05\/MLL-logo-200x87.jpg 200w, https:\/\/koski.fi\/visit\/wp-content\/uploads\/sites\/7\/2023\/05\/MLL-logo-400x174.jpg 400w, https:\/\/koski.fi\/visit\/wp-content\/uploads\/sites\/7\/2023\/05\/MLL-logo-600x261.jpg 600w, https:\/\/koski.fi\/visit\/wp-content\/uploads\/sites\/7\/2023\/05\/MLL-logo-800x348.jpg 800w, https:\/\/koski.fi\/visit\/wp-content\/uploads\/sites\/7\/2023\/05\/MLL-logo-1200x522.jpg 1200w, https:\/\/koski.fi\/visit\/wp-content\/uploads\/sites\/7\/2023\/05\/MLL-logo.jpg 1300w\" data-sizes=\"auto\" \/>\t\t\t<\/a>\n\t\t\t\t\t\t\t<\/div>\n<\/li>\n\t\t\t\n\t\t\t\n\t\t\t\t\t\t\t\t\t\t\t\t\t\t\t\t\t\t\t\t\t\t\t\t\t\t\t\t\t\t\t\t\t\t\t\t\t\t\t\t\t\t\t\t\t\t\t\t\t\t\t\t\t\t\t\t\t\t\t\t\t\t\t\t\t\t\t\t<\/ul>\n\t<\/div>\n\t<div class=\"fusion-post-content-wrapper\" style=\"padding:30px 25px 25px 25px;\"><div class=\"fusion-post-content post-content\"><h2 class=\"blog-shortcode-post-title entry-title\"><a href=\"https:\/\/koski.fi\/visit\/koko-perheen-paasiaistapahtuma-koskenkartanolla\/\">Koko perheen p\u00e4\u00e4si\u00e4istapahtuma Koskenkartanolla!<\/a><\/h2><div class=\"fusion-post-content-container\"><p> Mannerheimin Lastensuojeluliiton Kosken Tl paikallisyhdistys j\u00e4rjesti 6.4.2026 yhteisty\u00f6ss\u00e4 Koskenkartanon<\/p><\/div><\/div><\/div><div class=\"fusion-clearfix\"><\/div><\/div>\n<\/article>\n<article id=\"blog-1-post-12140\" class=\"fusion-post-grid post-12140 post type-post status-publish format-standard has-post-thumbnail hentry category-yleinen\">\n<div class=\"fusion-post-wrapper\" style=\"background-color:rgba(255,255,255,0);border:none;\">\n\n\t\t\t<div class=\"fusion-flexslider flexslider fusion-flexslider-loading fusion-post-slideshow\" style=\"border-color:rgba(242,243,245,0);\">\n\t\t<ul class=\"slides\">\n\t\t\t\n\t\t\t\t\t\t\t\t\t\t\t\t\t\t<li><div  class=\"fusion-image-wrapper\" aria-haspopup=\"true\">\n\t\t\t\t\t\t\t<a href=\"https:\/\/koski.fi\/visit\/koskitus-seikkailupaiva\/\" aria-label=\"Koskitus seikkailup\u00e4iv\u00e4\">\n\t\t\t\t\t\t\t<img decoding=\"async\" width=\"1414\" height=\"2000\" src=\"https:\/\/koski.fi\/visit\/wp-content\/uploads\/sites\/7\/2026\/04\/Elegant-Yearly-Events-Calendar-Planner.png\" class=\"attachment-full size-full lazyload wp-post-image\" alt=\"\" srcset=\"data:image\/svg+xml,%3Csvg%20xmlns%3D%27http%3A%2F%2Fwww.w3.org%2F2000%2Fsvg%27%20width%3D%271414%27%20height%3D%272000%27%20viewBox%3D%270%200%201414%202000%27%3E%3Crect%20width%3D%271414%27%20height%3D%272000%27%20fill-opacity%3D%220%22%2F%3E%3C%2Fsvg%3E\" data-orig-src=\"https:\/\/koski.fi\/visit\/wp-content\/uploads\/sites\/7\/2026\/04\/Elegant-Yearly-Events-Calendar-Planner.png\" data-srcset=\"https:\/\/koski.fi\/visit\/wp-content\/uploads\/sites\/7\/2026\/04\/Elegant-Yearly-Events-Calendar-Planner-200x283.png 200w, https:\/\/koski.fi\/visit\/wp-content\/uploads\/sites\/7\/2026\/04\/Elegant-Yearly-Events-Calendar-Planner-400x566.png 400w, https:\/\/koski.fi\/visit\/wp-content\/uploads\/sites\/7\/2026\/04\/Elegant-Yearly-Events-Calendar-Planner-600x849.png 600w, https:\/\/koski.fi\/visit\/wp-content\/uploads\/sites\/7\/2026\/04\/Elegant-Yearly-Events-Calendar-Planner-800x1132.png 800w, https:\/\/koski.fi\/visit\/wp-content\/uploads\/sites\/7\/2026\/04\/Elegant-Yearly-Events-Calendar-Planner-1200x1697.png 1200w, https:\/\/koski.fi\/visit\/wp-content\/uploads\/sites\/7\/2026\/04\/Elegant-Yearly-Events-Calendar-Planner.png 1414w\" data-sizes=\"auto\" \/>\t\t\t<\/a>\n\t\t\t\t\t\t\t<\/div>\n<\/li>\n\t\t\t\n\t\t\t\n\t\t\t\t\t\t\t\t\t\t\t\t\t\t\t\t\t\t\t\t\t\t\t\t\t\t\t\t\t\t\t\t\t\t\t\t\t\t\t\t\t\t\t\t\t\t\t\t\t\t\t\t\t\t\t\t\t\t\t\t\t\t\t\t\t\t\t\t<\/ul>\n\t<\/div>\n\t<div class=\"fusion-post-content-wrapper\" style=\"padding:30px 25px 25px 25px;\"><div class=\"fusion-post-content post-content\"><h2 class=\"blog-shortcode-post-title entry-title\"><a href=\"https:\/\/koski.fi\/visit\/koskitus-seikkailupaiva\/\">Koskitus seikkailup\u00e4iv\u00e4<\/a><\/h2><div class=\"fusion-post-content-container\"><p>Koskitus-seikkailutapahtuma tulee taas!\u00a0Valmistaudu unohtumattomaan p\u00e4iv\u00e4\u00e4n t\u00e4ynn\u00e4 seikkailua, iloa ja el\u00e4myksi\u00e4!Helatorstaina<\/p><\/div><\/div><\/div><div class=\"fusion-clearfix\"><\/div><\/div>\n<\/article>\n<article id=\"blog-1-post-10762\" class=\"fusion-post-grid post-10762 post type-post status-publish format-standard has-post-thumbnail hentry category-yleinen\">\n<div class=\"fusion-post-wrapper\" style=\"background-color:rgba(255,255,255,0);border:none;\">\n\n\t\t\t<div class=\"fusion-flexslider flexslider fusion-flexslider-loading fusion-post-slideshow\" style=\"border-color:rgba(242,243,245,0);\">\n\t\t<ul class=\"slides\">\n\t\t\t\n\t\t\t\t\t\t\t\t\t\t\t\t\t\t<li><div  class=\"fusion-image-wrapper\" aria-haspopup=\"true\">\n\t\t\t\t\t\t\t<a href=\"https:\/\/koski.fi\/visit\/linnakorven-retriitti-luontoelamyksia-ja-hiljentymista-koskella\/\" aria-label=\"Linnakorven retriitti \u2013 Luontoel\u00e4myksi\u00e4 ja hiljentymist\u00e4 Koskella\">\n\t\t\t\t\t\t\t<img decoding=\"async\" width=\"1536\" height=\"2048\" src=\"https:\/\/koski.fi\/visit\/wp-content\/uploads\/sites\/7\/2025\/03\/Luksus-teltta-ulko.jpg\" class=\"attachment-full size-full lazyload wp-post-image\" alt=\"\" srcset=\"data:image\/svg+xml,%3Csvg%20xmlns%3D%27http%3A%2F%2Fwww.w3.org%2F2000%2Fsvg%27%20width%3D%271536%27%20height%3D%272048%27%20viewBox%3D%270%200%201536%202048%27%3E%3Crect%20width%3D%271536%27%20height%3D%272048%27%20fill-opacity%3D%220%22%2F%3E%3C%2Fsvg%3E\" data-orig-src=\"https:\/\/koski.fi\/visit\/wp-content\/uploads\/sites\/7\/2025\/03\/Luksus-teltta-ulko.jpg\" data-srcset=\"https:\/\/koski.fi\/visit\/wp-content\/uploads\/sites\/7\/2025\/03\/Luksus-teltta-ulko-200x267.jpg 200w, https:\/\/koski.fi\/visit\/wp-content\/uploads\/sites\/7\/2025\/03\/Luksus-teltta-ulko-400x533.jpg 400w, https:\/\/koski.fi\/visit\/wp-content\/uploads\/sites\/7\/2025\/03\/Luksus-teltta-ulko-600x800.jpg 600w, https:\/\/koski.fi\/visit\/wp-content\/uploads\/sites\/7\/2025\/03\/Luksus-teltta-ulko-800x1067.jpg 800w, https:\/\/koski.fi\/visit\/wp-content\/uploads\/sites\/7\/2025\/03\/Luksus-teltta-ulko-1200x1600.jpg 1200w, https:\/\/koski.fi\/visit\/wp-content\/uploads\/sites\/7\/2025\/03\/Luksus-teltta-ulko.jpg 1536w\" data-sizes=\"auto\" \/>\t\t\t<\/a>\n\t\t\t\t\t\t\t<\/div>\n<\/li>\n\t\t\t\n\t\t\t\n\t\t\t\t\t\t\t\t\t\t\t\t\t\t\t\t\t\t\t\t\t\t\t\t\t\t\t\t\t\t\t\t\t\t\t\t\t\t\t\t\t\t\t\t\t\t\t\t\t\t\t\t\t\t\t\t\t\t\t\t\t\t\t\t\t\t\t\t<\/ul>\n\t<\/div>\n\t<div class=\"fusion-post-content-wrapper\" style=\"padding:30px 25px 25px 25px;\"><div class=\"fusion-post-content post-content\"><h2 class=\"blog-shortcode-post-title entry-title\"><a href=\"https:\/\/koski.fi\/visit\/linnakorven-retriitti-luontoelamyksia-ja-hiljentymista-koskella\/\">Linnakorven retriitti \u2013 Luontoel\u00e4myksi\u00e4 ja hiljentymist\u00e4 Koskella<\/a><\/h2><div class=\"fusion-post-content-container\"><p> Noin vuosi sitten luonto-ohjaajaksi valmistunut rovasti Outi Niiniaho\u00a0perusti Koskelle<\/p><\/div><\/div><\/div><div class=\"fusion-clearfix\"><\/div><\/div>\n<\/article>\n<article id=\"blog-1-post-10656\" class=\"fusion-post-grid post-10656 post type-post status-publish format-standard has-post-thumbnail hentry category-yleinen\">\n<div class=\"fusion-post-wrapper\" style=\"background-color:rgba(255,255,255,0);border:none;\">\n\n\t\t\t<div class=\"fusion-flexslider flexslider fusion-flexslider-loading fusion-post-slideshow\" style=\"border-color:rgba(242,243,245,0);\">\n\t\t<ul class=\"slides\">\n\t\t\t\n\t\t\t\t\t\t\t\t\t\t\t\t\t\t<li><div  class=\"fusion-image-wrapper\" aria-haspopup=\"true\">\n\t\t\t\t\t\t\t<a href=\"https:\/\/koski.fi\/visit\/kosken-kaiku-100-vuotta-tervetuloa-juhlimaan\/\" aria-label=\"Kosken Kaiku 100 vuotta \u2013 tervetuloa juhlimaan\">\n\t\t\t\t\t\t\t<img decoding=\"async\" width=\"833\" height=\"585\" src=\"https:\/\/koski.fi\/visit\/wp-content\/uploads\/sites\/7\/2025\/06\/Kirja.png\" class=\"attachment-full size-full lazyload wp-post-image\" alt=\"\" srcset=\"data:image\/svg+xml,%3Csvg%20xmlns%3D%27http%3A%2F%2Fwww.w3.org%2F2000%2Fsvg%27%20width%3D%27833%27%20height%3D%27585%27%20viewBox%3D%270%200%20833%20585%27%3E%3Crect%20width%3D%27833%27%20height%3D%27585%27%20fill-opacity%3D%220%22%2F%3E%3C%2Fsvg%3E\" data-orig-src=\"https:\/\/koski.fi\/visit\/wp-content\/uploads\/sites\/7\/2025\/06\/Kirja.png\" data-srcset=\"https:\/\/koski.fi\/visit\/wp-content\/uploads\/sites\/7\/2025\/06\/Kirja-200x140.png 200w, https:\/\/koski.fi\/visit\/wp-content\/uploads\/sites\/7\/2025\/06\/Kirja-400x281.png 400w, https:\/\/koski.fi\/visit\/wp-content\/uploads\/sites\/7\/2025\/06\/Kirja-600x421.png 600w, https:\/\/koski.fi\/visit\/wp-content\/uploads\/sites\/7\/2025\/06\/Kirja-800x562.png 800w, https:\/\/koski.fi\/visit\/wp-content\/uploads\/sites\/7\/2025\/06\/Kirja.png 833w\" data-sizes=\"auto\" \/>\t\t\t<\/a>\n\t\t\t\t\t\t\t<\/div>\n<\/li>\n\t\t\t\n\t\t\t\n\t\t\t\t\t\t\t\t\t\t\t\t\t\t\t\t\t\t\t\t\t\t\t\t\t\t\t\t\t\t\t\t\t\t\t\t\t\t\t\t\t\t\t\t\t\t\t\t\t\t\t\t\t\t\t\t\t\t\t\t\t\t\t\t\t\t\t\t<\/ul>\n\t<\/div>\n\t<div class=\"fusion-post-content-wrapper\" style=\"padding:30px 25px 25px 25px;\"><div class=\"fusion-post-content post-content\"><h2 class=\"blog-shortcode-post-title entry-title\"><a href=\"https:\/\/koski.fi\/visit\/kosken-kaiku-100-vuotta-tervetuloa-juhlimaan\/\">Kosken Kaiku 100 vuotta \u2013 tervetuloa juhlimaan<\/a><\/h2><div class=\"fusion-post-content-container\"><p>Kes\u00e4kuun 11. p\u00e4iv\u00e4n\u00e4 1925 urheiluv\u00e4ki kokoontui Nuortentuvalle perustamaan urheiluseuraa. Syntyi<\/p><\/div><\/div><\/div><div class=\"fusion-clearfix\"><\/div><\/div>\n<\/article>\n<div class=\"fusion-clearfix\"><\/div><\/div><div class=\"pagination clearfix\"><span class=\"current\">1<\/span><a href=\"https:\/\/koski.fi\/visit\/wp-json\/wp\/v2\/pages\/2\/page\/2\/\" class=\"inactive\">2<\/a><a class=\"pagination-next\" rel=\"next\" href=\"https:\/\/koski.fi\/visit\/wp-json\/wp\/v2\/pages\/2\/page\/2\/\"><span class=\"page-text\">Seuraava<\/span><span class=\"page-next\"><\/span><\/a><\/div><div class=\"fusion-clearfix\"><\/div><\/div><\/div><\/div><\/div><\/div><\/div><div class=\"fusion-fullwidth fullwidth-box fusion-builder-row-3 fusion-flex-container nonhundred-percent-fullwidth non-hundred-percent-height-scrolling\" style=\"--awb-border-radius-top-left:0px;--awb-border-radius-top-right:0px;--awb-border-radius-bottom-right:0px;--awb-border-radius-bottom-left:0px;--awb-margin-top:80px;--awb-flex-wrap:wrap;\" ><div class=\"fusion-builder-row fusion-row fusion-flex-align-items-flex-start fusion-flex-content-wrap\" style=\"max-width:calc( 1200px + 80px );margin-left: calc(-80px \/ 2 );margin-right: calc(-80px \/ 2 );\"><div class=\"fusion-layout-column fusion_builder_column fusion-builder-column-2 fusion_builder_column_1_1 1_1 fusion-flex-column\" style=\"--awb-bg-size:cover;--awb-width-large:100%;--awb-margin-top-large:0px;--awb-spacing-right-large:40px;--awb-margin-bottom-large:20px;--awb-spacing-left-large:40px;--awb-width-medium:100%;--awb-order-medium:0;--awb-spacing-right-medium:40px;--awb-spacing-left-medium:40px;--awb-width-small:100%;--awb-order-small:0;--awb-spacing-right-small:40px;--awb-spacing-left-small:40px;\"><div class=\"fusion-column-wrapper fusion-column-has-shadow fusion-flex-justify-content-flex-start fusion-content-layout-column\"><\/div><\/div><\/div><\/div><div class=\"fusion-fullwidth fullwidth-box fusion-builder-row-4 fusion-flex-container nonhundred-percent-fullwidth non-hundred-percent-height-scrolling\" style=\"--awb-border-radius-top-left:0px;--awb-border-radius-top-right:0px;--awb-border-radius-bottom-right:0px;--awb-border-radius-bottom-left:0px;--awb-margin-top:80px;--awb-flex-wrap:wrap;\" ><div class=\"fusion-builder-row fusion-row fusion-flex-align-items-flex-start fusion-flex-content-wrap\" style=\"max-width:calc( 1200px + 80px );margin-left: calc(-80px \/ 2 );margin-right: calc(-80px \/ 2 );\"><div class=\"fusion-layout-column fusion_builder_column fusion-builder-column-3 fusion_builder_column_1_1 1_1 fusion-flex-column\" style=\"--awb-bg-size:cover;--awb-width-large:100%;--awb-margin-top-large:0px;--awb-spacing-right-large:40px;--awb-margin-bottom-large:20px;--awb-spacing-left-large:40px;--awb-width-medium:100%;--awb-order-medium:0;--awb-spacing-right-medium:40px;--awb-spacing-left-medium:40px;--awb-width-small:100%;--awb-order-small:0;--awb-spacing-right-small:40px;--awb-spacing-left-small:40px;\"><div class=\"fusion-column-wrapper fusion-column-has-shadow fusion-flex-justify-content-flex-start fusion-content-layout-column\"><\/div><\/div><\/div><\/div><\/p>\n","protected":false},"excerpt":{"rendered":"","protected":false},"author":2,"featured_media":0,"parent":0,"menu_order":0,"comment_status":"closed","ping_status":"open","template":"100-width.php","meta":{"footnotes":""},"class_list":["post-2","page","type-page","status-publish","hentry"],"jetpack_sharing_enabled":true,"_links":{"self":[{"href":"https:\/\/koski.fi\/visit\/wp-json\/wp\/v2\/pages\/2","targetHints":{"allow":["GET"]}}],"collection":[{"href":"https:\/\/koski.fi\/visit\/wp-json\/wp\/v2\/pages"}],"about":[{"href":"https:\/\/koski.fi\/visit\/wp-json\/wp\/v2\/types\/page"}],"author":[{"embeddable":true,"href":"https:\/\/koski.fi\/visit\/wp-json\/wp\/v2\/users\/2"}],"replies":[{"embeddable":true,"href":"https:\/\/koski.fi\/visit\/wp-json\/wp\/v2\/comments?post=2"}],"version-history":[{"count":19,"href":"https:\/\/koski.fi\/visit\/wp-json\/wp\/v2\/pages\/2\/revisions"}],"predecessor-version":[{"id":6026,"href":"https:\/\/koski.fi\/visit\/wp-json\/wp\/v2\/pages\/2\/revisions\/6026"}],"wp:attachment":[{"href":"https:\/\/koski.fi\/visit\/wp-json\/wp\/v2\/media?parent=2"}],"curies":[{"name":"wp","href":"https:\/\/api.w.org\/{rel}","templated":true}]}} 