{"id":12096,"date":"2026-02-09T16:22:15","date_gmt":"2026-02-09T14:22:15","guid":{"rendered":"https:\/\/koski.fi\/visit\/?page_id=12096"},"modified":"2026-02-09T16:25:16","modified_gmt":"2026-02-09T14:25:16","slug":"kosken-kohaus-2026","status":"publish","type":"page","link":"https:\/\/koski.fi\/visit\/kosken-kohaus-2026\/","title":{"rendered":"Kosken Kohaus 2026"},"content":{"rendered":"<div class=\"fusion-fullwidth fullwidth-box fusion-builder-row-1 fusion-flex-container has-pattern-background has-mask-background nonhundred-percent-fullwidth non-hundred-percent-height-scrolling\" style=\"--awb-border-radius-top-left:0px;--awb-border-radius-top-right:0px;--awb-border-radius-bottom-right:0px;--awb-border-radius-bottom-left:0px;--awb-flex-wrap:wrap;\" ><div class=\"fusion-builder-row fusion-row fusion-flex-align-items-flex-start fusion-flex-content-wrap\" style=\"max-width:calc( 1200px + 80px );margin-left: calc(-80px \/ 2 );margin-right: calc(-80px \/ 2 );\"><div class=\"fusion-layout-column fusion_builder_column fusion-builder-column-0 fusion_builder_column_1_1 1_1 fusion-flex-column\" style=\"--awb-bg-size:cover;--awb-width-large:100%;--awb-margin-top-large:0px;--awb-spacing-right-large:40px;--awb-margin-bottom-large:20px;--awb-spacing-left-large:40px;--awb-width-medium:100%;--awb-order-medium:0;--awb-spacing-right-medium:40px;--awb-spacing-left-medium:40px;--awb-width-small:100%;--awb-order-small:0;--awb-spacing-right-small:40px;--awb-spacing-left-small:40px;\"><div class=\"fusion-column-wrapper fusion-column-has-shadow fusion-flex-justify-content-flex-start fusion-content-layout-column\"><div class=\"fusion-text fusion-text-1\"><p class=\"\">T\u00e4m\u00e4 kysely on suunnattu teille, jotka olette mukana j\u00e4rjest\u00e4m\u00e4ss\u00e4 hauskaa ja unohtumatonta Kosken Kohaus 2026 tapahtumaa.<br \/>\nLis\u00e4\u00e4th\u00e4n tietosi lomakkeelle, jotta saamme ne tapahtumaohjelmaan. Pyyd\u00e4mme vastauksia 5.5.2026 menness\u00e4.<\/p>\n<p class=\"\">Kiitos jo etuk\u00e4teen!<\/p>\n<\/div><div class=\"fusion-form fusion-form-builder fusion-form-form-wrapper fusion-form-12095\" style=\"--awb-tooltip-text-color:#ffffff;--awb-tooltip-background-color:#333333;\" data-form-id=\"12095\" data-config=\"{&quot;form_id&quot;:&quot;12095&quot;,&quot;form_post_id&quot;:&quot;12095&quot;,&quot;post_id&quot;:12096,&quot;form_type&quot;:&quot;ajax&quot;,&quot;confirmation_type&quot;:&quot;message&quot;,&quot;redirect_url&quot;:&quot;&quot;,&quot;redirect_timeout&quot;:&quot;0&quot;,&quot;field_labels&quot;:{&quot;yhdistyksen_tiedot&quot;:&quot;Yhdistyksen tiedot&quot;,&quot;Yhteyshenkilo&quot;:&quot;Yhteyshenkil\\u00f6n nimi&quot;,&quot;sahkopostiosoite&quot;:&quot;S\\u00e4hk\\u00f6postiosoite&quot;,&quot;puhelinnumero&quot;:&quot;Puhelinnumero&quot;,&quot;mita_jarjestamme_kosken_kohauksessa_2025&quot;:&quot;Mit\\u00e4 ja miss\\u00e4 yhdistyksenne j\\u00e4rjest\\u00e4\\u00e4 Kosken Kohauksessa 2026&quot;,&quot;Aika&quot;:&quot;Tapahtumapaikka&quot;,&quot;viesti&quot;:&quot;Viesti&quot;,&quot;tuleeko_teltta&quot;:&quot;Tuleeko teltta?&quot;,&quot;jos_tulee_minka_kokoinen_teltta_on__pohjan_mitat&quot;:&quot;Jos tulee mink\\u00e4 kokoinen teltta on? ( pohjan mitat)&quot;,&quot;onko_ruuan_valmistusta_jatai_avotuli&quot;:&quot;Onko ruuan valmistusta ja\\\/tai avotuli? (Jos on sammutin ja peitteet tulee olla)&quot;,&quot;yhteystiedot_kuka_on_vastuussa_pisteesta&quot;:&quot;Yhteystiedot (kuka on vastuussa pisteest\\u00e4)&quot;},&quot;field_logics&quot;:{&quot;yhdistyksen_tiedot&quot;:&quot;&quot;,&quot;Yhteyshenkilo&quot;:&quot;&quot;,&quot;sahkopostiosoite&quot;:&quot;&quot;,&quot;puhelinnumero&quot;:&quot;&quot;,&quot;mita_jarjestamme_kosken_kohauksessa_2025&quot;:&quot;&quot;,&quot;Aika&quot;:&quot;&quot;,&quot;viesti&quot;:&quot;&quot;,&quot;tuleeko_teltta&quot;:&quot;&quot;,&quot;jos_tulee_minka_kokoinen_teltta_on__pohjan_mitat&quot;:&quot;&quot;,&quot;onko_ruuan_valmistusta_jatai_avotuli&quot;:&quot;&quot;,&quot;yhteystiedot_kuka_on_vastuussa_pisteesta&quot;:&quot;&quot;,&quot;submit_1&quot;:&quot;&quot;,&quot;notice_1&quot;:&quot;&quot;},&quot;field_types&quot;:{&quot;yhdistyksen_tiedot&quot;:&quot;text&quot;,&quot;Yhteyshenkilo&quot;:&quot;text&quot;,&quot;sahkopostiosoite&quot;:&quot;text&quot;,&quot;puhelinnumero&quot;:&quot;text&quot;,&quot;mita_jarjestamme_kosken_kohauksessa_2025&quot;:&quot;text&quot;,&quot;Aika&quot;:&quot;text&quot;,&quot;viesti&quot;:&quot;textarea&quot;,&quot;tuleeko_teltta&quot;:&quot;radio&quot;,&quot;jos_tulee_minka_kokoinen_teltta_on__pohjan_mitat&quot;:&quot;text&quot;,&quot;onko_ruuan_valmistusta_jatai_avotuli&quot;:&quot;radio&quot;,&quot;yhteystiedot_kuka_on_vastuussa_pisteesta&quot;:&quot;text&quot;,&quot;submit_1&quot;:&quot;submit&quot;,&quot;notice_1&quot;:&quot;notice&quot;},&quot;nonce_method&quot;:&quot;ajax&quot;,&quot;form_views&quot;:&quot;&quot;,&quot;form_views_counting&quot;:&quot;&quot;}\"><form action=\"https:\/\/koski.fi\/visit\/kosken-kohaus-2026\/\" method=\"post\" class=\"fusion-form fusion-form-12095\"><div class=\"fusion-fullwidth fullwidth-box fusion-builder-row-1-1 fusion-flex-container has-pattern-background has-mask-background nonhundred-percent-fullwidth non-hundred-percent-height-scrolling\" style=\"--awb-border-radius-top-left:0px;--awb-border-radius-top-right:0px;--awb-border-radius-bottom-right:0px;--awb-border-radius-bottom-left:0px;--awb-flex-wrap:wrap;\" ><div class=\"fusion-builder-row fusion-row fusion-flex-align-items-flex-start fusion-flex-content-wrap\" style=\"width:calc( 100% + 80px ) !important;max-width:calc( 100% + 80px ) !important;margin-left: calc(-80px \/ 2 );margin-right: calc(-80px \/ 2 );\"><div class=\"fusion-layout-column fusion_builder_column fusion-builder-column-1 fusion_builder_column_1_1 1_1 fusion-flex-column\" style=\"--awb-bg-size:cover;--awb-width-large:100%;--awb-flex-grow:0;--awb-flex-shrink:0;--awb-margin-top-large:0px;--awb-spacing-right-large:40px;--awb-margin-bottom-large:20px;--awb-spacing-left-large:40px;--awb-width-medium:100%;--awb-order-medium:0;--awb-flex-grow-medium:0;--awb-flex-shrink-medium:0;--awb-spacing-right-medium:40px;--awb-spacing-left-medium:40px;--awb-width-small:100%;--awb-order-small:0;--awb-flex-grow-small:0;--awb-flex-shrink-small:0;--awb-spacing-right-small:40px;--awb-spacing-left-small:40px;\"><div class=\"fusion-column-wrapper fusion-column-has-shadow fusion-flex-justify-content-flex-start fusion-content-layout-column\"><div class=\"fusion-form-field fusion-form-text-field fusion-form-label-above\" style=\"\" data-form-id=\"12095\"><div class=\"fusion-form-label-wrapper\"><label for=\"yhdistyksen_tiedot\">Yhdistyksen tiedot <abbr class=\"fusion-form-element-required\" title=\"required\">*<\/abbr><\/label><\/div><input type=\"text\" autocomplete=\"off\" name=\"yhdistyksen_tiedot\" id=\"yhdistyksen_tiedot\" value=\"\"  class=\"fusion-form-input\" required=\"true\" aria-required=\"true\" data-holds-private-data=\"false\" minlength=\"0\"\/><\/div><div class=\"fusion-form-field fusion-form-text-field fusion-form-label-above\" style=\"\" data-form-id=\"12095\"><div class=\"fusion-form-label-wrapper\"><label for=\"Yhteyshenkilo\">Yhteyshenkil\u00f6n nimi <abbr class=\"fusion-form-element-required\" title=\"required\">*<\/abbr><\/label><\/div><input type=\"text\" autocomplete=\"off\" name=\"Yhteyshenkilo\" id=\"Yhteyshenkilo\" value=\"\"  class=\"fusion-form-input\" required=\"true\" aria-required=\"true\" data-holds-private-data=\"false\" minlength=\"0\"\/><\/div><div class=\"fusion-form-field fusion-form-text-field fusion-form-label-above\" style=\"\" data-form-id=\"12095\"><div class=\"fusion-form-label-wrapper\"><label for=\"sahkopostiosoite\">S\u00e4hk\u00f6postiosoite <abbr class=\"fusion-form-element-required\" title=\"required\">*<\/abbr><\/label><\/div><input type=\"text\" autocomplete=\"off\" name=\"sahkopostiosoite\" id=\"sahkopostiosoite\" value=\"\"  class=\"fusion-form-input\" required=\"true\" aria-required=\"true\" data-holds-private-data=\"false\" minlength=\"0\"\/><\/div><div class=\"fusion-form-field fusion-form-text-field fusion-form-label-above\" style=\"\" data-form-id=\"12095\"><div class=\"fusion-form-label-wrapper\"><label for=\"puhelinnumero\">Puhelinnumero<\/label><\/div><input type=\"text\" autocomplete=\"off\" name=\"puhelinnumero\" id=\"puhelinnumero\" value=\"\"  class=\"fusion-form-input\" data-holds-private-data=\"false\" minlength=\"0\"\/><\/div><\/div><\/div><div class=\"fusion-layout-column fusion_builder_column fusion-builder-column-2 fusion_builder_column_1_1 1_1 fusion-flex-column\" style=\"--awb-bg-size:cover;--awb-width-large:100%;--awb-flex-grow:0;--awb-flex-shrink:0;--awb-margin-top-large:0px;--awb-spacing-right-large:40px;--awb-margin-bottom-large:20px;--awb-spacing-left-large:40px;--awb-width-medium:100%;--awb-order-medium:0;--awb-flex-grow-medium:0;--awb-flex-shrink-medium:0;--awb-spacing-right-medium:40px;--awb-spacing-left-medium:40px;--awb-width-small:100%;--awb-order-small:0;--awb-flex-grow-small:0;--awb-flex-shrink-small:0;--awb-spacing-right-small:40px;--awb-spacing-left-small:40px;\"><div class=\"fusion-column-wrapper fusion-column-has-shadow fusion-flex-justify-content-flex-start fusion-content-layout-column\"><div class=\"fusion-form-field fusion-form-text-field fusion-form-label-above\" style=\"\" data-form-id=\"12095\"><div class=\"fusion-form-label-wrapper\"><label for=\"mita_jarjestamme_kosken_kohauksessa_2025\">Mit\u00e4 ja miss\u00e4 yhdistyksenne j\u00e4rjest\u00e4\u00e4 Kosken Kohauksessa 2026<\/label><\/div><input type=\"text\" autocomplete=\"off\" name=\"mita_jarjestamme_kosken_kohauksessa_2025\" id=\"mita_jarjestamme_kosken_kohauksessa_2025\" value=\"\"  class=\"fusion-form-input\" data-holds-private-data=\"false\" minlength=\"0\"\/><\/div><div class=\"fusion-form-field fusion-form-text-field fusion-form-label-above\" style=\"\" data-form-id=\"12095\"><div class=\"fusion-form-label-wrapper\"><label for=\"Aika\">Aloitus- ja lopetusaika ja mahdollinen kohokohta-aika<\/label><\/div><input type=\"text\" autocomplete=\"off\" name=\"Aika\" id=\"Aika\" value=\"\"  class=\"fusion-form-input\" data-holds-private-data=\"false\" minlength=\"0\"\/><\/div><div class=\"fusion-form-field fusion-form-text-field fusion-form-label-above\" style=\"\" data-form-id=\"12095\"><div class=\"fusion-form-label-wrapper\"><label for=\"Aika\">Tapahtumapaikka<\/label><\/div><input type=\"text\" autocomplete=\"off\" name=\"Aika\" id=\"Aika\" value=\"\"  class=\"fusion-form-input\" data-holds-private-data=\"false\" minlength=\"0\"\/><\/div><div class=\"fusion-form-field fusion-form-textarea-field fusion-form-label-above\" style=\"\" data-form-id=\"12095\"><label for=\"viesti\">Viesti<\/label><textarea cols=\"40\" autocomplete=\"off\"  minlength=\"0\"  rows=\"2\" tabindex=\"\" id=\"viesti\" name=\"viesti\" class=\"fusion-form-input\" placeholder=\"Voit halutessasi j\u00e4tt\u00e4\u00e4 meille my\u00f6s viestin. \" data-holds-private-data=\"false\"><\/textarea><\/div><\/div><\/div><div class=\"fusion-layout-column fusion_builder_column fusion-builder-column-3 fusion_builder_column_1_1 1_1 fusion-flex-column\" style=\"--awb-bg-size:cover;--awb-width-large:100%;--awb-flex-grow:0;--awb-flex-shrink:0;--awb-margin-top-large:0px;--awb-spacing-right-large:40px;--awb-margin-bottom-large:20px;--awb-spacing-left-large:40px;--awb-width-medium:100%;--awb-order-medium:0;--awb-flex-grow-medium:0;--awb-flex-shrink-medium:0;--awb-spacing-right-medium:40px;--awb-spacing-left-medium:40px;--awb-width-small:100%;--awb-order-small:0;--awb-flex-grow-small:0;--awb-flex-shrink-small:0;--awb-spacing-right-small:40px;--awb-spacing-left-small:40px;\"><div class=\"fusion-column-wrapper fusion-column-has-shadow fusion-flex-justify-content-flex-start fusion-content-layout-column\"><div class=\"fusion-text fusion-text-2\"><p>Tietoja yhteiseen turvallisuussuunnitelmaan.<\/p>\n<\/div>\n<div class=\"fusion-form-field fusion-form-radio-field fusion-form-label-above\" style=\"\" data-form-id=\"12095\"><fieldset><legend class=\"fusion-form-label-wrapper\"><span class=\"label\">Tuleeko teltta?<\/span><\/legend><div class=\"fusion-form-radio\"><input tabindex=\"\" id=\"radio-tuleeko_teltta-1-0\" type=\"radio\" value=\"Kyll\u00e4\" name=\"tuleeko_teltta\" class=\"fusion-form-input\" data-holds-private-data=\"false\"\/><label for=\"radio-tuleeko_teltta-1-0\">Kyll\u00e4<\/label><\/div><div class=\"fusion-form-radio\"><input tabindex=\"\" id=\"radio-tuleeko_teltta-1-1\" type=\"radio\" value=\"Ei\" name=\"tuleeko_teltta\" class=\"fusion-form-input\" data-holds-private-data=\"false\"\/><label for=\"radio-tuleeko_teltta-1-1\">Ei<\/label><\/div><\/fieldset><\/div><div class=\"fusion-form-field fusion-form-text-field fusion-form-label-above\" style=\"\" data-form-id=\"12095\"><div class=\"fusion-form-label-wrapper\"><label for=\"jos_tulee_minka_kokoinen_teltta_on__pohjan_mitat\">Jos tulee mink\u00e4 kokoinen teltta on? ( pohjan mitat)<\/label><\/div><input type=\"text\" autocomplete=\"off\" name=\"jos_tulee_minka_kokoinen_teltta_on__pohjan_mitat\" id=\"jos_tulee_minka_kokoinen_teltta_on__pohjan_mitat\" value=\"\"  class=\"fusion-form-input\" data-holds-private-data=\"false\" minlength=\"0\"\/><\/div><div class=\"fusion-form-field fusion-form-radio-field fusion-form-label-above\" style=\"\" data-form-id=\"12095\"><fieldset><legend class=\"fusion-form-label-wrapper\"><span class=\"label\">Onko ruuan valmistusta ja\/tai avotuli? (Jos on sammutin ja peitteet tulee olla)<\/span><\/legend><div class=\"fusion-form-radio\"><input tabindex=\"\" id=\"radio-onko_ruuan_valmistusta_jatai_avotuli-2-0\" type=\"radio\" value=\"Kyll\u00e4\" name=\"onko_ruuan_valmistusta_jatai_avotuli\" class=\"fusion-form-input\" data-holds-private-data=\"false\"\/><label for=\"radio-onko_ruuan_valmistusta_jatai_avotuli-2-0\">Kyll\u00e4<\/label><\/div><div class=\"fusion-form-radio\"><input tabindex=\"\" id=\"radio-onko_ruuan_valmistusta_jatai_avotuli-2-1\" type=\"radio\" value=\"Ei\" name=\"onko_ruuan_valmistusta_jatai_avotuli\" class=\"fusion-form-input\" data-holds-private-data=\"false\"\/><label for=\"radio-onko_ruuan_valmistusta_jatai_avotuli-2-1\">Ei<\/label><\/div><\/fieldset><\/div><div class=\"fusion-form-field fusion-form-text-field fusion-form-label-above\" style=\"\" data-form-id=\"12095\"><div class=\"fusion-form-label-wrapper\"><label for=\"yhteystiedot_kuka_on_vastuussa_pisteesta\">Yhteystiedot (kuka on vastuussa pisteest\u00e4)<\/label><\/div><input type=\"text\" autocomplete=\"off\" name=\"yhteystiedot_kuka_on_vastuussa_pisteesta\" id=\"yhteystiedot_kuka_on_vastuussa_pisteesta\" value=\"\"  class=\"fusion-form-input\" data-holds-private-data=\"false\" minlength=\"0\"\/><\/div><\/div><\/div><div class=\"fusion-layout-column fusion_builder_column fusion-builder-column-4 fusion_builder_column_1_1 1_1 fusion-flex-column\" style=\"--awb-bg-size:cover;--awb-width-large:100%;--awb-flex-grow:0;--awb-flex-shrink:0;--awb-margin-top-large:0px;--awb-spacing-right-large:40px;--awb-margin-bottom-large:20px;--awb-spacing-left-large:40px;--awb-width-medium:100%;--awb-order-medium:0;--awb-flex-grow-medium:0;--awb-flex-shrink-medium:0;--awb-spacing-right-medium:40px;--awb-spacing-left-medium:40px;--awb-width-small:100%;--awb-order-small:0;--awb-flex-grow-small:0;--awb-flex-shrink-small:0;--awb-spacing-right-small:40px;--awb-spacing-left-small:40px;\"><div class=\"fusion-column-wrapper fusion-column-has-shadow fusion-flex-justify-content-flex-start fusion-content-layout-column\"><div class=\"fusion-form-field fusion-form-submit-field fusion-form-label-above\" style=\"\" data-form-id=\"12095\"><div ><button type=\"submit\" class=\"fusion-button button-flat fusion-button-default-size button-default fusion-button-default button-1 fusion-button-default-span  button-default form-form-submit\" data-form-number=\"12095\" tabindex=\"\"><span class=\"fusion-button-text awb-button__text awb-button__text--default\">L\u00e4het\u00e4<\/span><\/button><\/div><\/div><div class=\"form-submission-notices data-notice_1\" id=\"fusion-notices-1\" data-instance=\"1\"><div class=\"fusion-alert alert success alert-success fusion-alert-center fusion-form-response fusion-form-response-success awb-alert-native-link-color alert-dismissable awb-alert-close-boxed\" role=\"alert\"><div class=\"fusion-alert-content-wrapper\"><span class=\"alert-icon\"><i class=\"awb-icon-check-circle\" aria-hidden=\"true\"><\/i><\/span><span class=\"fusion-alert-content\">Kiitos, viestisi on l\u00e4hetetty!<\/span><\/div><button type=\"button\" class=\"close toggle-alert\" data-dismiss=\"alert\" aria-label=\"Close\">&times;<\/button><\/div><div class=\"fusion-alert alert error alert-danger fusion-alert-center fusion-form-response fusion-form-response-error awb-alert-native-link-color alert-dismissable awb-alert-close-boxed\" role=\"alert\"><div class=\"fusion-alert-content-wrapper\"><span class=\"alert-icon\"><i class=\"awb-icon-exclamation-triangle\" aria-hidden=\"true\"><\/i><\/span><span class=\"fusion-alert-content\">Tapahtui virhe. Yrit\u00e4 my\u00f6hemmin uudelleen.<\/span><\/div><button type=\"button\" class=\"close toggle-alert\" data-dismiss=\"alert\" aria-label=\"Close\">&times;<\/button><\/div><\/div><\/div><\/div><\/div><\/div><input type=\"hidden\" name=\"fusion_privacy_expiration_interval\" value=\"48\"><input type=\"hidden\" name=\"privacy_expiration_action\" value=\"anonymize\"><\/form><\/div><\/div><\/div><\/div><\/div>\n","protected":false},"excerpt":{"rendered":"","protected":false},"author":52,"featured_media":0,"parent":0,"menu_order":0,"comment_status":"closed","ping_status":"closed","template":"","meta":{"footnotes":""},"class_list":["post-12096","page","type-page","status-publish","hentry"],"jetpack_sharing_enabled":true,"_links":{"self":[{"href":"https:\/\/koski.fi\/visit\/wp-json\/wp\/v2\/pages\/12096","targetHints":{"allow":["GET"]}}],"collection":[{"href":"https:\/\/koski.fi\/visit\/wp-json\/wp\/v2\/pages"}],"about":[{"href":"https:\/\/koski.fi\/visit\/wp-json\/wp\/v2\/types\/page"}],"author":[{"embeddable":true,"href":"https:\/\/koski.fi\/visit\/wp-json\/wp\/v2\/users\/52"}],"replies":[{"embeddable":true,"href":"https:\/\/koski.fi\/visit\/wp-json\/wp\/v2\/comments?post=12096"}],"version-history":[{"count":2,"href":"https:\/\/koski.fi\/visit\/wp-json\/wp\/v2\/pages\/12096\/revisions"}],"predecessor-version":[{"id":12099,"href":"https:\/\/koski.fi\/visit\/wp-json\/wp\/v2\/pages\/12096\/revisions\/12099"}],"wp:attachment":[{"href":"https:\/\/koski.fi\/visit\/wp-json\/wp\/v2\/media?parent=12096"}],"curies":[{"name":"wp","href":"https:\/\/api.w.org\/{rel}","templated":true}]}} 