{"id":8,"date":"2018-02-21T12:01:30","date_gmt":"2018-02-21T10:01:30","guid":{"rendered":"http:\/\/koski.fi\/talolan-koulu\/?page_id=8"},"modified":"2025-09-15T14:33:48","modified_gmt":"2025-09-15T11:33:48","slug":"henkilokunta","status":"publish","type":"page","link":"https:\/\/koski.fi\/talolan-koulu\/henkilokunta\/","title":{"rendered":"Henkil\u00f6kunta"},"content":{"rendered":"<div class=\"fusion-fullwidth fullwidth-box fusion-builder-row-1 fusion-flex-container nonhundred-percent-fullwidth non-hundred-percent-height-scrolling\" style=\"--awb-border-radius-top-left:0px;--awb-border-radius-top-right:0px;--awb-border-radius-bottom-right:0px;--awb-border-radius-bottom-left:0px;--awb-flex-wrap:wrap;\" ><div class=\"fusion-builder-row fusion-row fusion-flex-align-items-flex-start fusion-flex-content-wrap\" style=\"max-width:1144px;margin-left: calc(-4% \/ 2 );margin-right: calc(-4% \/ 2 );\"><div class=\"fusion-layout-column fusion_builder_column fusion-builder-column-0 fusion_builder_column_1_1 1_1 fusion-flex-column\" style=\"--awb-bg-size:cover;--awb-width-large:100%;--awb-margin-top-large:0px;--awb-spacing-right-large:1.92%;--awb-margin-bottom-large:0px;--awb-spacing-left-large:1.92%;--awb-width-medium:100%;--awb-spacing-right-medium:1.92%;--awb-spacing-left-medium:1.92%;--awb-width-small:100%;--awb-spacing-right-small:1.92%;--awb-spacing-left-small:1.92%;\"><div class=\"fusion-column-wrapper fusion-flex-justify-content-flex-start fusion-content-layout-column\"><div class=\"fusion-text fusion-text-1\"><p><strong>Hallinto<\/strong><\/p>\n<p>Koulun rehtori Annikka Savela-Kirjonen<br \/>\np. 044 4841 089<br \/>\n<a href=\"https:\/\/www.turvaposti.fi\/viesti\/annikka.savela-kirjonen@koski.fi\">L\u00e4het\u00e4 salattu viesti<\/a><br \/>\nKoulun vararehtori Heikki Mulo<br \/>\nPerusopetusjohtaja Jouni Karvonen<br \/>\n<a href=\"https:\/\/www.turvaposti.fi\/viesti\/jouni.karvonen@koski.fi\">L\u00e4het\u00e4 salattu viesti<\/a><br \/>\nSivistysjohtaja Piritta Sihvonen<br \/>\n<a href=\"https:\/\/www.turvaposti.fi\/viesti\/piritta.sihvonen@koski.fi\">L\u00e4het\u00e4 salattu viesti<\/a><\/p>\n<p><strong>Opettajat ja luokat<br \/>\n<\/strong><\/p>\n<p>1a Isotalo Maarit<br \/>\n1b Tuuppa Kati<br \/>\n2 Savela-Kirjonen Annikka<br \/>\n3 Mulo Heikki<br \/>\n4 Jokinen Saija<br \/>\n5 Kurppa Johanna<br \/>\n5 Koisaari Liisa<br \/>\n6 Summanen Katja<br \/>\n6 H0nkala Marika<br \/>\nPr3 Rintala Auli<\/p>\n<p>Pr 4: Susi-Entonen Hanna<br \/>\n<a href=\"https:\/\/www.turvaposti.fi\/viesti\/hanna.susi-entonen@koski.fi\">L\u00e4het\u00e4 salattu viesti<\/a><\/p>\n<p>Pr5: Smolander Satu<br \/>\n<a href=\"https:\/\/www.turvaposti.fi\/viesti\/satu.smolander@koski.fi\">L\u00e4het\u00e4 salattu viesti<\/a><\/p>\n<p>englanti, saksa Tulonen Ilona<\/p>\n<p>koulunk\u00e4ynninohjaajat:<br \/>\nKarjalainen Heidi<br \/>\nKohom\u00e4ki Minna<br \/>\nLaukkanen Kirsi<br \/>\n<a href=\"https:\/\/www.turvaposti.fi\/viesti\/kirsi.laukkanen@koski.fi\">L\u00e4het\u00e4 salattu viesti<\/a><br \/>\nMannervuori Tarja<br \/>\nSimola Juuso<br \/>\nSonck Mari<br \/>\nVoda Tatiana<\/p>\n<p>Nuorisoty\u00f6ntekij\u00e4:<br \/>\nLindeberg-Kaukonen Noora<\/p>\n<p>s\u00e4hk\u00f6postiosoitteet: etunimi.sukunimi@koski.fi<\/p>\n<p>keitti\u00f6 p. 044 744 1272<\/p>\n<p><strong>Kouluterveydenhoito<\/strong><\/p>\n<p>Koulul\u00e4\u00e4k\u00e4ri p. 4873 7530<br \/>\nHammashoitolan ajanvaraus p. 02 4873 7353 ma-to klo 8-16, pe 8-15.30.<br \/>\nTerveydenhoitaja Riitamaa Marika p. 050 559 6853 (paikalla keskiviikkoisin)<br \/>\netunimi.sukunimi@varha.fi<br \/>\nKattavammat tiedot, palvelut j\u00e4rjest\u00e4v\u00e4n Varsinais-Suomen hyvinvointialueen kotisivuilta <a href=\"https:\/\/www.varha.fi\/\" target=\"_blank\" rel=\"noopener noreferrer\">www.varha.fi<\/a><\/p>\n<p>Koulupsykologi Leino Marjaana p. 044 084 7435<br \/>\nKoulukuraattori Lehtonen Juha\u00a0 \u00a0p. 044 744 1002<br \/>\netunimi.sukunimi@varha.fi<\/p>\n<\/div><\/div><\/div><\/div><\/div>\n","protected":false},"excerpt":{"rendered":"","protected":false},"author":50,"featured_media":0,"parent":0,"menu_order":0,"comment_status":"closed","ping_status":"closed","template":"","meta":{"footnotes":""},"class_list":["post-8","page","type-page","status-publish","hentry"],"jetpack_sharing_enabled":true,"_links":{"self":[{"href":"https:\/\/koski.fi\/talolan-koulu\/wp-json\/wp\/v2\/pages\/8","targetHints":{"allow":["GET"]}}],"collection":[{"href":"https:\/\/koski.fi\/talolan-koulu\/wp-json\/wp\/v2\/pages"}],"about":[{"href":"https:\/\/koski.fi\/talolan-koulu\/wp-json\/wp\/v2\/types\/page"}],"author":[{"embeddable":true,"href":"https:\/\/koski.fi\/talolan-koulu\/wp-json\/wp\/v2\/users\/50"}],"replies":[{"embeddable":true,"href":"https:\/\/koski.fi\/talolan-koulu\/wp-json\/wp\/v2\/comments?post=8"}],"version-history":[{"count":36,"href":"https:\/\/koski.fi\/talolan-koulu\/wp-json\/wp\/v2\/pages\/8\/revisions"}],"predecessor-version":[{"id":265,"href":"https:\/\/koski.fi\/talolan-koulu\/wp-json\/wp\/v2\/pages\/8\/revisions\/265"}],"wp:attachment":[{"href":"https:\/\/koski.fi\/talolan-koulu\/wp-json\/wp\/v2\/media?parent=8"}],"curies":[{"name":"wp","href":"https:\/\/api.w.org\/{rel}","templated":true}]}} 