{"id":5,"date":"2018-02-21T12:00:24","date_gmt":"2018-02-21T10:00:24","guid":{"rendered":"http:\/\/koski.fi\/talolan-koulu\/?page_id=5"},"modified":"2022-08-10T12:17:27","modified_gmt":"2022-08-10T09:17:27","slug":"talolan-koulu","status":"publish","type":"page","link":"https:\/\/koski.fi\/talolan-koulu\/","title":{"rendered":"Talolan koulu"},"content":{"rendered":"<div class=\"fusion-fullwidth fullwidth-box fusion-builder-row-1 fusion-flex-container nonhundred-percent-fullwidth non-hundred-percent-height-scrolling\" style=\"--awb-border-radius-top-left:0px;--awb-border-radius-top-right:0px;--awb-border-radius-bottom-right:0px;--awb-border-radius-bottom-left:0px;--awb-flex-wrap:wrap;\" ><div class=\"fusion-builder-row fusion-row fusion-flex-align-items-flex-start fusion-flex-content-wrap\" style=\"max-width:1144px;margin-left: calc(-4% \/ 2 );margin-right: calc(-4% \/ 2 );\"><div class=\"fusion-layout-column fusion_builder_column fusion-builder-column-0 fusion_builder_column_1_1 1_1 fusion-flex-column\" style=\"--awb-bg-size:cover;--awb-width-large:100%;--awb-margin-top-large:0px;--awb-spacing-right-large:1.92%;--awb-margin-bottom-large:0px;--awb-spacing-left-large:1.92%;--awb-width-medium:100%;--awb-spacing-right-medium:1.92%;--awb-spacing-left-medium:1.92%;--awb-width-small:100%;--awb-spacing-right-small:1.92%;--awb-spacing-left-small:1.92%;\"><div class=\"fusion-column-wrapper fusion-flex-justify-content-flex-start fusion-content-layout-column\"><div class=\"fusion-text fusion-text-1\"><p><img decoding=\"async\" class=\"alignnone size-full wp-image-6\" src=\"https:\/\/koski.fi\/talolan-koulu\/wp-content\/uploads\/sites\/4\/2018\/02\/TalolanKoulu.png\" alt=\"Talolan koulu\" width=\"533\" height=\"300\" srcset=\"https:\/\/koski.fi\/talolan-koulu\/wp-content\/uploads\/sites\/4\/2018\/02\/TalolanKoulu-200x113.png 200w, https:\/\/koski.fi\/talolan-koulu\/wp-content\/uploads\/sites\/4\/2018\/02\/TalolanKoulu-300x169.png 300w, https:\/\/koski.fi\/talolan-koulu\/wp-content\/uploads\/sites\/4\/2018\/02\/TalolanKoulu-400x225.png 400w, https:\/\/koski.fi\/talolan-koulu\/wp-content\/uploads\/sites\/4\/2018\/02\/TalolanKoulu.png 533w\" sizes=\"(max-width: 533px) 100vw, 533px\" \/><\/p>\n<p>Talolan koulu on 1-6 luokkalaisten peruskoulu. Koulussa on noin 140 oppilasta ja se on Kosken Tl kunnan ainoa alakoulu. Koulun teht\u00e4v\u00e4n\u00e4 on kehitty\u00e4 monipuolisia opintomahdollisuuksia tarjoavana kouluna, joka edist\u00e4\u00e4 oppilaan persoonallisuuden kaikenpuolista kehittymist\u00e4, tukee jatko-opintojen kannalta tarpeellisten valmiuksien saavuttamista sek\u00e4 luo edellytykset suotuisalle sosiaaliselle kasvulle ja yhteisty\u00f6ss\u00e4 toimimiselle sek\u00e4 ottaa huomioon oppilaiden yksil\u00f6lliset erot.<\/p>\n<p>Hyv\u00e4 k\u00e4yt\u00f6s ja hyv\u00e4t opiskeluvalmiudet koulua ja el\u00e4m\u00e4\u00e4 varten ovat meille t\u00e4rkeit\u00e4 tavoitteita.<\/p>\n<p><strong>&#8217;Kodista juuret, koulusta siivet, siivill\u00e4 lupa lent\u00e4\u00e4.&#8217;<\/strong><\/p>\n<\/div><\/div><\/div><\/div><\/div>\n","protected":false},"excerpt":{"rendered":"","protected":false},"author":1,"featured_media":0,"parent":0,"menu_order":0,"comment_status":"closed","ping_status":"closed","template":"","meta":{"footnotes":""},"class_list":["post-5","page","type-page","status-publish","hentry"],"jetpack_sharing_enabled":true,"_links":{"self":[{"href":"https:\/\/koski.fi\/talolan-koulu\/wp-json\/wp\/v2\/pages\/5","targetHints":{"allow":["GET"]}}],"collection":[{"href":"https:\/\/koski.fi\/talolan-koulu\/wp-json\/wp\/v2\/pages"}],"about":[{"href":"https:\/\/koski.fi\/talolan-koulu\/wp-json\/wp\/v2\/types\/page"}],"author":[{"embeddable":true,"href":"https:\/\/koski.fi\/talolan-koulu\/wp-json\/wp\/v2\/users\/1"}],"replies":[{"embeddable":true,"href":"https:\/\/koski.fi\/talolan-koulu\/wp-json\/wp\/v2\/comments?post=5"}],"version-history":[{"count":4,"href":"https:\/\/koski.fi\/talolan-koulu\/wp-json\/wp\/v2\/pages\/5\/revisions"}],"predecessor-version":[{"id":200,"href":"https:\/\/koski.fi\/talolan-koulu\/wp-json\/wp\/v2\/pages\/5\/revisions\/200"}],"wp:attachment":[{"href":"https:\/\/koski.fi\/talolan-koulu\/wp-json\/wp\/v2\/media?parent=5"}],"curies":[{"name":"wp","href":"https:\/\/api.w.org\/{rel}","templated":true}]}} 