{"id":16,"date":"2018-02-21T12:05:01","date_gmt":"2018-02-21T10:05:01","guid":{"rendered":"http:\/\/koski.fi\/talolan-koulu\/?page_id=16"},"modified":"2025-08-17T21:22:02","modified_gmt":"2025-08-17T18:22:02","slug":"tyo-ja-loma-ajat-2024-2025","status":"publish","type":"page","link":"https:\/\/koski.fi\/talolan-koulu\/tyo-ja-loma-ajat-2024-2025\/","title":{"rendered":"Ty\u00f6-ja loma-ajat 2025-2026"},"content":{"rendered":"<div class=\"fusion-fullwidth fullwidth-box fusion-builder-row-1 fusion-flex-container nonhundred-percent-fullwidth non-hundred-percent-height-scrolling\" style=\"--awb-border-radius-top-left:0px;--awb-border-radius-top-right:0px;--awb-border-radius-bottom-right:0px;--awb-border-radius-bottom-left:0px;--awb-flex-wrap:wrap;\" ><div class=\"fusion-builder-row fusion-row fusion-flex-align-items-flex-start fusion-flex-content-wrap\" style=\"max-width:1144px;margin-left: calc(-4% \/ 2 );margin-right: calc(-4% \/ 2 );\"><div class=\"fusion-layout-column fusion_builder_column fusion-builder-column-0 fusion_builder_column_1_1 1_1 fusion-flex-column\" style=\"--awb-bg-blend:overlay;--awb-bg-size:cover;--awb-width-large:100%;--awb-margin-top-large:0px;--awb-spacing-right-large:1.92%;--awb-margin-bottom-large:0px;--awb-spacing-left-large:1.92%;--awb-width-medium:100%;--awb-spacing-right-medium:1.92%;--awb-spacing-left-medium:1.92%;--awb-width-small:100%;--awb-spacing-right-small:1.92%;--awb-spacing-left-small:1.92%;\"><div class=\"fusion-column-wrapper fusion-flex-justify-content-flex-start fusion-content-layout-column\"><div class=\"fusion-text fusion-text-1\"><div class=\"avada-page-titlebar-wrapper\" role=\"banner\">\n<div class=\"fusion-page-title-bar fusion-page-title-bar-none fusion-page-title-bar-left\">\n<div class=\"fusion-page-title-row\">\n<div class=\"fusion-page-title-wrapper\">\n<p><b>\u00a0<\/b><\/p>\n<\/div>\n<\/div>\n<div id=\"fusion-builder-ptb-actions\" class=\"has-ptb\"><\/div>\n<\/div>\n<\/div>\n<p><span style=\"color: var(--body_typography-color);font-family: var(--body_typography-font-family);font-size: var(--body_typography-font-size);font-weight: var(--body_typography-font-weight);letter-spacing: var(--body_typography-letter-spacing)\"><br \/>\n<\/span><b>SYYSLUKUKAUSI<\/b> to 7.8.2025 \u2013 la 20.12.2025<span style=\"color: var(--body_typography-color);font-family: var(--body_typography-font-family);font-size: var(--body_typography-font-size);font-weight: var(--body_typography-font-weight);letter-spacing: var(--body_typography-letter-spacing)\"><br \/>\n<\/span><\/p>\n<p><span style=\"color: var(--body_typography-color);font-family: var(--body_typography-font-family);font-size: var(--body_typography-font-size);font-weight: var(--body_typography-font-weight);letter-spacing: var(--body_typography-letter-spacing)\">Syysloma 13.-17.10.2025 (vko 42)<\/span><\/p>\n<p>Joululoma 21.12.2025 \u2013 6.1.2026<\/p>\n<p><b><br \/>\nKEV\u00c4TLUKUKAUSI<\/b> ke 7.1.2026 \u2013 la 30.5.2026<\/p>\n<p>Talviloma 16. \u2013 20.2.2026 (viikko 8)<\/p>\n<p>Vapaap\u00e4iv\u00e4t:<\/p>\n<p>pe 3.4.2026 pitk\u00e4perjantai<\/p>\n<p>ma 6.4.2026 p\u00e4\u00e4si\u00e4ismaanantai<\/p>\n<p>pe 1.5.2026\u00a0 \u00a0vapunp\u00e4iv\u00e4<\/p>\n<p>to 14.5.2026 helatorstai<\/p>\n<\/div><\/div><\/div><\/div><\/div>\n","protected":false},"excerpt":{"rendered":"","protected":false},"author":50,"featured_media":0,"parent":0,"menu_order":0,"comment_status":"closed","ping_status":"closed","template":"","meta":{"footnotes":""},"class_list":["post-16","page","type-page","status-publish","hentry"],"jetpack_sharing_enabled":true,"_links":{"self":[{"href":"https:\/\/koski.fi\/talolan-koulu\/wp-json\/wp\/v2\/pages\/16","targetHints":{"allow":["GET"]}}],"collection":[{"href":"https:\/\/koski.fi\/talolan-koulu\/wp-json\/wp\/v2\/pages"}],"about":[{"href":"https:\/\/koski.fi\/talolan-koulu\/wp-json\/wp\/v2\/types\/page"}],"author":[{"embeddable":true,"href":"https:\/\/koski.fi\/talolan-koulu\/wp-json\/wp\/v2\/users\/50"}],"replies":[{"embeddable":true,"href":"https:\/\/koski.fi\/talolan-koulu\/wp-json\/wp\/v2\/comments?post=16"}],"version-history":[{"count":29,"href":"https:\/\/koski.fi\/talolan-koulu\/wp-json\/wp\/v2\/pages\/16\/revisions"}],"predecessor-version":[{"id":263,"href":"https:\/\/koski.fi\/talolan-koulu\/wp-json\/wp\/v2\/pages\/16\/revisions\/263"}],"wp:attachment":[{"href":"https:\/\/koski.fi\/talolan-koulu\/wp-json\/wp\/v2\/media?parent=16"}],"curies":[{"name":"wp","href":"https:\/\/api.w.org\/{rel}","templated":true}]}}