{"id":947,"date":"2018-02-21T13:00:55","date_gmt":"2018-02-21T11:00:55","guid":{"rendered":"http:\/\/koski.fi\/taidemuseo\/?page_id=947"},"modified":"2021-05-05T07:44:02","modified_gmt":"2021-05-05T04:44:02","slug":"museon-yhteystiedot","status":"publish","type":"page","link":"https:\/\/koski.fi\/taidemuseo\/museon-yhteystiedot\/","title":{"rendered":"Museon yhteystiedot"},"content":{"rendered":"<div class=\"leipa\">\n<p><strong>YRJ\u00d6 LIIPOLAN TAIDEMUSEO<\/strong><\/p>\n<p>Osoite: Museotie 1, 31500 Koski Tl<\/p>\n<p>puh. 045 7833 3510<\/p>\n<p>S\u00e4hk\u00f6posti: liipolanmuseo at koski.fi<\/p>\n<p>Kotisivut: www.koski.fi\/taidemuseo<\/p>\n<p>Ryhm\u00e4varausten ja oppaiden yhteystiedot l\u00f6yd\u00e4t <a href=\"https:\/\/koski.fi\/taidemuseo\/aukioloajat\/\">Taidemuseon aukioloajat<\/a>-sivulta.<\/p>\n<\/div>\n","protected":false},"excerpt":{"rendered":"<p>YRJ\u00d6 LIIPOLAN TAIDEMUSEO Osoite: Museotie 1, 31500 Koski Tl puh.  [&#8230;]<\/p>\n","protected":false},"author":2,"featured_media":0,"parent":0,"menu_order":0,"comment_status":"closed","ping_status":"closed","template":"","meta":{"footnotes":""},"class_list":["post-947","page","type-page","status-publish","hentry"],"jetpack_sharing_enabled":true,"_links":{"self":[{"href":"https:\/\/koski.fi\/taidemuseo\/wp-json\/wp\/v2\/pages\/947","targetHints":{"allow":["GET"]}}],"collection":[{"href":"https:\/\/koski.fi\/taidemuseo\/wp-json\/wp\/v2\/pages"}],"about":[{"href":"https:\/\/koski.fi\/taidemuseo\/wp-json\/wp\/v2\/types\/page"}],"author":[{"embeddable":true,"href":"https:\/\/koski.fi\/taidemuseo\/wp-json\/wp\/v2\/users\/2"}],"replies":[{"embeddable":true,"href":"https:\/\/koski.fi\/taidemuseo\/wp-json\/wp\/v2\/comments?post=947"}],"version-history":[{"count":10,"href":"https:\/\/koski.fi\/taidemuseo\/wp-json\/wp\/v2\/pages\/947\/revisions"}],"predecessor-version":[{"id":1265,"href":"https:\/\/koski.fi\/taidemuseo\/wp-json\/wp\/v2\/pages\/947\/revisions\/1265"}],"wp:attachment":[{"href":"https:\/\/koski.fi\/taidemuseo\/wp-json\/wp\/v2\/media?parent=947"}],"curies":[{"name":"wp","href":"https:\/\/api.w.org\/{rel}","templated":true}]}}