{"id":945,"date":"2018-02-21T13:00:17","date_gmt":"2018-02-21T11:00:17","guid":{"rendered":"http:\/\/koski.fi\/taidemuseo\/?page_id=945"},"modified":"2020-08-06T09:33:20","modified_gmt":"2020-08-06T06:33:20","slug":"tunnettuja-teoksia","status":"publish","type":"page","link":"https:\/\/koski.fi\/taidemuseo\/tunnettuja-teoksia\/","title":{"rendered":"Tunnettuja teoksia"},"content":{"rendered":"<div class=\"leipa\">\n<p><strong>MUOTOKUVIA JA MONUMENTTEJA<\/strong><\/p>\n<p>Yrj\u00f6 Liipolan tuotanto k\u00e4sitt\u00e4\u00e4 suuren m\u00e4\u00e4r\u00e4n eri julkisuuden henkil\u00f6iden muotokuvia, mutta taidehistoriaan h\u00e4n on j\u00e4\u00e4nyt etenkin monumenttiveistosten tekij\u00e4n\u00e4.<\/p>\n<p>Tunnettuja teoksia<\/p>\n<p>Vaaniskelija, Budapestin Valtion taidemuseo<br \/>\nMets\u00e4n poika, Viipuri<br \/>\nTellervo Tapion tyt\u00e4r (Diana), Helsinki Kolmikulman puisto<br \/>\nYl\u00f6snousemus, vuorineuvos Aaltosen hautapatsas Tampere<br \/>\nPresidentti J. K. Paasikivi, Helsingin yliopisto<br \/>\nJ. J. Wecksell, Turku Tuomiokirkon puisto<br \/>\nPietari Brahe, Kajaani<br \/>\nPaimenpoika, Tampere<br \/>\nViinitytt\u00f6 (1934), Helsinki Oy Alko Ab<br \/>\nTy\u00f6n patsas, Lahti<br \/>\nVapauden patsas, Vaasa<br \/>\nKurun haaksirikon muistomerkki, Tampere<br \/>\nVapaussodan sankaripatsas, Kanta-Loimaan kirkko (Loimaa)<br \/>\nKustaa Hiekan rintakuva, Kustaa Hiekan museo Tampere<br \/>\nVapautettu Karjala (1922), Kustaa Hiekan museo Tampere<br \/>\nVapaudenpatsas (1922), Joensuu<br \/>\nSankaripatsaita mm.: Halikko, Kauniainen, Koski Tl, Lapua, Lieto, Loimaa, Perni\u00f6, Rajam\u00e4ki, Turku<\/p>\n<p><img decoding=\"async\" class=\"alignnone size-full wp-image-1203\" src=\"https:\/\/koski.fi\/taidemuseo\/wp-content\/uploads\/sites\/3\/2020\/08\/Yrj\u00f6-Liipola-Ryp\u00e4letytt\u00f6.png\" alt=\"\" width=\"480\" height=\"640\" srcset=\"https:\/\/koski.fi\/taidemuseo\/wp-content\/uploads\/sites\/3\/2020\/08\/Yrj\u00f6-Liipola-Ryp\u00e4letytt\u00f6-200x267.png 200w, https:\/\/koski.fi\/taidemuseo\/wp-content\/uploads\/sites\/3\/2020\/08\/Yrj\u00f6-Liipola-Ryp\u00e4letytt\u00f6-225x300.png 225w, https:\/\/koski.fi\/taidemuseo\/wp-content\/uploads\/sites\/3\/2020\/08\/Yrj\u00f6-Liipola-Ryp\u00e4letytt\u00f6-400x533.png 400w, https:\/\/koski.fi\/taidemuseo\/wp-content\/uploads\/sites\/3\/2020\/08\/Yrj\u00f6-Liipola-Ryp\u00e4letytt\u00f6.png 480w\" sizes=\"(max-width: 480px) 100vw, 480px\" \/><\/p>\n<\/div>\n","protected":false},"excerpt":{"rendered":"<p>MUOTOKUVIA JA MONUMENTTEJA Yrj\u00f6 Liipolan tuotanto k\u00e4sitt\u00e4\u00e4 suuren m\u00e4\u00e4r\u00e4n eri  [&#8230;]<\/p>\n","protected":false},"author":2,"featured_media":0,"parent":0,"menu_order":0,"comment_status":"closed","ping_status":"closed","template":"","meta":{"footnotes":""},"class_list":["post-945","page","type-page","status-publish","hentry"],"jetpack_sharing_enabled":true,"_links":{"self":[{"href":"https:\/\/koski.fi\/taidemuseo\/wp-json\/wp\/v2\/pages\/945","targetHints":{"allow":["GET"]}}],"collection":[{"href":"https:\/\/koski.fi\/taidemuseo\/wp-json\/wp\/v2\/pages"}],"about":[{"href":"https:\/\/koski.fi\/taidemuseo\/wp-json\/wp\/v2\/types\/page"}],"author":[{"embeddable":true,"href":"https:\/\/koski.fi\/taidemuseo\/wp-json\/wp\/v2\/users\/2"}],"replies":[{"embeddable":true,"href":"https:\/\/koski.fi\/taidemuseo\/wp-json\/wp\/v2\/comments?post=945"}],"version-history":[{"count":3,"href":"https:\/\/koski.fi\/taidemuseo\/wp-json\/wp\/v2\/pages\/945\/revisions"}],"predecessor-version":[{"id":1204,"href":"https:\/\/koski.fi\/taidemuseo\/wp-json\/wp\/v2\/pages\/945\/revisions\/1204"}],"wp:attachment":[{"href":"https:\/\/koski.fi\/taidemuseo\/wp-json\/wp\/v2\/media?parent=945"}],"curies":[{"name":"wp","href":"https:\/\/api.w.org\/{rel}","templated":true}]}} 