{"id":941,"date":"2018-02-21T12:59:08","date_gmt":"2018-02-21T10:59:08","guid":{"rendered":"http:\/\/koski.fi\/taidemuseo\/?page_id=941"},"modified":"2026-03-03T16:12:28","modified_gmt":"2026-03-03T14:12:28","slug":"taidesaatio","status":"publish","type":"page","link":"https:\/\/koski.fi\/taidemuseo\/taidesaatio\/","title":{"rendered":"Taides\u00e4\u00e4ti\u00f6"},"content":{"rendered":"<div class=\"leipa\">\n<p><strong>YRJ\u00d6 LIIPOLAN TAIDEKOKOELMA, KOSKI TL<\/strong><\/p>\n<p><strong>KOSKEN TL TAIDES\u00c4\u00c4TI\u00d6<\/strong><\/p>\n<p>S\u00e4\u00e4ti\u00f6n ensisijaisena teht\u00e4v\u00e4n\u00e4 on professori, kuvanveist\u00e4j\u00e4 Yrj\u00f6 Liipolan taiteen vaaliminen ja tunnetuksi tekeminen. Tarkoituksensa toteuttamiseksi s\u00e4\u00e4ti\u00f6<br \/>\n&#8211; on rakennuttanut lahjoitetulle tontille arkkitehti Eero Ponkalan suunnitteleman museorakennuksen, joka valmistui vuonna 1970<br \/>\n&#8211; ker\u00e4\u00e4 ja tallentaa Yrj\u00f6 Liipolan taidetta sek\u00e4 h\u00e4nen el\u00e4m\u00e4nty\u00f6h\u00f6ns\u00e4 liittyv\u00e4\u00e4 aineistoa<br \/>\n&#8211; edist\u00e4\u00e4 Yrj\u00f6 Liipolan el\u00e4m\u00e4nty\u00f6n tutkimista ja julkisuuteen saattamista<br \/>\n&#8211; on oikeutettu vastaanottamaan testamentteja ja lahjoituksia s\u00e4\u00e4ti\u00f6n tarkoituksen tukemiseen<\/p>\n<p><img decoding=\"async\" class=\"alignnone size-full wp-image-1197\" src=\"https:\/\/koski.fi\/taidemuseo\/wp-content\/uploads\/sites\/3\/2020\/08\/Professori-Yrj\u00f6-Liipola.png\" alt=\"\" width=\"250\" height=\"188\" srcset=\"https:\/\/koski.fi\/taidemuseo\/wp-content\/uploads\/sites\/3\/2020\/08\/Professori-Yrj\u00f6-Liipola-200x150.png 200w, https:\/\/koski.fi\/taidemuseo\/wp-content\/uploads\/sites\/3\/2020\/08\/Professori-Yrj\u00f6-Liipola.png 250w\" sizes=\"(max-width: 250px) 100vw, 250px\" \/><\/p>\n<p>&nbsp;<\/p>\n<p>S\u00e4\u00e4ti\u00f6n hallintoelimin\u00e4 ovat hallintoneuvosto ja hallitus.<\/p>\n<div>Hallintoneuvoston puheenjohtajana toimii Ragni Reichardt. Hallituksen puheenjohtajana toimii Jarmo Ruohonen ja sihteerin\u00e4 Raija Virtanen.<\/div>\n<p>&nbsp;<\/p>\n<p>Kosken TL. Taides\u00e4\u00e4ti\u00f6 on kiinnostunut hankkimaan Yrj\u00f6 Liipolan teoksia ja h\u00e4nt\u00e4 koskevia asiakirjoja ja valokuvia.<\/p>\n<\/div>\n","protected":false},"excerpt":{"rendered":"<p>YRJ\u00d6 LIIPOLAN TAIDEKOKOELMA, KOSKI TL KOSKEN TL TAIDES\u00c4\u00c4TI\u00d6 S\u00e4\u00e4ti\u00f6n ensisijaisena  [&#8230;]<\/p>\n","protected":false},"author":2,"featured_media":0,"parent":0,"menu_order":0,"comment_status":"closed","ping_status":"closed","template":"","meta":{"footnotes":""},"class_list":["post-941","page","type-page","status-publish","hentry"],"jetpack_sharing_enabled":true,"_links":{"self":[{"href":"https:\/\/koski.fi\/taidemuseo\/wp-json\/wp\/v2\/pages\/941","targetHints":{"allow":["GET"]}}],"collection":[{"href":"https:\/\/koski.fi\/taidemuseo\/wp-json\/wp\/v2\/pages"}],"about":[{"href":"https:\/\/koski.fi\/taidemuseo\/wp-json\/wp\/v2\/types\/page"}],"author":[{"embeddable":true,"href":"https:\/\/koski.fi\/taidemuseo\/wp-json\/wp\/v2\/users\/2"}],"replies":[{"embeddable":true,"href":"https:\/\/koski.fi\/taidemuseo\/wp-json\/wp\/v2\/comments?post=941"}],"version-history":[{"count":9,"href":"https:\/\/koski.fi\/taidemuseo\/wp-json\/wp\/v2\/pages\/941\/revisions"}],"predecessor-version":[{"id":1745,"href":"https:\/\/koski.fi\/taidemuseo\/wp-json\/wp\/v2\/pages\/941\/revisions\/1745"}],"wp:attachment":[{"href":"https:\/\/koski.fi\/taidemuseo\/wp-json\/wp\/v2\/media?parent=941"}],"curies":[{"name":"wp","href":"https:\/\/api.w.org\/{rel}","templated":true}]}} 