{"id":937,"date":"2018-02-21T12:57:54","date_gmt":"2018-02-21T10:57:54","guid":{"rendered":"http:\/\/koski.fi\/taidemuseo\/?page_id=937"},"modified":"2026-03-03T16:10:34","modified_gmt":"2026-03-03T14:10:34","slug":"aukioloajat","status":"publish","type":"page","link":"https:\/\/koski.fi\/taidemuseo\/aukioloajat\/","title":{"rendered":"Taidemuseon aukioloajat"},"content":{"rendered":"<p>&nbsp;<\/p>\n<hr \/>\n<hr \/>\n<p><strong>Yrj\u00f6 Liipolan taidemuseo on avoinna:<\/strong><\/p>\n<p>Avoinna sopimuksen mukaan, puh. 045 7833 3510<\/p>\n<p>&nbsp;<\/p>\n<p>&nbsp;<\/p>\n<p><strong>P\u00e4\u00e4symaksut<\/strong><\/p>\n<p>Aikuiset\u00a0 \u00a0 \u00a0 8,00 eur<br \/>\nEl\u00e4kel\u00e4iset 5,00 eur<br \/>\nLapset alle 18 v. ilmaiseksi<br \/>\nRyhm\u00e4t\u00a0 \u00a0 \u00a0 \u00a0 5,00 eur\/hl\u00f6 ryhm\u00e4n minimikoko 15 hl\u00f6<\/p>\n<p>Ryhm\u00e4n opastus 50,00 \u20ac.<\/p>\n<p>&nbsp;<\/p>\n<table style=\"height: 325px\" border=\"0\" width=\"593\">\n<tbody>\n<tr>\n<td><strong>Retkikuntien opastajat<\/strong><\/td>\n<td><\/td>\n<td><\/td>\n<td><\/td>\n<\/tr>\n<tr>\n<td><strong>\u00a0<\/strong><\/td>\n<td>Opastuskielet:<\/td>\n<td>Puhelin:<\/td>\n<td><\/td>\n<\/tr>\n<tr>\n<td>Minna Ylieskola<\/td>\n<td>suomi, englanti<\/td>\n<td>050 5831 388<\/td>\n<td><\/td>\n<\/tr>\n<tr>\n<td><\/td>\n<td><\/td>\n<td><\/td>\n<td><\/td>\n<\/tr>\n<tr>\n<td>Ryhm\u00e4varaukset:\u00a0<a href=\"mailto:liipolanmuseo@koski.fi\">liipolanmuseo@koski.fi<\/a><\/td>\n<td><\/td>\n<td><\/td>\n<td><\/td>\n<\/tr>\n<tr>\n<td><\/td>\n<td><\/td>\n<td><\/td>\n<td><\/td>\n<\/tr>\n<tr>\n<td><\/td>\n<td><\/td>\n<td><\/td>\n<td><\/td>\n<\/tr>\n<tr>\n<td><\/td>\n<td><\/td>\n<td><\/td>\n<td><\/td>\n<\/tr>\n<tr>\n<td><\/td>\n<td><\/td>\n<td><\/td>\n<td><\/td>\n<\/tr>\n<tr>\n<td><\/td>\n<td><\/td>\n<td><\/td>\n<td><\/td>\n<\/tr>\n<tr>\n<td><\/td>\n<td><\/td>\n<td><\/td>\n<\/tr>\n<\/tbody>\n<\/table>\n","protected":false},"excerpt":{"rendered":"<p>&nbsp; Yrj\u00f6 Liipolan taidemuseo on avoinna: Avoinna sopimuksen mukaan, puh.  [&#8230;]<\/p>\n","protected":false},"author":2,"featured_media":0,"parent":0,"menu_order":0,"comment_status":"closed","ping_status":"closed","template":"","meta":{"footnotes":""},"class_list":["post-937","page","type-page","status-publish","hentry"],"jetpack_sharing_enabled":true,"_links":{"self":[{"href":"https:\/\/koski.fi\/taidemuseo\/wp-json\/wp\/v2\/pages\/937","targetHints":{"allow":["GET"]}}],"collection":[{"href":"https:\/\/koski.fi\/taidemuseo\/wp-json\/wp\/v2\/pages"}],"about":[{"href":"https:\/\/koski.fi\/taidemuseo\/wp-json\/wp\/v2\/types\/page"}],"author":[{"embeddable":true,"href":"https:\/\/koski.fi\/taidemuseo\/wp-json\/wp\/v2\/users\/2"}],"replies":[{"embeddable":true,"href":"https:\/\/koski.fi\/taidemuseo\/wp-json\/wp\/v2\/comments?post=937"}],"version-history":[{"count":63,"href":"https:\/\/koski.fi\/taidemuseo\/wp-json\/wp\/v2\/pages\/937\/revisions"}],"predecessor-version":[{"id":1744,"href":"https:\/\/koski.fi\/taidemuseo\/wp-json\/wp\/v2\/pages\/937\/revisions\/1744"}],"wp:attachment":[{"href":"https:\/\/koski.fi\/taidemuseo\/wp-json\/wp\/v2\/media?parent=937"}],"curies":[{"name":"wp","href":"https:\/\/api.w.org\/{rel}","templated":true}]}}