{"id":2,"date":"2017-11-27T14:28:29","date_gmt":"2017-11-27T12:28:29","guid":{"rendered":"http:\/\/koski.fi\/taidemuseo\/?page_id=2"},"modified":"2024-08-05T15:42:48","modified_gmt":"2024-08-05T12:42:48","slug":"taidekokoelma","status":"publish","type":"page","link":"https:\/\/koski.fi\/taidemuseo\/","title":{"rendered":"Yrj\u00f6 Liipolan taidekokoelma"},"content":{"rendered":"<p><div class=\"fusion-fullwidth fullwidth-box fusion-builder-row-1 nonhundred-percent-fullwidth non-hundred-percent-height-scrolling\" style=\"--awb-border-radius-top-left:0px;--awb-border-radius-top-right:0px;--awb-border-radius-bottom-right:0px;--awb-border-radius-bottom-left:0px;--awb-flex-wrap:wrap;\" ><div class=\"fusion-builder-row fusion-row\"><div class=\"fusion-layout-column fusion_builder_column fusion-builder-column-0 fusion_builder_column_1_1 1_1 fusion-one-full fusion-column-first fusion-column-last\" style=\"--awb-bg-size:cover;--awb-margin-bottom:0px;\"><div class=\"fusion-column-wrapper fusion-flex-column-wrapper-legacy\"><div class=\"fusion-text fusion-text-1\"><p><strong>TAIDEKOKOELMA MUSEOSSA<\/strong><\/p>\n<p><img decoding=\"async\" src=\"http:\/\/files.koski.fi\/taidemuseo\/GetFile?ID=29&amp;xsize=300&amp;ysize=225\" alt=\"\" width=\"250\" \/><br \/>\nVarsinais-Suomalaisessa Kosken Tl kunnassa on ainutlaatuinen Yrj\u00f6 Liipolan Taidemuseo, joka esittelee merkitt\u00e4v\u00e4n kuvanveist\u00e4j\u00e4n<br \/>\ntuotantoa. Liipola lahjoitti syntym\u00e4kunnalleen veistoskokoelmansa 1950-luvun puoliv\u00e4liss\u00e4 ja teoksille valmistui museorakennus 1970.<\/p>\n<p>Yrj\u00f6 Liipola (1881 &#8211; 1971) eli ja ty\u00f6skenteli 30 vuotta Unkarissa ja palattuaan unkarilaisen Mara-vaimonsa kanssa 1934 Suomeen, rakennutti ateljeekotinsa Kauniaisiin. Vanhuudenvuosiksi Liipolat palasivat j\u00e4lleen Koskelle.<\/p>\n<p>Yrj\u00f6 Liipola tunnetaan lukuisista monumentaalisista veistoksistaan.<\/p>\n<p>Liipolan k\u00e4denj\u00e4lke\u00e4 ovat mm. Suomen vapaudenpatsas (Vaasa), Kurun haaksirikon muistomerkki (Tampere) ja Diana-patsas (Helsinki). Liipola teki my\u00f6s useita hautamuistomerkkej\u00e4 niin sankarihaudoille kuin merkkihenkil\u00f6ille.<\/p>\n<p>Yrj\u00f6 Liipolan taidekokoelma k\u00e4sitt\u00e4\u00e4 noin 210 teosta, joista vanhimmat ovat vuodelta 1900. Lis\u00e4ksi museossa on esill\u00e4 Liipoloiden koti-interi\u00f6\u00f6ri harvinaisine huonekaluineen ja arvokkaine maalauksineen.<\/p>\n<p>Pysyvien prof. Yrj\u00f6 Liipolan teosten ohessa museossa pidet\u00e4\u00e4n vaihtuvia n\u00e4yttelyit\u00e4.<\/p>\n<p>Yrj\u00f6 Liipolan taidemuseo on liittynyt <a href=\"https:\/\/museot.fi\/museohaku\/index.php?museo_id=21370\" target=\"_blank\" rel=\"noopener noreferrer\">museokorttij\u00e4rjestelm\u00e4\u00e4n<\/a>.<\/p>\n<div class=\"fusion-image-element in-legacy-container\" style=\"--awb-caption-title-font-family:var(--h2_typography-font-family);--awb-caption-title-font-weight:var(--h2_typography-font-weight);--awb-caption-title-font-style:var(--h2_typography-font-style);--awb-caption-title-size:var(--h2_typography-font-size);--awb-caption-title-transform:var(--h2_typography-text-transform);--awb-caption-title-line-height:var(--h2_typography-line-height);--awb-caption-title-letter-spacing:var(--h2_typography-letter-spacing);\"><span class=\" fusion-imageframe imageframe-none imageframe-1 hover-type-none\"><img decoding=\"async\" width=\"300\" height=\"188\" title=\"f5f5d4fe-584c-47c9-a2d1-b0c9c6363f5e\" src=\"https:\/\/koski.fi\/taidemuseo\/wp-content\/uploads\/sites\/3\/2020\/09\/f5f5d4fe-584c-47c9-a2d1-b0c9c6363f5e-300x188.png\" alt class=\"img-responsive wp-image-1214\" srcset=\"https:\/\/koski.fi\/taidemuseo\/wp-content\/uploads\/sites\/3\/2020\/09\/f5f5d4fe-584c-47c9-a2d1-b0c9c6363f5e-200x125.png 200w, https:\/\/koski.fi\/taidemuseo\/wp-content\/uploads\/sites\/3\/2020\/09\/f5f5d4fe-584c-47c9-a2d1-b0c9c6363f5e-400x251.png 400w, https:\/\/koski.fi\/taidemuseo\/wp-content\/uploads\/sites\/3\/2020\/09\/f5f5d4fe-584c-47c9-a2d1-b0c9c6363f5e-600x376.png 600w, https:\/\/koski.fi\/taidemuseo\/wp-content\/uploads\/sites\/3\/2020\/09\/f5f5d4fe-584c-47c9-a2d1-b0c9c6363f5e-800x502.png 800w, https:\/\/koski.fi\/taidemuseo\/wp-content\/uploads\/sites\/3\/2020\/09\/f5f5d4fe-584c-47c9-a2d1-b0c9c6363f5e.png 1012w\" sizes=\"(max-width: 800px) 100vw, 300px\" \/><\/span><\/div>\n<h2><\/h2>\n<\/div><div class=\"fusion-sep-clear\"><\/div><div class=\"fusion-separator fusion-full-width-sep\" style=\"margin-left: auto;margin-right: auto;margin-top:40px;width:100%;\"><\/div><div class=\"fusion-sep-clear\"><\/div><div class=\"fusion-widget-area awb-widget-area-element fusion-widget-area-1 fusion-content-widget-area fusion-no-medium-visibility fusion-no-large-visibility\" style=\"--awb-title-color:#333333;--awb-padding:0px 0px 0px 0px;\">\n\t\t<section id=\"recent-posts-2\" class=\"widget widget_recent_entries\">\n\t\t<div class=\"heading\"><h4 class=\"widget-title\">N\u00e4yttelyt<\/h4><\/div>\n\t\t<ul>\n\t\t\t\t\t\t\t\t\t\t\t<li>\n\t\t\t\t\t<a href=\"https:\/\/koski.fi\/taidemuseo\/kudottua-ja-painettua\/\">KUDOTTUA JA PAINETTUA<\/a>\n\t\t\t\t\t\t\t\t\t<\/li>\n\t\t\t\t\t\t\t\t\t\t\t<li>\n\t\t\t\t\t<a href=\"https:\/\/koski.fi\/taidemuseo\/yrjo-liipolan-veistosnayttely\/\">Yrj\u00f6 Liipolan veistosn\u00e4yttely<\/a>\n\t\t\t\t\t\t\t\t\t<\/li>\n\t\t\t\t\t\t\t\t\t\t\t<li>\n\t\t\t\t\t<a href=\"https:\/\/koski.fi\/taidemuseo\/olavi-hurmerinnan-ja-martti-vainion-taiteen-pysyvaisnayttely\/\">Olavi Hurmerinnan ja Martti Vainion taiteen pysyv\u00e4isn\u00e4yttely<\/a>\n\t\t\t\t\t\t\t\t\t<\/li>\n\t\t\t\t\t<\/ul>\n\n\t\t<\/section><div class=\"fusion-additional-widget-content\"><\/div><\/div><div class=\"fusion-sep-clear\"><\/div><div class=\"fusion-separator fusion-full-width-sep\" style=\"margin-left: auto;margin-right: auto;margin-top:40px;width:100%;\"><\/div><div class=\"fusion-sep-clear\"><\/div><div class=\"fusion-clearfix\"><\/div><\/div><\/div><\/div><\/div><div class=\"fusion-fullwidth fullwidth-box fusion-builder-row-2 fusion-flex-container nonhundred-percent-fullwidth non-hundred-percent-height-scrolling\" style=\"--awb-border-radius-top-left:0px;--awb-border-radius-top-right:0px;--awb-border-radius-bottom-right:0px;--awb-border-radius-bottom-left:0px;--awb-flex-wrap:wrap;\" ><div class=\"fusion-builder-row fusion-row fusion-flex-align-items-flex-start fusion-flex-content-wrap\" style=\"max-width:1144px;margin-left: calc(-4% \/ 2 );margin-right: calc(-4% \/ 2 );\"><div class=\"fusion-layout-column fusion_builder_column fusion-builder-column-1 fusion_builder_column_1_1 1_1 fusion-flex-column\" style=\"--awb-bg-size:cover;--awb-width-large:100%;--awb-margin-top-large:0px;--awb-spacing-right-large:1.92%;--awb-margin-bottom-large:20px;--awb-spacing-left-large:1.92%;--awb-width-medium:100%;--awb-order-medium:0;--awb-spacing-right-medium:1.92%;--awb-spacing-left-medium:1.92%;--awb-width-small:100%;--awb-order-small:0;--awb-spacing-right-small:1.92%;--awb-spacing-left-small:1.92%;\"><div class=\"fusion-column-wrapper fusion-column-has-shadow fusion-flex-justify-content-flex-start fusion-content-layout-column\"><div class=\"fusion-text fusion-text-2\"><p>&nbsp;<\/p>\n<\/div><\/div><\/div><\/div><\/div><\/p>\n","protected":false},"excerpt":{"rendered":"","protected":false},"author":24,"featured_media":0,"parent":0,"menu_order":0,"comment_status":"closed","ping_status":"closed","template":"","meta":{"footnotes":""},"class_list":["post-2","page","type-page","status-publish","hentry"],"jetpack_sharing_enabled":true,"_links":{"self":[{"href":"https:\/\/koski.fi\/taidemuseo\/wp-json\/wp\/v2\/pages\/2","targetHints":{"allow":["GET"]}}],"collection":[{"href":"https:\/\/koski.fi\/taidemuseo\/wp-json\/wp\/v2\/pages"}],"about":[{"href":"https:\/\/koski.fi\/taidemuseo\/wp-json\/wp\/v2\/types\/page"}],"author":[{"embeddable":true,"href":"https:\/\/koski.fi\/taidemuseo\/wp-json\/wp\/v2\/users\/24"}],"replies":[{"embeddable":true,"href":"https:\/\/koski.fi\/taidemuseo\/wp-json\/wp\/v2\/comments?post=2"}],"version-history":[{"count":45,"href":"https:\/\/koski.fi\/taidemuseo\/wp-json\/wp\/v2\/pages\/2\/revisions"}],"predecessor-version":[{"id":1627,"href":"https:\/\/koski.fi\/taidemuseo\/wp-json\/wp\/v2\/pages\/2\/revisions\/1627"}],"wp:attachment":[{"href":"https:\/\/koski.fi\/taidemuseo\/wp-json\/wp\/v2\/media?parent=2"}],"curies":[{"name":"wp","href":"https:\/\/api.w.org\/{rel}","templated":true}]}} 