{"id":1225,"date":"2020-11-10T11:41:15","date_gmt":"2020-11-10T09:41:15","guid":{"rendered":"https:\/\/koski.fi\/taidemuseo\/?page_id=1225\/"},"modified":"2020-11-10T11:59:03","modified_gmt":"2020-11-10T09:59:03","slug":"yrjo-liipolan-paivakirja","status":"publish","type":"page","link":"https:\/\/koski.fi\/taidemuseo\/yrjo-liipolan-paivakirja\/","title":{"rendered":"Yrj\u00f6 Liipolan p\u00e4iv\u00e4kirja"},"content":{"rendered":"<p>Yrj\u00f6 Liipolan p\u00e4iv\u00e4kirja vuodelta 1904 \u2013 ensimm\u00e4inen vuosi Unkarissa<img decoding=\"async\" class=\"size-medium wp-image-1230 alignright\" src=\"https:\/\/koski.fi\/taidemuseo\/wp-content\/uploads\/sites\/3\/2020\/11\/Yrj\u00f6-Liipolan-p\u00e4iv\u00e4kirjan-sivu-250x300.jpg\" alt=\"\" width=\"250\" height=\"300\" srcset=\"https:\/\/koski.fi\/taidemuseo\/wp-content\/uploads\/sites\/3\/2020\/11\/Yrj\u00f6-Liipolan-p\u00e4iv\u00e4kirjan-sivu-200x240.jpg 200w, https:\/\/koski.fi\/taidemuseo\/wp-content\/uploads\/sites\/3\/2020\/11\/Yrj\u00f6-Liipolan-p\u00e4iv\u00e4kirjan-sivu-250x300.jpg 250w, https:\/\/koski.fi\/taidemuseo\/wp-content\/uploads\/sites\/3\/2020\/11\/Yrj\u00f6-Liipolan-p\u00e4iv\u00e4kirjan-sivu-400x480.jpg 400w, https:\/\/koski.fi\/taidemuseo\/wp-content\/uploads\/sites\/3\/2020\/11\/Yrj\u00f6-Liipolan-p\u00e4iv\u00e4kirjan-sivu-600x720.jpg 600w, https:\/\/koski.fi\/taidemuseo\/wp-content\/uploads\/sites\/3\/2020\/11\/Yrj\u00f6-Liipolan-p\u00e4iv\u00e4kirjan-sivu-768x922.jpg 768w, https:\/\/koski.fi\/taidemuseo\/wp-content\/uploads\/sites\/3\/2020\/11\/Yrj\u00f6-Liipolan-p\u00e4iv\u00e4kirjan-sivu-800x960.jpg 800w, https:\/\/koski.fi\/taidemuseo\/wp-content\/uploads\/sites\/3\/2020\/11\/Yrj\u00f6-Liipolan-p\u00e4iv\u00e4kirjan-sivu-853x1024.jpg 853w, https:\/\/koski.fi\/taidemuseo\/wp-content\/uploads\/sites\/3\/2020\/11\/Yrj\u00f6-Liipolan-p\u00e4iv\u00e4kirjan-sivu.jpg 1068w\" sizes=\"(max-width: 250px) 100vw, 250px\" \/><\/p>\n<p>1900-luvun alkuvuosina nuori Yrj\u00f6 Liipola oli veljiens\u00e4 tavoin aktiivinen koskelainen nuorimies. H\u00e4n oli mukana monessa toiminnassa paikkakunnalla my\u00f6s vastustamassa ven\u00e4l\u00e4ist\u00e4mistoimia. T\u00e4m\u00e4n seurauksena Marttilan nimismiehelle oli annettu m\u00e4\u00e4r\u00e4ys pid\u00e4tt\u00e4\u00e4 nuori Yrj\u00f6 Liipola.<\/p>\n<p>Muistelmakirjassaan \u201dVaellusvuosiltani\u201d Liipola kuvailee helmikuista p\u00e4iv\u00e4\u00e4 vuonna 1904 seuraavasti:<\/p>\n<p><em>Er\u00e4\u00e4n\u00e4 pyryisen\u00e4 helmikuun p\u00e4iv\u00e4n\u00e4 kutsuttiin minut ateljeeristani puhelimeen. Sanottiin nimismiehen tahtovan puhua kanssani. Ihmettelin t\u00e4t\u00e4 v\u00e4h\u00e4n, sill\u00e4 ukko Sj\u00f6manilla ei ollut tapana minun kanssani puhelimessa keskustella. H\u00e4n puhui tutunomaisella paikkakunnan murteella.<\/em><\/p>\n<p><em>Kuuleks Yrj\u00f6, l\u00e4hre s\u00e4\u00e4 pois ny niin pian ko vaan p\u00e4\u00e4set.<\/em><br \/>\n<em>Ihmettelin mit\u00e4 h\u00e4nell\u00e4 mahtoi olla mieless\u00e4 ja kysyin minne minun sitten niin pian tarvitsisi menn\u00e4?<\/em><\/p>\n<p><em>Niin kaus ko vaan p\u00e4\u00e4set, mut koht juur. En san sul telefoonis yht\u00e4\u00e4n mitt\u00e4\u00e4n, mut sen voin sannoo ett\u00e4 huomen m\u00e4\u00e4 tulen teil ja silloin s\u00e4\u00e4 es saa olla koton.<\/em><br \/>\n<em>Kotona sitten keskusteltiin siit\u00e4, mit\u00e4 nimismiehen merkilliset sanat mahtoivat tarkoittaa, ja tultiin siihen johtop\u00e4\u00e4t\u00f6kseen, ett\u00e4 kaiketi h\u00e4nell\u00e4 on vangitsemism\u00e4\u00e4r\u00e4ys ja h\u00e4n aikoo huomenna tulla ottamaan minut kiinni l\u00e4hett\u00e4\u00e4kseen sitten Helsinkiin.<\/em><\/p>\n<p>Yrj\u00f6 Liipolan paetessa Suomesta vuonna 1904, h\u00e4n l\u00e4hti yst\u00e4v\u00e4ns\u00e4 K\u00e1rolyn luokse Budapestiin, Unkariin. H\u00e4n oli tutustunut opintomatkallaan Italiassa unkarilaiseen nuoreen taiteilijaan.<\/p>\n<p>Ensimm\u00e4isest\u00e4 Unkarissa vietetyst\u00e4 vuodesta on s\u00e4ilynyt Yrj\u00f6 Liipolan p\u00e4iv\u00e4kirja, joka alkaa 13. p\u00e4iv\u00e4 helmikuuta ja p\u00e4\u00e4ttyy 31.12.1904. P\u00e4iv\u00e4kirja tuo aidosti esiin Yrj\u00f6 Liipolan arkiel\u00e4m\u00e4n alkutaivalta uudessa kotimaassaan Unkarissa. Liipola asui Unkarissa 30 vuotta ja palasi vakituisesti asumaan takaisin Suomeen vuonna 1934.<\/p>\n<p>K\u00e4sinkirjoitettu p\u00e4iv\u00e4kirja on digitoitu, ja koko p\u00e4iv\u00e4kirja on kirjoitettu uudelleen kuitenkaan yht\u00e4\u00e4n muuttamatta teksti\u00e4. Tekstin nimet, paikat ja tapahtumat on oikoluettu monesti. Tekstin uudelleen kirjoittamisen ovat aloittaneet museolla vuoden 2019 kes\u00e4ty\u00f6ntekij\u00e4t ja viimeistelty vuonna 2020, joka oli Yrj\u00f6 Liipolan Taidemuseon 50-vutta juhlavuosi.<\/p>\n<p>Lue p\u00e4iv\u00e4kirja t\u00e4st\u00e4 (pdf):<a href=\"https:\/\/koski.fi\/taidemuseo\/wp-content\/uploads\/sites\/3\/2020\/11\/Yrj\u00f6-Liipolan-p\u00e4iv\u00e4kirja.pdf\"> Yrj\u00f6 Liipolan p\u00e4iv\u00e4kirja<\/a><\/p>\n","protected":false},"excerpt":{"rendered":"<p>Yrj\u00f6 Liipolan p\u00e4iv\u00e4kirja vuodelta 1904 \u2013 ensimm\u00e4inen vuosi Unkarissa 1900-luvun  [&#8230;]<\/p>\n","protected":false},"author":25,"featured_media":0,"parent":0,"menu_order":0,"comment_status":"closed","ping_status":"closed","template":"","meta":{"footnotes":""},"class_list":["post-1225","page","type-page","status-publish","hentry"],"jetpack_sharing_enabled":true,"_links":{"self":[{"href":"https:\/\/koski.fi\/taidemuseo\/wp-json\/wp\/v2\/pages\/1225","targetHints":{"allow":["GET"]}}],"collection":[{"href":"https:\/\/koski.fi\/taidemuseo\/wp-json\/wp\/v2\/pages"}],"about":[{"href":"https:\/\/koski.fi\/taidemuseo\/wp-json\/wp\/v2\/types\/page"}],"author":[{"embeddable":true,"href":"https:\/\/koski.fi\/taidemuseo\/wp-json\/wp\/v2\/users\/25"}],"replies":[{"embeddable":true,"href":"https:\/\/koski.fi\/taidemuseo\/wp-json\/wp\/v2\/comments?post=1225"}],"version-history":[{"count":4,"href":"https:\/\/koski.fi\/taidemuseo\/wp-json\/wp\/v2\/pages\/1225\/revisions"}],"predecessor-version":[{"id":1231,"href":"https:\/\/koski.fi\/taidemuseo\/wp-json\/wp\/v2\/pages\/1225\/revisions\/1231"}],"wp:attachment":[{"href":"https:\/\/koski.fi\/taidemuseo\/wp-json\/wp\/v2\/media?parent=1225"}],"curies":[{"name":"wp","href":"https:\/\/api.w.org\/{rel}","templated":true}]}} 