{"id":965,"date":"2018-02-21T13:27:40","date_gmt":"2018-02-21T11:27:40","guid":{"rendered":"http:\/\/koski.fi\/taidemuseo\/?page_id=965\/"},"modified":"2018-03-08T15:19:58","modified_gmt":"2018-03-08T13:19:58","slug":"framsida","status":"publish","type":"page","link":"https:\/\/koski.fi\/taidemuseo\/sv\/","title":{"rendered":"Yrj\u00f6 Liipolas konstmuseum"},"content":{"rendered":"<div class=\"leipa\">\n<p>Skulpt\u00f6ren, professor Yrj\u00f6 Liipola (1881-1971) f\u00f6ddes i Koski i \u00c5bo l\u00e4n. Hans f\u00f6r\u00e4ldrar var rusth\u00e5llaren Henrik Liipola och dennes maka Vilhelmiina, f\u00f6dd Tilkanen. Yrj\u00f6 Liipola studerade teckning och skulptur i \u00c5bo Konstf\u00f6renings Ritskola under \u00e5ren 1899-1901. Han gjorde en studieresa till Florens och Rom. Efter hemkomsten arbetade han i sin hematelj\u00e9 i Koski. I februari 1904 flyttade han till Ungern, varifr\u00e5n han \u00e5terv\u00e4nde till hemlandet f\u00f6rst efter 30 \u00e5r med sin gem\u00e5l Mara, f\u00f6dd de Foerster.<\/p>\n<p>Liipola verkade som Finlands konsul i Ungern och efter att ha flyttat till hemlandet som Ungerns konsul i Finland. Liipola, som fullkomligt beh\u00e4rskade det ungerska spr\u00e5ket, \u00f6versatte flera verk till finska. Han b\u00f6rjade ocks\u00e5 sin litter\u00e4ra produktion. Aurinkoista Unkaria (Det soliga Ungern) utkom \u00e5r 1934 och memoarverket Vaellusvuosiltani (Fr\u00e5n mina vandrings\u00e5r) \u00e5r 1956.<\/p>\n<p>I Ungern blev Liipola inom kort en uppskattad portr\u00e4ttskulpt\u00f6r och m\u00e5nga av hans modeller tillh\u00f6rde det d\u00e5tida \u00d6sterrike-Ungerns aristokrat. Sammanlagt ungef\u00e4r 100 portr\u00e4tter tillkom under denna Ungernperiod.<\/p>\n<p>Liipolas skulptur Vaaniskelija (Spanaren) v\u00e4ckte stor uppm\u00e4rksamhet i utst\u00e4llningen i Budapest och gjorde den 25-\u00e5rige konstn\u00e4ren internationellt k\u00e4nd. N\u00e4r Liipola bodde i Ungern, tog han framg\u00e5ngsrikt del i skulpturt\u00e4vlingar i Finland. M\u00e5nga av sina vinnande f\u00f6rslag fick Liipola f\u00f6rverkliga och han bildh\u00f6gg bl.a. Karelens uppkomst (Joensuu) och Skogens son (Viborg) samt \u00e5tskilliga hj\u00e4lteminnesm\u00e4rken.<\/p>\n<p>Makarna Liipola flyttade till Finland \u00e5r 1934 och l\u00e4t bygga ett atelj\u00e9hem i Grankulla. D\u00e4r bildh\u00f6gg Liipola bl.a. Finlands frihetsstaty (Vasa), Minnesm\u00e4rket \u00f6ver skeppsbrottet av \u00e5ngb\u00e5ten Kuru (Tammerfors), Arbetets staty (Lahtis), Greve Per Brahes staty (Kajana), President J. K. Paasikivis portr\u00e4tt (Helsingsfors), skulpturen Diana (Helsingfors), Druvflickan (Helsingfors) samt flera hj\u00e4lteminnesm\u00e4rken \u00f6ver de stupade i andra v\u00e4rldskriget. Ett av dem finns p\u00e5 Koski kyrkog\u00e5rd.<\/p>\n<p>\u00c5r 1952 beviljades Yrj\u00f6 Liipola professorstitel.<\/p>\n<p>Av h\u00e4lsosk\u00e4l flyttade Liipolas \u00e5r 1955 till Italien. F\u00f6re avf\u00e4rden donerade skulpt\u00f6ren till sin hemkommun 153 skulpturer, som tempor\u00e4rt placerades i ett gammalt l\u00e5nemagasin. \u00c5r 1968 grundades Yrj\u00f6 Liipolas Museistiftelse, som \u00e5r 1970 l\u00e4t bygga en konstmuseibyggnad planerad av arkitekt Eero Ponkala. Konstsamlingen best\u00e5r av cirka 200 skulpturer, av vilka de \u00e4ldsta \u00e4r fr\u00e5n b\u00f6rjan av 1900-talet, och ett trettiotal teckningar. Utst\u00e4llda finns ocks\u00e5 konst och f\u00f6rem\u00e5l som tillh\u00f6rde professorsfamiljen.<\/p>\n<p>Liipolas tillbringade sina sista tio levnads\u00e5r i Koski. Professor Liipola hann se det nya museet och var n\u00f6jd med b\u00e5de byggnaden och utst\u00e4llningen av sina verk anordnad av konstn\u00e4ren Martti Vainio.<\/p>\n<p>Yrj\u00f6 och Mara Liipola dog \u00e5r 1971 och de begravdes i familjen Ali-Liipolas sl\u00e4ktgrav p\u00e5 kyrkog\u00e5rden i Koski T.l.<\/p>\n<p>\u00d6vers\u00e4ttning: Matti V\u00e4lim\u00e4ki,FM<\/p>\n<\/div>\n","protected":false},"excerpt":{"rendered":"<p>Skulpt\u00f6ren, professor Yrj\u00f6 Liipola (1881-1971) f\u00f6ddes i Koski i \u00c5bo  [&#8230;]<\/p>\n","protected":false},"author":2,"featured_media":0,"parent":0,"menu_order":0,"comment_status":"closed","ping_status":"closed","template":"","meta":{"footnotes":""},"class_list":["post-965","page","type-page","status-publish","hentry"],"jetpack_sharing_enabled":true,"_links":{"self":[{"href":"https:\/\/koski.fi\/taidemuseo\/sv\/wp-json\/wp\/v2\/pages\/965","targetHints":{"allow":["GET"]}}],"collection":[{"href":"https:\/\/koski.fi\/taidemuseo\/sv\/wp-json\/wp\/v2\/pages"}],"about":[{"href":"https:\/\/koski.fi\/taidemuseo\/sv\/wp-json\/wp\/v2\/types\/page"}],"author":[{"embeddable":true,"href":"https:\/\/koski.fi\/taidemuseo\/sv\/wp-json\/wp\/v2\/users\/2"}],"replies":[{"embeddable":true,"href":"https:\/\/koski.fi\/taidemuseo\/sv\/wp-json\/wp\/v2\/comments?post=965"}],"version-history":[{"count":2,"href":"https:\/\/koski.fi\/taidemuseo\/sv\/wp-json\/wp\/v2\/pages\/965\/revisions"}],"predecessor-version":[{"id":1039,"href":"https:\/\/koski.fi\/taidemuseo\/sv\/wp-json\/wp\/v2\/pages\/965\/revisions\/1039"}],"wp:attachment":[{"href":"https:\/\/koski.fi\/taidemuseo\/sv\/wp-json\/wp\/v2\/media?parent=965"}],"curies":[{"name":"wp","href":"https:\/\/api.w.org\/{rel}","templated":true}]}} 