{"id":961,"date":"2018-02-21T13:25:45","date_gmt":"2018-02-21T11:25:45","guid":{"rendered":"http:\/\/koski.fi\/taidemuseo\/?page_id=961\/"},"modified":"2025-05-27T16:18:40","modified_gmt":"2025-05-27T13:18:40","slug":"oppettider","status":"publish","type":"page","link":"https:\/\/koski.fi\/taidemuseo\/sv\/oppettider\/","title":{"rendered":"\u00d6ppettider"},"content":{"rendered":"<h2>YRJ\u00d6 LIIPOLAS KONSTSAMLING, KOSKI TL<\/h2>\n<p>Grupper \u00e4r v\u00e4lkomna ocks\u00e5 p\u00e5 andra tider. Telefon +3584578333510<\/p>\n<p>Sommar 2025<\/p>\n<p>3.6-3.8. tisdag-s\u00f6ndag klo 11.00-17.00<\/p>\n<p>10.8-28.9. s\u00f6ndag 12.00-15.00<\/p>\n<p>St\u00e4ngt p\u00e5 m\u00e5ndagar (St\u00e4ngt 20-21.6.)<\/p>\n<p>&nbsp;<\/p>\n<table border=\"0\" align=\"left\">\n<tbody>\n<tr>\n<td colspan=\"3\"><\/td>\n<\/tr>\n<tr>\n<td><\/td>\n<td><\/td>\n<td><\/td>\n<\/tr>\n<\/tbody>\n<\/table>\n<p>&nbsp;<\/p>\n<p>&nbsp;<\/p>\n<p>&nbsp;<\/p>\n<p>&nbsp;<\/p>\n<table border=\"0\" align=\"left\">\n<tbody>\n<tr>\n<td colspan=\"3\"><strong>Intr\u00e4desavgifter<\/strong><\/td>\n<\/tr>\n<tr>\n<td><\/td>\n<td>\u00e1<\/td>\n<td>grupper p\u00e5 \u00f6ver 15 personer<\/td>\n<\/tr>\n<tr>\n<td>Vuxna<\/td>\n<td>8,00 eur<\/td>\n<td>\u00e1 5,00 eur<\/td>\n<\/tr>\n<tr>\n<td>Pension\u00e4rer<\/td>\n<td>5,00 eur<\/td>\n<td><\/td>\n<\/tr>\n<tr>\n<td>Barn (under 18 \u00e5r)<\/td>\n<td>gratis<\/td>\n<td><\/td>\n<\/tr>\n<\/tbody>\n<\/table>\n<p>&nbsp;<\/p>\n<p>&nbsp;<\/p>\n<p>&nbsp;<\/p>\n<p>&nbsp;<\/p>\n<p>V\u00e4gledning f\u00f6r grupp 45,00 eur.<\/p>\n<table border=\"0\">\n<tbody>\n<tr>\n<td><strong>Guidningar:<\/strong><\/td>\n<td><\/td>\n<td><\/td>\n<td>GSM<\/td>\n<\/tr>\n<tr>\n<td><\/td>\n<\/tr>\n<tr>\n<td>Minna Ylieskola<\/td>\n<td>finska, engelska<\/td>\n<td><\/td>\n<td>050 5831 388<\/td>\n<\/tr>\n<tr>\n<td><\/td>\n<td><\/td>\n<td><\/td>\n<td><\/td>\n<\/tr>\n<tr>\n<td>Gruppbokningar:<\/td>\n<td>Minna Ylieskola<\/td>\n<td><\/td>\n<td>050 5831 388<\/td>\n<\/tr>\n<\/tbody>\n<\/table>\n","protected":false},"excerpt":{"rendered":"<p>YRJ\u00d6 LIIPOLAS KONSTSAMLING, KOSKI TL Grupper \u00e4r v\u00e4lkomna ocks\u00e5 p\u00e5  [&#8230;]<\/p>\n","protected":false},"author":2,"featured_media":0,"parent":0,"menu_order":0,"comment_status":"closed","ping_status":"closed","template":"","meta":{"footnotes":""},"class_list":["post-961","page","type-page","status-publish","hentry"],"jetpack_sharing_enabled":true,"_links":{"self":[{"href":"https:\/\/koski.fi\/taidemuseo\/sv\/wp-json\/wp\/v2\/pages\/961","targetHints":{"allow":["GET"]}}],"collection":[{"href":"https:\/\/koski.fi\/taidemuseo\/sv\/wp-json\/wp\/v2\/pages"}],"about":[{"href":"https:\/\/koski.fi\/taidemuseo\/sv\/wp-json\/wp\/v2\/types\/page"}],"author":[{"embeddable":true,"href":"https:\/\/koski.fi\/taidemuseo\/sv\/wp-json\/wp\/v2\/users\/2"}],"replies":[{"embeddable":true,"href":"https:\/\/koski.fi\/taidemuseo\/sv\/wp-json\/wp\/v2\/comments?post=961"}],"version-history":[{"count":6,"href":"https:\/\/koski.fi\/taidemuseo\/sv\/wp-json\/wp\/v2\/pages\/961\/revisions"}],"predecessor-version":[{"id":1705,"href":"https:\/\/koski.fi\/taidemuseo\/sv\/wp-json\/wp\/v2\/pages\/961\/revisions\/1705"}],"wp:attachment":[{"href":"https:\/\/koski.fi\/taidemuseo\/sv\/wp-json\/wp\/v2\/media?parent=961"}],"curies":[{"name":"wp","href":"https:\/\/api.w.org\/{rel}","templated":true}]}}