{"id":971,"date":"2018-02-21T13:30:35","date_gmt":"2018-02-21T11:30:35","guid":{"rendered":"http:\/\/koski.fi\/taidemuseo\/?page_id=971\/"},"modified":"2018-02-27T14:21:30","modified_gmt":"2018-02-27T12:21:30","slug":"museum_shop","status":"publish","type":"page","link":"https:\/\/koski.fi\/taidemuseo\/en\/museum_shop\/","title":{"rendered":"Museum shop"},"content":{"rendered":"<p><strong>Yrj\u00f6 Liipolan taidemuseon myyntituotteet<\/strong><\/p>\n<p>Uutuus:<br \/>\nAira Tuomiston uusi kirja &#8220;Keih\u00e4stytt\u00f6 ja Mets\u00e4npoika,<br \/>\nkuvanveist\u00e4j\u00e4 Yrj\u00f6 Liipolan taide Unkarin kaudella 1904-1934&#8221;<\/p>\n<p>Veistosten kuvat pdf-tiedosto:<a href=\"http:\/\/files.koski.fi\/taidemuseo\/GetFile?ID=2068&amp;dl=true\"><img decoding=\"async\" src=\"https:\/\/koski.fi\/taidemuseo\/ThumbNail?ID=2068\" alt=\"\" \/><\/a> <a href=\"http:\/\/files.koski.fi\/taidemuseo\/GetFile?ID=2068&amp;dl=true\">Veistosten pienoispatsaat.pdf<\/a><\/p>\n<table border=\"0\" cellpadding=\"6\">\n<tbody>\n<tr>\n<td>\u00a0<strong>Veistosten pienoispatsaat<\/strong><\/td>\n<td><strong>Hinta euroa<\/strong><\/td>\n<\/tr>\n<tr>\n<td>Rakentajat (1943),<br \/>\npronssia<\/td>\n<td>1.200,00<\/td>\n<\/tr>\n<tr>\n<td>Elonleikkaajat (1943),<br \/>\npronssia,<br \/>\nyhdeks\u00e4n kappaleen numeroitu sarja<\/td>\n<td>1.000,00<\/td>\n<\/tr>\n<tr>\n<td>Tytt\u00f6 ja kyyhkynen (1925),<br \/>\npronssia,<br \/>\n15 kappaleen numeroitu sarja<\/td>\n<td>900,00<\/td>\n<\/tr>\n<tr>\n<td>Ryp\u00e4letytt\u00f6-reliefi,<br \/>\npronssia,<br \/>\n20 kappaleen numeroitu sarja<\/td>\n<td>650,00<\/td>\n<\/tr>\n<tr>\n<td>Amatsoni pienoisveistos,<br \/>\npronssia,<br \/>\n15 kappaleen numeroitu sarja<\/td>\n<td>500,00<\/td>\n<\/tr>\n<tr>\n<td>Kipsiset:<\/td>\n<td><\/td>\n<\/tr>\n<tr>\n<td>Mannerheim,<br \/>\nkorkeus 62 cm<\/td>\n<td>280,00<\/td>\n<\/tr>\n<tr>\n<td>Lyhdetytt\u00f6-veistos<\/td>\n<td>180,00<\/td>\n<\/tr>\n<tr>\n<td>Kylv\u00e4j\u00e4 (iso)<\/td>\n<td>175,00<\/td>\n<\/tr>\n<tr>\n<td>Siirtov\u00e4ke\u00e4<\/td>\n<td>170,00<\/td>\n<\/tr>\n<tr>\n<td>Nainen<\/td>\n<td>160,00<\/td>\n<\/tr>\n<tr>\n<td>Pellavankitkij\u00e4-veistos (iso)<\/td>\n<td>165,00<\/td>\n<\/tr>\n<tr>\n<td>Sisu-veistos<\/td>\n<td>162,00<\/td>\n<\/tr>\n<tr>\n<td>Sotaorpoja-veistos<\/td>\n<td>150,00<\/td>\n<\/tr>\n<tr>\n<td>Karhu-veistos<\/td>\n<td>155,00<\/td>\n<\/tr>\n<tr>\n<td>Istuva tytt\u00f6<\/td>\n<td>100,00<\/td>\n<\/tr>\n<tr>\n<td>Pellavankitkij\u00e4 (pieni)<\/td>\n<td>95,00<\/td>\n<\/tr>\n<tr>\n<td>Kylv\u00e4j\u00e4 (pieni)<\/td>\n<td>90,00<\/td>\n<\/tr>\n<tr>\n<td>\u00a0Viestinviej\u00e4<\/td>\n<td>160,00<\/td>\n<\/tr>\n<tr>\n<td><strong>Painotuotteet, muu materiaali<\/strong><\/td>\n<td><\/td>\n<\/tr>\n<tr>\n<td>Aira Tuomisto: Keih\u00e4stytt\u00f6 ja Mets\u00e4poika<\/td>\n<td>20,00<\/td>\n<\/tr>\n<tr>\n<td>Aira Tuomisto: Yrj\u00f6 Liipolan sankarimuistomerkit<br \/>\naikansa historian kertojina<\/td>\n<td>18,00<\/td>\n<\/tr>\n<tr>\n<td>Yrj\u00f6 Liipola: Muistelmateos Vaellusvuosiltani<\/td>\n<td>25,00<\/td>\n<\/tr>\n<tr>\n<td>Keittokirja: Maralan maistuvat herkut<\/td>\n<td>20,00<\/td>\n<\/tr>\n<tr>\n<td>piirrostauluja (kehystetty)<\/td>\n<td>17,00<\/td>\n<\/tr>\n<tr>\n<td>piirrostauluja (kehyst\u00e4m\u00e4t\u00f6n)<\/td>\n<td>5,00<\/td>\n<\/tr>\n<tr>\n<td>Grafiikkapiirroksia<\/td>\n<td>5,00<\/td>\n<\/tr>\n<tr>\n<td>Ex libriksi\u00e4<\/td>\n<td>3,50<\/td>\n<\/tr>\n<tr>\n<td>Kirjanmerkki<\/td>\n<td>3,50<\/td>\n<\/tr>\n<tr>\n<td><\/td>\n<td><\/td>\n<\/tr>\n<tr>\n<td>Taidepostikortit<\/td>\n<td>1,00<\/td>\n<\/tr>\n<tr>\n<td>Taidepostikortti, taitettu kirjekuorineen<\/td>\n<td>1,50<\/td>\n<\/tr>\n<tr>\n<td>Taidepostikorttilajitelma, 7\u00a0 erilaista<\/td>\n<td>5,00<\/td>\n<\/tr>\n<\/tbody>\n<\/table>\n","protected":false},"excerpt":{"rendered":"<p>Yrj\u00f6 Liipolan taidemuseon myyntituotteet Uutuus: Aira Tuomiston uusi kirja &#8220;Keih\u00e4stytt\u00f6  [&#8230;]<\/p>\n","protected":false},"author":2,"featured_media":0,"parent":0,"menu_order":0,"comment_status":"closed","ping_status":"closed","template":"","meta":{"footnotes":""},"class_list":["post-971","page","type-page","status-publish","hentry"],"jetpack_sharing_enabled":true,"_links":{"self":[{"href":"https:\/\/koski.fi\/taidemuseo\/en\/wp-json\/wp\/v2\/pages\/971","targetHints":{"allow":["GET"]}}],"collection":[{"href":"https:\/\/koski.fi\/taidemuseo\/en\/wp-json\/wp\/v2\/pages"}],"about":[{"href":"https:\/\/koski.fi\/taidemuseo\/en\/wp-json\/wp\/v2\/types\/page"}],"author":[{"embeddable":true,"href":"https:\/\/koski.fi\/taidemuseo\/en\/wp-json\/wp\/v2\/users\/2"}],"replies":[{"embeddable":true,"href":"https:\/\/koski.fi\/taidemuseo\/en\/wp-json\/wp\/v2\/comments?post=971"}],"version-history":[{"count":2,"href":"https:\/\/koski.fi\/taidemuseo\/en\/wp-json\/wp\/v2\/pages\/971\/revisions"}],"predecessor-version":[{"id":975,"href":"https:\/\/koski.fi\/taidemuseo\/en\/wp-json\/wp\/v2\/pages\/971\/revisions\/975"}],"wp:attachment":[{"href":"https:\/\/koski.fi\/taidemuseo\/en\/wp-json\/wp\/v2\/media?parent=971"}],"curies":[{"name":"wp","href":"https:\/\/api.w.org\/{rel}","templated":true}]}} 