{"id":52,"date":"2018-02-28T16:16:47","date_gmt":"2018-02-28T14:16:47","guid":{"rendered":"http:\/\/koski.fi\/koskenlukio\/?page_id=52"},"modified":"2026-01-16T09:18:31","modified_gmt":"2026-01-16T07:18:31","slug":"kosken-lukio","status":"publish","type":"page","link":"https:\/\/koski.fi\/koskenlukio\/","title":{"rendered":"Kosken lukio"},"content":{"rendered":"<p><div class=\"fusion-fullwidth fullwidth-box fusion-builder-row-1 nonhundred-percent-fullwidth non-hundred-percent-height-scrolling\" style=\"--awb-border-radius-top-left:0px;--awb-border-radius-top-right:0px;--awb-border-radius-bottom-right:0px;--awb-border-radius-bottom-left:0px;--awb-flex-wrap:wrap;\" ><div class=\"fusion-builder-row fusion-row\"><div class=\"fusion-layout-column fusion_builder_column fusion-builder-column-0 fusion_builder_column_1_1 1_1 fusion-one-full fusion-column-first fusion-column-last\" style=\"--awb-bg-size:cover;--awb-margin-bottom:0px;\"><div class=\"fusion-column-wrapper fusion-flex-column-wrapper-legacy\"><div class=\"fusion-text fusion-text-1\"><p style=\"text-align: center\" align=\"center\"><span style=\"font-family: Arial\"><b>Meill\u00e4 on opiskelijoita kymmenest\u00e4 eri kunnasta!<\/b><\/span><\/p>\n<p style=\"text-align: center\" align=\"center\"><strong><span style=\"font-family: Arial\">Olipa keskiarvo 7 tai 10, jokainen voi luoda oman oppimispolkunsa. <\/span><\/strong><\/p>\n<p style=\"text-align: center\" align=\"center\"><strong><span style=\"font-family: Arial\">120 opiskelijan lukiossa p\u00e4\u00e4set nauttimaan yksil\u00f6llisest\u00e4 opetuksesta laajasta opintotarjonnasta tinkim\u00e4tt\u00e4.\u00a0<\/span><\/strong><\/p>\n<p style=\"text-align: center\" align=\"center\"><b><span style=\"font-family: Arial\">Voimme ylpe\u00e4n\u00e4 esitell\u00e4: Opiskelijakuntamme toimii todella!<\/span><\/b><\/p>\n<p style=\"text-align: center\" align=\"center\"><span style=\"font-family: Arial\"><b>Lukiomme huippujuttu:<\/b> <strong>Matkakurssi kaikille kakkosille.<\/strong><\/span><\/p>\n<p style=\"text-align: center\" align=\"center\"><span style=\"font-family: Arial;font-size: small;color: #993366\"><b>Kosken lukion entinen opiskelija: Tule mukaan alumni-toimintaamme! <\/b><\/span><span style=\"font-family: Arial;font-size: small;color: #993366\"><b>J\u00e4rjest\u00e4mme vuosittain suositun alumnip\u00e4iv\u00e4n, jossa entiset opiskelijat kertovat nykyisille opiskelijoille urapoluistaan. Kerro t\u00e4st\u00e4 my\u00f6s kaverillesi!<\/b><br \/>\n<\/span><span style=\"font-family: Arial;font-size: small;color: #0000ff\"><em><a style=\"color: #0000ff\" href=\"https:\/\/goo.gl\/forms\/sgqQXlJkFzzknb393\" target=\"_blank\" rel=\"noopener noreferrer\">Ilmoittaudu t\u00e4st\u00e4<\/a><\/em><\/span><\/p>\n<p align=\"center\"><span style=\"font-family: Arial\">Henkil\u00f6kunnan s\u00e4hk\u00f6postiosoitteet ovat muotoa <em>etunimi.sukunimi@koski.fi<\/em>.<\/span><\/p>\n<\/div><div class=\"fusion-content-boxes content-boxes columns row fusion-columns-3 fusion-columns-total-3 fusion-content-boxes-1 content-boxes-icon-on-top content-left\" style=\"--awb-body-color:#515151;--awb-title-color:#0a0a0a;--awb-margin-top:80px;--awb-hover-accent-color:#a0ce4e;--awb-circle-hover-accent-color:#a0ce4e;\" data-animationOffset=\"top-into-view\"><div style=\"--awb-backgroundcolor:rgba(255,255,255,0);\" class=\"fusion-column content-box-column content-box-column content-box-column-1 col-lg-4 col-md-4 col-sm-4 fusion-content-box-hover content-box-column-first-in-row\"><div class=\"col content-box-wrapper content-wrapper link-area-link-icon icon-hover-animation-fade fusion-animated\" data-animationType=\"slideInLeft\" data-animationDuration=\"1.0\" data-animationOffset=\"top-into-view\"><div class=\"heading heading-with-icon icon-left\"><div class=\"icon\"><i style=\"border-color:#333333;border-width:1px;background-color:#333333;box-sizing:content-box;height:42px;width:42px;line-height:42px;border-radius:50%;font-size:21px;\" aria-hidden=\"true\" class=\"fontawesome-icon fa-book fas circle-yes\"><\/i><\/div><h2 class=\"content-box-heading\" style=\"--h2_typography-font-size:20px;line-height:25px;\">Kosken lukio<\/h2><\/div><div class=\"fusion-clearfix\"><\/div><div class=\"content-container\">\n<p style=\"text-align: center\">Lampitie 3<br \/>\n31500 Koski TL<br \/>\np. 044 744 1004<\/p>\n<p style=\"text-align: center\"><a href=\"https:\/\/www.facebook.com\/koskenlukio\/\" target=\"_blank\" rel=\"noopener noreferrer\"><img decoding=\"async\" class=\"alignnone wp-image-273 size-full\" src=\"http:\/\/koski.fi\/koskenlukio\/wp-content\/uploads\/sites\/6\/2019\/08\/iconfinder_Facebook_Color_14351641.png\" alt=\"\" width=\"30\" height=\"30\" \/><\/a><a href=\"https:\/\/www.instagram.com\/koskenlukio\/\" target=\"_blank\" rel=\"noopener noreferrer\"><img decoding=\"async\" class=\"alignnone wp-image-272\" src=\"http:\/\/koski.fi\/koskenlukio\/wp-content\/uploads\/sites\/6\/2019\/08\/iconfinder_Instagram_1298747.png\" alt=\"\" width=\"30\" height=\"30\" srcset=\"https:\/\/koski.fi\/koskenlukio\/wp-content\/uploads\/sites\/6\/2019\/08\/iconfinder_Instagram_1298747-66x66.png 66w, https:\/\/koski.fi\/koskenlukio\/wp-content\/uploads\/sites\/6\/2019\/08\/iconfinder_Instagram_1298747.png 128w\" sizes=\"(max-width: 30px) 100vw, 30px\" \/><\/a><\/p>\n<p>\u00a0<\/div><\/div><\/div><div style=\"--awb-backgroundcolor:rgba(255,255,255,0);\" class=\"fusion-column content-box-column content-box-column content-box-column-2 col-lg-4 col-md-4 col-sm-4 fusion-content-box-hover \"><div class=\"col content-box-wrapper content-wrapper link-area-link-icon icon-hover-animation-fade fusion-animated\" data-animationType=\"slideInLeft\" data-animationDuration=\"1.0\" data-animationOffset=\"top-into-view\"><div class=\"heading heading-with-icon icon-left\"><div class=\"icon\"><i style=\"border-color:#333333;border-width:1px;background-color:#333333;box-sizing:content-box;height:42px;width:42px;line-height:42px;border-radius:50%;font-size:21px;\" aria-hidden=\"true\" class=\"fontawesome-icon fa fa-user circle-yes\"><\/i><\/div><h2 class=\"content-box-heading\" style=\"--h2_typography-font-size:20px;line-height:25px;\">Rehtori<\/h2><\/div><div class=\"fusion-clearfix\"><\/div><div class=\"content-container\">\n<p style=\"text-align: center\">Markus Niemi<br \/>\np. 044 484 0211<\/p>\n<\/div><\/div><\/div><div style=\"--awb-backgroundcolor:rgba(255,255,255,0);\" class=\"fusion-column content-box-column content-box-column content-box-column-3 col-lg-4 col-md-4 col-sm-4 fusion-content-box-hover content-box-column-last content-box-column-last-in-row\"><div class=\"col content-box-wrapper content-wrapper link-area-link-icon icon-hover-animation-fade fusion-animated\" data-animationType=\"slideInLeft\" data-animationDuration=\"1.0\" data-animationOffset=\"top-into-view\"><div class=\"heading heading-with-icon icon-left\"><div class=\"icon\"><i style=\"border-color:#333333;border-width:1px;background-color:#333333;box-sizing:content-box;height:42px;width:42px;line-height:42px;border-radius:50%;font-size:21px;\" aria-hidden=\"true\" class=\"fontawesome-icon fa-comments fas circle-yes\"><\/i><\/div><h2 class=\"content-box-heading\" style=\"--h2_typography-font-size:20px;line-height:25px;\">Opinto-ohjaus<\/h2><\/div><div class=\"fusion-clearfix\"><\/div><div class=\"content-container\">\n<p style=\"text-align: center\">opo Niina L\u00e4hdem\u00e4ki<br \/>\np. 044 484 1695<br \/>\nlehtori Anne Lainio<\/p>\n<p style=\"text-align: center\"><a href=\"https:\/\/www.facebook.com\/koskenlukionopo\/\" target=\"_blank\" rel=\"noopener noreferrer\"><img decoding=\"async\" class=\"alignnone wp-image-273 size-full\" src=\"http:\/\/koski.fi\/koskenlukio\/wp-content\/uploads\/sites\/6\/2019\/08\/iconfinder_Facebook_Color_14351641.png\" alt=\"\" width=\"30\" height=\"30\" \/><\/a><a href=\"https:\/\/www.instagram.com\/koskenlukionopinto_ohjaus\/\" target=\"_blank\" rel=\"noopener noreferrer\"><img decoding=\"async\" class=\"alignnone wp-image-272\" src=\"http:\/\/koski.fi\/koskenlukio\/wp-content\/uploads\/sites\/6\/2019\/08\/iconfinder_Instagram_1298747.png\" alt=\"\" width=\"30\" height=\"30\" srcset=\"https:\/\/koski.fi\/koskenlukio\/wp-content\/uploads\/sites\/6\/2019\/08\/iconfinder_Instagram_1298747-66x66.png 66w, https:\/\/koski.fi\/koskenlukio\/wp-content\/uploads\/sites\/6\/2019\/08\/iconfinder_Instagram_1298747.png 128w\" sizes=\"(max-width: 30px) 100vw, 30px\" \/><\/a><\/p>\n<\/div><\/div><\/div><div class=\"fusion-clearfix\"><\/div><\/div><div class=\"fusion-clearfix\"><\/div><\/div><\/div><\/div><\/div><div class=\"fusion-fullwidth fullwidth-box fusion-builder-row-2 nonhundred-percent-fullwidth non-hundred-percent-height-scrolling\" style=\"--awb-border-radius-top-left:0px;--awb-border-radius-top-right:0px;--awb-border-radius-bottom-right:0px;--awb-border-radius-bottom-left:0px;--awb-flex-wrap:wrap;\" ><div class=\"fusion-builder-row fusion-row\"><div class=\"fusion-layout-column fusion_builder_column fusion-builder-column-1 fusion_builder_column_1_1 1_1 fusion-one-full fusion-column-first fusion-column-last\" style=\"--awb-bg-size:cover;\"><div class=\"fusion-column-wrapper fusion-flex-column-wrapper-legacy\"><div class=\"fusion-text fusion-text-2\"><p>&nbsp;<\/p>\n<\/div><div class=\"fusion-clearfix\"><\/div><\/div><\/div><\/div><\/div><\/p>\n","protected":false},"excerpt":{"rendered":"","protected":false},"author":2,"featured_media":0,"parent":0,"menu_order":0,"comment_status":"closed","ping_status":"closed","template":"","meta":{"footnotes":""},"class_list":["post-52","page","type-page","status-publish","hentry"],"jetpack_sharing_enabled":true,"_links":{"self":[{"href":"https:\/\/koski.fi\/koskenlukio\/wp-json\/wp\/v2\/pages\/52","targetHints":{"allow":["GET"]}}],"collection":[{"href":"https:\/\/koski.fi\/koskenlukio\/wp-json\/wp\/v2\/pages"}],"about":[{"href":"https:\/\/koski.fi\/koskenlukio\/wp-json\/wp\/v2\/types\/page"}],"author":[{"embeddable":true,"href":"https:\/\/koski.fi\/koskenlukio\/wp-json\/wp\/v2\/users\/2"}],"replies":[{"embeddable":true,"href":"https:\/\/koski.fi\/koskenlukio\/wp-json\/wp\/v2\/comments?post=52"}],"version-history":[{"count":40,"href":"https:\/\/koski.fi\/koskenlukio\/wp-json\/wp\/v2\/pages\/52\/revisions"}],"predecessor-version":[{"id":685,"href":"https:\/\/koski.fi\/koskenlukio\/wp-json\/wp\/v2\/pages\/52\/revisions\/685"}],"wp:attachment":[{"href":"https:\/\/koski.fi\/koskenlukio\/wp-json\/wp\/v2\/media?parent=52"}],"curies":[{"name":"wp","href":"https:\/\/api.w.org\/{rel}","templated":true}]}} 