{"id":691,"date":"2022-01-03T13:12:16","date_gmt":"2022-01-03T11:12:16","guid":{"rendered":"https:\/\/koski.fi\/kirjasto\/?page_id=691"},"modified":"2026-01-28T12:34:08","modified_gmt":"2026-01-28T10:34:08","slug":"saavutettavuusseloste","status":"publish","type":"page","link":"https:\/\/koski.fi\/kirjasto\/saavutettavuusseloste\/","title":{"rendered":"Saavutettavuusseloste"},"content":{"rendered":"<p>Kosken Tl kunta pyrkii takaamaan verkkosivustojensa saavutettavuuden digitaalisten palvelujen tarjoamisesta annetun lain 306\/2019 mukaisesti. <a href=\"https:\/\/finlex.fi\/fi\/laki\/alkup\/2019\/20190306#Pidp446146672\" rel=\"noopener noreferrer\">Linkki lakiin digitaalisten palvelujen tarjoamisesta<\/a><\/p>\n<p>T\u00e4m\u00e4 saavutettavuusseloste koskee \u00a0<a href=\"https:\/\/koski.fi\/kirjasto\">koski.fi\/kirjasto-verkkosivustoa<\/a>.<\/p>\n<p><span class=\"hgkelc\"><b>WCAG<\/b> eli Web Content Accessibility Guidelines, suomeksi Verkkosis\u00e4ll\u00f6n saavutettavuusohjeet, on kansainv\u00e4linen ohjeistus verkkosis\u00e4lt\u00f6jen saavutettavuudesta. <b>WCAG<\/b>-ohjeistuksen laatimisesta ja kehitt\u00e4misest\u00e4 vastaa kansainv\u00e4linen World Wide Web -konsortio eli W3C.<br \/>\n<\/span><a href=\"https:\/\/www.w3.org\/Translations\/WCAG21-fi\/\" rel=\"noopener noreferrer\">Linkki verkkosis\u00e4ll\u00f6n saavutettavuusohjeisiin<\/a><\/p>\n<h2 class=\"fusion-responsive-typography-calculated\" data-fontsize=\"16\" data-lineheight=\"18.079999923706055px\">Saavutettavuusselosteen laatiminen<\/h2>\n<p>Verkkosivusto koski.fi on julkaistu 20.12.2017. T\u00e4m\u00e4 seloste on laadittu 8.10.2020 Kosken Tl kunnan tekem\u00e4n\u00e4 itsearviointina sek\u00e4 ulkopuolisen arvioitsijan toimesta. Ulkopuolisen arvioinnin on tehnyt Summit Media Oy.<\/p>\n<h2 class=\"fusion-responsive-typography-calculated\" data-fontsize=\"16\" data-lineheight=\"18.079999923706055px\">Saavutettavuuden tila<\/h2>\n<p>www.koski.fi\/kirjasto -verkkosivusto t\u00e4ytt\u00e4\u00e4 saavutettavuusvaatimukset osittain. Vaatimusten noudattamatta j\u00e4tt\u00e4miset ja vaatimuksiin sovellettavat poikkeukset mainitaan j\u00e4ljemp\u00e4n\u00e4.<\/p>\n<h2 class=\"fusion-responsive-typography-calculated\" data-fontsize=\"16\" data-lineheight=\"18.079999923706055px\">Ei-saavutettava sis\u00e4lt\u00f6<\/h2>\n<p>K\u00e4ytt\u00e4j\u00e4t saattavat edelleen kohdata sivustolla ongelmia. Seuraavassa on kuvaus tiedossa olevista saavutettavuusongelmista.<\/p>\n<ul>\n<li>Kaikella sivustolla olevalla kuva- ja videosis\u00e4ll\u00f6ill\u00e4 ei viel\u00e4 ole tekstivastineita (WCAG 2.1 \u00a71.1 ja \u00a71.2).<\/li>\n<li>Kaikki sivuston sis\u00e4lt\u00f6, mukaan lukien elementit ja liitetiedostojen sis\u00e4lt\u00f6, ei viel\u00e4 t\u00e4yt\u00e4 saavutettavuusvaatimuksia lukemisen j\u00e4rjestyksen osalta (WCAG 2.1 \u00a71.3.2) tai aistin varaisesti havaittavien ominaispiirteiden osalta (WCAG 2.1 \u00a71.3.3).<\/li>\n<li>Kaikki sivuston sis\u00e4lt\u00f6, mukaan lukien elementit ja liitetiedostojen sis\u00e4lt\u00f6, ei viel\u00e4 t\u00e4yt\u00e4 saavutettavuusvaatimuksia erottumisen osalta, mm. linkkityylien tai tekstin taustasta erottumisen osalta (WCAG 2.1 \u00a71.4).<\/li>\n<li>Kaikki sivuston sis\u00e4lt\u00f6 ei viel\u00e4 t\u00e4yt\u00e4 saavutettavuusvaatimuksia navigoitavuuden osalta (WCAG 2.1 \u00a72.4). Kaikki sivuston linkkitekstit eiv\u00e4t viel\u00e4 kuvaile linkin kohdetta (WCAG 2.1 \u00a72.4.4) eiv\u00e4tk\u00e4 kaikki upotukset viel\u00e4 sis\u00e4ll\u00e4 nimilapussaan sis\u00e4lt\u00f6\u00e4 kuvailevaa teksti\u00e4 (WCAG 2.1 \u00a72.4.6)<\/li>\n<li>Sivuston tekstisis\u00e4ll\u00f6t eiv\u00e4t v\u00e4ltt\u00e4m\u00e4tt\u00e4 kaikilta osin viel\u00e4 vastaa saavutettavuusvaatimuksia helppolukuisuuden, otsikkotasojen oikean k\u00e4yt\u00f6n (WCAG 2.1 \u00a7 2.4.10) ja tekstin korostusten osalta.<\/li>\n<li>Sivuston elementeill\u00e4 rakennettujen sivujen sis\u00e4ll\u00f6iss\u00e4 ei viel\u00e4 v\u00e4ltt\u00e4m\u00e4tt\u00e4 toteudu ennakoitavuus (WCAG 2.1 \u00a7 3.2) esimerkiksi kuvavalikoilla rakennettujen linkkien aukeamisessa samaan tai uuteen ikkunaan.<\/li>\n<li>Verkkosivujen sis\u00e4lt\u00e4m\u00e4 kolmansien osapuolien tuottama sis\u00e4lt\u00f6 ei v\u00e4ltt\u00e4m\u00e4tt\u00e4 ole viel\u00e4 saavutettavuusvaatimuksien tason AA mukaista (WCAG 2.1 \u00a7 5.4), koska sis\u00e4lt\u00f6 ei ole Kosken Tl kunnan hallinnassa.<\/li>\n<\/ul>\n<h2 class=\"fusion-responsive-typography-calculated\" data-fontsize=\"16\" data-lineheight=\"18.079999923706055px\">Saavutettavuusvaatimukset eiv\u00e4t koske tiettyj\u00e4 sis\u00e4lt\u00f6j\u00e4<\/h2>\n<p>Verkkopalvelusta ulos ohjaavien linkkien takaa l\u00f6ytyv\u00e4 digitaalinen palvelu tai verkkosivusto on kyseisen palveluntarjoajan vastuulla ja sen saavutettavuus on kuvattu palvelun omassa saavutettavuusselosteessa.<\/p>\n<h2 class=\"fusion-responsive-typography-calculated\" data-fontsize=\"16\" data-lineheight=\"18.079999923706055px\">Palaute ja yhteystiedot<\/h2>\n<p>Kosken Tl kunnan verkkosivuston saavutettavuudesta voi antaa palautetta osoitteeseen <a href=\"mailto:kunta@koski.fi\">kunta@koski.fi<\/a>. Saman osoitteen kautta voit pyyt\u00e4\u00e4 direktiivin soveltamisalan ulkopuolelle j\u00e4tettyj\u00e4 tietoja ja sis\u00e4lt\u00f6\u00e4.<\/p>\n<h2 class=\"fusion-responsive-typography-calculated\" data-fontsize=\"16\" data-lineheight=\"18.079999923706055px\">T\u00e4yt\u00e4nt\u00f6\u00f6npanomenettely<\/h2>\n<p>Jos huomaat sivustolla saavutettavuusongelmia, anna ensin palautetta sivuston yll\u00e4pit\u00e4j\u00e4lle. Vastauksessa voi menn\u00e4 14 p\u00e4iv\u00e4\u00e4. Jos et ole tyytyv\u00e4inen saamaasi vastaukseen tai et saa vastausta lainkaan kahden viikon aikana, voit antaa palautteen Etel\u00e4-Suomen aluehallintovirastoon.<\/p>\n<h3 class=\"fusion-responsive-typography-calculated\" data-fontsize=\"22\" data-lineheight=\"29.260000228881836px\">Valvontaviranomaisen yhteystiedot<\/h3>\n<p>Etel\u00e4-Suomen aluehallintovirasto<br \/>\nSaavutettavuuden valvonnan yksikk\u00f6<br \/>\nPostiosoite: PL 150, 13101 H\u00e4meenlinna<br \/>\n<a href=\"https:\/\/www.saavutettavuusvaatimukset.fi\/\">www.saavutettavuusvaatimukset.fi<\/a><br \/>\n<a href=\"mailto:saavutettavuus@avi.fi\">saavutettavuus@avi.fi<\/a><br \/>\npuh. <a href=\"tel:0295016000\">0295 016 000<\/a> (vaihde)<\/p>\n<h2 class=\"fusion-responsive-typography-calculated\" data-fontsize=\"16\" data-lineheight=\"18.079999923706055px\">Saavutettavuusselosteen vapaaehtoinen sis\u00e4lt\u00f6<\/h2>\n<p>Kosken Tl kunta on sitoutunut digitaaliseen saavutettavuuteen. Sis\u00e4ll\u00f6n korjaukset ovat ty\u00f6n alla ja sivusto pyrit\u00e4\u00e4n saamaan saavutettavuusvaatimukset t\u00e4ytt\u00e4v\u00e4ksi.<\/p>\n","protected":false},"excerpt":{"rendered":"<p>Kosken Tl kunta pyrkii takaamaan verkkosivustojensa saavutettavuuden digitaalisten palvelujen tarjoamisesta  [&#8230;]<\/p>\n","protected":false},"author":2,"featured_media":0,"parent":0,"menu_order":0,"comment_status":"closed","ping_status":"closed","template":"","meta":{"footnotes":""},"class_list":["post-691","page","type-page","status-publish","hentry"],"jetpack_sharing_enabled":true,"publishpress_future_action":{"enabled":false,"date":"2026-04-23 15:34:16","action":"change-status","newStatus":"draft","terms":[],"taxonomy":"","extraData":[]},"publishpress_future_workflow_manual_trigger":{"enabledWorkflows":[]},"_links":{"self":[{"href":"https:\/\/koski.fi\/kirjasto\/wp-json\/wp\/v2\/pages\/691","targetHints":{"allow":["GET"]}}],"collection":[{"href":"https:\/\/koski.fi\/kirjasto\/wp-json\/wp\/v2\/pages"}],"about":[{"href":"https:\/\/koski.fi\/kirjasto\/wp-json\/wp\/v2\/types\/page"}],"author":[{"embeddable":true,"href":"https:\/\/koski.fi\/kirjasto\/wp-json\/wp\/v2\/users\/2"}],"replies":[{"embeddable":true,"href":"https:\/\/koski.fi\/kirjasto\/wp-json\/wp\/v2\/comments?post=691"}],"version-history":[{"count":5,"href":"https:\/\/koski.fi\/kirjasto\/wp-json\/wp\/v2\/pages\/691\/revisions"}],"predecessor-version":[{"id":1505,"href":"https:\/\/koski.fi\/kirjasto\/wp-json\/wp\/v2\/pages\/691\/revisions\/1505"}],"wp:attachment":[{"href":"https:\/\/koski.fi\/kirjasto\/wp-json\/wp\/v2\/media?parent=691"}],"curies":[{"name":"wp","href":"https:\/\/api.w.org\/{rel}","templated":true}]}}