{"id":64,"date":"2018-02-21T10:23:40","date_gmt":"2018-02-21T08:23:40","guid":{"rendered":"http:\/\/koski.fi\/kirjasto\/?page_id=64"},"modified":"2018-02-21T10:23:40","modified_gmt":"2018-02-21T08:23:40","slug":"nayttelytoiminta","status":"publish","type":"page","link":"https:\/\/koski.fi\/kirjasto\/olavi-hurmerinta\/nayttelytoiminta\/","title":{"rendered":"N\u00e4yttelytoiminta"},"content":{"rendered":"<p><em>Teoksia ensi kerran j\u00e4rjestetyss\u00e4 n\u00e4yttelyss\u00e4 kotimaassa:<\/em><\/p>\n<p>Turku 1945.<\/p>\n<p>&nbsp;<\/p>\n<p><em>Osallistunut kotimaisiin yhteisn\u00e4yttelyihin:<\/em><\/p>\n<p>Suomen Taiteilijain n\u00e4yttely 1958, 1960, 1968, 1969, 1971, 1972, Suomen Taideakatemian 3-v. n\u00e4yttely 1971, Nuorten n\u00e4yttely 1949, 1958, 1960.<\/p>\n<p>&nbsp;<\/p>\n<p><em>Yksityisn\u00e4yttelyt:\u00a0<\/em><\/p>\n<p>Tku 1946, Hki 1950, 1965, 1966, 1968, 1970, 1973, 1978, 1981, 1983, 1984, Kerava 1972, Tre 1980, Hki 1990, Koski Tl. 2000.<br \/>\nUlkomailla: Venetsia, Italia 1967.<\/p>\n<p>&nbsp;<\/p>\n<p><em>Kansainv\u00e4liset n\u00e4yttelyt ja Suomen taiteen n\u00e4yttelyt ulkomailla:<\/em><\/p>\n<p>Taidegrafik. n\u00e4ytt. DDR 1960, Kiina 1964, kierton\u00e4ytt. Englanti 1974-76, Firenze 1967, Rooma 1968, Milano 1968, Leningrad 1990, Moskova 1990, P\u00e4rnu 1997, 1998, humor. piirt\u00e4jien n\u00e4ytt. Englanti 1961, 1969, Israel 1962, Japani 1965, Montreal, Kanada 1967-74, Belgia 1968, 1969, 1971, Barcelona, Espanja 1968, Italia 1969, 1970, 1971, Jugoslavia 1968, 1970, 1971, Pariisi 1973, Havanna, Kuuba, Bulgaria 1973, 1975, Teheran, Iran.<\/p>\n<p>&nbsp;<\/p>\n<p><em>Teoksia julkisissa kokoelmissa:<\/em><\/p>\n<p>Ateneumin ja Rauman taidemuseo, W\u00e4in\u00f6 Aaltosen museo, Espoon, J\u00e4rvenp\u00e4\u00e4n, Pieks\u00e4m\u00e4en, Turun, Lahden, Keravan ja Helsingin kaupunki, Tuusulan kunta, Tervakosken taides\u00e4\u00e4ti\u00f6, Suomen valtio ulkomailla: Hatshinan kaupunki, Ven\u00e4j\u00e4.<\/p>\n<p>&nbsp;<\/p>\n<p><em>Julkiset taideteokset:\u00a0<\/em><\/p>\n<p>Sein\u00e4maalaus, 1948, Koski Tl:n siunauskappeli: sein\u00e4maalaus, 1950, Koski Tl:n osuuskassa: sein\u00e4maalaus, 1976, Koski Tl:n virastotalo.<\/p>\n<p>&nbsp;<\/p>\n<p><em>Muu toiminta:<\/em><\/p>\n<p>Ylioppilaslehden piirt\u00e4j\u00e4 1948-1955, Uuden Suomen piirt\u00e4j\u00e4 1950-1976, Yhteishyv\u00e4n piirt\u00e4j\u00e4 1953-1960, Apulehden &#8221;Eino-Olli&#8221; 1958-1989, Katso-lehden piirt\u00e4j\u00e4 &#8221;OH&#8221; 1960-1984. Julkaissut pilapiirroskirjoja mm. Nasta lautaan 1959, V\u00e4ripiirroksia 1960, Ryhm\u00e4seksi\u00e4 1969, Striptiisi\u00e4 1971.<\/p>\n<p>Suomen Taidegraafikot ry:n johtokunnan j\u00e4sen 1969-1974, Suomen taidepiirt\u00e4j\u00e4inliiton Grafian johtokunnan j\u00e4sen 1963-1966, valtion taideteostoimikunnan j\u00e4sen 1971-1973, valtion kuvataidetoimikunnan j\u00e4sen 1980-1985, museoasiain neuvottelukunnan taidemuseojaoston j\u00e4sen 1982-1984, Uudenmaan l\u00e4\u00e4nin taidetoimikunnan j\u00e4sen 1989-1991, valtion kirjataidetoimikunnan j\u00e4sen 1970-1985.<\/p>\n","protected":false},"excerpt":{"rendered":"<p>Teoksia ensi kerran j\u00e4rjestetyss\u00e4 n\u00e4yttelyss\u00e4 kotimaassa: Turku 1945. &nbsp; Osallistunut  [&#8230;]<\/p>\n","protected":false},"author":1,"featured_media":0,"parent":61,"menu_order":0,"comment_status":"closed","ping_status":"closed","template":"","meta":{"footnotes":""},"class_list":["post-64","page","type-page","status-publish","hentry"],"jetpack_sharing_enabled":true,"publishpress_future_action":{"enabled":false,"date":"2026-04-23 15:32:29","action":"change-status","newStatus":"draft","terms":[],"taxonomy":"","extraData":[]},"publishpress_future_workflow_manual_trigger":{"enabledWorkflows":[]},"_links":{"self":[{"href":"https:\/\/koski.fi\/kirjasto\/wp-json\/wp\/v2\/pages\/64","targetHints":{"allow":["GET"]}}],"collection":[{"href":"https:\/\/koski.fi\/kirjasto\/wp-json\/wp\/v2\/pages"}],"about":[{"href":"https:\/\/koski.fi\/kirjasto\/wp-json\/wp\/v2\/types\/page"}],"author":[{"embeddable":true,"href":"https:\/\/koski.fi\/kirjasto\/wp-json\/wp\/v2\/users\/1"}],"replies":[{"embeddable":true,"href":"https:\/\/koski.fi\/kirjasto\/wp-json\/wp\/v2\/comments?post=64"}],"version-history":[{"count":1,"href":"https:\/\/koski.fi\/kirjasto\/wp-json\/wp\/v2\/pages\/64\/revisions"}],"predecessor-version":[{"id":65,"href":"https:\/\/koski.fi\/kirjasto\/wp-json\/wp\/v2\/pages\/64\/revisions\/65"}],"up":[{"embeddable":true,"href":"https:\/\/koski.fi\/kirjasto\/wp-json\/wp\/v2\/pages\/61"}],"wp:attachment":[{"href":"https:\/\/koski.fi\/kirjasto\/wp-json\/wp\/v2\/media?parent=64"}],"curies":[{"name":"wp","href":"https:\/\/api.w.org\/{rel}","templated":true}]}}