{"id":61,"date":"2018-02-21T10:20:54","date_gmt":"2018-02-21T08:20:54","guid":{"rendered":"http:\/\/koski.fi\/kirjasto\/?page_id=61"},"modified":"2023-12-21T13:47:09","modified_gmt":"2023-12-21T11:47:09","slug":"olavi-hurmerinta","status":"publish","type":"page","link":"https:\/\/koski.fi\/kirjasto\/olavi-hurmerinta\/","title":{"rendered":"Olavi Hurmerinta"},"content":{"rendered":"<p><strong>Koskelaisl\u00e4ht\u00f6inen taiteilijaprofessori Olavi Hurmerinta on lahjoittanut useita teoksiaan Kosken Tl kunnalle. Teoksia on n\u00e4ht\u00e4vill\u00e4 mm. Kosken kirjastossa ja Yrj\u00f6 Liipolan taidemuseossa.<\/strong><\/p>\n<p><strong>HURMERINTA, Eino OLAVI<\/strong><\/p>\n<p>taidemaalari ja -graafikko.<\/p>\n<p>27.2.1928 Koski TI. &#8211; 25.5.2015 Helsinki<\/p>\n<p>&nbsp;<\/p>\n<p><img decoding=\"async\" class=\"alignnone size-full wp-image-62\" src=\"https:\/\/koski.fi\/kirjasto\/wp-content\/uploads\/sites\/2\/2018\/02\/OlaviHurmerinta.png\" alt=\"\" width=\"800\" height=\"600\" srcset=\"https:\/\/koski.fi\/kirjasto\/wp-content\/uploads\/sites\/2\/2018\/02\/OlaviHurmerinta-200x150.png 200w, https:\/\/koski.fi\/kirjasto\/wp-content\/uploads\/sites\/2\/2018\/02\/OlaviHurmerinta-300x225.png 300w, https:\/\/koski.fi\/kirjasto\/wp-content\/uploads\/sites\/2\/2018\/02\/OlaviHurmerinta-400x300.png 400w, https:\/\/koski.fi\/kirjasto\/wp-content\/uploads\/sites\/2\/2018\/02\/OlaviHurmerinta-600x450.png 600w, https:\/\/koski.fi\/kirjasto\/wp-content\/uploads\/sites\/2\/2018\/02\/OlaviHurmerinta-768x576.png 768w, https:\/\/koski.fi\/kirjasto\/wp-content\/uploads\/sites\/2\/2018\/02\/OlaviHurmerinta.png 800w\" sizes=\"(max-width: 800px) 100vw, 800px\" \/><\/p>\n<p>&nbsp;<\/p>\n<p><em>Vanhemmat:\u00a0<\/em>toimitusjohtaja Toivo Hurmerinta ja Alli Hurmerinta, o.s. Saari.<\/p>\n<p><em>Koulutus:<\/em><br \/>\nTurun Taideyhdistyksen piirustuskoulu 1945-46, Suomen Taideakatemian koulu 1946-49, useita opintomatkoja Pariisiin 1949-1973, opiskellut Acad\u00e9mie Chaumi\u00e8ressa.<\/p>\n","protected":false},"excerpt":{"rendered":"<p>Koskelaisl\u00e4ht\u00f6inen taiteilijaprofessori Olavi Hurmerinta on lahjoittanut useita teoksiaan Kosken Tl  [&#8230;]<\/p>\n","protected":false},"author":5,"featured_media":0,"parent":0,"menu_order":0,"comment_status":"closed","ping_status":"closed","template":"","meta":{"footnotes":""},"class_list":["post-61","page","type-page","status-publish","hentry"],"jetpack_sharing_enabled":true,"publishpress_future_action":{"enabled":false,"date":"2026-04-23 15:33:36","action":"change-status","newStatus":"draft","terms":[],"taxonomy":"","extraData":[]},"publishpress_future_workflow_manual_trigger":{"enabledWorkflows":[]},"_links":{"self":[{"href":"https:\/\/koski.fi\/kirjasto\/wp-json\/wp\/v2\/pages\/61","targetHints":{"allow":["GET"]}}],"collection":[{"href":"https:\/\/koski.fi\/kirjasto\/wp-json\/wp\/v2\/pages"}],"about":[{"href":"https:\/\/koski.fi\/kirjasto\/wp-json\/wp\/v2\/types\/page"}],"author":[{"embeddable":true,"href":"https:\/\/koski.fi\/kirjasto\/wp-json\/wp\/v2\/users\/5"}],"replies":[{"embeddable":true,"href":"https:\/\/koski.fi\/kirjasto\/wp-json\/wp\/v2\/comments?post=61"}],"version-history":[{"count":4,"href":"https:\/\/koski.fi\/kirjasto\/wp-json\/wp\/v2\/pages\/61\/revisions"}],"predecessor-version":[{"id":1108,"href":"https:\/\/koski.fi\/kirjasto\/wp-json\/wp\/v2\/pages\/61\/revisions\/1108"}],"wp:attachment":[{"href":"https:\/\/koski.fi\/kirjasto\/wp-json\/wp\/v2\/media?parent=61"}],"curies":[{"name":"wp","href":"https:\/\/api.w.org\/{rel}","templated":true}]}} 