{"id":57,"date":"2018-02-21T10:08:11","date_gmt":"2018-02-21T08:08:11","guid":{"rendered":"http:\/\/koski.fi\/kirjasto\/?page_id=57"},"modified":"2018-03-02T09:04:00","modified_gmt":"2018-03-02T07:04:00","slug":"osoitteenmuutos","status":"publish","type":"page","link":"https:\/\/koski.fi\/kirjasto\/osoitteenmuutos\/","title":{"rendered":"Osoitteenmuutos"},"content":{"rendered":"<p><strong>Osoitteenmuutos<\/strong><\/p>\n<p>Onko osoitteesi tai jokin muu yhteystietosi muuttunut sen j\u00e4lkeen, kun viimeksi k\u00e4vit kirjastossa? Alla olevalla lomakkeella voit l\u00e4hett\u00e4\u00e4 uudet tietosi kirjattavaksi kirjaston asiakastietoihisi.<\/p>\n\n<div class=\"wpcf7 no-js\" id=\"wpcf7-f108-o1\" lang=\"fi\" dir=\"ltr\" data-wpcf7-id=\"108\">\n<div class=\"screen-reader-response\"><p role=\"status\" aria-live=\"polite\" aria-atomic=\"true\"><\/p> <ul><\/ul><\/div>\n<form action=\"\/kirjasto\/wp-json\/wp\/v2\/pages\/57#wpcf7-f108-o1\" method=\"post\" class=\"wpcf7-form init\" aria-label=\"Yhteydenottolomake\" novalidate=\"novalidate\" data-status=\"init\">\n<fieldset class=\"hidden-fields-container\"><input type=\"hidden\" name=\"_wpcf7\" value=\"108\" \/><input type=\"hidden\" name=\"_wpcf7_version\" value=\"6.1.5\" \/><input type=\"hidden\" name=\"_wpcf7_locale\" value=\"fi\" \/><input type=\"hidden\" name=\"_wpcf7_unit_tag\" value=\"wpcf7-f108-o1\" \/><input type=\"hidden\" name=\"_wpcf7_container_post\" value=\"0\" \/><input type=\"hidden\" name=\"_wpcf7_posted_data_hash\" value=\"\" \/>\n<\/fieldset>\n<p><label> Oma nimi (pakollinen tieto)<br \/>\n<span class=\"wpcf7-form-control-wrap\" data-name=\"nimi\"><input size=\"40\" maxlength=\"400\" class=\"wpcf7-form-control wpcf7-text wpcf7-validates-as-required\" aria-required=\"true\" aria-invalid=\"false\" placeholder=\"Oma nimi (pakollinen tieto)\" value=\"\" type=\"text\" name=\"nimi\" \/><\/span> <\/label>\n<\/p>\n<p><label> Muuttunut nimitieto<br \/>\n<span class=\"wpcf7-form-control-wrap\" data-name=\"uusi-nimi\"><input size=\"40\" maxlength=\"400\" class=\"wpcf7-form-control wpcf7-text wpcf7-validates-as-required\" aria-required=\"true\" aria-invalid=\"false\" placeholder=\"Muuttunut nimitieto\" value=\"\" type=\"text\" name=\"uusi-nimi\" \/><\/span> <\/label>\n<\/p>\n<p><label> Kirjastokortin viivakoodin numero (pakollinen tieto)<br \/>\n<span class=\"wpcf7-form-control-wrap\" data-name=\"kortin-numero\"><input size=\"40\" maxlength=\"400\" class=\"wpcf7-form-control wpcf7-text wpcf7-validates-as-required\" aria-required=\"true\" aria-invalid=\"false\" placeholder=\"Kirjastokortin viivakoodin numero (pakollinen tieto)\" value=\"\" type=\"text\" name=\"kortin-numero\" \/><\/span> <\/label>\n<\/p>\n<p><label> Aikaisempi osoite<br \/>\n<span class=\"wpcf7-form-control-wrap\" data-name=\"osoite\"><input size=\"40\" maxlength=\"400\" class=\"wpcf7-form-control wpcf7-text\" aria-invalid=\"false\" placeholder=\"Aikaisempi osoite\" value=\"\" type=\"text\" name=\"osoite\" \/><\/span> <\/label>\n<\/p>\n<p><label> Muuttunut osoite<br \/>\n<span class=\"wpcf7-form-control-wrap\" data-name=\"uusi-osoite\"><input size=\"40\" maxlength=\"400\" class=\"wpcf7-form-control wpcf7-text\" aria-invalid=\"false\" placeholder=\"Muuttunut osoite\" value=\"\" type=\"text\" name=\"uusi-osoite\" \/><\/span> <\/label>\n<\/p>\n<p><label> Aikaisempi postitoimipaikka<br \/>\n<span class=\"wpcf7-form-control-wrap\" data-name=\"postitoimipaikka\"><input size=\"40\" maxlength=\"400\" class=\"wpcf7-form-control wpcf7-text\" aria-invalid=\"false\" placeholder=\"Aikaisempi postitoimipaikka\" value=\"\" type=\"text\" name=\"postitoimipaikka\" \/><\/span> <\/label>\n<\/p>\n<p><label> Muuttunut postitoimipaikka<br \/>\n<span class=\"wpcf7-form-control-wrap\" data-name=\"uusi-postitoimipaikka\"><input size=\"40\" maxlength=\"400\" class=\"wpcf7-form-control wpcf7-text\" aria-invalid=\"false\" placeholder=\"Muuttunut postitoimipaikka\" value=\"\" type=\"text\" name=\"uusi-postitoimipaikka\" \/><\/span> <\/label>\n<\/p>\n<p><label> Aikaisempi matkapuhelinnumero<br \/>\n<span class=\"wpcf7-form-control-wrap\" data-name=\"puhelinnumero\"><input size=\"40\" maxlength=\"400\" class=\"wpcf7-form-control wpcf7-text\" aria-invalid=\"false\" placeholder=\"Aikaisempi matkapuhelinnumero\" value=\"\" type=\"text\" name=\"puhelinnumero\" \/><\/span> <\/label>\n<\/p>\n<p><label> Muuttunut matkapuhelinnumero<br \/>\n<span class=\"wpcf7-form-control-wrap\" data-name=\"uusi-puhelinnumero\"><input size=\"40\" maxlength=\"400\" class=\"wpcf7-form-control wpcf7-text\" aria-invalid=\"false\" placeholder=\"Muuttunut matkapuhelinnumero\" value=\"\" type=\"text\" name=\"uusi-puhelinnumero\" \/><\/span> <\/label>\n<\/p>\n<p><label> Aikaisempi s\u00e4hk\u00f6postiosoite<br \/>\n<span class=\"wpcf7-form-control-wrap\" data-name=\"s-posti\"><input size=\"40\" maxlength=\"400\" class=\"wpcf7-form-control wpcf7-email wpcf7-text wpcf7-validates-as-email\" aria-invalid=\"false\" placeholder=\"Aikaisempi s\u00e4hk\u00f6postiosoite\" value=\"\" type=\"email\" name=\"s-posti\" \/><\/span> <\/label>\n<\/p>\n<p><label> Muuttunut s\u00e4hk\u00f6postiosoite<br \/>\n<span class=\"wpcf7-form-control-wrap\" data-name=\"uusi-s-posti\"><input size=\"40\" maxlength=\"400\" class=\"wpcf7-form-control wpcf7-email wpcf7-text wpcf7-validates-as-email\" aria-invalid=\"false\" placeholder=\"Muuttunut s\u00e4hk\u00f6postiosoite\" value=\"\" type=\"email\" name=\"uusi-s-posti\" \/><\/span> <\/label>\n<\/p>\n<p><input class=\"wpcf7-form-control wpcf7-submit has-spinner\" type=\"submit\" value=\"L\u00e4het\u00e4 osoitteenmuutos\" \/>\n<\/p><div class=\"fusion-alert alert custom alert-custom fusion-alert-center wpcf7-response-output fusion-alert-capitalize awb-alert-native-link-color alert-dismissable awb-alert-close-boxed\" style=\"--awb-border-top-left-radius:0px;--awb-border-top-right-radius:0px;--awb-border-bottom-left-radius:0px;--awb-border-bottom-right-radius:0px;\" role=\"alert\"><div class=\"fusion-alert-content-wrapper\"><span class=\"fusion-alert-content\"><\/span><\/div><button type=\"button\" class=\"close toggle-alert\" data-dismiss=\"alert\" aria-label=\"Close\">&times;<\/button><\/div>\n<\/form>\n<\/div>\n\n","protected":false},"excerpt":{"rendered":"<p>Osoitteenmuutos Onko osoitteesi tai jokin muu yhteystietosi muuttunut sen j\u00e4lkeen,  [&#8230;]<\/p>\n","protected":false},"author":1,"featured_media":0,"parent":0,"menu_order":0,"comment_status":"closed","ping_status":"closed","template":"","meta":{"footnotes":""},"class_list":["post-57","page","type-page","status-publish","hentry"],"jetpack_sharing_enabled":true,"publishpress_future_action":{"enabled":false,"date":"2026-04-23 15:33:37","action":"change-status","newStatus":"draft","terms":[],"taxonomy":"","extraData":[]},"publishpress_future_workflow_manual_trigger":{"enabledWorkflows":[]},"_links":{"self":[{"href":"https:\/\/koski.fi\/kirjasto\/wp-json\/wp\/v2\/pages\/57","targetHints":{"allow":["GET"]}}],"collection":[{"href":"https:\/\/koski.fi\/kirjasto\/wp-json\/wp\/v2\/pages"}],"about":[{"href":"https:\/\/koski.fi\/kirjasto\/wp-json\/wp\/v2\/types\/page"}],"author":[{"embeddable":true,"href":"https:\/\/koski.fi\/kirjasto\/wp-json\/wp\/v2\/users\/1"}],"replies":[{"embeddable":true,"href":"https:\/\/koski.fi\/kirjasto\/wp-json\/wp\/v2\/comments?post=57"}],"version-history":[{"count":3,"href":"https:\/\/koski.fi\/kirjasto\/wp-json\/wp\/v2\/pages\/57\/revisions"}],"predecessor-version":[{"id":110,"href":"https:\/\/koski.fi\/kirjasto\/wp-json\/wp\/v2\/pages\/57\/revisions\/110"}],"wp:attachment":[{"href":"https:\/\/koski.fi\/kirjasto\/wp-json\/wp\/v2\/media?parent=57"}],"curies":[{"name":"wp","href":"https:\/\/api.w.org\/{rel}","templated":true}]}}