{"id":55,"date":"2018-02-21T10:06:41","date_gmt":"2018-02-21T08:06:41","guid":{"rendered":"http:\/\/koski.fi\/kirjasto\/?page_id=55"},"modified":"2018-03-01T15:18:41","modified_gmt":"2018-03-01T13:18:41","slug":"kaukolainapyynto","status":"publish","type":"page","link":"https:\/\/koski.fi\/kirjasto\/kaukolainapyynto\/","title":{"rendered":"Kaukolainapyynt\u00f6"},"content":{"rendered":"<p><strong>Kaukolaina<\/strong><\/p>\n<p>Alla olevalla lomakkeella\u00a0voit j\u00e4tt\u00e4\u00e4 kirjastoon kaukolainapyynn\u00f6n aineistosta, jota ei kirjaston omissa kokoelmissa ole. Kirjasto voi hankkia haluamasi teoksen kaukolainaksi melkeinp\u00e4 mist\u00e4 tahansa muusta kirjastosta. Kaukolainapyynt\u00f6 kannattaa tehd\u00e4\u00a0<strong>hyviss\u00e4 ajoin<\/strong>\u00a0ennen tarvetta, koska kysynt\u00e4 on kovaa ja jonotusajat voivat suosituimpien kirjojen kohdalla olla hyvinkin pitk\u00e4t<strong>. Kaukolainapyynt\u00f6\u00e4 teht\u00e4ess\u00e4 on aina ilmoitettava viimeinen mahdollinen p\u00e4iv\u00e4, jolloin teos viel\u00e4 halutaan lainaksi.<\/strong>\u00a0Muussa tapauksessa kaukolaina toimitetaan joka tapauksessa, vaikka tarvetta ei en\u00e4\u00e4 olisikaa.<\/p>\n<p><strong>Kaukolainaus on maksullista palvelua<\/strong>\u00a0ja hinnat vaihtelevat kirjastoittain. Kosken kirjastossa varausmaksu on 0,50 \u20ac.<\/p>\n\n<div class=\"wpcf7 no-js\" id=\"wpcf7-f106-o1\" lang=\"fi\" dir=\"ltr\" data-wpcf7-id=\"106\">\n<div class=\"screen-reader-response\"><p role=\"status\" aria-live=\"polite\" aria-atomic=\"true\"><\/p> <ul><\/ul><\/div>\n<form action=\"\/kirjasto\/wp-json\/wp\/v2\/pages\/55#wpcf7-f106-o1\" method=\"post\" class=\"wpcf7-form init\" aria-label=\"Yhteydenottolomake\" novalidate=\"novalidate\" data-status=\"init\">\n<fieldset class=\"hidden-fields-container\"><input type=\"hidden\" name=\"_wpcf7\" value=\"106\" \/><input type=\"hidden\" name=\"_wpcf7_version\" value=\"6.1.5\" \/><input type=\"hidden\" name=\"_wpcf7_locale\" value=\"fi\" \/><input type=\"hidden\" name=\"_wpcf7_unit_tag\" value=\"wpcf7-f106-o1\" \/><input type=\"hidden\" name=\"_wpcf7_container_post\" value=\"0\" \/><input type=\"hidden\" name=\"_wpcf7_posted_data_hash\" value=\"\" \/>\n<\/fieldset>\n<p><label> Teoksen nimi (pakollinen tieto)<br \/>\n<span class=\"wpcf7-form-control-wrap\" data-name=\"teoksen-nimi\"><input size=\"40\" maxlength=\"400\" class=\"wpcf7-form-control wpcf7-text wpcf7-validates-as-required\" aria-required=\"true\" aria-invalid=\"false\" placeholder=\"Teoksen nimi (pakollinen tieto)\" value=\"\" type=\"text\" name=\"teoksen-nimi\" \/><\/span> <\/label>\n<\/p>\n<p><label> Tekij\u00e4<br \/>\n<span class=\"wpcf7-form-control-wrap\" data-name=\"tekija\"><input size=\"40\" maxlength=\"400\" class=\"wpcf7-form-control wpcf7-text\" aria-invalid=\"false\" placeholder=\"Tekij\u00e4\" value=\"\" type=\"text\" name=\"tekija\" \/><\/span> <\/label>\n<\/p>\n<p><label> ISBN tai muu tunnistenumero<br \/>\n<span class=\"wpcf7-form-control-wrap\" data-name=\"isbn-tai-muu\"><input size=\"40\" maxlength=\"400\" class=\"wpcf7-form-control wpcf7-text\" aria-invalid=\"false\" placeholder=\"ISBN tai muu tunnistenumero\" value=\"\" type=\"text\" name=\"isbn-tai-muu\" \/><\/span> <\/label>\n<\/p>\n<p><label> Painos (jos tarvitaan tietty painos)<br \/>\n<span class=\"wpcf7-form-control-wrap\" data-name=\"painos\"><input size=\"40\" maxlength=\"400\" class=\"wpcf7-form-control wpcf7-text\" aria-invalid=\"false\" placeholder=\"Painos (jos tarvitaan tietty painos)\" value=\"\" type=\"text\" name=\"painos\" \/><\/span> <\/label>\n<\/p>\n<p><label> Julkaisuvuosi<br \/>\n<span class=\"wpcf7-form-control-wrap\" data-name=\"vuosi\"><input size=\"40\" maxlength=\"400\" class=\"wpcf7-form-control wpcf7-text\" aria-invalid=\"false\" placeholder=\"Julkaisuvuosi\" value=\"\" type=\"text\" name=\"vuosi\" \/><\/span> <\/label>\n<\/p>\n<p><label> Materiaali<br \/>\n<span class=\"wpcf7-form-control-wrap\" data-name=\"Materiaali\"><select class=\"wpcf7-form-control wpcf7-select\" aria-invalid=\"false\" name=\"Materiaali\"><option value=\"Kirja\">Kirja<\/option><option value=\"Lehti\">Lehti<\/option><option value=\"CD\">CD<\/option><option value=\"DVD\">DVD<\/option><option value=\"Video\">Video<\/option><option value=\"CD-rom-tallenne\">CD-rom-tallenne<\/option><option value=\"Kielikurssi\">Kielikurssi<\/option><option value=\"\u00c4\u00e4nikirja\">\u00c4\u00e4nikirja<\/option><option value=\"Artikkeli\">Artikkeli<\/option><option value=\"Jokin muu\">Jokin muu<\/option><\/select><\/span><\/label>\n<\/p>\n<p><span class=\"wpcf7-form-control-wrap\" data-name=\"haluan-kopiona\"><span class=\"wpcf7-form-control wpcf7-checkbox\"><span class=\"wpcf7-list-item first last\"><span class=\"wpcf7-list-item-label\">Jos kyseess\u00e4 on artikkeli, haluan sen kopiona<\/span><input type=\"checkbox\" name=\"haluan-kopiona[]\" value=\"Jos kyseess\u00e4 on artikkeli, haluan sen kopiona\" \/><\/span><\/span><\/span>\n<\/p>\n<p><label> Tarvitaan viimeist\u00e4\u00e4n (p\u00e4iv\u00e4m\u00e4\u00e4r\u00e4)<br \/>\n<span class=\"wpcf7-form-control-wrap\" data-name=\"tarvitaan-viimeistaan\"><input size=\"40\" maxlength=\"400\" class=\"wpcf7-form-control wpcf7-text\" aria-invalid=\"false\" placeholder=\"Tarvitaan viimeist\u00e4\u00e4n (p\u00e4iv\u00e4m\u00e4\u00e4r\u00e4)\" value=\"\" type=\"text\" name=\"tarvitaan-viimeistaan\" \/><\/span> <\/label>\n<\/p>\n<p>Toivon varausilmoitusta:<br \/>\n<span class=\"wpcf7-form-control-wrap\" data-name=\"varausilmoitus\"><span class=\"wpcf7-form-control wpcf7-radio\"><span class=\"wpcf7-list-item first\"><input type=\"radio\" name=\"varausilmoitus\" value=\"S\u00e4hk\u00f6postina\" checked=\"checked\" \/><span class=\"wpcf7-list-item-label\">S\u00e4hk\u00f6postina<\/span><\/span><span class=\"wpcf7-list-item\"><input type=\"radio\" name=\"varausilmoitus\" value=\"Tekstiviestin\u00e4\" \/><span class=\"wpcf7-list-item-label\">Tekstiviestin\u00e4<\/span><\/span><span class=\"wpcf7-list-item last\"><input type=\"radio\" name=\"varausilmoitus\" value=\"Kirjeen\u00e4\" \/><span class=\"wpcf7-list-item-label\">Kirjeen\u00e4<\/span><\/span><\/span><\/span>\n<\/p>\n<p><b>Omat tiedot<\/b>\n<\/p>\n<p><label> Oma nimi (pakollinen tieto)<br \/>\n<span class=\"wpcf7-form-control-wrap\" data-name=\"nimi\"><input size=\"40\" maxlength=\"400\" class=\"wpcf7-form-control wpcf7-text wpcf7-validates-as-required\" aria-required=\"true\" aria-invalid=\"false\" placeholder=\"Oma nimi (pakollinen tieto)\" value=\"\" type=\"text\" name=\"nimi\" \/><\/span> <\/label>\n<\/p>\n<p><label> Kirjastokortin viivakoodin numero<br \/>\n<span class=\"wpcf7-form-control-wrap\" data-name=\"kortin-numero\"><input size=\"40\" maxlength=\"400\" class=\"wpcf7-form-control wpcf7-text\" aria-invalid=\"false\" placeholder=\"Kirjastokortin viivakoodin numero\" value=\"\" type=\"text\" name=\"kortin-numero\" \/><\/span> <\/label>\n<\/p>\n<p><label> Katuosoite<br \/>\n<span class=\"wpcf7-form-control-wrap\" data-name=\"osoite\"><input size=\"40\" maxlength=\"400\" class=\"wpcf7-form-control wpcf7-text\" aria-invalid=\"false\" placeholder=\"Katuosoite\" value=\"\" type=\"text\" name=\"osoite\" \/><\/span> <\/label>\n<\/p>\n<p><label> Postitoimipaikka<br \/>\n<span class=\"wpcf7-form-control-wrap\" data-name=\"postitoimipaikka\"><input size=\"40\" maxlength=\"400\" class=\"wpcf7-form-control wpcf7-text\" aria-invalid=\"false\" placeholder=\"Postitoimipaikka\" value=\"\" type=\"text\" name=\"postitoimipaikka\" \/><\/span> <\/label>\n<\/p>\n<p><label> S\u00e4hk\u00f6postiosoite<br \/>\n<span class=\"wpcf7-form-control-wrap\" data-name=\"s-posti\"><input size=\"40\" maxlength=\"400\" class=\"wpcf7-form-control wpcf7-email wpcf7-text wpcf7-validates-as-email\" aria-invalid=\"false\" placeholder=\"S\u00e4hk\u00f6postiosoite\" value=\"\" type=\"email\" name=\"s-posti\" \/><\/span> <\/label>\n<\/p>\n<p><label> Matkapuhelinnumero<br \/>\n<span class=\"wpcf7-form-control-wrap\" data-name=\"puhelinnumero\"><input size=\"40\" maxlength=\"400\" class=\"wpcf7-form-control wpcf7-text\" aria-invalid=\"false\" placeholder=\"Matkapuhelinnumero\" value=\"\" type=\"text\" name=\"puhelinnumero\" \/><\/span> <\/label>\n<\/p>\n<p><input class=\"wpcf7-form-control wpcf7-submit has-spinner\" type=\"submit\" value=\"L\u00e4het\u00e4 kaukolainapyynt\u00f6\" \/>\n<\/p><div class=\"fusion-alert alert custom alert-custom fusion-alert-center wpcf7-response-output fusion-alert-capitalize awb-alert-native-link-color alert-dismissable awb-alert-close-boxed\" style=\"--awb-border-top-left-radius:0px;--awb-border-top-right-radius:0px;--awb-border-bottom-left-radius:0px;--awb-border-bottom-right-radius:0px;\" role=\"alert\"><div class=\"fusion-alert-content-wrapper\"><span class=\"fusion-alert-content\"><\/span><\/div><button type=\"button\" class=\"close toggle-alert\" data-dismiss=\"alert\" aria-label=\"Close\">&times;<\/button><\/div>\n<\/form>\n<\/div>\n\n","protected":false},"excerpt":{"rendered":"<p>Kaukolaina Alla olevalla lomakkeella\u00a0voit j\u00e4tt\u00e4\u00e4 kirjastoon kaukolainapyynn\u00f6n aineistosta, jota ei  [&#8230;]<\/p>\n","protected":false},"author":1,"featured_media":0,"parent":0,"menu_order":0,"comment_status":"closed","ping_status":"closed","template":"","meta":{"footnotes":""},"class_list":["post-55","page","type-page","status-publish","hentry"],"jetpack_sharing_enabled":true,"publishpress_future_action":{"enabled":false,"date":"2026-04-23 15:33:37","action":"change-status","newStatus":"draft","terms":[],"taxonomy":"","extraData":[]},"publishpress_future_workflow_manual_trigger":{"enabledWorkflows":[]},"_links":{"self":[{"href":"https:\/\/koski.fi\/kirjasto\/wp-json\/wp\/v2\/pages\/55","targetHints":{"allow":["GET"]}}],"collection":[{"href":"https:\/\/koski.fi\/kirjasto\/wp-json\/wp\/v2\/pages"}],"about":[{"href":"https:\/\/koski.fi\/kirjasto\/wp-json\/wp\/v2\/types\/page"}],"author":[{"embeddable":true,"href":"https:\/\/koski.fi\/kirjasto\/wp-json\/wp\/v2\/users\/1"}],"replies":[{"embeddable":true,"href":"https:\/\/koski.fi\/kirjasto\/wp-json\/wp\/v2\/comments?post=55"}],"version-history":[{"count":2,"href":"https:\/\/koski.fi\/kirjasto\/wp-json\/wp\/v2\/pages\/55\/revisions"}],"predecessor-version":[{"id":107,"href":"https:\/\/koski.fi\/kirjasto\/wp-json\/wp\/v2\/pages\/55\/revisions\/107"}],"wp:attachment":[{"href":"https:\/\/koski.fi\/kirjasto\/wp-json\/wp\/v2\/media?parent=55"}],"curies":[{"name":"wp","href":"https:\/\/api.w.org\/{rel}","templated":true}]}}