{"id":53,"date":"2018-02-21T10:05:22","date_gmt":"2018-02-21T08:05:22","guid":{"rendered":"http:\/\/koski.fi\/kirjasto\/?page_id=53"},"modified":"2018-02-22T12:10:09","modified_gmt":"2018-02-22T10:10:09","slug":"hankintatoivomus","status":"publish","type":"page","link":"https:\/\/koski.fi\/kirjasto\/hankintatoivomus\/","title":{"rendered":"Hankintatoivomus"},"content":{"rendered":"<p><strong>Hankintatoivomus<\/strong><\/p>\n<p>Haluaisitko l\u00f6yt\u00e4\u00e4 kirjastostasi jotain, mit\u00e4 siell\u00e4 ei ole? Alla olevalla lomakkeella voit l\u00e4hett\u00e4\u00e4 meille hankintatoivomuksen. Kirjasto pyrkii toteuttamaan hankintatoiveet, mik\u00e4li se m\u00e4\u00e4r\u00e4rahojen ja kirjaston hankintaperiaatteiden mukaan suinkin on mahdollista.<\/p>\n<p><strong>Hankintatoive<\/strong><\/p>\n\n<div class=\"wpcf7 no-js\" id=\"wpcf7-f66-o1\" lang=\"fi\" dir=\"ltr\" data-wpcf7-id=\"66\">\n<div class=\"screen-reader-response\"><p role=\"status\" aria-live=\"polite\" aria-atomic=\"true\"><\/p> <ul><\/ul><\/div>\n<form action=\"\/kirjasto\/wp-json\/wp\/v2\/pages\/53#wpcf7-f66-o1\" method=\"post\" class=\"wpcf7-form init\" aria-label=\"Yhteydenottolomake\" novalidate=\"novalidate\" data-status=\"init\">\n<fieldset class=\"hidden-fields-container\"><input type=\"hidden\" name=\"_wpcf7\" value=\"66\" \/><input type=\"hidden\" name=\"_wpcf7_version\" value=\"6.1.5\" \/><input type=\"hidden\" name=\"_wpcf7_locale\" value=\"fi\" \/><input type=\"hidden\" name=\"_wpcf7_unit_tag\" value=\"wpcf7-f66-o1\" \/><input type=\"hidden\" name=\"_wpcf7_container_post\" value=\"0\" \/><input type=\"hidden\" name=\"_wpcf7_posted_data_hash\" value=\"\" \/>\n<\/fieldset>\n<p><label> Teoksen nimi (pakollinen tieto)<br \/>\n<span class=\"wpcf7-form-control-wrap\" data-name=\"teoksen-nimi\"><input size=\"40\" maxlength=\"400\" class=\"wpcf7-form-control wpcf7-text wpcf7-validates-as-required\" aria-required=\"true\" aria-invalid=\"false\" placeholder=\"Teoksen nimi\" value=\"\" type=\"text\" name=\"teoksen-nimi\" \/><\/span> <\/label>\n<\/p>\n<p><label> Tekij\u00e4<br \/>\n<span class=\"wpcf7-form-control-wrap\" data-name=\"tekija\"><input size=\"40\" maxlength=\"400\" class=\"wpcf7-form-control wpcf7-text\" aria-invalid=\"false\" placeholder=\"Tekij\u00e4\" value=\"\" type=\"text\" name=\"tekija\" \/><\/span> <\/label>\n<\/p>\n<p><label> Aihe, jota teos k\u00e4sittelee<br \/>\n<span class=\"wpcf7-form-control-wrap\" data-name=\"teoksen-aihe\"><input size=\"40\" maxlength=\"400\" class=\"wpcf7-form-control wpcf7-text\" aria-invalid=\"false\" placeholder=\"Aihe, jota teos k\u00e4sittelee\" value=\"\" type=\"text\" name=\"teoksen-aihe\" \/><\/span> <\/label>\n<\/p>\n<p><label> ISBN tai muu tunnistenumero<br \/>\n<span class=\"wpcf7-form-control-wrap\" data-name=\"isbn-tai-muu\"><input size=\"40\" maxlength=\"400\" class=\"wpcf7-form-control wpcf7-text\" aria-invalid=\"false\" placeholder=\"ISBN tai muu tunnistenumero\" value=\"\" type=\"text\" name=\"isbn-tai-muu\" \/><\/span> <\/label>\n<\/p>\n<p><label> Julkaisuvuosi<br \/>\n<span class=\"wpcf7-form-control-wrap\" data-name=\"vuosi\"><input size=\"40\" maxlength=\"400\" class=\"wpcf7-form-control wpcf7-text\" aria-invalid=\"false\" placeholder=\"Julkaisuvuosi\" value=\"\" type=\"text\" name=\"vuosi\" \/><\/span> <\/label>\n<\/p>\n<p><label> Materiaali<br \/>\n<span class=\"wpcf7-form-control-wrap\" data-name=\"Materiaali\"><select class=\"wpcf7-form-control wpcf7-select\" aria-invalid=\"false\" name=\"Materiaali\"><option value=\"Kirja\">Kirja<\/option><option value=\"Lehti\">Lehti<\/option><option value=\"CD\">CD<\/option><option value=\"DVD\">DVD<\/option><option value=\"Video\">Video<\/option><option value=\"CD-rom-tallenne\">CD-rom-tallenne<\/option><option value=\"Kielikurssi\">Kielikurssi<\/option><option value=\"\u00c4\u00e4nikirja\">\u00c4\u00e4nikirja<\/option><option value=\"Jokin muu\">Jokin muu<\/option><\/select><\/span><\/label>\n<\/p>\n<p><span class=\"wpcf7-form-control-wrap\" data-name=\"haluan-tiedon\"><span class=\"wpcf7-form-control wpcf7-checkbox\"><span class=\"wpcf7-list-item first last\"><span class=\"wpcf7-list-item-label\">Haluan tiedon, hankitaanko teos kirjastoon<\/span><input type=\"checkbox\" name=\"haluan-tiedon[]\" value=\"Haluan tiedon, hankitaanko teos kirjastoon\" \/><\/span><\/span><\/span><br \/>\n<span class=\"wpcf7-form-control-wrap\" data-name=\"haluan-varata\"><span class=\"wpcf7-form-control wpcf7-checkbox\"><span class=\"wpcf7-list-item first last\"><span class=\"wpcf7-list-item-label\">Haluan varata teoksen, jos se hankitaan kirjastoon<\/span><input type=\"checkbox\" name=\"haluan-varata[]\" value=\"Haluan varata teoksen, jos se hankitaan kirjastoon\" \/><\/span><\/span><\/span>\n<\/p>\n<p>Toivon varausilmoitusta:<br \/>\n<span class=\"wpcf7-form-control-wrap\" data-name=\"varausilmoitus\"><span class=\"wpcf7-form-control wpcf7-radio\"><span class=\"wpcf7-list-item first\"><input type=\"radio\" name=\"varausilmoitus\" value=\"S\u00e4hk\u00f6postina\" checked=\"checked\" \/><span class=\"wpcf7-list-item-label\">S\u00e4hk\u00f6postina<\/span><\/span><span class=\"wpcf7-list-item\"><input type=\"radio\" name=\"varausilmoitus\" value=\"Tekstiviestin\u00e4\" \/><span class=\"wpcf7-list-item-label\">Tekstiviestin\u00e4<\/span><\/span><span class=\"wpcf7-list-item last\"><input type=\"radio\" name=\"varausilmoitus\" value=\"Kirjeen\u00e4\" \/><span class=\"wpcf7-list-item-label\">Kirjeen\u00e4<\/span><\/span><\/span><\/span>\n<\/p>\n<p><b>Omat tiedot<\/b>\n<\/p>\n<p><label> Oma nimi (pakollinen tieto)<br \/>\n<span class=\"wpcf7-form-control-wrap\" data-name=\"nimi\"><input size=\"40\" maxlength=\"400\" class=\"wpcf7-form-control wpcf7-text wpcf7-validates-as-required\" aria-required=\"true\" aria-invalid=\"false\" placeholder=\"Oma nimi (pakollinen tieto)\" value=\"\" type=\"text\" name=\"nimi\" \/><\/span> <\/label>\n<\/p>\n<p><label> Kirjastokortin numero<br \/>\n<span class=\"wpcf7-form-control-wrap\" data-name=\"kortin-numero\"><input size=\"40\" maxlength=\"400\" class=\"wpcf7-form-control wpcf7-text\" aria-invalid=\"false\" placeholder=\"Kirjastokortin numero\" value=\"\" type=\"text\" name=\"kortin-numero\" \/><\/span> <\/label>\n<\/p>\n<p><label> Katuosoite<br \/>\n<span class=\"wpcf7-form-control-wrap\" data-name=\"osoite\"><input size=\"40\" maxlength=\"400\" class=\"wpcf7-form-control wpcf7-text\" aria-invalid=\"false\" placeholder=\"Katuosoite\" value=\"\" type=\"text\" name=\"osoite\" \/><\/span> <\/label>\n<\/p>\n<p><label> Postitoimipaikka<br \/>\n<span class=\"wpcf7-form-control-wrap\" data-name=\"postitoimipaikka\"><input size=\"40\" maxlength=\"400\" class=\"wpcf7-form-control wpcf7-text\" aria-invalid=\"false\" placeholder=\"Postitoimipaikka\" value=\"\" type=\"text\" name=\"postitoimipaikka\" \/><\/span> <\/label>\n<\/p>\n<p><label> S\u00e4hk\u00f6postiosoite<br \/>\n<span class=\"wpcf7-form-control-wrap\" data-name=\"s-posti\"><input size=\"40\" maxlength=\"400\" class=\"wpcf7-form-control wpcf7-email wpcf7-text wpcf7-validates-as-email\" aria-invalid=\"false\" placeholder=\"S\u00e4hk\u00f6postiosoite\" value=\"\" type=\"email\" name=\"s-posti\" \/><\/span> <\/label>\n<\/p>\n<p><label> Matkapuhelinnumero<br \/>\n<span class=\"wpcf7-form-control-wrap\" data-name=\"puhelinnumero\"><input size=\"40\" maxlength=\"400\" class=\"wpcf7-form-control wpcf7-text\" aria-invalid=\"false\" placeholder=\"Matkapuhelinnumero\" value=\"\" type=\"text\" name=\"puhelinnumero\" \/><\/span> <\/label>\n<\/p>\n<p><input class=\"wpcf7-form-control wpcf7-submit has-spinner\" type=\"submit\" value=\"L\u00e4het\u00e4 hankintatoivomus\" \/>\n<\/p><div class=\"fusion-alert alert custom alert-custom fusion-alert-center wpcf7-response-output fusion-alert-capitalize awb-alert-native-link-color alert-dismissable awb-alert-close-boxed\" style=\"--awb-border-top-left-radius:0px;--awb-border-top-right-radius:0px;--awb-border-bottom-left-radius:0px;--awb-border-bottom-right-radius:0px;\" role=\"alert\"><div class=\"fusion-alert-content-wrapper\"><span class=\"fusion-alert-content\"><\/span><\/div><button type=\"button\" class=\"close toggle-alert\" data-dismiss=\"alert\" aria-label=\"Close\">&times;<\/button><\/div>\n<\/form>\n<\/div>\n\n","protected":false},"excerpt":{"rendered":"<p>Hankintatoivomus Haluaisitko l\u00f6yt\u00e4\u00e4 kirjastostasi jotain, mit\u00e4 siell\u00e4 ei ole? Alla  [&#8230;]<\/p>\n","protected":false},"author":1,"featured_media":0,"parent":0,"menu_order":0,"comment_status":"closed","ping_status":"closed","template":"","meta":{"footnotes":""},"class_list":["post-53","page","type-page","status-publish","hentry"],"jetpack_sharing_enabled":true,"publishpress_future_action":{"enabled":false,"date":"2026-04-23 15:32:29","action":"change-status","newStatus":"draft","terms":[],"taxonomy":"","extraData":[]},"publishpress_future_workflow_manual_trigger":{"enabledWorkflows":[]},"_links":{"self":[{"href":"https:\/\/koski.fi\/kirjasto\/wp-json\/wp\/v2\/pages\/53","targetHints":{"allow":["GET"]}}],"collection":[{"href":"https:\/\/koski.fi\/kirjasto\/wp-json\/wp\/v2\/pages"}],"about":[{"href":"https:\/\/koski.fi\/kirjasto\/wp-json\/wp\/v2\/types\/page"}],"author":[{"embeddable":true,"href":"https:\/\/koski.fi\/kirjasto\/wp-json\/wp\/v2\/users\/1"}],"replies":[{"embeddable":true,"href":"https:\/\/koski.fi\/kirjasto\/wp-json\/wp\/v2\/comments?post=53"}],"version-history":[{"count":3,"href":"https:\/\/koski.fi\/kirjasto\/wp-json\/wp\/v2\/pages\/53\/revisions"}],"predecessor-version":[{"id":68,"href":"https:\/\/koski.fi\/kirjasto\/wp-json\/wp\/v2\/pages\/53\/revisions\/68"}],"wp:attachment":[{"href":"https:\/\/koski.fi\/kirjasto\/wp-json\/wp\/v2\/media?parent=53"}],"curies":[{"name":"wp","href":"https:\/\/api.w.org\/{rel}","templated":true}]}}