{"id":50,"date":"2018-02-21T09:59:14","date_gmt":"2018-02-21T07:59:14","guid":{"rendered":"http:\/\/koski.fi\/kirjasto\/?page_id=50"},"modified":"2024-06-24T12:39:12","modified_gmt":"2024-06-24T09:39:12","slug":"ohjeita-koski-salin-vuokraajalle","status":"publish","type":"page","link":"https:\/\/koski.fi\/kirjasto\/ohjeita-koski-salin-vuokraajalle\/","title":{"rendered":"Ohjeet Koski-salin vuokraajalle"},"content":{"rendered":"<p><strong>Salin puolella:<\/strong><\/p>\n<ul>\n<li>p\u00f6yd\u00e4t pyyhit\u00e4\u00e4n<\/li>\n<li>p\u00f6yd\u00e4t ja tuolit <u>nostetaan<\/u> takaisin paikoilleen<br \/>\n(ei saa vet\u00e4\u00e4 pitkin lattiaa, lattiaan j\u00e4\u00e4 ik\u00e4v\u00e4t j\u00e4ljet))<\/li>\n<li>irtoroskat lakaistaan lattialta<\/li>\n<\/ul>\n<p>&nbsp;<\/p>\n<p><strong>Keitti\u00f6ss\u00e4:<\/strong><\/p>\n<ul>\n<li>tiskit tiskataan ja puhtaat astiat ja ruokailuv\u00e4lineet laitetaan takaisin omille paikoilleen<\/li>\n<li>likaisia astioita ei saa j\u00e4tt\u00e4\u00e4 koneeseen<br \/>\n(pese tarvittaessa k\u00e4sin tai tuo omat astiat)<\/li>\n<li>astianpesukonetta ei saa j\u00e4tt\u00e4\u00e4 k\u00e4yntiin<\/li>\n<li>roskat vied\u00e4\u00e4n roskalaatikkoon<br \/>\n(roskalaatikot talon takana)<\/li>\n<\/ul>\n<p>Ohjeitten laiminly\u00f6nnist\u00e4 perimme 50 \u20ac\/kohta.<\/p>\n<p>Hyvinvointilautakunta 6.6.2024 \u00a7 22<\/p>\n","protected":false},"excerpt":{"rendered":"<p>Salin puolella: p\u00f6yd\u00e4t pyyhit\u00e4\u00e4n p\u00f6yd\u00e4t ja tuolit nostetaan takaisin paikoilleen  [&#8230;]<\/p>\n","protected":false},"author":5,"featured_media":0,"parent":0,"menu_order":0,"comment_status":"closed","ping_status":"closed","template":"","meta":{"footnotes":""},"class_list":["post-50","page","type-page","status-publish","hentry"],"jetpack_sharing_enabled":true,"publishpress_future_action":{"enabled":false,"date":"2026-04-23 15:34:15","action":"change-status","newStatus":"draft","terms":[],"taxonomy":"","extraData":[]},"publishpress_future_workflow_manual_trigger":{"enabledWorkflows":[]},"_links":{"self":[{"href":"https:\/\/koski.fi\/kirjasto\/wp-json\/wp\/v2\/pages\/50","targetHints":{"allow":["GET"]}}],"collection":[{"href":"https:\/\/koski.fi\/kirjasto\/wp-json\/wp\/v2\/pages"}],"about":[{"href":"https:\/\/koski.fi\/kirjasto\/wp-json\/wp\/v2\/types\/page"}],"author":[{"embeddable":true,"href":"https:\/\/koski.fi\/kirjasto\/wp-json\/wp\/v2\/users\/5"}],"replies":[{"embeddable":true,"href":"https:\/\/koski.fi\/kirjasto\/wp-json\/wp\/v2\/comments?post=50"}],"version-history":[{"count":8,"href":"https:\/\/koski.fi\/kirjasto\/wp-json\/wp\/v2\/pages\/50\/revisions"}],"predecessor-version":[{"id":1242,"href":"https:\/\/koski.fi\/kirjasto\/wp-json\/wp\/v2\/pages\/50\/revisions\/1242"}],"wp:attachment":[{"href":"https:\/\/koski.fi\/kirjasto\/wp-json\/wp\/v2\/media?parent=50"}],"curies":[{"name":"wp","href":"https:\/\/api.w.org\/{rel}","templated":true}]}} 