{"id":49,"date":"2018-02-21T10:00:21","date_gmt":"2018-02-21T08:00:21","guid":{"rendered":"http:\/\/koski.fi\/kirjasto\/?page_id=49"},"modified":"2025-08-20T21:14:12","modified_gmt":"2025-08-20T18:14:12","slug":"koskisali","status":"publish","type":"page","link":"https:\/\/koski.fi\/kirjasto\/koskisali\/","title":{"rendered":"Koskisali"},"content":{"rendered":"<p>Koskisali kirjaston yl\u00e4kerrassa on keitti\u00f6tiloilla varustettu kokous- ja juhlatila.<br \/>\nTila on paljeoven avulla jaettavissa puoliksi.<br \/>\nIstumapaikkoja p\u00f6ytineen noin 60, maksimissaan saliin voidaan ottaa 120 henkil\u00f6\u00e4.<\/p>\n<p>Keitti\u00f6ss\u00e4 on j\u00e4\u00e4kaappi, pakastin, s\u00e4hk\u00f6liesi, mikroaaltouuni, kahvinkeittimi\u00e4, vedenkeitin ja astianpesukone.<\/p>\n<p>Kahviastiasto noin 70 hengelle. Ruokailuastiasto 24 hengelle.<br \/>\nLis\u00e4ksi tarjoiluastioita ja muita tavallisimpia keitti\u00f6v\u00e4lineit\u00e4.<\/p>\n<p>Salin puolella k\u00e4ytett\u00e4viss\u00e4: datatykki, fl\u00e4ppitaulu, kiinte\u00e4 valkokangas ja WiFi-verkko.<br \/>\nDatatykki k\u00e4ytett\u00e4viss\u00e4 HDMI-liittimell\u00e4.<br \/>\nKirjastosta lainattavissa datatykin k\u00e4ytt\u00f6\u00f6n adaptereita HDMI-liitin sovitteella.<br \/>\nValkokankaan yhteydess\u00e4 \u00e4\u00e4nentoistoon aktiivikaiuttimet, liitynt\u00e4 kaiuttimiin 3,5 mm py\u00f6re\u00e4 liitin.<\/p>\n<p>Yl\u00e4kertaan menev\u00e4ss\u00e4 portaikossa on k\u00e4yt\u00f6ss\u00e4 tuolihissi.<br \/>\nMy\u00f6s liikuntarajoitteisilla on mahdollisuus p\u00e4\u00e4st\u00e4 turvallisesti yl\u00e4kertaan.<\/p>\n<p>Tilan vuokra:\u00a0yksityiset 80\u20ac, seurat ja yhteis\u00f6t 40\u20ac.<br \/>\nKoskelaisilta seuroilta ja yhteis\u00f6ilt\u00e4 ei perit\u00e4 maksua.<\/p>\n<p>Tilan varaukset hoitaa kirjasto, puh. 044 744 1010<br \/>\n<strong>Varaukset ensisijaisesti sivustolta <a href=\"http:\/\/varaus.koski.fi\">varaus.koski.fi<\/a><\/strong><\/p>\n<p>Lue my\u00f6s omalla sivullaan olevat\u00a0<a href=\"https:\/\/koski.fi\/kirjasto\/ohjeita-koski-salin-vuokraajalle\/\">Ohjeet Koskisalin vuokraajalle<\/a>.<\/p>\n<p>Kirjaston ollessa avoinna Koskisaliin p\u00e4\u00e4see kirjaston tilojen kautta. Kirjaston ollessa suljettuna Koskisaliin kuljetaan takaoven kautta. Oven avaukset sovittava etuk\u00e4teen kirjastossa. Sis\u00e4\u00e4nk\u00e4ynti siis Kosken Osuuspankin puolella olevan oven kautta. Opasteet kokous- ja juhlatilaan ovat rakennuksen H\u00e4meentien puoleisessa p\u00e4\u00e4dyss\u00e4 ja takaoven vieress\u00e4.<\/p>\n<p><img decoding=\"async\" class=\"alignnone size-medium wp-image-493\" src=\"https:\/\/koski.fi\/kirjasto\/wp-content\/uploads\/sites\/2\/2020\/05\/Koskisali-IMG_2757-1024x575-1-300x168.jpg\" alt=\"Koskisalin eteistila\" width=\"300\" height=\"168\" srcset=\"https:\/\/koski.fi\/kirjasto\/wp-content\/uploads\/sites\/2\/2020\/05\/Koskisali-IMG_2757-1024x575-1-200x112.jpg 200w, https:\/\/koski.fi\/kirjasto\/wp-content\/uploads\/sites\/2\/2020\/05\/Koskisali-IMG_2757-1024x575-1-300x168.jpg 300w, https:\/\/koski.fi\/kirjasto\/wp-content\/uploads\/sites\/2\/2020\/05\/Koskisali-IMG_2757-1024x575-1-400x225.jpg 400w, https:\/\/koski.fi\/kirjasto\/wp-content\/uploads\/sites\/2\/2020\/05\/Koskisali-IMG_2757-1024x575-1-600x337.jpg 600w, https:\/\/koski.fi\/kirjasto\/wp-content\/uploads\/sites\/2\/2020\/05\/Koskisali-IMG_2757-1024x575-1-768x431.jpg 768w, https:\/\/koski.fi\/kirjasto\/wp-content\/uploads\/sites\/2\/2020\/05\/Koskisali-IMG_2757-1024x575-1-800x449.jpg 800w, https:\/\/koski.fi\/kirjasto\/wp-content\/uploads\/sites\/2\/2020\/05\/Koskisali-IMG_2757-1024x575-1.jpg 1024w\" sizes=\"(max-width: 300px) 100vw, 300px\" \/> \u00a0 \u00a0 <img decoding=\"async\" class=\"alignnone size-medium wp-image-494\" src=\"https:\/\/koski.fi\/kirjasto\/wp-content\/uploads\/sites\/2\/2020\/05\/Koskisali-IMG_2761-1024x575-1-300x168.jpg\" alt=\"Koskisali\" width=\"300\" height=\"168\" srcset=\"https:\/\/koski.fi\/kirjasto\/wp-content\/uploads\/sites\/2\/2020\/05\/Koskisali-IMG_2761-1024x575-1-200x112.jpg 200w, https:\/\/koski.fi\/kirjasto\/wp-content\/uploads\/sites\/2\/2020\/05\/Koskisali-IMG_2761-1024x575-1-300x168.jpg 300w, https:\/\/koski.fi\/kirjasto\/wp-content\/uploads\/sites\/2\/2020\/05\/Koskisali-IMG_2761-1024x575-1-400x225.jpg 400w, https:\/\/koski.fi\/kirjasto\/wp-content\/uploads\/sites\/2\/2020\/05\/Koskisali-IMG_2761-1024x575-1-600x337.jpg 600w, https:\/\/koski.fi\/kirjasto\/wp-content\/uploads\/sites\/2\/2020\/05\/Koskisali-IMG_2761-1024x575-1-768x431.jpg 768w, https:\/\/koski.fi\/kirjasto\/wp-content\/uploads\/sites\/2\/2020\/05\/Koskisali-IMG_2761-1024x575-1-800x449.jpg 800w, https:\/\/koski.fi\/kirjasto\/wp-content\/uploads\/sites\/2\/2020\/05\/Koskisali-IMG_2761-1024x575-1.jpg 1024w\" sizes=\"(max-width: 300px) 100vw, 300px\" \/> \u00a0 \u00a0 <img decoding=\"async\" class=\"alignnone size-medium wp-image-495\" src=\"https:\/\/koski.fi\/kirjasto\/wp-content\/uploads\/sites\/2\/2020\/05\/Koskisali-IMG_2765-1024x575-1-300x168.jpg\" alt=\"Koskisalin keitti\u00f6\" width=\"300\" height=\"168\" srcset=\"https:\/\/koski.fi\/kirjasto\/wp-content\/uploads\/sites\/2\/2020\/05\/Koskisali-IMG_2765-1024x575-1-200x112.jpg 200w, https:\/\/koski.fi\/kirjasto\/wp-content\/uploads\/sites\/2\/2020\/05\/Koskisali-IMG_2765-1024x575-1-300x168.jpg 300w, https:\/\/koski.fi\/kirjasto\/wp-content\/uploads\/sites\/2\/2020\/05\/Koskisali-IMG_2765-1024x575-1-400x225.jpg 400w, https:\/\/koski.fi\/kirjasto\/wp-content\/uploads\/sites\/2\/2020\/05\/Koskisali-IMG_2765-1024x575-1-600x337.jpg 600w, https:\/\/koski.fi\/kirjasto\/wp-content\/uploads\/sites\/2\/2020\/05\/Koskisali-IMG_2765-1024x575-1-768x431.jpg 768w, https:\/\/koski.fi\/kirjasto\/wp-content\/uploads\/sites\/2\/2020\/05\/Koskisali-IMG_2765-1024x575-1-800x449.jpg 800w, https:\/\/koski.fi\/kirjasto\/wp-content\/uploads\/sites\/2\/2020\/05\/Koskisali-IMG_2765-1024x575-1.jpg 1024w\" sizes=\"(max-width: 300px) 100vw, 300px\" \/><\/p>\n","protected":false},"excerpt":{"rendered":"<p>Koskisali kirjaston yl\u00e4kerrassa on keitti\u00f6tiloilla varustettu kokous- ja juhlatila. Tila  [&#8230;]<\/p>\n","protected":false},"author":5,"featured_media":0,"parent":0,"menu_order":0,"comment_status":"closed","ping_status":"closed","template":"","meta":{"footnotes":""},"class_list":["post-49","page","type-page","status-publish","hentry"],"jetpack_sharing_enabled":true,"publishpress_future_action":{"enabled":false,"date":"2026-04-23 15:32:28","action":"change-status","newStatus":"draft","terms":[],"taxonomy":"","extraData":[]},"publishpress_future_workflow_manual_trigger":{"enabledWorkflows":[]},"_links":{"self":[{"href":"https:\/\/koski.fi\/kirjasto\/wp-json\/wp\/v2\/pages\/49","targetHints":{"allow":["GET"]}}],"collection":[{"href":"https:\/\/koski.fi\/kirjasto\/wp-json\/wp\/v2\/pages"}],"about":[{"href":"https:\/\/koski.fi\/kirjasto\/wp-json\/wp\/v2\/types\/page"}],"author":[{"embeddable":true,"href":"https:\/\/koski.fi\/kirjasto\/wp-json\/wp\/v2\/users\/5"}],"replies":[{"embeddable":true,"href":"https:\/\/koski.fi\/kirjasto\/wp-json\/wp\/v2\/comments?post=49"}],"version-history":[{"count":10,"href":"https:\/\/koski.fi\/kirjasto\/wp-json\/wp\/v2\/pages\/49\/revisions"}],"predecessor-version":[{"id":1481,"href":"https:\/\/koski.fi\/kirjasto\/wp-json\/wp\/v2\/pages\/49\/revisions\/1481"}],"wp:attachment":[{"href":"https:\/\/koski.fi\/kirjasto\/wp-json\/wp\/v2\/media?parent=49"}],"curies":[{"name":"wp","href":"https:\/\/api.w.org\/{rel}","templated":true}]}} 