{"id":47,"date":"2018-02-21T09:57:09","date_gmt":"2018-02-21T07:57:09","guid":{"rendered":"http:\/\/koski.fi\/kirjasto\/?page_id=47"},"modified":"2026-03-09T16:51:35","modified_gmt":"2026-03-09T14:51:35","slug":"maksut","status":"publish","type":"page","link":"https:\/\/koski.fi\/kirjasto\/maksut\/","title":{"rendered":"Maksut"},"content":{"rendered":"<h2><strong>Kirjaston maksut 1.4.2026 alkaen<\/strong><\/h2>\n<p><strong>My\u00f6h\u00e4stymismaksut:<\/strong><\/p>\n<p>0,20\u20ac\/vuorokausi\/laina<br \/>\nMaksimimaksu on 5\u20ac\/laina + muistutusmaksut<\/p>\n<p>Lasten ja nuorten aineistosta ei perit\u00e4 my\u00f6h\u00e4stymismaksua<br \/>\nMuistutusmaksut perit\u00e4\u00e4n kaikilta<\/p>\n<p><strong>Muistutusmaksut:<\/strong><\/p>\n<p>My\u00f6h\u00e4ss\u00e4 olevasta aineistosta l\u00e4hetet\u00e4\u00e4n kaksi muistutusta, jonka j\u00e4lkeen palauttamattomasta aineistosta l\u00e4hetet\u00e4\u00e4n lasku.<\/p>\n<p>1. Muistutus 2\u20ac<br \/>\n2. Muistutus 2\u20ac<\/p>\n<p>Laskutuslis\u00e4 5\u20ac<\/p>\n<p><strong>Muut maksut:<\/strong><\/p>\n<p>Noutamatta j\u00e4\u00e4nyt varaus 2\u20ac<br \/>\nVarausta s\u00e4ilytet\u00e4\u00e4n kirjastossa 7 p\u00e4iv\u00e4n ajan<\/p>\n<p>Kaukolainamaksu alkaen 2\u20ac<br \/>\nKaukolainan hinta riippuu siit\u00e4, mist\u00e4 kirjastosta se on tilattu<br \/>\nVaraukset Loisto-kirjastojen sis\u00e4ll\u00e4 ovat maksuttomia<\/p>\n<p>Kirjastokortti kadonneen\/hajonneen tilalle 2\u20ac<br \/>\nEnsimm\u00e4inen kirjastokortti on maksuton<\/p>\n<p>Lainauskielto kun maksut ylitt\u00e4v\u00e4t 10\u20ac<\/p>\n<p>Kadonnut tai vahingoittunut aineisto on korvattava vastaavalla aineistolla tai maksamalla siit\u00e4 kirjaston m\u00e4\u00e4rittelem\u00e4 hinta. Kuvatallennetta ei voi kappalekohtaisen tekij\u00e4noikeusmaksun vuoksi korvata vastaavalla tallenteella.<\/p>\n<p><strong>Kopiot ja tulosteet:<\/strong><\/p>\n<p>Mustavalkoinen 0,20\u20ac<br \/>\nV\u00e4rillinen 0,50\u20ac<br \/>\nKaksipuoleisen hinta x 2<\/p>\n","protected":false},"excerpt":{"rendered":"<p>Kirjaston maksut 1.4.2026 alkaen My\u00f6h\u00e4stymismaksut: 0,20\u20ac\/vuorokausi\/laina Maksimimaksu on 5\u20ac\/laina +  [&#8230;]<\/p>\n","protected":false},"author":59,"featured_media":0,"parent":0,"menu_order":0,"comment_status":"closed","ping_status":"closed","template":"","meta":{"footnotes":""},"class_list":["post-47","page","type-page","status-publish","hentry"],"jetpack_sharing_enabled":true,"publishpress_future_action":{"enabled":false,"date":"2026-04-23 15:32:54","action":"change-status","newStatus":"draft","terms":[],"taxonomy":"","extraData":[]},"publishpress_future_workflow_manual_trigger":{"enabledWorkflows":[]},"_links":{"self":[{"href":"https:\/\/koski.fi\/kirjasto\/wp-json\/wp\/v2\/pages\/47","targetHints":{"allow":["GET"]}}],"collection":[{"href":"https:\/\/koski.fi\/kirjasto\/wp-json\/wp\/v2\/pages"}],"about":[{"href":"https:\/\/koski.fi\/kirjasto\/wp-json\/wp\/v2\/types\/page"}],"author":[{"embeddable":true,"href":"https:\/\/koski.fi\/kirjasto\/wp-json\/wp\/v2\/users\/59"}],"replies":[{"embeddable":true,"href":"https:\/\/koski.fi\/kirjasto\/wp-json\/wp\/v2\/comments?post=47"}],"version-history":[{"count":8,"href":"https:\/\/koski.fi\/kirjasto\/wp-json\/wp\/v2\/pages\/47\/revisions"}],"predecessor-version":[{"id":1512,"href":"https:\/\/koski.fi\/kirjasto\/wp-json\/wp\/v2\/pages\/47\/revisions\/1512"}],"wp:attachment":[{"href":"https:\/\/koski.fi\/kirjasto\/wp-json\/wp\/v2\/media?parent=47"}],"curies":[{"name":"wp","href":"https:\/\/api.w.org\/{rel}","templated":true}]}}