{"id":44,"date":"2018-02-21T09:56:11","date_gmt":"2018-02-21T07:56:11","guid":{"rendered":"http:\/\/koski.fi\/kirjasto\/?page_id=44"},"modified":"2026-03-09T17:00:35","modified_gmt":"2026-03-09T15:00:35","slug":"kirjastoon-tilatut-lehdet","status":"publish","type":"page","link":"https:\/\/koski.fi\/kirjasto\/kirjastoon-tilatut-lehdet\/","title":{"rendered":"Kirjastoon tilatut lehdet"},"content":{"rendered":"<table border=\"0\" cellpadding=\"5\">\n<tbody>\n<tr>\n<td><strong>Sanomalehdet<\/strong><\/td>\n<td><\/td>\n<\/tr>\n<tr>\n<td><\/td>\n<td><\/td>\n<\/tr>\n<tr>\n<td>Auranmaan Viikkolehti<\/td>\n<td>Salon Seudun Sanomat<\/td>\n<\/tr>\n<tr>\n<td>Loimaan Lehti<\/td>\n<td>Somero<\/td>\n<\/tr>\n<tr>\n<td>Maaseudun Tulevaisuus<\/td>\n<td>Turun Sanomat<\/td>\n<\/tr>\n<tr>\n<td>Mets\u00e4lehti<\/td>\n<td><\/td>\n<\/tr>\n<tr>\n<td><\/td>\n<td><\/td>\n<\/tr>\n<tr>\n<td><\/td>\n<td><\/td>\n<\/tr>\n<\/tbody>\n<\/table>\n<p>&nbsp;<\/p>\n<table border=\"0\" cellpadding=\"5\">\n<tbody>\n<tr>\n<td><strong>Aikakauslehdet<\/strong><\/td>\n<td><\/td>\n<\/tr>\n<tr>\n<td><\/td>\n<td><\/td>\n<\/tr>\n<tr>\n<td>Animalia<\/td>\n<td>Matka<\/td>\n<\/tr>\n<tr>\n<td>Anna<\/td>\n<td>Mets\u00e4lehti makasiini<\/td>\n<\/tr>\n<tr>\n<td>Antiikki &amp; design<\/td>\n<td>Novita<\/td>\n<\/tr>\n<tr>\n<td>Avotakka<\/td>\n<td>Seura<\/td>\n<\/tr>\n<tr>\n<td>Eeva<\/td>\n<td>Suomen kuvalehti<\/td>\n<\/tr>\n<tr>\n<td>ET-lehti<\/td>\n<td>Suomen luonto<\/td>\n<\/tr>\n<tr>\n<td>Filmihullu<\/td>\n<td>Suuri k\u00e4sity\u00f6<\/td>\n<\/tr>\n<tr>\n<td>Kauneus ja terveys<\/td>\n<td>Taito<\/td>\n<\/tr>\n<tr>\n<td>Kirjastolehti<\/td>\n<td>Tekniikan maailma<\/td>\n<\/tr>\n<tr>\n<td>Kodin kuvalehti<\/td>\n<td>Tm rakennusmaailma<\/td>\n<\/tr>\n<tr>\n<td>Kodin Pellervo<\/td>\n<td>Tieteen kuvalehti<\/td>\n<\/tr>\n<tr>\n<td>Kotiliesi<\/td>\n<td>Tieteen kuvalehti : historia<\/td>\n<\/tr>\n<tr>\n<td>Kotipuutarha<\/td>\n<td>Unelmien talo &amp; koti<\/td>\n<\/tr>\n<tr>\n<td>Kulttuurihaitari<\/td>\n<td>Voima<\/td>\n<\/tr>\n<tr>\n<td>Kuvittaja<\/td>\n<td><\/td>\n<\/tr>\n<tr>\n<td>Luontokuva<\/td>\n<td><\/td>\n<\/tr>\n<tr>\n<td>Maalla<\/td>\n<td><\/td>\n<\/tr>\n<tr>\n<td><\/td>\n<td><\/td>\n<\/tr>\n<tr>\n<td><\/td>\n<td><\/td>\n<\/tr>\n<tr>\n<td><\/td>\n<td><\/td>\n<\/tr>\n<tr>\n<td><\/td>\n<td><\/td>\n<\/tr>\n<tr>\n<td><\/td>\n<td><\/td>\n<\/tr>\n<tr>\n<td><\/td>\n<td><\/td>\n<\/tr>\n<tr>\n<td><\/td>\n<td><\/td>\n<\/tr>\n<tr>\n<td><\/td>\n<td><\/td>\n<\/tr>\n<tr>\n<td><\/td>\n<td><\/td>\n<\/tr>\n<tr>\n<td><\/td>\n<td><\/td>\n<\/tr>\n<tr>\n<td><\/td>\n<td><\/td>\n<\/tr>\n<\/tbody>\n<\/table>\n<p>&nbsp;<\/p>\n<p>&nbsp;<\/p>\n<table style=\"height: 203px\" border=\"0\" width=\"109\" cellpadding=\"5\">\n<tbody>\n<tr>\n<td><strong>Sarjakuvat<\/strong><\/td>\n<\/tr>\n<tr>\n<td><\/td>\n<\/tr>\n<tr>\n<td>Hevoshullu<\/td>\n<\/tr>\n<tr>\n<td><\/td>\n<\/tr>\n<tr>\n<td><\/td>\n<\/tr>\n<tr>\n<td><\/td>\n<\/tr>\n<\/tbody>\n<\/table>\n<p>Lis\u00e4ksi kirjaston koneilla on k\u00e4ytett\u00e4viss\u00e4 kotimaisten sanomalehtien ePress-palvelu.\u00a0 Palvelussa on monipuolinen valikoima suomalaisia sanomalehti\u00e4 ja kahden vuoden arkisto.<\/p>\n<p><a href=\"http:\/\/www.epress.fi\/\" target=\"_blank\" rel=\"noreferrer noopener\">ePress \u2013 kotimaiset sanomalehdet<\/a><\/p>\n","protected":false},"excerpt":{"rendered":"<p>Sanomalehdet Auranmaan Viikkolehti Salon Seudun Sanomat Loimaan Lehti Somero Maaseudun  [&#8230;]<\/p>\n","protected":false},"author":5,"featured_media":0,"parent":0,"menu_order":0,"comment_status":"closed","ping_status":"closed","template":"","meta":{"footnotes":""},"class_list":["post-44","page","type-page","status-publish","hentry"],"jetpack_sharing_enabled":true,"publishpress_future_action":{"enabled":false,"date":"2026-04-23 15:41:14","action":"change-status","newStatus":"draft","terms":[],"taxonomy":"","extraData":[]},"publishpress_future_workflow_manual_trigger":{"enabledWorkflows":[]},"_links":{"self":[{"href":"https:\/\/koski.fi\/kirjasto\/wp-json\/wp\/v2\/pages\/44","targetHints":{"allow":["GET"]}}],"collection":[{"href":"https:\/\/koski.fi\/kirjasto\/wp-json\/wp\/v2\/pages"}],"about":[{"href":"https:\/\/koski.fi\/kirjasto\/wp-json\/wp\/v2\/types\/page"}],"author":[{"embeddable":true,"href":"https:\/\/koski.fi\/kirjasto\/wp-json\/wp\/v2\/users\/5"}],"replies":[{"embeddable":true,"href":"https:\/\/koski.fi\/kirjasto\/wp-json\/wp\/v2\/comments?post=44"}],"version-history":[{"count":21,"href":"https:\/\/koski.fi\/kirjasto\/wp-json\/wp\/v2\/pages\/44\/revisions"}],"predecessor-version":[{"id":1515,"href":"https:\/\/koski.fi\/kirjasto\/wp-json\/wp\/v2\/pages\/44\/revisions\/1515"}],"wp:attachment":[{"href":"https:\/\/koski.fi\/kirjasto\/wp-json\/wp\/v2\/media?parent=44"}],"curies":[{"name":"wp","href":"https:\/\/api.w.org\/{rel}","templated":true}]}} 