{"id":42,"date":"2018-02-21T09:54:33","date_gmt":"2018-02-21T07:54:33","guid":{"rendered":"http:\/\/koski.fi\/kirjasto\/?page_id=42"},"modified":"2026-03-10T12:19:11","modified_gmt":"2026-03-10T10:19:11","slug":"kirjaston-kayttosaannot","status":"publish","type":"page","link":"https:\/\/koski.fi\/kirjasto\/kirjaston-kayttosaannot\/","title":{"rendered":"Kirjaston k\u00e4ytt\u00f6s\u00e4\u00e4nn\u00f6t"},"content":{"rendered":"<p><strong>KOSKEN KIRJASTON TOIMINTA-AJATUS<\/strong><\/p>\n<p>Kosken kirjasto edist\u00e4\u00e4 asiakasl\u00e4ht\u00f6isesti tasa-arvoista oppimista, iloa ja hyvinvointia tarjoamalla kirjaston k\u00e4ytt\u00e4jille monipuolisen ja ajantasaisen kokoelman, jonka k\u00e4yt\u00f6ss\u00e4 tarvittaessa opastaa asiantunteva ja palveleva henkil\u00f6kunta. Yhteisty\u00f6ss\u00e4 muiden kunnan toimijoiden kanssa luodaan positiivista kuntakuvaa.<\/p>\n<p><strong>K\u00c4YTT\u00d6OIKEUS<\/strong><\/p>\n<p>Kirjasto on kaikille avoin. Kokoelmia, palveluita ja yleis\u00f6tiloja voivat k\u00e4ytt\u00e4\u00e4 kaikki, jotka noudattavat k\u00e4ytt\u00f6s\u00e4\u00e4nt\u00f6j\u00e4.<\/p>\n<p>Aineistoa voi lainata ja varata Loisto-tietokantaan rekister\u00f6idyll\u00e4 voimassa olevalla kirjastokortilla. Kortti on henkil\u00f6kohtainen. Lainaaja on vastuussa kirjastokortillaan tai takaamansa lapsen kortilla lainatusta aineistosta.<\/p>\n<p>Ensimm\u00e4inen kirjastokortti on maksuton, seuraavista perit\u00e4\u00e4n maksu.<\/p>\n<p>Kirjastokortin saat esitt\u00e4m\u00e4ll\u00e4 kuvallisen henkil\u00f6llisyystodistuksen ja ilmoittamalla yhteystietosi. Alle 15-vuotias saa kirjastokortin huoltajan tai muun t\u00e4ysi-ik\u00e4isen vastuuhenkil\u00f6n kirjallisella suostumuksella, ja esitt\u00e4m\u00e4ll\u00e4 sek\u00e4 lapsen ett\u00e4 vastuuhenkil\u00f6n henkil\u00f6llisyystodistuksen. My\u00f6s vastuuhenkil\u00f6n tiedot tallennetaan kirjastoj\u00e4rjestelm\u00e4\u00e4n.<\/p>\n<p>Kirjastokortin saadessaan asiakas sitoutuu noudattamaan kirjaston k\u00e4ytt\u00f6s\u00e4\u00e4nt\u00f6j\u00e4.<\/p>\n<p>P\u00e4iv\u00e4koti, koulu, muu laitos tai yhteis\u00f6 saa kirjastokortin ilmoittamalla henkil\u00f6n, joka on vastuussa yhteis\u00f6n lainaamasta aineistosta.<\/p>\n<p>Osoitteen- ja nimenmuutokset on ilmoitettava kirjastoon. My\u00f6s kortin katoamisesta on ilmoitettava kirjastoon v\u00e4litt\u00f6m\u00e4sti. Asiakas ei ole vastuussa aineistosta, joka on lainattu kadonneella kortilla katoamisilmoituksen j\u00e4lkeen.<\/p>\n<p>Kirjasto noudattaa elokuvien, tv-ohjelmien ja pelien lainaamisessa niiden ik\u00e4rajoja.<\/p>\n<p>Asiakkaan h\u00e4iritsev\u00e4 k\u00e4ytt\u00e4ytyminen voi johtaa k\u00e4ytt\u00f6oikeuden menett\u00e4miseen.<\/p>\n<p><strong>K\u00c4YTT\u00c4J\u00c4N TIETOSUOJA<\/strong><\/p>\n<p>Lainaajarekisteri\u00e4 k\u00e4ytet\u00e4\u00e4n vain lainausten valvontaan. Lainaajaa koskevat tiedot ovat luottamuksellisia, eik\u00e4 henkil\u00f6- tai lainaustietoja luovuteta ulkopuolisten k\u00e4ytt\u00f6\u00f6n.<\/p>\n<p>Henkil\u00f6tietolain mukaan henkil\u00f6ll\u00e4 on oikeus tiet\u00e4\u00e4, mit\u00e4 h\u00e4nt\u00e4 koskevia tietoja on tallennettu. Takaajalla on oikeus tarkistaa my\u00f6s takaamaansa lapseen kohdistuvat kirjaston saatavat. Lainaajarekisterin tietosuojaseloste on n\u00e4ht\u00e4viss\u00e4 kirjastossa.<\/p>\n<p><strong>LAINAUS, UUSIMINEN JA PALAUTUS<\/strong><\/p>\n<p>Laina-aika p\u00e4\u00e4ttyy er\u00e4p\u00e4iv\u00e4n\u00e4. Jos asiakastietoihisi on tallennettu s\u00e4hk\u00f6postiosoite, saat s\u00e4hk\u00f6postiisi kolme (3) vuorokautta ennen er\u00e4p\u00e4iv\u00e4\u00e4 er\u00e4p\u00e4iv\u00e4muistutuksen. Kirjasto ei ole vastuussa er\u00e4p\u00e4iv\u00e4muistutuksen perillemenosta.<\/p>\n<p>Aineistoa voi lainata uudelleen, ellei siit\u00e4 ole varauksia. Lainat voi uusia kirjastossa, puhelimitse tai verkkokirjastossa henkil\u00f6kohtaisen tunnusluvun avulla. Saman lainan voi uusia esitt\u00e4m\u00e4tt\u00e4 aineistoa kirjastossa enint\u00e4\u00e4n viisi kertaa per\u00e4kk\u00e4in.<\/p>\n<p>Kirjastossa on k\u00e4yt\u00f6ss\u00e4 palautusluukku. Lainojen palautus luukkuun tapahtuu asiakkaan omalla vastuulla. Kirjasto toivoo, ett\u00e4 CD- ja DVD-levyt sek\u00e4 pelit palautettaisiin rikkoutumisvaaran vuoksi kirjaston tiskille.<\/p>\n<p>Lainattavaa aineistoa voi varata maksutta. Varattu aineisto on noudettava seitsem\u00e4n (7) p\u00e4iv\u00e4n kuluessa saapumisilmoituksen l\u00e4hett\u00e4misest\u00e4.<\/p>\n<p><strong>MAKSUT JA LAINAUSOIKEUS<\/strong><\/p>\n<p>Er\u00e4p\u00e4iv\u00e4n j\u00e4lkeen palautetusta aineistosta perit\u00e4\u00e4n my\u00f6h\u00e4stymismaksu. My\u00f6s my\u00f6h\u00e4stymismuistutuksen l\u00e4hett\u00e4misest\u00e4 perit\u00e4\u00e4n maksu.<\/p>\n<p>Kadonnut tai vahingoittunut aineisto on korvattava vastaavalla aineistolla tai maksamalla siit\u00e4 kirjaston m\u00e4\u00e4r\u00e4\u00e4m\u00e4 hinta. DVD-levy\u00e4 ei voi kappalekohtaisen tekij\u00e4noikeusmaksun vuoksi korvata vastaavalla tallenteella. Korvaushintoja ei palauteta.<\/p>\n<p>Lainausoikeutensa menett\u00e4\u00e4:<\/p>\n<p>\u2013 palauttamattomista lainoista<br \/>\n\u2013 m\u00e4\u00e4ritellyn rajan ylitt\u00e4vist\u00e4 maksamattomista maksuista (10 \u20ac)<br \/>\n\u2013 kirjaston omaisuuden kadottamisesta tai vahingoittamisesta.<\/p>\n<p>Lainausoikeuden saa takaisin:<\/p>\n<p>\u2013 palauttamalla lainaamansa aineiston ja maksamalla my\u00f6h\u00e4stymismaksut<br \/>\n\u2013 maksamalla kirjaston perim\u00e4t maksut<br \/>\n\u2013 korvaamalla kadonneen tai vahingoittuneen aineiston.<\/p>\n<p>Asiakas korvaa maksujen perinn\u00e4st\u00e4 aiheutuneet kulut.<\/p>\n<p><strong>MUUTA<\/strong><\/p>\n<p>Kirjasto ei ole korvausvelvollinen, mik\u00e4li lainattu tallenne vahingoittaa asiakkaan laitteita.<\/p>\n<p>Asiakkaalla on mahdollisuus asiakaskoneiden k\u00e4ytt\u00f6\u00f6n kirjaston s\u00e4\u00e4nt\u00f6jen mukaan.<\/p>\n<p>Asiakas voi ehdottaa hankittavaksi aineistoa, jota ei ole Kosken kirjaston kokoelmissa.<\/p>\n<p>Kirjaston toimintaa ja palvelua koskevat toivomukset ja huomautukset voi tehd\u00e4 kirjastoon. Asiakaspalautetta voi antaa my\u00f6s s\u00e4hk\u00f6postitse.<\/p>\n<p><strong>LAINA-AJAT:<\/strong><\/p>\n<p>Yleinen laina-aika on 28 vuorokautta.<\/p>\n<p>Seuraavilla aineistoilla laina-aika on 14 vuorokautta:<\/p>\n<p>&#8211; Lehdet<br \/>\n&#8211; CD-levyt<br \/>\n&#8211; DVD- ja Blu-ray -levyt<br \/>\n&#8211; Aikakauslehdet<br \/>\n&#8211; Videopelit<\/p>\n<p>Liikuntav\u00e4lineill\u00e4 ja muulla aineistolla voi olla yksil\u00f6llisi\u00e4 laina-aikoja.<\/p>\n","protected":false},"excerpt":{"rendered":"<p>KOSKEN KIRJASTON TOIMINTA-AJATUS Kosken kirjasto edist\u00e4\u00e4 asiakasl\u00e4ht\u00f6isesti tasa-arvoista oppimista, iloa  [&#8230;]<\/p>\n","protected":false},"author":5,"featured_media":0,"parent":0,"menu_order":0,"comment_status":"closed","ping_status":"closed","template":"","meta":{"footnotes":""},"class_list":["post-42","page","type-page","status-publish","hentry"],"jetpack_sharing_enabled":true,"publishpress_future_action":{"enabled":false,"date":"2026-04-23 17:27:54","action":"change-status","newStatus":"draft","terms":[],"taxonomy":"","extraData":[]},"publishpress_future_workflow_manual_trigger":{"enabledWorkflows":[]},"_links":{"self":[{"href":"https:\/\/koski.fi\/kirjasto\/wp-json\/wp\/v2\/pages\/42","targetHints":{"allow":["GET"]}}],"collection":[{"href":"https:\/\/koski.fi\/kirjasto\/wp-json\/wp\/v2\/pages"}],"about":[{"href":"https:\/\/koski.fi\/kirjasto\/wp-json\/wp\/v2\/types\/page"}],"author":[{"embeddable":true,"href":"https:\/\/koski.fi\/kirjasto\/wp-json\/wp\/v2\/users\/5"}],"replies":[{"embeddable":true,"href":"https:\/\/koski.fi\/kirjasto\/wp-json\/wp\/v2\/comments?post=42"}],"version-history":[{"count":7,"href":"https:\/\/koski.fi\/kirjasto\/wp-json\/wp\/v2\/pages\/42\/revisions"}],"predecessor-version":[{"id":1522,"href":"https:\/\/koski.fi\/kirjasto\/wp-json\/wp\/v2\/pages\/42\/revisions\/1522"}],"wp:attachment":[{"href":"https:\/\/koski.fi\/kirjasto\/wp-json\/wp\/v2\/media?parent=42"}],"curies":[{"name":"wp","href":"https:\/\/api.w.org\/{rel}","templated":true}]}} 