{"id":38,"date":"2018-02-21T09:52:44","date_gmt":"2018-02-21T07:52:44","guid":{"rendered":"http:\/\/koski.fi\/kirjasto\/?page_id=38"},"modified":"2025-01-30T10:45:33","modified_gmt":"2025-01-30T08:45:33","slug":"luokka-5","status":"publish","type":"page","link":"https:\/\/koski.fi\/kirjasto\/loistava-lukija\/luokka-5\/","title":{"rendered":"Luokka 5"},"content":{"rendered":"<p><strong>LOISTOLUKIJA KIRJALISTA VIIDESLUOKKALAISILLE\u00a0\u00a0\u00a0\u00a0\u00a0\u00a0\u00a0\u00a0\u00a0\u00a0\u00a0\u00a0\u00a0\u00a0\u00a0\u00a0<\/strong><strong>\u00a0<\/strong><\/p>\n<p><strong>Diplomiin luetaan kuusi kirjaa<\/strong><\/p>\n<p><strong>J\u00e4nnitysjutut<\/strong><\/p>\n<p><strong>Arcanjo:<\/strong> Varkaiden akatemia -sarja<\/p>\n<p><strong>Brallier: <\/strong>Maailman viimeiset tyypit \u2013sarja<\/p>\n<p><strong>Burne:<\/strong> Takeshitan kintereill\u00e4<strong> TAI<\/strong> Sirppipy\u00f6rre<\/p>\n<p><strong>Gaiman:<\/strong> Coralinen varjojen talossa<\/p>\n<p><strong>Hai<\/strong>: Haiseva k\u00e4si <strong>TAI <\/strong>muut kirjailijan kauhukirjat<\/p>\n<p><strong>Holopainen: <\/strong>Nuku nuku leluseni TAI muut\u00a0 IIK!-sarjan kirjat<\/p>\n<p><strong>Horst: <\/strong>Kultaisen kellon arvoitus <strong>TAI<\/strong> muut CLUE-sarjan kirjat<\/p>\n<p><strong>Kallioniemi<\/strong>: Pako<\/p>\n<p><strong>Kontinen<\/strong>: Satujen saaret -sarja<\/p>\n<p><strong>Mazetti:<\/strong> Roistoja ja roskaajia <strong>TAI<\/strong> muut sarjan kirjat<\/p>\n<p><strong>M\u00e4kip\u00e4\u00e4:<\/strong> Etsiv\u00e4kerho Hurrikaani \u2013sarja<\/p>\n<p><strong>Ness:<\/strong> Hirvi\u00f6n kutsu<\/p>\n<p><strong>Ohlsson: <\/strong>Lasilapset <strong>TAI <\/strong>muut kirjailijan kirjat<\/p>\n<p><strong>Parvela: <\/strong>Melkein mahdoton teht\u00e4v\u00e4 -sarjan kirjat<\/p>\n<p><strong>Simukka<\/strong>: Poika ullakolla, poika kellarissa<\/p>\n<p><strong>Tynkkynen: <\/strong>Etsiv\u00e4toimisto Mysteeri \u2013sarja<\/p>\n<p><strong>Veirto:<\/strong> Etsiv\u00e4toimisto Henkka &amp; Kivimutka -sarja<\/p>\n<p><strong>Walliams:<\/strong> kaikki Walliamsin kirjat<\/p>\n<p><strong>\u00a0<\/strong><\/p>\n<p><strong>El\u00e4inyst\u00e4v\u00e4t<\/strong><\/p>\n<p><strong>Alongi:<\/strong> Hevoskallion kuiskaajat -sarja<\/p>\n<p><strong>Auer: <\/strong>Maagisten el\u00e4inten koulu<\/p>\n<p><strong>Dahlgren:<\/strong> T\u00e4htihevosten kutsu\u00a0 <strong>TAI <\/strong>muut Sielunratsastajat-sarjan kirjat<\/p>\n<p><strong>Hagmar<\/strong>: Klara-sarja<\/p>\n<p><strong>Heimonen: <\/strong>Suokaislan suloinen Cecilia <strong>TAI<\/strong> muut sarjan kirjat<\/p>\n<p><strong>Heimonen: <\/strong>Sonja ja lumen hevonen<\/p>\n<p><strong>Hunter<\/strong>: Uljasmaa-sarjan kirjat\u00a0<strong>TAI\u00a0<\/strong>muut Hunterin sarjat<\/p>\n<p><strong>Jalo, Merja<\/strong>: Nummelan ponitalli-sarja <strong>TAI<\/strong> muut Jalon kirjat<\/p>\n<p><strong>Jalo Merja<\/strong>: Jesse, l\u00f6yt\u00f6koira <strong>TAI<\/strong> muut Koiratyt\u00f6t \u2013sarjan kirjat<\/p>\n<p><strong>Kotila<\/strong>: Vilman talliel\u00e4m\u00e4\u00e4 -sarjan kirjat<\/p>\n<p><strong>Maistre: <\/strong>Mia ja valkoinen leijona<\/p>\n<p><strong>Meripaasi<\/strong>: T\u00e4htikissa <strong>TAI<\/strong> muut Tassutrio \u2013sarjan kirjat<\/p>\n<p><strong>Sarenbrant:<\/strong> Mira ja Kuu -sarja<\/p>\n<p><strong>St. John<\/strong>: Valkoinen kirahvi <strong>TAI<\/strong> muut Martine \u2013sarjan kirjat<\/p>\n<p><strong>St. John<\/strong>: Tulimyrsky <strong>TAI<\/strong> muut kirjailijan hevoskirjat<\/p>\n<p><strong>Tanskanen: <\/strong>Hevostytt\u00f6 Iitu \u2013sarja<\/p>\n<p><strong>Waters:<\/strong> Taikakoirat-sarja<\/p>\n<p><strong>Wenitzky:<\/strong> Koirakamut-sarja<\/p>\n<p>&nbsp;<\/p>\n<p><strong>Uskomaton juttu: Satua ja fantasiaa<\/strong><\/p>\n<p><strong>Black<\/strong>: Rautakoe <strong>TAI <\/strong>muut Magisterium-sarjan kirjat<\/p>\n<p><strong>Colfer: <\/strong>Fowlin kaksoset <strong>TAI<\/strong> muut Colferin kirjat<\/p>\n<p><strong>Cowell:<\/strong> Noitakuningas her\u00e4\u00e4 henkiin\u00a0 <strong>TAI <\/strong>muut Taikuuden aika -sarjan kirjat<\/p>\n<p><strong>Doyle:<\/strong> Myrskynvartija-sarja<\/p>\n<p><strong>Erlandsson<\/strong>: Helmenkalastaja tai muut kirjailijan kirjat<\/p>\n<p><strong>Erlandsson:<\/strong> Y\u00f6juna : tarina jossa on 24 lukua<\/p>\n<p><strong>Grey: <\/strong>Varismiekka <strong>TAI <\/strong>muut sarjan kirjat<\/p>\n<p><strong>Hai: <\/strong>Neiti Kymenen ihmeellinen talo<\/p>\n<p><strong>Haig:<\/strong> Eevin el\u00e4inmaailma<\/p>\n<p><strong>Immonen:<\/strong> Jakov Korina ja synki\u00f6n salaisuus<\/p>\n<p><strong>Juckes<\/strong>: Satakielt\u00e4 etsim\u00e4ss\u00e4<\/p>\n<p><strong>Kolu: <\/strong>Villitalo <strong>TAI <\/strong>muut kirjailijan kirjat<\/p>\n<p><strong>Liitsola: <\/strong>Kajo, Kuunvalo ja Kolmikolkka<\/p>\n<p><strong>Lish: <\/strong>Taikuuden talo <strong>TAI <\/strong>muut sarjan kirjat<\/p>\n<p><strong>Meloy:<\/strong> Sysimets\u00e4-sarja<\/p>\n<p><strong>Meseorsz\u00e1g<\/strong>: Satumaa kuuluu kaikille<\/p>\n<p><strong>Niemel\u00e4:<\/strong> Musta kuu -sarja<\/p>\n<p><strong>Puikkonen<\/strong>: \u00c4\u00e4nih\u00e4kki<\/p>\n<p><strong>Puikkonen:<\/strong> Viimeiset lohik\u00e4\u00e4rmeet<\/p>\n<p><strong>Riordan<\/strong>: Kes\u00e4n miekka <strong>TAI<\/strong> jokin muu Riordanin kirjoista<\/p>\n<p><strong>Rowling<\/strong>: Harry Potter -kirjat<\/p>\n<p><strong>Rowling:<\/strong> Ikkabog<\/p>\n<p><strong>Simukka: <\/strong>Sisarla<\/p>\n<p><strong>Steadman<\/strong>: Skandar-sarjan kirjat<\/p>\n<p><strong>Stewner:<\/strong> Alea Aquarius -sarja<\/p>\n<p><strong>Sutherland:<\/strong> Tulisiivet-sarja<\/p>\n<p><strong>Taylor: <\/strong>Malamanteri <strong>TAI <\/strong>muut sarjan kirjat<\/p>\n<p><strong>Tolonen:<\/strong> M\u00f6rk\u00f6reitti <strong>TAI <\/strong>muut sarjan kirjat<\/p>\n<p><strong>Tolonen: <\/strong>Agnes ja unien avain<strong> TAI <\/strong>muut sarjan kirjat<\/p>\n<p>&nbsp;<\/p>\n<p><strong>Kisoja ja kavereita<\/strong><\/p>\n<p><strong>Behm<\/strong>: Ihmepoika Leon <strong>TAI<\/strong> Enkelin nyrkki<\/p>\n<p><strong>Heinonen: <\/strong>Miisan kaksoisaxel <strong>TAI <\/strong>muut kirjailijan taitoluistelukirjat<\/p>\n<p><strong>Hein\u00e4nen:<\/strong> Zaida ja lumienkeli<\/p>\n<p><strong>Kallioniemi: <\/strong>Kaksoisolennot <strong>TAI<\/strong> Verkot<\/p>\n<p><strong>Kujanp\u00e4\u00e4:<\/strong> Emman salainen toive<\/p>\n<p><strong>Kuutti:<\/strong> Onnenpotku-sarja<\/p>\n<p><strong>M\u00e4kip\u00e4\u00e4<\/strong>: Masi Tulppa -sarja<\/p>\n<p><strong>Nuotio<\/strong>: Venla T -sarja<\/p>\n<p><strong>Pearson: <\/strong>Freddien superihmeellinen seikkailu<\/p>\n<p><strong>Sandelin: <\/strong>Yokon y\u00f6kirja <strong>TAI <\/strong>muut sarjan kirjat<\/p>\n<p><strong>Veirto<\/strong>: Jyrsij\u00f6iden haaste <strong>TAI <\/strong>muut S\u00e4hlymestarit-sarjan kirjat<\/p>\n<p><strong>Veirto<\/strong>: Kyl\u00e4kaukalon lupaus <strong>TAI <\/strong>muut T\u00e4htiketju-sarjan kirjat<\/p>\n<p><strong>Walliams:<\/strong> kaikki Walliamsin kirjat<\/p>\n<p><strong>Wickstr\u00f6m: <\/strong>Meid\u00e4n jengin Zlatan <strong>TAI<\/strong> muut sarjan jalkapallokirjat<\/p>\n<p>&nbsp;<\/p>\n<p><strong>Runot <\/strong><\/p>\n<p><strong>Itkonen<\/strong>: Laulavat lenkkitossut <strong>TAI<\/strong> muut Itkosen runokirjat<\/p>\n<p><strong>Korolainen:<\/strong> Taivasta hipoo h\u00e4nn\u00e4np\u00e4\u00e4 <strong>TAI <\/strong>muut Korolaisen runokirjat<\/p>\n<p><strong>Kynsij\u00e4rvi<\/strong>: Loruja linnuista <strong>TAI<\/strong> muut Kynsij\u00e4rven lorukirjat<\/p>\n<p><strong>Nopola:<\/strong> Mustekala l\u00f6yt\u00e4\u00e4 trikoot <strong>TAI<\/strong> muut Nopolan runokirjat<\/p>\n<p><strong>Puhakka<\/strong>: Hei hommiin!<\/p>\n<p><strong>Ruohonen<\/strong>: Y\u00f6ky\u00f6pelit <strong>TAI <\/strong>muut kirjailijan runokirjat<\/p>\n<p><strong>Sandelin: <\/strong>Jos olisin sammakko<\/p>\n<p><strong>\u00a0 \u00a0 \u00a0 \u00a0<\/strong><\/p>\n<p><strong>Hauskat tapaukset <\/strong><\/p>\n<p><strong>Blabey: <\/strong>Hurja jengi -sarja<\/p>\n<p><strong>Campbell:<\/strong> Hullunhauskat lemmikit<\/p>\n<p><strong>Griffiths:<\/strong> Maailman paras puumaja -sarja<\/p>\n<p><strong>Kinney<\/strong>: Neropatin p\u00e4iv\u00e4kirja -sarja<\/p>\n<p><strong>Korkea-Aho<\/strong>: Zoo! -sarjan kirjat<\/p>\n<p><strong>Luhtanen:<\/strong> Totuus Tarusta -sarja<\/p>\n<p><strong>Mark<\/strong>: Hirvi\u00f6nmets\u00e4st\u00e4j\u00e4t-sarja<\/p>\n<p><strong>Nopola<\/strong>: Risto R\u00e4pp\u00e4\u00e4j\u00e4 \u2013sarja <strong>TAI<\/strong> Hein\u00e4hattu ja Vilttitossu \u2013sarja<\/p>\n<p><strong>Noronen: <\/strong>Supermarsu-sarja<\/p>\n<p><strong>Parvela<\/strong>: Ella-sarja<\/p>\n<p><strong>Parvela<\/strong>: Pate-sarja<\/p>\n<p><strong>Pilkey<\/strong>: Kapteeni Kalsari \u2013sarja<\/p>\n<p><strong>Reynolds<\/strong>: Rex Dexter -sarja<\/p>\n<p><strong>Riddel: <\/strong>Ottilia-sarja<\/p>\n<p><strong>Salmi, Ronja:<\/strong> Onks noloo? -sarja<\/p>\n<p><strong>Salmi, Veera: <\/strong>Puluboi ja poni \u2013sarja<\/p>\n<p><strong>Shireen<\/strong>: Outomets\u00e4-sarja<\/p>\n<p><strong>Veirto:<\/strong> Mestarietsiv\u00e4 Mato Valkonen ja nelj\u00e4s klovni<\/p>\n<p><strong>\u00a0\u00a0<\/strong><\/p>\n<p><strong>Sarjakuvat <\/strong><\/p>\n<p><strong>Arai:<\/strong> Friikkisirkus <strong>TAI<\/strong> muut Darren Shan \u2013sarjan kirjat (manga)<\/p>\n<p><strong>Dahlgren:<\/strong> Sielunratsastajat-sarja<\/p>\n<p><strong>Falch<\/strong>: Pohjantuli-sarja<\/p>\n<p><strong>Goscinny:<\/strong> Asterix-sarjakuvat<\/p>\n<p><strong>Herg\u00e9<\/strong>: Tintti \u2013sarjakuvat<\/p>\n<p><strong>Hyp\u00e9n<\/strong>: Nanna-sarjakuvat<\/p>\n<p><strong>Kyoukorin: <\/strong>Ace: Musta vaeltaja \u2013sarja (manga)<\/p>\n<p><strong>Lemire:<\/strong> Mira-sarjakuvakirjat<\/p>\n<p><strong>Luke Skywalker TAI <\/strong>muut Star Wars-sarjakuvat<\/p>\n<p><strong>Meyer: <\/strong>Houkutus-sarjakuvasovitukset<\/p>\n<p><strong>Morris<\/strong>: Lucky Luke \u2013sarjakuvat<\/p>\n<p><strong>Nyk\u00e4nen<\/strong>: Mummo-sarjakuvat<\/p>\n<p><strong>Pilkey<\/strong>: Koiramies- sarjan kirjat<\/p>\n<p><strong>Russell: <\/strong>Coraline<strong>\u00a0\u00a0\u00a0\u00a0\u00a0\u00a0\u00a0\u00a0\u00a0\u00a0\u00a0\u00a0\u00a0\u00a0\u00a0\u00a0\u00a0\u00a0\u00a0\u00a0\u00a0\u00a0\u00a0\u00a0\u00a0\u00a0\u00a0\u00a0\u00a0\u00a0\u00a0\u00a0\u00a0\u00a0\u00a0\u00a0\u00a0\u00a0\u00a0\u00a0\u00a0\u00a0 <\/strong><\/p>\n<p><strong>Takahashi: <\/strong>Hopeanuoli-sarja<\/p>\n<p><strong>Watterson: <\/strong>Lassi ja Leevi \u2013 sarjakuvat<\/p>\n<p>&nbsp;<\/p>\n<p><strong>Ullakon aarteet<\/strong><\/p>\n<p><strong>Aapeli: <\/strong>Koko kaupungin Vinski<\/p>\n<p><strong>Alcott: <\/strong>Tyt\u00f6ist\u00e4 parhain <strong>TAI <\/strong>muut kirjailijan kirjat<\/p>\n<p><strong>Blyton: <\/strong>Salaisuus-sarja<strong> TAI<\/strong> muut Blytonin kirjat<\/p>\n<p><strong>Burroughs: <\/strong>Tarzan-kirjat<\/p>\n<p><strong>Finnemore: <\/strong>Robin Hood<\/p>\n<p><strong>Grahame:<\/strong> Kaislikossa suhisee (saturomaani)<\/p>\n<p><strong>Jansson:<\/strong> Muumipeikko ja pyrst\u00f6t\u00e4hti <strong>TAI <\/strong>muut Janssonin saturomaanit<\/p>\n<p><strong>Keene: <\/strong>Neiti Etsiv\u00e4 \u2013kirjat<\/p>\n<p><strong>Kurvinen<\/strong>: Susikoira Roi \u2013sarjan kirjat<\/p>\n<p><strong>Lewis<\/strong>: Narnia-sarja<\/p>\n<p><strong>Lindgren<\/strong>: Veljeni Leijonamieli <strong>TAI <\/strong>muut kirjailijan kirjat<\/p>\n<p><strong>Montgomery<\/strong>: Anna-sarja<\/p>\n<p><strong>Paloheimo: <\/strong>Tirlittan<\/p>\n<p><strong>Stevenson<\/strong>: Aarresaari<\/p>\n<p><strong>Verne<\/strong>: Kapteeni Nemo <strong>TAI <\/strong>muut Vernen seikkailukirjat<\/p>\n<p><strong>\u00a0<\/strong><\/p>\n<p><strong>Sekalaista s\u00e4pin\u00e4\u00e4<\/strong><\/p>\n<p><strong>Camerini:<\/strong> Gretan tarina<\/p>\n<p><strong>Chanfreau<\/strong>: Kirahvin syd\u00e4n on tavattoman suuri<\/p>\n<p><strong>Doyle:<\/strong> Ebenezerinkadun ihme<\/p>\n<p><strong>Favilli:<\/strong> Iltasatuja kapinallisille tyt\u00f6ille<\/p>\n<p><strong>Hurme<\/strong>: V\u00e4rikk\u00e4\u00e4t-sarja<\/p>\n<p><strong>Juckes:<\/strong> Satakielt\u00e4 etsim\u00e4ss\u00e4<\/p>\n<p><strong>Knapman:<\/strong> Kammion kauhut <strong>TAI <\/strong>muut Historiaseikkailu-sarjan kirjat<\/p>\n<p><strong>Kress:<\/strong> K\u00e4tketty ovi <strong>TAI <\/strong>muut sarjan kirjat<\/p>\n<p><strong>Lampela:<\/strong> Talventaian tarinoita -sarja<\/p>\n<p><strong>Leinonen:<\/strong> Elokuussa min\u00e4 kuolen<\/p>\n<p><strong>Lipasti: <\/strong>Viikinkisolmu <strong>TAI <\/strong>muut Lipastin kirjat<\/p>\n<p><strong>Lipasti:<\/strong> Rauniokaupungin lapset -sarja<\/p>\n<p><strong>Luhtanen:<\/strong> Tuhkimo tennareissa<\/p>\n<p><strong>Malinen<\/strong>: Seitsem\u00e4n kielonlehte\u00e4 TAI muut sarjan kirjat<\/p>\n<p><strong>Meggit-Phillips:<\/strong> Hirvi\u00f6 ja Helmikki -sarja<\/p>\n<p><strong>Muncaster<\/strong>: Victoria Stitch -sarja<\/p>\n<p><strong>Parvela &amp; Sortland:<\/strong> Kepler 62-sarja<\/p>\n<p><strong>Peltoniemi:<\/strong> T\u00e4\u00e4lt\u00e4 min\u00e4 karkaan<\/p>\n<p><strong>Snow, Cristal<\/strong>: Penni-kirjat<\/p>\n<p><strong>Tasane:<\/strong> Lapsi I<\/p>\n<p><strong>Tolvanen:<\/strong> Jademiekan arvoitus<\/p>\n<p><strong>Veistinen:<\/strong> Revontuliefekti-sarja<\/p>\n<p><strong>Walliams<\/strong>: kaikki Walliamsin kirjat<\/p>\n<p>&nbsp;<\/p>\n<p><strong>Tietokirja<\/strong><\/p>\n<p><strong>Vapaavalintainen, opettajan luvalla<\/strong><\/p>\n<p>&nbsp;<\/p>\n","protected":false},"excerpt":{"rendered":"<p>LOISTOLUKIJA KIRJALISTA VIIDESLUOKKALAISILLE\u00a0\u00a0\u00a0\u00a0\u00a0\u00a0\u00a0\u00a0\u00a0\u00a0\u00a0\u00a0\u00a0\u00a0\u00a0\u00a0\u00a0 Diplomiin luetaan kuusi kirjaa J\u00e4nnitysjutut Arcanjo: Varkaiden  [&#8230;]<\/p>\n","protected":false},"author":5,"featured_media":0,"parent":28,"menu_order":0,"comment_status":"closed","ping_status":"closed","template":"","meta":{"footnotes":""},"class_list":["post-38","page","type-page","status-publish","hentry"],"jetpack_sharing_enabled":true,"publishpress_future_action":{"enabled":false,"date":"2026-04-23 15:32:53","action":"change-status","newStatus":"draft","terms":[],"taxonomy":"","extraData":[]},"publishpress_future_workflow_manual_trigger":{"enabledWorkflows":[]},"_links":{"self":[{"href":"https:\/\/koski.fi\/kirjasto\/wp-json\/wp\/v2\/pages\/38","targetHints":{"allow":["GET"]}}],"collection":[{"href":"https:\/\/koski.fi\/kirjasto\/wp-json\/wp\/v2\/pages"}],"about":[{"href":"https:\/\/koski.fi\/kirjasto\/wp-json\/wp\/v2\/types\/page"}],"author":[{"embeddable":true,"href":"https:\/\/koski.fi\/kirjasto\/wp-json\/wp\/v2\/users\/5"}],"replies":[{"embeddable":true,"href":"https:\/\/koski.fi\/kirjasto\/wp-json\/wp\/v2\/comments?post=38"}],"version-history":[{"count":12,"href":"https:\/\/koski.fi\/kirjasto\/wp-json\/wp\/v2\/pages\/38\/revisions"}],"predecessor-version":[{"id":1401,"href":"https:\/\/koski.fi\/kirjasto\/wp-json\/wp\/v2\/pages\/38\/revisions\/1401"}],"up":[{"embeddable":true,"href":"https:\/\/koski.fi\/kirjasto\/wp-json\/wp\/v2\/pages\/28"}],"wp:attachment":[{"href":"https:\/\/koski.fi\/kirjasto\/wp-json\/wp\/v2\/media?parent=38"}],"curies":[{"name":"wp","href":"https:\/\/api.w.org\/{rel}","templated":true}]}} 