{"id":36,"date":"2018-02-21T09:51:54","date_gmt":"2018-02-21T07:51:54","guid":{"rendered":"http:\/\/koski.fi\/kirjasto\/?page_id=36"},"modified":"2025-01-30T10:44:52","modified_gmt":"2025-01-30T08:44:52","slug":"luokka-4","status":"publish","type":"page","link":"https:\/\/koski.fi\/kirjasto\/loistava-lukija\/luokka-4\/","title":{"rendered":"Luokka 4"},"content":{"rendered":"<p><strong>LOISTOLUKIJA KIRJALISTA NELJ\u00c4SLUOKKALAISILLE<br \/>\n<\/strong><\/p>\n<p class=\"Default\"><strong>Diplomiin luetaan kuusi kirjaa<\/strong><\/p>\n<p><strong>J\u00e4nnitysjutut <\/strong><\/p>\n<p><strong>Arcanjo: <\/strong>Varkaiden akatemia -sarja<\/p>\n<p><strong>Bagge: <\/strong>Aavehevosen arvoitus <strong>TAI<\/strong> muut Apassit-sarjan kirjat<\/p>\n<p><strong>Holopainen: <\/strong>Kauhuk\u00e4nnykk\u00e4 <strong>TAI<\/strong> muut IIK!-sarjan kirjat<\/p>\n<p><strong>Horst:<\/strong> Operaatio Myrskypilvi <strong>TAI<\/strong> muut Etsiv\u00e4kaksikko-kirjat<\/p>\n<p><strong>Horst: <\/strong>Kultaisen kellon arvoitus <strong>TAI<\/strong> muut CLUE-sarjan kirjat<\/p>\n<p><strong>Jansson<\/strong>: Ritarien taistelu<strong> TAI<\/strong> muut Emil Wern tutkii \u2013sarjan kirjat<\/p>\n<p><strong>Kontinen: <\/strong>Satujen saaret -sarja<\/p>\n<p><strong>Koskinen<\/strong>: Mysteerijengi-kirjat<\/p>\n<p><strong>Larry: <\/strong>Zac Power -sarja<\/p>\n<p><strong>Mazetti: <\/strong>Varjoja ja vakoojia <strong>TAI <\/strong>muut sarjan kirjat<\/p>\n<p><strong>Meggitt-Phillips: <\/strong>Hirvi\u00f6 ja Helmikki -kirjat<\/p>\n<p><strong>M\u00e4kip\u00e4\u00e4:<\/strong> Etsiv\u00e4kerho Hurrikaani \u2013sarja<\/p>\n<p><strong>Ness: <\/strong>Hirvi\u00f6n kutsu<\/p>\n<p><strong>Nurmi:<\/strong> Etsiv\u00e4kaverit-sarja<\/p>\n<p><strong>Palviainen<\/strong>: Allu-sarja<\/p>\n<p><strong>Parvela:<\/strong> Melkein mahdoton teht\u00e4v\u00e4 -sarja<\/p>\n<p><strong>Peltoniemi:<\/strong> Ihmetytt\u00f6<\/p>\n<p><strong>Portin:<\/strong> Radio Popov<\/p>\n<p><strong>Simukka<\/strong>: Poika ullakolla, poika kellarissa<\/p>\n<p><strong>Tolonen: <\/strong>Agnes ja unien avain <strong>TAI <\/strong>muut sarjan kirjat<\/p>\n<p><strong>Tolonen<\/strong>: M\u00f6rk\u00f6vahti<strong> TAI<\/strong> muut sarjan kirjat<\/p>\n<p><strong>Tynkkynen: <\/strong>Etsiv\u00e4toimisto Mysteeri \u2013sarja<\/p>\n<p><strong>Veirto:\u00a0<\/strong>Etsiv\u00e4toimisto Henkka &amp; Kivimutka -sarja<\/p>\n<p><strong>Walld\u00e9n:<\/strong> Ruben-sarja<\/p>\n<p><strong>Walliams: <\/strong>Gangsterimummi<\/p>\n<p>&nbsp;<\/p>\n<p><strong>El\u00e4inyst\u00e4v\u00e4t<\/strong><\/p>\n<p><strong>Alongi<\/strong>: Hevoskallion kuiskaajat -sarja<\/p>\n<p><strong>Auer: <\/strong>Maagisten el\u00e4inten koulu -sarja<\/p>\n<p><strong>Campbell: <\/strong>Hullun hauskat lemmikit<\/p>\n<p><strong>Hagmar<\/strong>: Klara\u2013sarja<\/p>\n<p><strong>Hallberg<\/strong>: Sinttu-sarja<\/p>\n<p><strong>Heimonen: <\/strong>Suokaislan suloinen Cecilia<\/p>\n<p><strong>Heimonen: <\/strong>Sonja ja lumen hevonen <strong>TAI<\/strong> muut sarjan kirjat<\/p>\n<p><strong>Hel\u00e9n<\/strong>: Rambon talli -sarja<\/p>\n<p><strong>Hunter: <\/strong>Soturikissat \u2013sarja <strong>TAI <\/strong>muut Hunterin sarjat<\/p>\n<p><strong>Jalo, Marvi ja Merja: <\/strong>Yll\u00e4tysori <strong>TAI<\/strong> muut n\u00e4iden kirjailijoiden hevoskirjat<\/p>\n<p><strong>Jalo, Merja<\/strong>: Jesse, l\u00f6yt\u00f6koira <strong>TAI<\/strong> muut Koiratyt\u00f6t-sarjan kirjat<\/p>\n<p><strong>Jalo, Merja<\/strong>: Ponimaa-sarja<\/p>\n<p><strong>Kaarla:<\/strong> Pet agents -sarja<\/p>\n<p><strong>Kolb:<\/strong> Kaurajengi-kirjat<\/p>\n<p><strong>Kotila<\/strong>: Vilman talliel\u00e4m\u00e4\u00e4 -sarja<\/p>\n<p><strong>Lukkarila:<\/strong> Kerrostaloponi Kemppainen TAI Super-someponi Kemppainen<\/p>\n<p><strong>Meripaasi<\/strong>: T\u00e4htikissa <strong>TAI<\/strong> muut Tassutrio \u2013sarjan kirjat<\/p>\n<p><strong>Milway: <\/strong>Hotelli Flamingo -sarja<\/p>\n<p><strong>Rottb\u00f6ll: <\/strong>Luontopartio-sarja<\/p>\n<p><strong>Snellman: <\/strong>Jaakko Enkeli Lentokentt\u00e4 katoaa <strong>TAI<\/strong> muut sarjan kirjat<\/p>\n<p><strong>Venho:<\/strong> Opossumi repussa <strong>TAI <\/strong>muut sarjan kirjat<\/p>\n<p><strong>Waris: <\/strong>P\u00e4ssit pullakahveilla <strong>TAI <\/strong>muut Olafin pentup\u00e4iv\u00e4kirjat-sarjan kirjat<\/p>\n<p><strong>Webb:<\/strong> Samu, varastettu koiranpentu TAI muut Webbin kirjat<\/p>\n<p><strong>Wenitzky:<\/strong> Koirakamut-sarja<\/p>\n<p>&nbsp;<\/p>\n<p><strong>Uskomaton juttu! Satua ja fantasiaa<\/strong><\/p>\n<p><strong>Aarnio<\/strong>: Tuulien taikuri -sarja<\/p>\n<p><strong>Andersen: <\/strong>Peukalo-Liisa <strong>TAI<\/strong> muut Andersenin sadut (kuvakirjat)<\/p>\n<p><b>Brinck: <\/b>Musse ja Helium -sarja<\/p>\n<p><strong>Doyle:<\/strong> Myrskynvartija-sarja<\/p>\n<p><strong>Erlandsson<\/strong>: Helmenkalastaja <strong>TAI <\/strong>muut sarjan kirjat<\/p>\n<p><strong>Grahn:<\/strong> Pomenia-sarja<\/p>\n<p><strong>Hai: <\/strong>Neiti Kymenen ihmeellinen talo<\/p>\n<p><strong>Immonen:<\/strong> Jakov Korina ja synki\u00f6n salaisuus<\/p>\n<p><strong>J\u00e4n\u00f6:<\/strong> Taikakello-sarja<\/p>\n<p><strong>Kallioniemi<\/strong>: J\u00e4niksenpapanapoiku : iloisia satuja<\/p>\n<p><strong>Kolu: <\/strong>Villitalo -sarja<\/p>\n<p><strong>Kress: <\/strong>K\u00e4tketty ovi <strong>TAI <\/strong>muut L\u00f6yt\u00f6retkeilij\u00e4t \u2013sarjan kirjat<\/p>\n<p><strong>Lewis<\/strong>: Narnia-sarjan kirjat<\/p>\n<p><strong>Montefiore: <\/strong>Lontoon kuninkaalliset kanit -sarja<\/p>\n<p><strong>Reeve: <\/strong>Legenda Kevinist\u00e4 <strong>TAI <\/strong>muut sarjan kirjat<\/p>\n<p><strong>Rowling<\/strong>: Harry Potter -kirjat<\/p>\n<p><strong>Rowling: <\/strong>Ikkabog<\/p>\n<p><strong>Simukka: <\/strong>Sisarla<\/p>\n<p><strong>Tiitinen: <\/strong>Dada-kissa ja Populuksen popcornit<\/p>\n<p><strong>Tolonen:<\/strong> Agnes ja unien avain TAI muut sarjan kirjat<\/p>\n<p><strong>Tolonen:<\/strong> M\u00f6rk\u00f6reitti <strong>TAI <\/strong>muut sarjan kirjat<\/p>\n<p><strong>\u00a0<\/strong><\/p>\n<p><strong>Kisoja ja kavereita<\/strong><\/p>\n<p><strong>Ala-Harja: <\/strong>Kahden maan Ebba <strong>TAI <\/strong>muut kirjailijan kirjat<\/p>\n<p><strong>Anrell: <\/strong>Zlatan on t\u00e4hti <strong>TAI<\/strong> muut Futisjunnu-sarjan kirjat<\/p>\n<p><strong>Barrows:<\/strong> Isa ja Bea \u2013sarja<\/p>\n<p><strong>Cassidy: <\/strong>Kirsikkasyd\u00e4n <strong>TAI<\/strong> muut Suklaamuruset-sarjan kirjat<\/p>\n<p><strong>Hein\u00e4nen:<\/strong> Zaida ja lumienkeli <strong>TAI<\/strong> muut sarjan kirjat<\/p>\n<p><strong>Kujanp\u00e4\u00e4: <\/strong>Emman salainen toive<\/p>\n<p><strong>Kuutti<\/strong>: Onnenpotku-sarja<\/p>\n<p><strong>Lagercrantz: <\/strong>Dunnen el\u00e4m\u00e4\u00e4 <strong>TAI<\/strong> muut kirjailijan kirjat<\/p>\n<p><strong>Lish: <\/strong>Taikuuden talo <strong>TAI<\/strong> muut sarjan kirjat<\/p>\n<p><strong>Nyman:<\/strong> Vilma ja supersiskot<\/p>\n<p><strong>Paasto: <\/strong>Anni kaverinkesytt\u00e4j\u00e4 <strong>TAI<\/strong> muut sarjan kirjat<\/p>\n<p><strong>Palviainen: <\/strong>Allu ja salaper\u00e4inen opettaja <strong>TAI <\/strong>muut sarjan kirjat<\/p>\n<p><strong>Parvela<\/strong>: Ella-sarja<\/p>\n<p><strong>Veirto<\/strong>: Jyrsij\u00f6iden haaste <strong>TAI <\/strong>muut S\u00e4hlymestarit-sarjan kirjat<\/p>\n<p><strong>Veirto<\/strong>: Kyl\u00e4kaukalon lupaus <strong>TAI <\/strong>muut T\u00e4htiketju-sarjan j\u00e4\u00e4kiekkokirjat<\/p>\n<p><strong>Walliams:\u00a0<\/strong>Pankkirosvon poika<strong>\u00a0TAI<\/strong>\u00a0muut kirjailijan kirjat<\/p>\n<p><strong>Wickstr\u00f6m: <\/strong>Meid\u00e4n jengin Zlatan <strong>TAI<\/strong> muut sarjan jalkapallokirjat<\/p>\n<p>&nbsp;<\/p>\n<p><strong>Runot<\/strong><\/p>\n<p><strong>Dahl: <\/strong>Elukat<\/p>\n<p><strong>Huovi<\/strong>: Hiiri mittaa maailmaa <strong>TAI<\/strong> muut kirjailijan runokirjat (lue 10 runoa)<\/p>\n<p><strong>Itkonen<\/strong>: Aprillip\u00e4iv\u00e4 <strong>TAI<\/strong> muut kirjailijan runokirjat<\/p>\n<p><strong>Jansson: <\/strong>Taikavuosi<\/p>\n<p><strong>Korolainen<\/strong>: Taivasta hipoo h\u00e4nn\u00e4np\u00e4\u00e4 <strong>TAI <\/strong>muut Korolaisen runokirjat (lue 10 runoa)<\/p>\n<p><strong>Kynsij\u00e4rvi<\/strong>: Loruja linnuista <strong>TAI<\/strong> muut Kynsij\u00e4rven lorukirjat<\/p>\n<p><strong>Laaksonen:<\/strong> Aapine T<strong>AI<\/strong> Ykk\u00f6ne<\/p>\n<p><strong>Ruohonen<\/strong>: Otus opus <strong>TAI <\/strong>muut kirjailijan runokirjat<\/p>\n<p><strong>Sandelin: <\/strong>Jos olisin sammakko<\/p>\n<p><strong>\u00a0<\/strong><\/p>\n<p><strong>Hauskat tapaukset <\/strong><\/p>\n<p><strong>Anderson: <\/strong>Amelia Kulmuri -sarja<\/p>\n<p><strong>Anderson:<\/strong> Sateenkaari Harmaa-sarja<\/p>\n<p><strong>Blabey:<\/strong>\u00a0Hurja jengi -sarja<\/p>\n<p><strong>Copeland: <\/strong>Sami muuttuu kanaksi ja muut Sami -kirjat<\/p>\n<p><strong>Dougherty:<\/strong> Hajupommi-kirjat<\/p>\n<p><strong>Griffiths: <\/strong>Maailman paras puumaja \u2013sarja<\/p>\n<p><strong>Kaarniranta: <\/strong>Supertavis-sarja<\/p>\n<p><strong>Kaiblinger:<\/strong> Vincent ja aavelaama <strong>TAI<\/strong> Vincent, seikkaileva lepakko<\/p>\n<p><strong>Kallioniemi<\/strong>: Reuhurinteen ala-aste-sarja<\/p>\n<p><strong>Kinney<\/strong>: Neropatin p\u00e4iv\u00e4kirja \u2013sarja<\/p>\n<p><strong>Kivir\u00e4hk:<\/strong> Koiranne alkaa kohta kukkia <strong>TAI<\/strong> Kun Musti muni mummon<\/p>\n<p><strong>Klingenberg: <\/strong>Patrik ja superseniorit -sarja<\/p>\n<p><strong>Kunnas: <\/strong>Salmanterin Terttu ja minimerirosvot<\/p>\n<p><strong>Luhtanen: <\/strong>Totuus Tarusta -sarja<\/p>\n<p><strong>Marjam\u00e4ki:<\/strong> Nollis, maailman ainoa yksisarvinen<\/p>\n<p><strong>Nadin:<\/strong> Miina Myll\u00e4kk\u00e4 -kirjat<\/p>\n<p><strong>Nopola<\/strong>: Risto R\u00e4pp\u00e4\u00e4j\u00e4 <strong>TAI <\/strong>Hein\u00e4hattu ja Vilttitossu \u2013sarjat<\/p>\n<p><strong>Noronen:<\/strong> Hulluja satuja <strong>TAI<\/strong> T\u00e4ysin hulluja satuja <strong>TAI<\/strong> Hurjan hulluja satuja<\/p>\n<p><strong>Noronen: <\/strong>Supermarsu-sarja<\/p>\n<p><strong>Parvela: <\/strong>Maukka ja V\u00e4ykk\u00e4 \u2013sarja<\/p>\n<p><strong>Parvela: <\/strong>Paten aikakirjat <strong>TAI<\/strong> muut Pate-sarjan kirjat<\/p>\n<p><strong>Percival:<\/strong> Satujen sankarit -sarja<\/p>\n<p><strong>Pilkey<\/strong>: Kapteeni Kalsari \u2013sarja<\/p>\n<p><strong>Riddel: <\/strong>Ottilia-sarja<\/p>\n<p><strong>Salmi, Ronja: <\/strong>Onks noloo? -sarja<\/p>\n<p><strong>Salmi, Veera: <\/strong>Puluboi ja poni \u2013sarja<\/p>\n<p><strong>Schumacher<\/strong>: Kirottu kirja : p\u00e4\u00e4st\u00e4k\u00e4\u00e4 minut pois t\u00e4\u00e4lt\u00e4!<\/p>\n<p><strong>Shireen:<\/strong> Outomets\u00e4-kirjat<\/p>\n<p><strong>Veirto: <\/strong>Mestarietsiv\u00e4 Mato Valkonen -sarja<\/p>\n<p><strong>\u00a0<\/strong><\/p>\n<p><strong>Sarjakuvat<\/strong><\/p>\n<p><strong>Cook: <\/strong>Sielunratsastajat-sarja<\/p>\n<p><strong>Fairbairn<\/strong>: Tyt\u00f6t kuin tuulisp\u00e4\u00e4t <strong>TAI<\/strong> Uusia tuulia<\/p>\n<p><strong>Gij\u00e9:<\/strong> Soittorasia-sarja<\/p>\n<p><strong>Herg\u00e9:<\/strong> Tintti-sarjakuvat<\/p>\n<p><strong>Kyoukorin: <\/strong>Ace: Musta vaeltaja \u2013sarja (manga)<\/p>\n<p><strong>Lemire:<\/strong> Mira-sarjakuvat<\/p>\n<p><strong>Pilkey<\/strong>: Koiramies -sarjakuvat<\/p>\n<p><strong>Platt:<\/strong> Huippuh\u00e4sl\u00e4rit-sarja<\/p>\n<p><strong>Star Wars <\/strong>-sarjakuvat<\/p>\n<p><strong>Tanemura: <\/strong>Prinsessa Sakura \u2013sarja (manga)<\/p>\n<p><strong>Watterson: <\/strong>Lassi ja Leevi \u2013 sarjakuvat<\/p>\n<p><strong>\u00a0<\/strong><\/p>\n<p><strong>Ullakon aarteet<\/strong><\/p>\n<p><strong>Barrie: <\/strong>Peter Pan<\/p>\n<p><strong>Blyton: <\/strong>Viisikko<strong> TAI<\/strong> muut Blytonin kirjat<\/p>\n<p><strong>Carrol: <\/strong>Alice Peilintakamaassa<\/p>\n<p><strong>Grahame<\/strong>: Kaislikossa suhisee<\/p>\n<p><strong>Jansson:<\/strong> Taikatalvi <strong>TAI <\/strong>muut Janssonin saturomaanit<\/p>\n<p><strong>Keene: <\/strong>Neiti Etsiv\u00e4 \u2013kirjat<\/p>\n<p><strong>Lindgren: <\/strong>Peppi Pitk\u00e4tossu<strong> TAI<\/strong> muut Lindgrenin kirjat<\/p>\n<p><strong>Paloheimo: <\/strong>Tirlittan<\/p>\n<p><strong>Polva: <\/strong>Tiina-kirjat<\/p>\n<p><strong>Travers: <\/strong>Maija Poppanen<\/p>\n<p><strong>\u00a0<\/strong><\/p>\n<p><strong>Sekalaista s\u00e4pin\u00e4\u00e4<\/strong><\/p>\n<p><strong>Ahti:<\/strong> Hikisukka Hirmuinen<strong> TAI<\/strong> Kural\u00e4t\u00e4k\u00f6n kummitus<\/p>\n<p><strong>Boyer:<\/strong> Zeus mahtava, Kultaisen Kirpun teht\u00e4v\u00e4<strong> TAI<\/strong> Synk\u00e4n sarvip\u00e4\u00e4n sokkelo<\/p>\n<p><strong>Brinck:<\/strong> Musse ja Helium -sarjan kirjat<\/p>\n<p><strong>Camerini: <\/strong>Gretan tarina<\/p>\n<p><strong>Chanfreau:<\/strong> Kirahvin syd\u00e4n on tavattoman suuri<\/p>\n<p><strong>Gravell:<\/strong> Olga-sarja<\/p>\n<p><strong>Hurme:<\/strong> V\u00e4rikk\u00e4\u00e4t-sarja<\/p>\n<p><strong>Kaarla: <\/strong>Arttu Tirttu -kirjat<\/p>\n<p><strong>Kolu: <\/strong>Me Rosvolat \u2013sarja <strong>TAI <\/strong>Taika Taksinen \u2013sarja<\/p>\n<p><strong>Koskinen: <\/strong>Haavekauppias <strong>TAI <\/strong>muut Koskisen kirjat<\/p>\n<p><strong>Koskinen: <\/strong>Benjamin Hawk \u2013merirosvosarja<\/p>\n<p><strong>Liitsola: <\/strong>Kajo, Kuunvalo ja Kolmikolkka<\/p>\n<p><strong>Lipasti: <\/strong>Viikinkisolmu <strong>TAI <\/strong>muut Lipastin kirjat<\/p>\n<p><strong>O&#8217;Connell:<\/strong> Karkkitehtaan kummitus TAI Kivij\u00e4tin kosto<\/p>\n<p><strong>Parvela &amp; Sortland:<\/strong> Kepler62-sarja<\/p>\n<p><strong>Reeve: <\/strong>Oliver ja meriperuukit<\/p>\n<p><strong>Stewner:<\/strong> Meren kutsu<strong> TAI<\/strong> Meren v\u00e4rit<\/p>\n<p><strong>V\u00e5hlund:<\/strong> K\u00e4sikirja supersankareille -sarja<\/p>\n<p><strong>\u00a0<\/strong><\/p>\n<p><strong>Tietokirja<\/strong><\/p>\n<p>Vapaavalintainen<\/p>\n<p>Kirjaston henkil\u00f6kunnalta voi pyyt\u00e4\u00e4 valitsemisapua<\/p>\n<p>&nbsp;<\/p>\n","protected":false},"excerpt":{"rendered":"<p>LOISTOLUKIJA KIRJALISTA NELJ\u00c4SLUOKKALAISILLE Diplomiin luetaan kuusi kirjaa J\u00e4nnitysjutut Arcanjo: Varkaiden  [&#8230;]<\/p>\n","protected":false},"author":5,"featured_media":0,"parent":28,"menu_order":0,"comment_status":"closed","ping_status":"closed","template":"","meta":{"footnotes":""},"class_list":["post-36","page","type-page","status-publish","hentry"],"jetpack_sharing_enabled":true,"publishpress_future_action":{"enabled":false,"date":"2026-05-06 14:51:19","action":"change-status","newStatus":"draft","terms":[],"taxonomy":"","extraData":[]},"publishpress_future_workflow_manual_trigger":{"enabledWorkflows":[]},"_links":{"self":[{"href":"https:\/\/koski.fi\/kirjasto\/wp-json\/wp\/v2\/pages\/36","targetHints":{"allow":["GET"]}}],"collection":[{"href":"https:\/\/koski.fi\/kirjasto\/wp-json\/wp\/v2\/pages"}],"about":[{"href":"https:\/\/koski.fi\/kirjasto\/wp-json\/wp\/v2\/types\/page"}],"author":[{"embeddable":true,"href":"https:\/\/koski.fi\/kirjasto\/wp-json\/wp\/v2\/users\/5"}],"replies":[{"embeddable":true,"href":"https:\/\/koski.fi\/kirjasto\/wp-json\/wp\/v2\/comments?post=36"}],"version-history":[{"count":11,"href":"https:\/\/koski.fi\/kirjasto\/wp-json\/wp\/v2\/pages\/36\/revisions"}],"predecessor-version":[{"id":1400,"href":"https:\/\/koski.fi\/kirjasto\/wp-json\/wp\/v2\/pages\/36\/revisions\/1400"}],"up":[{"embeddable":true,"href":"https:\/\/koski.fi\/kirjasto\/wp-json\/wp\/v2\/pages\/28"}],"wp:attachment":[{"href":"https:\/\/koski.fi\/kirjasto\/wp-json\/wp\/v2\/media?parent=36"}],"curies":[{"name":"wp","href":"https:\/\/api.w.org\/{rel}","templated":true}]}}