{"id":34,"date":"2018-02-21T09:50:45","date_gmt":"2018-02-21T07:50:45","guid":{"rendered":"http:\/\/koski.fi\/kirjasto\/?page_id=34"},"modified":"2024-08-14T16:54:30","modified_gmt":"2024-08-14T13:54:30","slug":"luokka-3","status":"publish","type":"page","link":"https:\/\/koski.fi\/kirjasto\/loistava-lukija\/luokka-3\/","title":{"rendered":"Luokka 3"},"content":{"rendered":"<p class=\"Default\"><strong>LOISTOLUKIJA KIRJALISTA KOLMOSLUOKKALAISILLE<br \/>\n<\/strong><\/p>\n<p class=\"Default\"><strong>Diplomiin luetaan kuusi kirjaa<\/strong><\/p>\n<p><strong>Kuvakirjat<\/strong><\/p>\n<p><strong>Birck: <\/strong>Sara ja Takku -kirjat<\/p>\n<p><strong>Helm<\/strong>: 101 monsteria ja kaikki mit\u00e4 olet ikin\u00e4 halunnut niist\u00e4 tiet\u00e4\u00e4<\/p>\n<p><strong>Kanto<\/strong>: Viisi villi\u00e4 Virtasta \u2013sarja<\/p>\n<p><strong>Katajavuori: <\/strong>Menn\u00e4\u00e4n jo naapuriin <strong>TAI <\/strong>muut Katajavuoren kuvakirjat<\/p>\n<p><strong>Kirkkopelto: <\/strong>Molli <strong>TAI <\/strong>muut kirjailijan kirjat<\/p>\n<p><strong>Korolainen<\/strong>: Kissa Killi \u2013kirjat<\/p>\n<p><strong>Kuhlmann: <\/strong>Edison: kadonneen hiiriaarteen arvoitus<\/p>\n<p><strong>Kunnas<\/strong>: Koiram\u00e4en lapset kaupungissa <strong>TAI <\/strong>muut Kunnaksen kirjat<\/p>\n<p><strong>Lappalainen:<\/strong> Ihmeellinen Minna ja suomalaiset supernaiset<\/p>\n<p><strong>Lewis<\/strong>: Poika joka uneksi lohik\u00e4\u00e4rmeit\u00e4<\/p>\n<p>Lipasti: Kopterijengi T-RX -sarjan kirjat<\/p>\n<p><strong>Liukas: <\/strong>Hello Ruby \u2013sarja (ks. luokka 61.3)<\/p>\n<p><strong>Meretoja: <\/strong>Pullervo: Suuri kirja saimaannorpasta (ks. luokka 58)<\/p>\n<p><strong>Reittu:<\/strong> Yst\u00e4v\u00e4ni Pulla Vehn\u00e4nen ja muut sarjan kirjat<\/p>\n<p><strong>Ruohonen<\/strong>: Konkkaronkka<\/p>\n<p><strong>Savtchenko<\/strong>: Puolikas<\/p>\n<p><strong>Stansbie<\/strong>: Pieni p\u00f6ll\u00f6 uskaltaa<\/p>\n<p><strong>Ter\u00e4s:<\/strong> Myyr\u00e4 joka katsoi kuuta<\/p>\n<p><strong>Vainio:<\/strong> Reino saa siivet<\/p>\n<p>&nbsp;<\/p>\n<p><strong>J\u00e4nnitysjutut <\/strong><\/p>\n<p><strong>Bagge: <\/strong>Elsan ja Elmerin etsiv\u00e4toimisto -sarjan kirjat<\/p>\n<p><strong>Hai: <\/strong>Kurnivamahainen kissa<\/p>\n<p><strong>Hautala:<\/strong> Lauri Luu ja kirjaston muumio <strong>TAI<\/strong> Lauri Luu ja riivattu lukukoira<\/p>\n<p><strong>Horst: <\/strong>Etsiv\u00e4kaksikko-sarjan kirjat<\/p>\n<p><strong>Hulkko:<\/strong> Geoetsiv\u00e4t -sarja<\/p>\n<p><strong>Jansson<\/strong>: Emil Wern tutkii \u2013sarjan kirjat<\/p>\n<p><strong>Kontinen<\/strong>: Satujen saaret -sarja<\/p>\n<p><strong>Koskinen:<\/strong> Mysteerijengi-kirjat<\/p>\n<p><strong>Lapidus: <\/strong>Museokeikka <strong>TAI<\/strong> muut Tillil\u00e4n liiga \u2013sarjan kirjat<\/p>\n<p><strong>Montefiore: <\/strong>Lontoon kuninkaalliset kanit -sarja<\/p>\n<p><strong>M\u00e4kip\u00e4\u00e4:<\/strong> Etsiv\u00e4kerho Hurrikaani \u2013sarja<\/p>\n<p><strong>Nurmi:<\/strong> Etsiv\u00e4kaverit-sarja<\/p>\n<p><strong>Portin:<\/strong> Radio Popov<\/p>\n<p><strong>Reider:<\/strong> Komisario Tassu -kirjat<\/p>\n<p><b>Simukka: <\/b>Poika ullakolla, poika kellarissa<\/p>\n<p><strong>Troll: <\/strong>Mestarietsiv\u00e4 Peppunen -sarja<\/p>\n<p><strong>Veirto: <\/strong>Henkka &amp; Kivimutka-sarja<\/p>\n<p><strong>Widmark<\/strong>: Lasse-Maijan etsiv\u00e4toimisto -sarja<\/p>\n<p>&nbsp;<\/p>\n<p><strong>El\u00e4inyst\u00e4v\u00e4t<\/strong><\/p>\n<p><strong>Alongi<\/strong>: Hevoskallion kuiskaajat -sarja<\/p>\n<p><strong>Auer: <\/strong>Maagisten el\u00e4inten koulu -sarja<\/p>\n<p><strong>Bond:<\/strong> Olga da Polga<\/p>\n<p><strong>Brause: <\/strong>Aavikon el\u00e4imet \u2013 Suuressa kaupungissa<\/p>\n<p><strong>Hallberg: <\/strong>Eppu \u2013sarja (hevoset)<\/p>\n<p><strong>Hallberg: <\/strong>Sinttu-sarja (hevoset)<\/p>\n<p><strong>Halvarsson: <\/strong>T\u00e4pl\u00e4 -sarjan kirjat<\/p>\n<p><strong>Hel\u00e9n<\/strong>: Rambon talli -sarja<\/p>\n<p><strong>Hunter: <\/strong>Soturikissat-sarja (fantasia) <strong>TAI<\/strong> muut kirjailijan el\u00e4insarjat<\/p>\n<p><strong>Jalo, Marvi ja Merja: <\/strong>Tuulitamma <strong>TAI<\/strong> muut n\u00e4iden kirjailijoiden hevoskirjat<\/p>\n<p><strong>Jalo, Merja:<\/strong>\u00a0Onnenkepparit-sarja<\/p>\n<p><strong>Jalo, Merja<\/strong>: Jesse l\u00f6yt\u00f6koira <strong>TAI<\/strong> muut Koiratyt\u00f6t-sarjan kirjat<\/p>\n<p><strong>Kaarla: <\/strong>T\u00e4\u00e4lt\u00e4 tullaan, lemmikit! <strong>TAI<\/strong> muut sarjan kirjat<\/p>\n<p><strong>Kaskela:<\/strong> Kuin viimeist\u00e4 p\u00e4iv\u00e4\u00e4<\/p>\n<p><strong>Kolb:<\/strong> Kaurajengi-kirjat<\/p>\n<p><strong>Lukkarila:<\/strong> Kerrostaloponi Kemppainen<strong> TAI<\/strong> Super-someponi Kemppainen<\/p>\n<p><strong>Niemel\u00e4: <\/strong>Uljas ja surullinen Sandra <strong>TAI<\/strong> muut sarjan kirjat<\/p>\n<p><strong>Venho:<\/strong>\u00a0Opossumi repussa\u00a0<strong>TAI\u00a0<\/strong>muut sarjan kirjat<\/p>\n<p><strong>Waris: <\/strong>P\u00e4ssit pullakahveilla <strong>TAI <\/strong>muut Olafin pentup\u00e4iv\u00e4kirjat-sarjan kirjat<\/p>\n<p><strong>Webb: <\/strong>Misu tahtoo yst\u00e4v\u00e4n <strong>TAI <\/strong>muut Webbin kirjat<\/p>\n<p>&nbsp;<\/p>\n<p><strong>Uskomaton juttu! Satua ja fantasiaa<\/strong><\/p>\n<p><strong>C. Andersenin<\/strong> satukuvakirjat<\/p>\n<p><strong>Bird: <\/strong>Yrme\u00e4 yksisarvinen -sarjan kirjat<\/p>\n<p><strong>Davidson: <\/strong>Rohkeiden tytt\u00f6jen satukirja (lue ainakin 2 satua)<\/p>\n<p><strong>Erlandsson: <\/strong>Y\u00f6juna <strong>TAI<\/strong> muut kirjailijan kirjat<\/p>\n<p><strong>Grahn:<\/strong> Pomenia-sarja<\/p>\n<p><strong>Happonen:<\/strong> Mur ja mets\u00e4n ilta<\/p>\n<p><strong>Hyt\u00f6nen: <\/strong>\u00d6t\u00f6kk\u00e4maan talvi<\/p>\n<p><b>Kallioniemi: <\/b>J\u00e4niksenpapanapolku : iloisia satuja<\/p>\n<p><strong>Koivisto: <\/strong>Baletin t\u00e4hti (ks. lk 77.32)<\/p>\n<p><strong>Muncaster: <\/strong>Isadora Kuu -sarja<\/p>\n<p><strong>Potter<\/strong>: Petteri Kaniinin satumaailma <strong>TAI<\/strong> muut Potterin kirjat (satuhylly)<\/p>\n<p><strong>Reeve<\/strong>: Legenda Kevinist\u00e4<\/p>\n<p><strong>Rowling: <\/strong>Harry Potter -sarja<\/p>\n<p><strong>Tammen kultaiset sadut<\/strong> (valitse ja lue ainakin 5 satua kirjasta) (satuhylly)<\/p>\n<p><strong>Tolonen: <\/strong>M\u00f6rk\u00f6vahti <strong>TAI<\/strong> muut sarjan kirjat<\/p>\n<p>&nbsp;<\/p>\n<p><strong>Kisoja ja kavereita<\/strong><\/p>\n<p><strong>Anrell: <\/strong>Zlatan on t\u00e4hti <strong>TAI<\/strong> muut Futisjunnu-sarjan kirjat<\/p>\n<p><strong>Badger:<\/strong> Go girl -sarja<\/p>\n<p><strong>Barrows: <\/strong>Isa ja Bea -sarja<\/p>\n<p><strong>Er\u00e4puro: <\/strong>Hili &amp; Ola ja mahdoton Mauri<\/p>\n<p><strong>Hakalahti: <\/strong>Tuukka Omar ja minilapset <strong>TAI<\/strong> muut sarjan kirjat<\/p>\n<p><strong>Kuutti<\/strong>: Onnenpotku-sarja<\/p>\n<p><strong>Lagercrantz: <\/strong>Dunne-sarja<\/p>\n<p><strong>Lindeberg:<\/strong> Lumi Azharian yll\u00e4<\/p>\n<p><strong>Lindgren:<\/strong> Melukyl\u00e4n lapset <strong>TAI <\/strong>muut Lindgrenin kirjat<\/p>\n<p><strong>Madeleine:<\/strong> Stella ja salaisuus<\/p>\n<p><strong>Paasto: <\/strong>Anni kaverinkesytt\u00e4j\u00e4 -sarja<\/p>\n<p><strong>Palviainen:<\/strong> Allu-sarjan kirjat<\/p>\n<p><strong>Parvela<\/strong>: Ella-sarja<\/p>\n<p><strong>Veirto:\u00a0<\/strong>Kyl\u00e4kaukalon lupaus\u00a0<strong>TAI\u00a0<\/strong>muut T\u00e4htiketju-sarjan kirjat<\/p>\n<p><strong>Walliams: <\/strong>Keskiy\u00f6n jengi <strong>TAI <\/strong>muut Walliamsin lastenkirjat<\/p>\n<p>&nbsp;<\/p>\n<p><strong>Runot <\/strong>(Etsi runohyllyst\u00e4! Luokka 82.2)<\/p>\n<p><strong>Aho: <\/strong>T\u00e4htienlaskijan runoja<\/p>\n<p><strong>Dahl: <\/strong>Elukat<\/p>\n<p><strong>Huovi<\/strong>: Ihme juttu <strong>TAI<\/strong> muut kirjailijan runokirjat<\/p>\n<p><strong>Itkonen: <\/strong>Tiira tiiraa tiiraa <strong>TAI<\/strong> muut Itkosen runokirjat<\/p>\n<p><strong>Korolainen<\/strong>: Leijona se venytteli <strong>TAI <\/strong>muut Korolaisen runokirjat<\/p>\n<p><strong>Kynsij\u00e4rvi<\/strong>: Loruja kotiel\u00e4imist\u00e4 <strong>TAI<\/strong> muut Kynsij\u00e4rven lorukirjat<\/p>\n<p><strong>Laaksonen: <\/strong>Aapine tai Ykk\u00f6ne<\/p>\n<p><strong>Puhakka: <\/strong>Hei, hommiin!<\/p>\n<p><strong>Ruohonen<\/strong>: Tippukivitapaus <strong>TAI <\/strong>muut Ruohosen lorukirjat<\/p>\n<p><strong>V\u00e4\u00e4t\u00e4inen: <\/strong>Maatilan runoja<\/p>\n<p>&nbsp;<\/p>\n<p><strong>Hauskat tapaukset<\/strong><\/p>\n<p><strong>Anderson: <\/strong>Amelia Kulmuri -sarja<\/p>\n<p><strong>Anderson:<\/strong> Sateenkaari Harmaa -sarja<\/p>\n<p><strong>Campbell: <\/strong>Hullunhauskat lemmikit<\/p>\n<p><strong>Cantini: <\/strong>Mortina-sarja<\/p>\n<p><strong>Gravel: <\/strong>Olga: Avaruus kutsuu <strong>TAI<\/strong> muut sarjan kirjat<\/p>\n<p><strong>Griffiths: <\/strong>Maailman paras puumaja, 13 kerrosta <strong>TAI<\/strong> muut sarjan kirjat<\/p>\n<p><strong>Kaarniranta: <\/strong>Supertavis-sarja<\/p>\n<p><strong>Kalajoki<\/strong>: Almus-sarja<\/p>\n<p><strong>Kallioniemi<\/strong>: H\u00e4ss\u00e4kk\u00e4\u00e4 ja h\u00e4t\u00e4housuja <strong>TAI<\/strong> muut Reuhurinne-kirjat<\/p>\n<p><strong>Kivir\u00e4hk: <\/strong>Kun Musti muni Mummon <strong>TAI <\/strong>Koiranne alkaa kohta kukkia<\/p>\n<p><strong>K\u00e4nk\u00e4nen:<\/strong> Apo Apponen -kirjat (kuvakirjat)<\/p>\n<p><strong>Lampela:<\/strong> Supernolo supersankari<\/p>\n<p><strong>Lipasti:<\/strong> Rudolf Rosvo koulussa <strong>TAI<\/strong> Rudolf Rosvo ja hirve\u00e4 suku<\/p>\n<p><strong>Nopola: <\/strong>Risto R\u00e4pp\u00e4\u00e4j\u00e4 -sarja <strong>TAI <\/strong>Hein\u00e4hattu ja Vilttitossu -sarja<\/p>\n<p><strong>Noronen: <\/strong>Hulluja satuja tai muut sarjan kirjat<\/p>\n<p><strong>Noronen: <\/strong>Supermarsu-sarja<\/p>\n<p><strong>Parvela: <\/strong>Ella-sarja<\/p>\n<p><strong>Parvela: <\/strong>Paten aikakirjat <strong>TAI<\/strong> muut Pate-sarjan kirjat<\/p>\n<p><strong>Percival:<\/strong> Satujen sankarit -kirja<\/p>\n<p><strong>Pilkey<\/strong>: Kapteeni Kalsari \u2013sarja<\/p>\n<p><strong>Platt:<\/strong> Huippuh\u00e4sl\u00e4rit-sarja<\/p>\n<p><strong>Riddel:<\/strong> Ottilia-sarja<\/p>\n<p><strong>Salmi: <\/strong>Puluboi ja Poni \u2013kirjat<\/p>\n<p><strong>Schumacher<\/strong>: Kirottu kirja : p\u00e4\u00e4st\u00e4k\u00e4\u00e4 minut pois t\u00e4\u00e4lt\u00e4!<\/p>\n<p><b>Shireen: <\/b>Outomets\u00e4-kirjat<\/p>\n<p>&nbsp;<\/p>\n<p><strong>Sarjakuvat <\/strong><\/p>\n<p><strong>Adolfsson: <\/strong>Sarjakuvamysteerit-sarja (Lasse-Maijan etsiv\u00e4toimisto)<\/p>\n<p><strong>Dahlgren<\/strong>: Sielunratsastajat-sarja<\/p>\n<p><strong>Lemire<\/strong>: Mira-sarjakuvat<\/p>\n<p><strong>Michiyo: <\/strong>Navi Luna (manga)<\/p>\n<p><strong>Pilkey: <\/strong>Koiramies-sarjakuvat<\/p>\n<p><strong>Tatsuyama<\/strong>: Kirjeit\u00e4 koirien maasta (manga)<\/p>\n<p><strong>Wieslander: <\/strong>Mimmi Lehm\u00e4 ja Varis \u2013sarjakuvat<\/p>\n<p>&nbsp;<\/p>\n<p><strong>Ullakon aarteet<\/strong><\/p>\n<p><strong>Blyton: <\/strong>SOS-sarja<strong> TAI<\/strong> muut Blytonin kirjat<\/p>\n<p><strong>Carroll: <\/strong>Liisan seikkailut ihmemaassa<\/p>\n<p><strong>Egner<\/strong>: Kolme iloista rosvoa<\/p>\n<p><strong>Karjalainen: <\/strong>Uppo-Nalle -sarja<\/p>\n<p><strong>Kurenniemi: <\/strong>Onneli ja Anneli \u2013sarja<strong> TAI <\/strong>Putti \u2013kirjat<\/p>\n<p><strong>Lindgren: <\/strong>Meid\u00e4n Marikki ja Liisa <strong>TAI<\/strong> muut kirjailijan kirjat<\/p>\n<p><strong>Milne:<\/strong> Nalle Puh<\/p>\n<p><strong>Somersalo: <\/strong>Mestaritontun seikkailut<\/p>\n<p><strong>Uspenski: <\/strong>Fedja-set\u00e4, kissa ja koira <strong>TAI<\/strong> muut kirjailijan kirjat<\/p>\n<p>&nbsp;<\/p>\n<p><strong>Sekalaista s\u00e4pin\u00e4\u00e4<\/strong><\/p>\n<p><strong>Ahti<\/strong>: Hikisukka hirmunen <strong>TAI<\/strong> Kural\u00e4t\u00e4k\u00f6n kummitus<\/p>\n<p><strong>Brinck: <\/strong>Musse ja Helium -sarjan kirjat<\/p>\n<p><strong>Fendrich: <\/strong>J\u00e4nnitt\u00e4v\u00e4 aarrejahti <strong>TAI<\/strong> muut Nuoli-kilpa-autokirjat<\/p>\n<p><strong>Kaarla: <\/strong>Arttu Tirttu<\/p>\n<p><strong>Kujanp\u00e4\u00e4: <\/strong>102 askelta mummilaan<\/p>\n<p><strong>Lampela: <\/strong>Prinsessa Pikkiriikki -sarja<\/p>\n<p><strong>Parvela &amp; Sortland:<\/strong> Kepler62-sarja<\/p>\n<p><strong>Rahkola:<\/strong> Sukka sininene ja pyykkip\u00e4iv\u00e4n katoamistemppu<\/p>\n<p><strong>Reeve: <\/strong>Astra ja avaruuskakut<\/p>\n<p><strong>Veirto: <\/strong>Mestarietsiv\u00e4 Mato Valkonen -sarja<\/p>\n<p><strong>V\u00e5hlund:<\/strong> K\u00e4sikirja supersankareille -sarja<\/p>\n<p><strong>\u00a0<\/strong><\/p>\n<p><strong>Kaikki Punainen ja keltainen banaani <\/strong>-sarjojen kirjat<\/p>\n<p><strong>kaikki<\/strong> <strong>Hypp\u00e4\u00e4 kirjan kyytiin <\/strong>\u2013sarjan kirjat<\/p>\n<p><strong>Kaikki Kirjak\u00e4rp\u00e4nen <\/strong>\u2013sarjan kirjat<\/p>\n<p><strong>Kaikki Lukupiraatti <\/strong>\u2013sarjan kirjat<\/p>\n<p>&nbsp;<\/p>\n<p><strong>Tietokirja<\/strong><\/p>\n<p>Vapaavalintainen, opettajan luvalla<\/p>\n","protected":false},"excerpt":{"rendered":"<p>LOISTOLUKIJA KIRJALISTA KOLMOSLUOKKALAISILLE Diplomiin luetaan kuusi kirjaa Kuvakirjat Birck: Sara  [&#8230;]<\/p>\n","protected":false},"author":5,"featured_media":0,"parent":28,"menu_order":0,"comment_status":"closed","ping_status":"closed","template":"","meta":{"footnotes":""},"class_list":["post-34","page","type-page","status-publish","hentry"],"jetpack_sharing_enabled":true,"publishpress_future_action":{"enabled":false,"date":"2026-04-23 15:32:53","action":"change-status","newStatus":"draft","terms":[],"taxonomy":"","extraData":[]},"publishpress_future_workflow_manual_trigger":{"enabledWorkflows":[]},"_links":{"self":[{"href":"https:\/\/koski.fi\/kirjasto\/wp-json\/wp\/v2\/pages\/34","targetHints":{"allow":["GET"]}}],"collection":[{"href":"https:\/\/koski.fi\/kirjasto\/wp-json\/wp\/v2\/pages"}],"about":[{"href":"https:\/\/koski.fi\/kirjasto\/wp-json\/wp\/v2\/types\/page"}],"author":[{"embeddable":true,"href":"https:\/\/koski.fi\/kirjasto\/wp-json\/wp\/v2\/users\/5"}],"replies":[{"embeddable":true,"href":"https:\/\/koski.fi\/kirjasto\/wp-json\/wp\/v2\/comments?post=34"}],"version-history":[{"count":11,"href":"https:\/\/koski.fi\/kirjasto\/wp-json\/wp\/v2\/pages\/34\/revisions"}],"predecessor-version":[{"id":1267,"href":"https:\/\/koski.fi\/kirjasto\/wp-json\/wp\/v2\/pages\/34\/revisions\/1267"}],"up":[{"embeddable":true,"href":"https:\/\/koski.fi\/kirjasto\/wp-json\/wp\/v2\/pages\/28"}],"wp:attachment":[{"href":"https:\/\/koski.fi\/kirjasto\/wp-json\/wp\/v2\/media?parent=34"}],"curies":[{"name":"wp","href":"https:\/\/api.w.org\/{rel}","templated":true}]}} 