{"id":32,"date":"2018-02-21T09:50:08","date_gmt":"2018-02-21T07:50:08","guid":{"rendered":"http:\/\/koski.fi\/kirjasto\/?page_id=32"},"modified":"2024-08-14T16:05:36","modified_gmt":"2024-08-14T13:05:36","slug":"luokka-2","status":"publish","type":"page","link":"https:\/\/koski.fi\/kirjasto\/loistava-lukija\/luokka-2\/","title":{"rendered":"Luokka 2"},"content":{"rendered":"<div class=\"leipa\">\n<p class=\"Default\"><strong>LOISTOLUKIJA KIRJALISTA TOKALUOKKALAISILLE<br \/>\n<\/strong><\/p>\n<p class=\"Default\"><strong>Diplomiin luetaan kuusi kirjaa:<\/strong><\/p>\n<p><strong>Kuvakirjat <\/strong><\/p>\n<p><strong>Aittokoski: <\/strong>Pikkuli-kirjat<\/p>\n<p><strong>Anholt: <\/strong>Yst\u00e4v\u00e4t ymp\u00e4ri maailman <strong>TAI <\/strong>muut Anholtin kuvakirjat<\/p>\n<p><strong>Brinck<\/strong>: Musse ja Helium : aika nukkua<\/p>\n<p><strong>Dahle: <\/strong>Mansikkahaltijatar-sarja<\/p>\n<p><strong>Erfving: <\/strong>Roskakasa<\/p>\n<p><strong>Flygare: <\/strong>Putti-sarja<\/p>\n<p><strong>Havukainen<\/strong>: Tatu ja Patu -kirjat<\/p>\n<p><strong>Helm<\/strong>: 101 monsteria ja kaikki mit\u00e4 olet ikin\u00e4 halunnut niist\u00e4 tiet\u00e4\u00e4<\/p>\n<p><strong>Hyp\u00e9n: <\/strong>Veikka-kuvakirjat<\/p>\n<p><strong>Kanto<\/strong>: Viisi villi\u00e4 Virtasta -sarja<\/p>\n<p><strong>Katajavuori: <\/strong>Kaksi kotia<\/p>\n<p><strong>Kirkkopelto<\/strong>: Piki ja villi vekotin<\/p>\n<p><strong>Korolainen:<\/strong> Kissa Killi -kirjat<\/p>\n<p><strong>Kunnas: <\/strong>Herra Hakkarainen kyl\u00e4ilee <strong>TAI <\/strong>muut Kunnaksen kuvakirjat<\/p>\n<p><strong>K\u00e4nk\u00e4nen:<\/strong> Apo Apponen -kirjat (kuvakirjat)<\/p>\n<p><strong>Lappalainen: <\/strong>Ihmeellinen Minna ja suomalaiset supernaiset<\/p>\n<p><strong>Lewis<\/strong>: Poika, joka uneksi lohik\u00e4\u00e4rmeit\u00e4<\/p>\n<p><strong>Lipasti<\/strong>: Kopterijengi T-RX -sarja<\/p>\n<p><strong>M\u00e6hle: <\/strong>Hirmuliskojengi uimassa kirjat <strong>TAI <\/strong>muut kirjailijan kirjat<\/p>\n<p><strong>Nopola<\/strong>: Siiri \u2013sarjan kirjat <strong>TAI<\/strong> Rauhallinen Erkki \u2013 sarjan kirjat<\/p>\n<p><strong>Nordqvist<\/strong>: Viiru ja Pesonen -kirjat<\/p>\n<p><strong>Partanen<\/strong>: Mummi v\u00e4rik\u00e4s<\/p>\n<p><strong>Reittu<\/strong>: Yst\u00e4v\u00e4ni Pulla Vehn\u00e4nen ja sarjan muut kirjat<\/p>\n<p><strong>Ruohonen<\/strong>: Konkkaronkka<\/p>\n<p><strong>Ruuska: <\/strong>Elsa ja Lauri matkustavat <strong>TAI<\/strong> muut sarjan kirjat<\/p>\n<p><strong>Savtchenko<\/strong>: Puolikas<\/p>\n<p><strong>Silvander-Rosti<\/strong>: Sulon ja elsin mummo karkuteill\u00e4<\/p>\n<p><b>Stansbie: <\/b>Pieni p\u00f6ll\u00f6 uskaltaa<\/p>\n<p><strong>Ter\u00e4s<\/strong>: Myyr\u00e4 joka katsoi kuuta<\/p>\n<p><strong>Walliams:<\/strong> Koulussa on k\u00e4\u00e4rme!<\/p>\n<p>&nbsp;<\/p>\n<p><strong>J\u00e4nnitysjutut<\/strong><\/p>\n<p><strong>Bagge: <\/strong>Elsan etsiv\u00e4toimisto-sarjan kirjat<\/p>\n<p><strong>Hai: <\/strong>Kurnivamahainen kissa<\/p>\n<p><strong>Hautala<\/strong>: Lauri Luu ja kirjaston muumio<strong> TAI<\/strong> Lauri Luu ja riivattu lukukoira<\/p>\n<p><strong>Horst: <\/strong>Etsiv\u00e4kaksikko-kirjat<\/p>\n<p><strong>Jansson: <\/strong>Merirosvosaari <strong>TAI<\/strong> muut Emil Wern -sarjan kirjat<\/p>\n<p><strong>Lipasti:<\/strong> Aavepartio-sarja<\/p>\n<p><strong>M\u00e4kip\u00e4\u00e4<\/strong>: Etsiv\u00e4kerho Hurrikaani -sarjan kirjat<\/p>\n<p><strong>Noronen: <\/strong>Y\u00f6koulu-kirjat<\/p>\n<p><strong>Peltoniemi:<\/strong> Ihmetytt\u00f6<\/p>\n<p><strong>Reider<\/strong>: Komisario Tassu -sarja<\/p>\n<p><strong>Savisaari: <\/strong>Ponku, Peetu ja totuuskone <strong>TAI<\/strong> muut sarjan kirjat<\/p>\n<p><strong>Troll: <\/strong>Mestarietsiv\u00e4 Peppunen -sarja<\/p>\n<p><strong>Widmark<\/strong>: Lasse-Maijan etsiv\u00e4toimisto -sarjan kirjat<\/p>\n<p>&nbsp;<\/p>\n<p><strong>El\u00e4inyst\u00e4v\u00e4t<\/strong><\/p>\n<p><strong>Cronin: <\/strong>Tipujengi-sarja<\/p>\n<p><strong>Gough: <\/strong>Karhu ja kaniini -sarja<\/p>\n<p><strong>Hallberg: <\/strong>Eppu -sarjan kirjat<\/p>\n<p><strong>Hallberg: <\/strong>Sinttu-kirjat<\/p>\n<p><strong>Halvarsson: <\/strong>T\u00e4pl\u00e4-sarjan kirjat<\/p>\n<p><strong>Harrison: <\/strong>Kisu ja tiikeriaarre <strong>TAI<\/strong> muut sarjan kirjat<\/p>\n<p><strong>Jalo: <\/strong>Onnenkepparit-sarja<\/p>\n<p><strong>Kaskela:<\/strong> Kuin viimeist\u00e4 p\u00e4iv\u00e4\u00e4<\/p>\n<p><strong>Kolb:<\/strong> Kaurajengi-sarja<\/p>\n<p><strong>Kuronen:<\/strong> Otson syksy<\/p>\n<p><strong>Marttinen<\/strong>: Aada ja j\u00e4\u00e4karhu -sarja<\/p>\n<p><strong>Niemel\u00e4: <\/strong>Uljas ja surullinen Sandra <strong>TAI <\/strong>muut kirjailijan hevoskirjat<\/p>\n<p><strong>Stewner: <\/strong>Liliane Etel\u00e4tuuli \u2013sarja<\/p>\n<p><strong>Waris: <\/strong>Olafin pentup\u00e4iv\u00e4kirjat -sarjan kirjat<\/p>\n<p><strong>Webb: <\/strong>Pelokas pikku N\u00f6p\u00f6 <strong>TAI <\/strong>muut Webbin kirjat<\/p>\n<p><strong>Venho:<\/strong> Opossumi repussa <strong>TAI <\/strong>muut sarjan kirjat<\/p>\n<p>&nbsp;<\/p>\n<p><strong>Sadut <\/strong><\/p>\n<p><strong>Grimm: <\/strong>Grimmin el\u00e4insatuja<\/p>\n<p><strong>Happonen:<\/strong> Mur ja mets\u00e4n ilta<\/p>\n<p><strong>Hyt\u00f6nen:<\/strong> \u00d6t\u00f6kk\u00e4maan tarinat <strong>TAI<\/strong> \u00d6t\u00f6kk\u00e4maan talvi<\/p>\n<p><strong>Kallioniemi<\/strong>: J\u00e4niksenpapanapolku : iloisia satuja<\/p>\n<p><strong>Lindeberg:<\/strong> Lumi Azharian yll\u00e4<\/p>\n<p>&nbsp;<\/p>\n<p><strong>Kisoja ja kavereita<\/strong><\/p>\n<p><strong>Allert: <\/strong>Dana oppii ratsastamaan <strong>TAI<\/strong> muut Prinsessakoulu-kirjat<\/p>\n<p><strong>Anrell: <\/strong>Messi on mahtava<strong> TAI <\/strong>muut Futisjunnut-sarjan kirjat<\/p>\n<p><strong>Badger:<\/strong> Go girl -sarja<\/p>\n<p><strong>Hulkko:<\/strong> Seikkailijat Ruusu ja S\u00e4de<\/p>\n<p><strong>Kaarla: <\/strong>Arttu Tirttu<\/p>\n<p><strong>Lagercrantz: <\/strong>Dunne-sarjan kirjat<\/p>\n<p><strong>Lipasti: <\/strong>L\u00e4tk\u00e4-Lauri-sarja<\/p>\n<p><strong>Marttinen: <\/strong>Puhuva Muumio <strong>TAI <\/strong>muut Enn\u00e4tyskerho-kirjat<\/p>\n<p><strong>Palviainen: <\/strong>Allu-sarjan kirjat<\/p>\n<p><strong>Viherjuuri: <\/strong>Hilja-sarja<\/p>\n<p>&nbsp;<\/p>\n<p><strong>Runot <\/strong><\/p>\n<p><strong>Dahl: <\/strong>Annok Iplik<\/p>\n<p><strong>Huovi: <\/strong>Hiiri mittaa maailmaa (Lue ainakin 20 lorua valintasi mukaan)<\/p>\n<p><strong>Itkonen<\/strong>: Kaupunkiretki<strong> TAI<\/strong> muut kirjailijan runokirjat<\/p>\n<p><strong>Kallio:<\/strong> V\u00e4lill\u00e4 olet varpuseni<\/p>\n<p><strong>Korolainen<\/strong>: Kissa kissa kissa <strong>TAI <\/strong>muut Korolaisen runokirjat<\/p>\n<p><strong>Kynsij\u00e4rvi<\/strong>: Loruja linnuista <strong>TAI<\/strong> muut Kynsij\u00e4rven lorukirjat<\/p>\n<p><strong>Laaksonen: <\/strong>Ykk\u00f6ne<\/p>\n<p><strong>Mander: <\/strong>Avain hukassa<\/p>\n<p><strong>Mariska: <\/strong>M\u00e4\u00e4t ja muut<\/p>\n<p><strong>Nuotio: <\/strong>Papupiilokas <strong>TAI<\/strong> muut Nuotion lorukirjat<\/p>\n<p>&nbsp;<\/p>\n<p><strong>Hauskat tapaukset <\/strong><\/p>\n<p><strong>Anderson: <\/strong>Amelia Kulmuri -sarja<\/p>\n<p><strong>Bird<\/strong>: Yrme\u00e4 yksisarvinen -sarja<\/p>\n<p><strong>Cantini: <\/strong>Mortina-sarja<\/p>\n<p><strong>Davidson: <\/strong>Mauno ja Mukamonsterit \u2013sarjan kirjat<\/p>\n<p><strong>Gutman<\/strong>: Kahjo kouluni \u2013sarjan kirjat<\/p>\n<p><strong>Kalajoki<\/strong>: Almus-sarja<\/p>\n<p><strong>Kallioniemi: <\/strong>Reuhurinne-kirjat<\/p>\n<p><strong>Kallioniemi: <\/strong>Ensiluokkaiset-sarja<\/p>\n<p><strong>Kivir\u00e4hk: <\/strong>Kun Musti muni mummon <strong>TAI<\/strong> Koiranne alkaa kohta kukkia<\/p>\n<p><strong>Lampela: <\/strong>Prinsessa Pikkiriikki \u2013sarja<\/p>\n<p><strong>Lipasti:<\/strong> Rudolf Rosvo koulussa<strong> TAI<\/strong> Rudolf Rosvo ja hirve\u00e4 suku<\/p>\n<p><strong>Marjam\u00e4ki:<\/strong> Nollis, maailman ainoa yksisarvinen<\/p>\n<p><strong>Muncaster:<\/strong> Isadora Kuu -sarja<\/p>\n<p><strong>Niemel\u00e4: <\/strong>J\u00e4ttikurlun arvoitus<\/p>\n<p><strong>Nopola<\/strong>: Hein\u00e4hattu ja Vilttitossu -sarja<\/p>\n<p><strong>Nopola<\/strong>: Risto R\u00e4pp\u00e4\u00e4j\u00e4 \u2013sarja<\/p>\n<p><strong>Noronen: <\/strong>Y\u00f6koulu-kirjat<\/p>\n<p><strong>Parvela: <\/strong>Pate-sarjan kirjat<\/p>\n<p><strong>Pilkey: <\/strong>Kapteeni Kalsari -kirjat<\/p>\n<p><strong>Salmi: <\/strong>Puluboi ja poni -kirjat<\/p>\n<p><strong>Smith: <\/strong>Kaarle-sarja<\/p>\n<p>&nbsp;<\/p>\n<p><strong>Ullakon aarteet<\/strong><\/p>\n<p><strong>Bagge: <\/strong>Urho-sarja (Kirjava kukko)<\/p>\n<p><strong>Huovi: <\/strong>Urpo ja Turpo \u00a0-kirjat<\/p>\n<p><strong>Karjalainen<\/strong>: Uppo-Nalle -kirjat<\/p>\n<p><strong>Knutsson: <\/strong>Pekka T\u00f6p\u00f6h\u00e4nt\u00e4 -kirjat<\/p>\n<p><strong>Kurenniemi: <\/strong>Onneli ja Anneli \u2013sarja<\/p>\n<p><strong>Lindgren: <\/strong>Eemeli ja Pikku-Idan metku <strong>TAI <\/strong>jokin muu Lindgrenin kirja<\/p>\n<p><strong>Mikkanen:<\/strong> Histamiini-sarja<\/p>\n<p>&nbsp;<\/p>\n<p><strong>Sekalaista s\u00e4pin\u00e4\u00e4<\/strong><\/p>\n<p><strong>Alm Dahlgren: <\/strong>Lemmikkijengi-sarja<\/p>\n<p><strong>Fendrich: <\/strong>Nuoli-kilpa-autokirjat<\/p>\n<p><strong>Haig: <\/strong>Totuuskeiju-kirjat<\/p>\n<p><strong>Rahkola:<\/strong> Sukka sininen ja pyykkip\u00e4iv\u00e4n katoamistemppu<\/p>\n<p><strong>Reeve: <\/strong>Astra ja avaruuskakut<\/p>\n<p><strong>Silvander-Rosti:<\/strong> Sulona ja Elsin uudet naapurit<\/p>\n<p><strong>Varjonen:<\/strong> voihan nen\u00e4 <strong>TAI<\/strong> Yll\u00e4ripyll\u00e4ri!<\/p>\n<p><strong>V\u00e5hlund: <\/strong>K\u00e4sikirja supersankareille -sarja<\/p>\n<p>&nbsp;<\/p>\n<\/div>\n<p><strong>Sarjakuvat<\/strong>: Sarjakuvamysteerit -kirjasarja (Lasse-Maijan etsiv\u00e4toimisto)<\/p>\n<p>&nbsp;<\/p>\n<div class=\"leipa\">\n<p><strong>Lis\u00e4ksi:<\/strong><\/p>\n<p><strong>Kaikki Punainen <\/strong>ja<strong> Keltainen banaani <\/strong>-sarjojen kirjat<\/p>\n<p><strong>Kaikki Kirjak\u00e4rp\u00e4nen<\/strong>-sarjan kirjat<\/p>\n<p><strong>Kaikki Kirjatiikeri<\/strong>-sarjan kirjat<\/p>\n<p><strong>Kaikki Lukupalat<\/strong>-sarjan kirjat<\/p>\n<p><strong>Kaikki Lukupiraatti<\/strong>-sarjan kirjat<\/p>\n<p><strong>Kaikki<\/strong> <strong>Hypp\u00e4\u00e4 kirjan kyytiin <\/strong>\u2013sarjan kirjat<\/p>\n<p><strong>Kaikki National Geographic Kids<\/strong> -sarjan kirjat<\/p>\n<p><strong>Kaikki Uskomatonta!<\/strong>-sarjan kirjat<\/p>\n<p><strong>Kaikki Ympyr\u00e4iset<\/strong> -sarjan kirjat<\/p>\n<p>&nbsp;<\/p>\n<p><strong>Tietokirja<\/strong><\/p>\n<p>Vapaavalintainen, opettajan luvalla<\/p>\n<p>&nbsp;<\/p>\n<\/div>\n","protected":false},"excerpt":{"rendered":"<p>LOISTOLUKIJA KIRJALISTA TOKALUOKKALAISILLE Diplomiin luetaan kuusi kirjaa: Kuvakirjat Aittokoski: Pikkuli-kirjat  [&#8230;]<\/p>\n","protected":false},"author":5,"featured_media":0,"parent":28,"menu_order":0,"comment_status":"closed","ping_status":"closed","template":"","meta":{"footnotes":""},"class_list":["post-32","page","type-page","status-publish","hentry"],"jetpack_sharing_enabled":true,"publishpress_future_action":{"enabled":false,"date":"2026-04-23 15:31:07","action":"change-status","newStatus":"draft","terms":[],"taxonomy":"","extraData":[]},"publishpress_future_workflow_manual_trigger":{"enabledWorkflows":[]},"_links":{"self":[{"href":"https:\/\/koski.fi\/kirjasto\/wp-json\/wp\/v2\/pages\/32","targetHints":{"allow":["GET"]}}],"collection":[{"href":"https:\/\/koski.fi\/kirjasto\/wp-json\/wp\/v2\/pages"}],"about":[{"href":"https:\/\/koski.fi\/kirjasto\/wp-json\/wp\/v2\/types\/page"}],"author":[{"embeddable":true,"href":"https:\/\/koski.fi\/kirjasto\/wp-json\/wp\/v2\/users\/5"}],"replies":[{"embeddable":true,"href":"https:\/\/koski.fi\/kirjasto\/wp-json\/wp\/v2\/comments?post=32"}],"version-history":[{"count":16,"href":"https:\/\/koski.fi\/kirjasto\/wp-json\/wp\/v2\/pages\/32\/revisions"}],"predecessor-version":[{"id":1266,"href":"https:\/\/koski.fi\/kirjasto\/wp-json\/wp\/v2\/pages\/32\/revisions\/1266"}],"up":[{"embeddable":true,"href":"https:\/\/koski.fi\/kirjasto\/wp-json\/wp\/v2\/pages\/28"}],"wp:attachment":[{"href":"https:\/\/koski.fi\/kirjasto\/wp-json\/wp\/v2\/media?parent=32"}],"curies":[{"name":"wp","href":"https:\/\/api.w.org\/{rel}","templated":true}]}}