{"id":30,"date":"2018-02-21T09:48:41","date_gmt":"2018-02-21T07:48:41","guid":{"rendered":"http:\/\/koski.fi\/kirjasto\/?page_id=30"},"modified":"2024-08-13T15:47:10","modified_gmt":"2024-08-13T12:47:10","slug":"luokka-1","status":"publish","type":"page","link":"https:\/\/koski.fi\/kirjasto\/loistava-lukija\/luokka-1\/","title":{"rendered":"Luokka 1"},"content":{"rendered":"<p class=\"Default\"><strong>LOISTOLUKIJA KIRJALISTA EKALUOKKALAISILLE<\/strong><\/p>\n<p class=\"Default\"><strong>Diplomiin luetaan kuusi kirjaa, oman valintasi ja tasosi mukaisesti.<\/strong><\/p>\n<p><strong>Kuvakirjat<\/strong><\/p>\n<p>(Sovi opettajan kanssa, kuinka monta kuvakirjaa voit lukea)<\/p>\n<p><strong>Baker: <\/strong>Miten sin\u00e4 tahtoisit lukea?<\/p>\n<p><strong>Burlison: <\/strong>Uskomaton koulumatka<\/p>\n<p><strong>Child: <\/strong>Miten satujen susista selvit\u00e4\u00e4n<\/p>\n<p><strong>Flygare: <\/strong>Liian pieni Putti ym. Putti-sarjan kirjat<\/p>\n<p><strong>Havukainen: <\/strong>Tatu ja Patu -kuvakirjat<\/p>\n<p><strong>Helm<\/strong>: 101 monsteria ja kaikki mit\u00e4 olet ikin\u00e4 halunnut niist\u00e4 tiet\u00e4\u00e4<\/p>\n<p><strong>Hoffman: <\/strong>Meid\u00e4n ja muiden tunteet <strong>TAI <\/strong>muut sarjan kirjat<\/p>\n<p><strong>Hurme: <\/strong>Minisijainen<\/p>\n<p><strong>Kallioniemi: <\/strong>Nelj\u00e4 muskelisoturia<\/p>\n<p><strong>Kanto<\/strong>: Viisi villi\u00e4 Virtasta\u00a0 -sarja<\/p>\n<p><strong>Kirkkopelto: <\/strong>Molli ja Kumma <strong>TAI <\/strong>muut kirjailijan kuvakirjat<\/p>\n<p><strong>Kunnas: <\/strong>Tassulan tarinat <strong>TAI<\/strong> Hurja-Harri ja pullon henki<\/p>\n<p><strong>K\u00e4nk\u00e4nen:<\/strong> Apo Apponen -kirjat<\/p>\n<p><strong>Lee:<\/strong> \u00c4l\u00e4 avaa t\u00e4t\u00e4 kirjaa<\/p>\n<p><strong>Lewis<\/strong>: Poika, joka uneksi lohik\u00e4\u00e4rmeit\u00e4<\/p>\n<p><strong>Lipasti<\/strong>: Kopterijengi T-RX -sarja<\/p>\n<p><strong>McDonald: <\/strong>Jukka Hukka -sarja<\/p>\n<p><strong>M\u00e6hle:\u00a0<\/strong>P\u00e4iv\u00e4kotidekkarit-sarjan kuvakirjat<\/p>\n<p><strong>Napp:\u00a0<\/strong>Mikko Murina -kuvakirjat<\/p>\n<p><strong>Nopola: <\/strong>Siiri ja kamala possu ym. Nopolan kuvakirjat<\/p>\n<p><strong>Ruohonen<\/strong>: Konkkaronkka<\/p>\n<p><strong>Ruuska: <\/strong>Elsa ja Lauri -sarjan kirjat<\/p>\n<p><strong>Savtchenko<\/strong>: Puolikas<\/p>\n<p><strong>Stansbie<\/strong>: Pieni p\u00f6ll\u00f6 uskaltaa<\/p>\n<p><strong>Ter\u00e4s<\/strong>: Myyr\u00e4, joka katsoi kuuta<\/p>\n<p><strong>Walliams:<\/strong> Koulussa on k\u00e4\u00e4rme!<\/p>\n<p><strong>Wieslander<\/strong>: Mimmi Lehm\u00e4 -sarjan kuvakirjat<\/p>\n<p>&nbsp;<\/p>\n<p><strong>Tarinat<\/strong><\/p>\n<p><strong>Bagge: <\/strong>Pihalla <strong>TAI <\/strong>muut Kaisa-sarjan kirjat<\/p>\n<p><strong>Cantini: <\/strong>Mortina-sarja<\/p>\n<p><strong>Davidson: <\/strong>Mauno ja Mukamonsterit \u2013sarjan kirjat<\/p>\n<p><strong>Fendrich:<\/strong> Nuoli-kilpa-autosarjan kirjat<\/p>\n<p><strong>Gough: <\/strong>Karhu ja kaniini -sarjan kirjat<\/p>\n<p><strong>Hallberg: <\/strong>Eppu etsii kotia ym. Eppu-sarjan hevoskirjat<\/p>\n<p><strong>Halvarsson: <\/strong>T\u00e4pl\u00e4-sarja<\/p>\n<p><strong>Harrison: <\/strong>Kisu ja \u00f6inen seikkailu <strong>TAI <\/strong>muut sarjan kirjat<\/p>\n<p><strong>Jalo: <\/strong>Niklas-kirjat<\/p>\n<p><strong>Kalajoki:<\/strong> Almus, t\u00e4nnetuloa terve <strong>TAI<\/strong> Almus: Vinhavuorten vanki<\/p>\n<p><strong>Kallioniemi:<\/strong> Ensiluokkaiset-sarja<\/p>\n<p><strong>Lagercrantz: <\/strong>Dunne-sarja<\/p>\n<p><strong>Leivo:<\/strong> Koira, joka meni kouluun<\/p>\n<p><strong>L\u00e9vy: <\/strong>Bingo-sarjan kirjat<\/p>\n<p><strong>Nopola: <\/strong>Hein\u00e4hattu ja Vilttitossu -sarja<\/p>\n<p><strong>Nopola: <\/strong>Risto R\u00e4pp\u00e4\u00e4j\u00e4 -sarja<\/p>\n<p><strong>Noronen: <\/strong>Y\u00f6koulu-sarja<\/p>\n<p><strong>Palviainen: <\/strong>Allu-sarjan kirjat<\/p>\n<p><strong>Parvela: <\/strong>Ella-sarja<\/p>\n<p><strong>Stewner: <\/strong>Liliane Etel\u00e4tuuli-sarjan kirjat<\/p>\n<p><strong>Wieker: <\/strong>Minidinot-sarja<\/p>\n<p><strong>Widmark: <\/strong>Lasse-Maijan etsiv\u00e4toimiston kirjat<\/p>\n<p>&nbsp;<\/p>\n<p><strong>Runot <\/strong><\/p>\n<p>(Sovi opettajan kanssa, kuinka monta lorua luetaan)<\/p>\n<p><strong>Dahl: <\/strong>Elukat<\/p>\n<p><strong>Itkonen<\/strong>: Kaupunkiretki <strong>TAI <\/strong>muut Itkosen lorukirjat<\/p>\n<p><strong>Nopola: <\/strong>Risto R\u00e4pp\u00e4\u00e4j\u00e4 maalla, merell\u00e4 ja ilmassa<\/p>\n<p><strong>Nuotio: <\/strong>Papupiilokas: \u00d6t\u00f6kk\u00e4riimej\u00e4 <strong>TAI <\/strong>muut Nuotion lorukirjat<\/p>\n<p><strong>Perki\u00f6: <\/strong>Tule mukaan, sanoi leijona <strong>TAI <\/strong>muut Perki\u00f6n lorukirjat<\/p>\n<p><strong>Venho: <\/strong>Linnunmaitoa kainalokanoille<\/p>\n<p>&nbsp;<\/p>\n<p><strong>Sarjakuvat<\/strong><\/p>\n<p><strong>Hansen: <\/strong>Rasmus Nalle -sarjakuvat<\/p>\n<p><strong>Lindgren: <\/strong>Peppi-sarjakuvat<\/p>\n<p><strong>Peyo<\/strong>: Smurffi-sarjakuvat (lue kirjasta 1 tarina)<\/p>\n<p><strong>Wieslander: <\/strong>Mimmi-lehm\u00e4 ja Varis retkeilev\u00e4t <strong>TAI <\/strong>muut Mimmi-Lehm\u00e4-sarjakuvat<\/p>\n<p>&nbsp;<\/p>\n<p><strong>Lis\u00e4ksi diplomi-kirjoja ovat:<\/strong><\/p>\n<p><strong>kaikki Lukupalat<\/strong>-sarjan kirjat<\/p>\n<p><strong>kaikki Kirjak\u00e4rp\u00e4nen<\/strong>-sarjan kirjat<\/p>\n<p><strong>kaikki Kirjatiikeri<\/strong>-sarjan kirjat (tavutettu)<\/p>\n<p><strong>kaikki<\/strong> <strong>Hypp\u00e4\u00e4 kirjan kyytiin <\/strong>\u2013sarjan kirjat<\/p>\n<p><strong>kaikki Minidinot<\/strong>-sarjan kirjat<\/p>\n<p><strong>kaikki Leon lemmikkiuutiset <\/strong>-sarjan kirjat<\/p>\n<p><strong>kaikki Lukuavain<\/strong>-sarjan kirjat (tavutettu)<\/p>\n<p><strong>kaikki Lukumestari<\/strong>-sarjan kirjat<\/p>\n<p><strong>kaikki Lukupalat<\/strong>-sarjan kirjat<\/p>\n<p><strong>kaikki Lukupiraatti<\/strong>-sarjan kirjat<\/p>\n<p><strong>Landers: <\/strong>Han Solon seikkailut <strong>TAI <\/strong>muut Lego Star Wars-tarinat<\/p>\n<p><strong>Sininen banaani <\/strong>\u2013sarjan kirjat<\/p>\n<p><strong>kaikki<\/strong> <strong>Tietopalat<\/strong>-sarjan kirjat<\/p>\n<p><strong>kaikki<\/strong> <strong>Uskomatonta! &#8211;<\/strong>sarjan kirjat<\/p>\n<p><strong>Vihre\u00e4 banaani <\/strong>\u2013sarjan kirjat (suurin osa tavukirjoja)<\/p>\n<p><strong>kaikki helppolukuiset kirjat<\/strong><\/p>\n<p>&nbsp;<\/p>\n<p><strong>Tietokirja<\/strong><\/p>\n<p><strong>Vapaavalintainen<\/strong>, opettajan luvalla<\/p>\n<p class=\"Default\">\n","protected":false},"excerpt":{"rendered":"<p>LOISTOLUKIJA KIRJALISTA EKALUOKKALAISILLE Diplomiin luetaan kuusi kirjaa, oman valintasi ja  [&#8230;]<\/p>\n","protected":false},"author":5,"featured_media":0,"parent":28,"menu_order":0,"comment_status":"closed","ping_status":"closed","template":"","meta":{"footnotes":""},"class_list":["post-30","page","type-page","status-publish","hentry"],"jetpack_sharing_enabled":true,"publishpress_future_action":{"enabled":false,"date":"2026-04-23 15:32:55","action":"change-status","newStatus":"draft","terms":[],"taxonomy":"","extraData":[]},"publishpress_future_workflow_manual_trigger":{"enabledWorkflows":[]},"_links":{"self":[{"href":"https:\/\/koski.fi\/kirjasto\/wp-json\/wp\/v2\/pages\/30","targetHints":{"allow":["GET"]}}],"collection":[{"href":"https:\/\/koski.fi\/kirjasto\/wp-json\/wp\/v2\/pages"}],"about":[{"href":"https:\/\/koski.fi\/kirjasto\/wp-json\/wp\/v2\/types\/page"}],"author":[{"embeddable":true,"href":"https:\/\/koski.fi\/kirjasto\/wp-json\/wp\/v2\/users\/5"}],"replies":[{"embeddable":true,"href":"https:\/\/koski.fi\/kirjasto\/wp-json\/wp\/v2\/comments?post=30"}],"version-history":[{"count":15,"href":"https:\/\/koski.fi\/kirjasto\/wp-json\/wp\/v2\/pages\/30\/revisions"}],"predecessor-version":[{"id":1259,"href":"https:\/\/koski.fi\/kirjasto\/wp-json\/wp\/v2\/pages\/30\/revisions\/1259"}],"up":[{"embeddable":true,"href":"https:\/\/koski.fi\/kirjasto\/wp-json\/wp\/v2\/pages\/28"}],"wp:attachment":[{"href":"https:\/\/koski.fi\/kirjasto\/wp-json\/wp\/v2\/media?parent=30"}],"curies":[{"name":"wp","href":"https:\/\/api.w.org\/{rel}","templated":true}]}}