{"id":1518,"date":"2026-03-10T08:13:40","date_gmt":"2026-03-10T06:13:40","guid":{"rendered":"https:\/\/koski.fi\/kirjasto\/?page_id=1518"},"modified":"2026-03-23T17:58:34","modified_gmt":"2026-03-23T15:58:34","slug":"omatoimikirjaston-kayttosaannot","status":"publish","type":"page","link":"https:\/\/koski.fi\/kirjasto\/omatoimikirjaston-kayttosaannot\/","title":{"rendered":"Omatoimikirjaston k\u00e4ytt\u00f6s\u00e4\u00e4nn\u00f6t"},"content":{"rendered":"<p>Omatoimikirjasto on kirjasto, jota asiakas voi k\u00e4ytt\u00e4\u00e4 omatoimisesti kirjaston asiakaspalveluaikojen ulkopuolella. Asiointi tapahtuu itsepalveluna.<\/p>\n<p>Kirjaston tiloista ja turvallisuudesta huolehditaan kamera- ja kulunvalvonnalla. Omatoimiaikana ovat voimassa Kosken kirjaston k\u00e4ytt\u00f6s\u00e4\u00e4nt\u00f6jen lis\u00e4ksi omatoimikirjaston k\u00e4ytt\u00f6s\u00e4\u00e4nn\u00f6t.<\/p>\n<h2><strong>Palvelut omatoimiaikana<\/strong><\/h2>\n<p>Omatoimiaikana kirjastossa voi mm. lainata ja palauttaa aineistoa automaatilla, noutaa omia varauksia, lukea lehti\u00e4 sek\u00e4 ty\u00f6skennell\u00e4 ja oleskella. My\u00f6s asiakastietokoneet ja langaton verkko ovat k\u00e4yt\u00f6ss\u00e4.<\/p>\n<p>Tulostaminen, kopioiminen ja skannaaminen eiv\u00e4t ole k\u00e4yt\u00f6ss\u00e4 omatoimiaikana.<\/p>\n<p>Omatoimiaikana kirjastossa ei voi k\u00e4ytt\u00e4\u00e4 palveluita, jotka edellytt\u00e4v\u00e4t henkil\u00f6kuntaa, kuten kirjastokortin hankkiminen tai maksujen maksaminen.<\/p>\n<p>Kirjaston asiakaspalveluajat ja omatoimikirjaston aukioloajat l\u00f6ytyv\u00e4t kirjaston verkkosivuilta.<\/p>\n<h2><strong>Omatoimikirjaston asiakkaaksi rekister\u00f6ityminen<\/strong><\/h2>\n<p>Omatoimikirjaston k\u00e4ytt\u00f6oikeus ei tule automaattisesti, vaan se t\u00e4ytyy hakea kirjallisesti kirjaston asiakaspalvelusta. Hankkimalla omatoimikirjaston k\u00e4ytt\u00f6oikeuden sitoutuu noudattamaan omatoimikirjaston k\u00e4ytt\u00f6s\u00e4\u00e4nt\u00f6j\u00e4.<\/p>\n<p>Omatoimikirjaston asiakkaaksi p\u00e4\u00e4seminen edellytt\u00e4\u00e4 voimassa olevaa Loistokirjastojen kirjastokorttia, johon on rekister\u00f6ity Kosken omatoimikirjaston k\u00e4ytt\u00f6oikeus.<\/p>\n<p>Alle 15-vuotiaalle asiakkaalle k\u00e4ytt\u00f6oikeuden hakee h\u00e4nen huoltajansa yhdess\u00e4 huollettavan kanssa. Huoltaja vastaa, ett\u00e4 alle 15-vuotias noudattaa omatoimikirjaston k\u00e4ytt\u00f6s\u00e4\u00e4nt\u00f6j\u00e4. Huoltaja voi my\u00f6s perua annetun suostumuksen.<\/p>\n<h2><strong>Sis\u00e4\u00e4nkirjautuminen ja kulunvalvonta<\/strong><\/h2>\n<p>Omatoimiaikana kirjastoon kirjaudutaan lukemalla kirjastokortti ulko-ovella sijaitsevassa lukijalaitteessa, johon n\u00e4pp\u00e4ill\u00e4\u00e4n henkil\u00f6kohtainen tunnusluku. Jokaisen asiakkaan on kirjauduttava sis\u00e4\u00e4n henkil\u00f6kohtaisesti. Asiakkaan tulee varmistaa, ettei kirjastoon tule samalla ovenavauksella sis\u00e4\u00e4n muita henkil\u00f6it\u00e4. Kirjastokortin omistaja on vastuussa siit\u00e4, ett\u00e4 kirjastokortti tai tunnusluku eiv\u00e4t p\u00e4\u00e4dy ulkopuolisten k\u00e4ytt\u00f6\u00f6n. Kun asiakas tulee kirjastoon tai poistuu sielt\u00e4, h\u00e4nen tulee huolehtia siit\u00e4, ett\u00e4 ulko-ovi menee lukkoon.<\/p>\n<p>Yhteis\u00f6asiakkaat, kuten p\u00e4iv\u00e4kotiryhm\u00e4t ja koululuokat voivat saada k\u00e4ytt\u00f6\u00f6n yhteis\u00f6kortin, jolla koko ryhm\u00e4 voi kirjautua sis\u00e4\u00e4n. Huoltajat voivat p\u00e4\u00e4st\u00e4\u00e4 alle 15vuotiaat lapsensa omatoimikirjastoon sis\u00e4lle kanssaan omalla kirjastokortillaan. Lapset asioivat t\u00e4ll\u00f6in kirjastossa kyseisen huoltajan vastuulla.<\/p>\n<p>Omatoimiajan alkamisesta ilmoitetaan kuulutuksella. Omatoimiajan alkaessa asiakkaan on poistuttava kirjastotilasta tai kirjauduttava sis\u00e4\u00e4n kirjastokortilla, mik\u00e4li h\u00e4n haluaa jatkaa kirjastossa oleskelua.<\/p>\n<p>Omatoimiajan p\u00e4\u00e4ttymisest\u00e4 ilmoitetaan kuulutuksella. Kirjastotilasta on poistuttava v\u00e4litt\u00f6m\u00e4sti, kun omatoimiaika p\u00e4\u00e4ttyy ja kirjasto sulkeutuu. Tilaan j\u00e4\u00e4minen aiheuttaa h\u00e4lytyksen ja kirjasto voi laskuttaa asiakasta aiheutetusta h\u00e4lytyksest\u00e4.<\/p>\n<h2><strong>Vastuut ja velvollisuudet<\/strong><\/h2>\n<p>Yleisten kirjastojen lain (1492\/2016) mukaan asiakkaiden tulee k\u00e4ytt\u00e4yty\u00e4 kirjastossa asiallisesti sek\u00e4 k\u00e4sitell\u00e4 kirjaston aineistoa, n\u00e4yttelyiss\u00e4 olevia teoksia ja muuta omaisuutta huolellisesti. Kirjasto on julkinen tila, jossa noudatetaan j\u00e4rjestyslakia (612\/2003). Sen mukaisesti esimerkiksi p\u00e4ihteiden k\u00e4ytt\u00f6, metel\u00f6inti, j\u00e4rjestyksen h\u00e4iritseminen sek\u00e4 toista henkil\u00f6\u00e4 uhkaava k\u00e4yt\u00f6s joko fyysisesti tai sanallisesti on kirjastossa kielletty. Mahdollisiin v\u00e4\u00e4rink\u00e4yt\u00f6ksiin puututaan my\u00f6s takautuvasti ja tarvittaessa rikkomuksista ilmoitetaan poliisille. Alaik\u00e4isen asiakkaan kohdalla kirjasto ottaa yhteytt\u00e4 huoltajaan.<\/p>\n<p>Asiakas on velvollinen korvaamaan mahdolliset aiheuttamansa vahingot. Vahinkojen korvaamisessa sovelletaan Kosken kirjaston k\u00e4ytt\u00f6s\u00e4\u00e4nt\u00f6j\u00e4, yleisist\u00e4 kirjastoista annettua lakia (1492\/2016) ja vahingonkorvauslakia (412\/1974).<\/p>\n<p>Omatoimiaikana asiakas saa k\u00e4ytt\u00e4\u00e4 vain kirjaston m\u00e4\u00e4ritt\u00e4mi\u00e4 kirjastotiloja. Asiakas on vastuussa kirjastokortillaan lainatusta aineistosta. Mik\u00e4li asiakas rikkoo kirjaston k\u00e4ytt\u00f6s\u00e4\u00e4nt\u00f6j\u00e4 tai j\u00e4rjestyslakia omatoimiaikana, voidaan h\u00e4nelle asettaa m\u00e4\u00e4r\u00e4aikainen k\u00e4ytt\u00f6kielto. K\u00e4ytt\u00f6kielto voi koskea joko kaikkea kirjaston k\u00e4ytt\u00f6\u00e4 tai vain omatoimik\u00e4ytt\u00f6\u00e4 riippuen rikkomuksen laajuudesta tai luonteesta.<\/p>\n<h2><strong>Kosken Tl kunnan kirjastossa on k\u00e4yt\u00f6ss\u00e4 Turvallisemman tilan periaatteet<\/strong><\/h2>\n<p>Kohtelemme toisiamme hyvin ja edist\u00e4mme toiminnallamme kaikkien samanarvoisuutta;<\/p>\n<ul>\n<li>K\u00e4ytt\u00e4ydymme toisiamme kohtaan kunnioittavasti ja asiallisesti.<\/li>\n<li>Huomioimme toistemme erilaisuuden.<\/li>\n<li>Puhumme ja kirjoitamme toisillemme yst\u00e4v\u00e4llisesti.<\/li>\n<li>Annamme palautteen asiallisesti ja kunnioittavasti.<\/li>\n<li>Puutumme havaitsemaamme ep\u00e4asialliseen k\u00e4yt\u00f6kseen.<\/li>\n<li>Tilan k\u00e4ytt\u00e4j\u00e4t sitoutuvat siihen, ett\u00e4 kaikilla on tilassa turvallinen olla.<\/li>\n<\/ul>\n","protected":false},"excerpt":{"rendered":"<p>Omatoimikirjasto on kirjasto, jota asiakas voi k\u00e4ytt\u00e4\u00e4 omatoimisesti kirjaston asiakaspalveluaikojen  [&#8230;]<\/p>\n","protected":false},"author":24,"featured_media":0,"parent":0,"menu_order":0,"comment_status":"closed","ping_status":"closed","template":"","meta":{"footnotes":""},"class_list":["post-1518","page","type-page","status-publish","hentry"],"jetpack_sharing_enabled":true,"publishpress_future_action":{"enabled":false,"date":"2026-04-23 17:18:50","action":"change-status","newStatus":"draft","terms":[],"taxonomy":"","extraData":[]},"publishpress_future_workflow_manual_trigger":{"enabledWorkflows":[]},"_links":{"self":[{"href":"https:\/\/koski.fi\/kirjasto\/wp-json\/wp\/v2\/pages\/1518","targetHints":{"allow":["GET"]}}],"collection":[{"href":"https:\/\/koski.fi\/kirjasto\/wp-json\/wp\/v2\/pages"}],"about":[{"href":"https:\/\/koski.fi\/kirjasto\/wp-json\/wp\/v2\/types\/page"}],"author":[{"embeddable":true,"href":"https:\/\/koski.fi\/kirjasto\/wp-json\/wp\/v2\/users\/24"}],"replies":[{"embeddable":true,"href":"https:\/\/koski.fi\/kirjasto\/wp-json\/wp\/v2\/comments?post=1518"}],"version-history":[{"count":4,"href":"https:\/\/koski.fi\/kirjasto\/wp-json\/wp\/v2\/pages\/1518\/revisions"}],"predecessor-version":[{"id":1525,"href":"https:\/\/koski.fi\/kirjasto\/wp-json\/wp\/v2\/pages\/1518\/revisions\/1525"}],"wp:attachment":[{"href":"https:\/\/koski.fi\/kirjasto\/wp-json\/wp\/v2\/media?parent=1518"}],"curies":[{"name":"wp","href":"https:\/\/api.w.org\/{rel}","templated":true}]}} 