{"id":1225,"date":"2024-05-24T17:23:07","date_gmt":"2024-05-24T14:23:07","guid":{"rendered":"https:\/\/koski.fi\/kirjasto\/?page_id=1225"},"modified":"2024-11-13T13:04:32","modified_gmt":"2024-11-13T11:04:32","slug":"uusi-e-kirjasto","status":"publish","type":"page","link":"https:\/\/koski.fi\/kirjasto\/uusi-e-kirjasto\/","title":{"rendered":"E-kirjasto"},"content":{"rendered":"<p>E-kirjasto on kuntien yhteinen palvelu, josta voi lainata e-kirjoja, \u00e4\u00e4nikirjoja ja digilehti\u00e4.<\/p>\n<p>Palvelua k\u00e4ytet\u00e4\u00e4n E-kirjasto-sovelluksella, jonka voi ladata mobiililaitteelle sovelluskaupasta. Sovellukseen rekister\u00f6idyt\u00e4\u00e4n ensimm\u00e4isell\u00e4 kerralla vahvan tunnistautumisen avulla.<\/p>\n<p>E-kirjastossa on aineistoja suomeksi, ruotsiksi ja englanniksi sek\u00e4 jonkin verran muilla kielill\u00e4. E- ja \u00e4\u00e4nikirjan voi lainata k\u00e4ytt\u00f6\u00f6ns\u00e4 kahdeksi viikoksi, jonka j\u00e4lkeen kirja palautuu automaattisesti. Kirjan voi my\u00f6s palauttaa itse ennen laina-ajan p\u00e4\u00e4ttymist\u00e4. Lehte\u00e4 voi lukea kaksi tuntia kerrallaan.<\/p>\n<p>Lukuoikeuksia on rajallinen m\u00e4\u00e4r\u00e4, joten suosituimpia aineistoja voi jonottaa varaamalla niit\u00e4. Aineistoja hankitaan jatkuvasti lis\u00e4\u00e4, joten uutta luettavaa ja kuunneltavaa tulee viikoittain.<\/p>\n<p>Palvelun tuottaa Kansalliskirjasto yhteisty\u00f6ss\u00e4 yleisten kirjastojen kanssa.<\/p>\n<p><a href=\"https:\/\/www.kansalliskirjasto.fi\/fi\/e-kirjasto\" target=\"_blank\" rel=\"noopener\">Lis\u00e4\u00e4 tietoa E-kirjastosta<\/a><\/p>\n<p>&nbsp;<\/p>\n<p><a href=\"https:\/\/www.e-kirjasto.fi\/\"><img decoding=\"async\" class=\"alignnone size-full wp-image-1229\" src=\"https:\/\/koski.fi\/kirjasto\/wp-content\/uploads\/sites\/2\/2024\/05\/E-kirjastomainos-1200x400-px-SU.jpg\" alt=\"\" width=\"1200\" height=\"400\" srcset=\"https:\/\/koski.fi\/kirjasto\/wp-content\/uploads\/sites\/2\/2024\/05\/E-kirjastomainos-1200x400-px-SU-200x67.jpg 200w, https:\/\/koski.fi\/kirjasto\/wp-content\/uploads\/sites\/2\/2024\/05\/E-kirjastomainos-1200x400-px-SU-300x100.jpg 300w, https:\/\/koski.fi\/kirjasto\/wp-content\/uploads\/sites\/2\/2024\/05\/E-kirjastomainos-1200x400-px-SU-400x133.jpg 400w, https:\/\/koski.fi\/kirjasto\/wp-content\/uploads\/sites\/2\/2024\/05\/E-kirjastomainos-1200x400-px-SU-600x200.jpg 600w, https:\/\/koski.fi\/kirjasto\/wp-content\/uploads\/sites\/2\/2024\/05\/E-kirjastomainos-1200x400-px-SU-768x256.jpg 768w, https:\/\/koski.fi\/kirjasto\/wp-content\/uploads\/sites\/2\/2024\/05\/E-kirjastomainos-1200x400-px-SU-800x267.jpg 800w, https:\/\/koski.fi\/kirjasto\/wp-content\/uploads\/sites\/2\/2024\/05\/E-kirjastomainos-1200x400-px-SU-1024x341.jpg 1024w, https:\/\/koski.fi\/kirjasto\/wp-content\/uploads\/sites\/2\/2024\/05\/E-kirjastomainos-1200x400-px-SU.jpg 1200w\" sizes=\"(max-width: 1200px) 100vw, 1200px\" \/><\/a><\/p>\n","protected":false},"excerpt":{"rendered":"<p>E-kirjasto on kuntien yhteinen palvelu, josta voi lainata e-kirjoja, \u00e4\u00e4nikirjoja  [&#8230;]<\/p>\n","protected":false},"author":5,"featured_media":0,"parent":0,"menu_order":0,"comment_status":"closed","ping_status":"closed","template":"","meta":{"footnotes":""},"class_list":["post-1225","page","type-page","status-publish","hentry"],"jetpack_sharing_enabled":true,"publishpress_future_action":{"enabled":false,"date":"2026-04-23 15:34:38","action":"change-status","newStatus":"draft","terms":[],"taxonomy":"","extraData":[]},"publishpress_future_workflow_manual_trigger":{"enabledWorkflows":[]},"_links":{"self":[{"href":"https:\/\/koski.fi\/kirjasto\/wp-json\/wp\/v2\/pages\/1225","targetHints":{"allow":["GET"]}}],"collection":[{"href":"https:\/\/koski.fi\/kirjasto\/wp-json\/wp\/v2\/pages"}],"about":[{"href":"https:\/\/koski.fi\/kirjasto\/wp-json\/wp\/v2\/types\/page"}],"author":[{"embeddable":true,"href":"https:\/\/koski.fi\/kirjasto\/wp-json\/wp\/v2\/users\/5"}],"replies":[{"embeddable":true,"href":"https:\/\/koski.fi\/kirjasto\/wp-json\/wp\/v2\/comments?post=1225"}],"version-history":[{"count":5,"href":"https:\/\/koski.fi\/kirjasto\/wp-json\/wp\/v2\/pages\/1225\/revisions"}],"predecessor-version":[{"id":1338,"href":"https:\/\/koski.fi\/kirjasto\/wp-json\/wp\/v2\/pages\/1225\/revisions\/1338"}],"wp:attachment":[{"href":"https:\/\/koski.fi\/kirjasto\/wp-json\/wp\/v2\/media?parent=1225"}],"curies":[{"name":"wp","href":"https:\/\/api.w.org\/{rel}","templated":true}]}}