{"id":10,"date":"2018-02-21T09:25:02","date_gmt":"2018-02-21T07:25:02","guid":{"rendered":"http:\/\/koski.fi\/kirjasto\/?page_id=10"},"modified":"2026-03-09T16:54:47","modified_gmt":"2026-03-09T14:54:47","slug":"kirjaston-palvelut","status":"publish","type":"page","link":"https:\/\/koski.fi\/kirjasto\/kirjaston-palvelut\/","title":{"rendered":"Kirjaston palvelut"},"content":{"rendered":"<div class=\"leipa\">\n<p>Kosken kirjasto kuuluu LOISTO-kirjastokimppaan. Muut Loisto-kirjastot ovat Aura, Loimaa, Marttila, Orip\u00e4\u00e4 sek\u00e4 P\u00f6yty\u00e4ll\u00e4 Kyr\u00f6n, Riihikosken ja Yl\u00e4neen kirjastot.<\/p>\n<p>LOISTO-kirjastoilla on yhteinen aineistotietokanta, asiakasrekisteri ja kirjastokortti. Samalla kirjastokortilla pystyt asioimaan kaikissa kimpan kirjastoissa.\u00a0Loisto-kirjastoista lainatun aineiston voi palauttaa maksutta kaikkiin Loisto-kirjastoihin.<\/p>\n<p><strong>Monenlaisia tallenteita<\/strong><br \/>\nTiesitk\u00f6, ett\u00e4 perinteisen kirjastoaineiston &#8211; kirjojen ja lehtien &#8211; lis\u00e4ksi kirjastoon hankitaan my\u00f6s muita tallenteita, esim. \u00e4\u00e4nikirjoja, CD-levyj\u00e4, DVD-elokuvia ja nuotteja. Suurin osa kirjastoaineistosta on lainattavissa kotiin.<\/p>\n<p><strong>Kotiseutukokoelma<\/strong><br \/>\nKotiseutukokoelmaan ker\u00e4t\u00e4\u00e4n Kosken Tl kuntaa\u00a0k\u00e4sittelev\u00e4\u00e4 aineistoa sek\u00e4 koskelaisten henkil\u00f6iden julkaisemia teoksia. Kotiseutukokoelma on tietokirjallisuusosaston yhteydess\u00e4.<\/p>\n<p><strong>Hankintaehdotukset<\/strong><br \/>\nPyrimme ottamaan huomioon my\u00f6s asiakkaiden toivomukset. Jos huomaat merkitt\u00e4v\u00e4n aukon kokoelmissamme, voit j\u00e4tt\u00e4\u00e4 hankintaehdotuksen.<\/p>\n<p><strong>Tiedonhaku<\/strong><br \/>\nKokoelmatietoja voit selata kirjaston asiakasty\u00f6asemalta tai verkosta. Jos et l\u00f6yd\u00e4 etsim\u00e4\u00e4si aineistoa, kysy henkil\u00f6kunnalta.<\/p>\n<p><strong>Kaukopalvelu<\/strong><br \/>\nSellaista aineistoa, jota ei ole Kosken kirjastossa, v\u00e4litet\u00e4\u00e4n\u00a0oman kunnan asukkaille\u00a0muista kirjastoista. Kaukopalvelussa noudatetaan valtakunnallisia yleisohjeita ja lainan antavan kirjaston ehtoja. Palvelu on maksullista.<\/p>\n<\/div>\n","protected":false},"excerpt":{"rendered":"<p>Kosken kirjasto kuuluu LOISTO-kirjastokimppaan. Muut Loisto-kirjastot ovat Aura, Loimaa, Marttila,  [&#8230;]<\/p>\n","protected":false},"author":5,"featured_media":0,"parent":0,"menu_order":0,"comment_status":"closed","ping_status":"closed","template":"","meta":{"footnotes":""},"class_list":["post-10","page","type-page","status-publish","hentry"],"jetpack_sharing_enabled":true,"publishpress_future_action":{"enabled":false,"date":"2026-04-23 14:17:47","action":"change-status","newStatus":"draft","terms":[],"taxonomy":"","extraData":[]},"publishpress_future_workflow_manual_trigger":{"enabledWorkflows":[]},"_links":{"self":[{"href":"https:\/\/koski.fi\/kirjasto\/wp-json\/wp\/v2\/pages\/10","targetHints":{"allow":["GET"]}}],"collection":[{"href":"https:\/\/koski.fi\/kirjasto\/wp-json\/wp\/v2\/pages"}],"about":[{"href":"https:\/\/koski.fi\/kirjasto\/wp-json\/wp\/v2\/types\/page"}],"author":[{"embeddable":true,"href":"https:\/\/koski.fi\/kirjasto\/wp-json\/wp\/v2\/users\/5"}],"replies":[{"embeddable":true,"href":"https:\/\/koski.fi\/kirjasto\/wp-json\/wp\/v2\/comments?post=10"}],"version-history":[{"count":5,"href":"https:\/\/koski.fi\/kirjasto\/wp-json\/wp\/v2\/pages\/10\/revisions"}],"predecessor-version":[{"id":1513,"href":"https:\/\/koski.fi\/kirjasto\/wp-json\/wp\/v2\/pages\/10\/revisions\/1513"}],"wp:attachment":[{"href":"https:\/\/koski.fi\/kirjasto\/wp-json\/wp\/v2\/media?parent=10"}],"curies":[{"name":"wp","href":"https:\/\/api.w.org\/{rel}","templated":true}]}} 