{"id":15,"date":"2018-02-28T15:12:41","date_gmt":"2018-02-28T13:12:41","guid":{"rendered":"http:\/\/koski.fi\/koskenlukio\/?page_id=15"},"modified":"2025-04-01T12:58:11","modified_gmt":"2025-04-01T09:58:11","slug":"opintotarjonta","status":"publish","type":"page","link":"http:\/\/koski.fi\/koskenlukio\/opintotarjonta\/","title":{"rendered":"Opintotarjonta"},"content":{"rendered":"<p><a href=\"https:\/\/drive.google.com\/file\/d\/13X3KPqpWWMQbf4OuUk_cjV-y_8pv9UX9\/view?usp=sharing\">Opintotarjotin LV 2025-2026<\/a><\/p>\n<p><a href=\"https:\/\/drive.google.com\/file\/d\/1zauWkMrc-ilUnNnpZLMs5vodJTOtNLIl\/view?usp=sharing\">Kosken lukion opintotarjonta<\/a><\/p>\n<p><a href=\"https:\/\/drive.google.com\/file\/d\/1L0dcRzPAF9AYLcMdCcQRPPl7zV-s4nhx\/view?usp=sharing\">Opintopistem\u00e4\u00e4r\u00e4 oppiaineittain<\/a><\/p>\n<p><a href=\"https:\/\/drive.google.com\/file\/d\/1Pziyx-4A6OxF-ERLjYSEaM6Nn6q64Ai9\/view?usp=sharing\">LOPS 2021 opintojaksot lueteltuna<\/a><\/p>\n<p><a href=\"https:\/\/drive.google.com\/file\/d\/19rESgfB1vKXZ8lf9wE4nHY9HMGBScNLR\/view?usp=sharing\">LOPS 2021 kurssivihko (opintojaksojen kuvaukset)<\/a><\/p>\n<p>&nbsp;<\/p>\n<p>&nbsp;<\/p>\n","protected":false},"excerpt":{"rendered":"<p>Opintotarjotin LV 2025-2026 Kosken lukion opintotarjonta Opintopistem\u00e4\u00e4r\u00e4 oppiaineittain LOPS 2021  [&#8230;]<\/p>\n","protected":false},"author":2,"featured_media":0,"parent":0,"menu_order":0,"comment_status":"closed","ping_status":"closed","template":"","meta":{"footnotes":""},"class_list":["post-15","page","type-page","status-publish","hentry"],"jetpack_sharing_enabled":true,"_links":{"self":[{"href":"http:\/\/koski.fi\/koskenlukio\/wp-json\/wp\/v2\/pages\/15","targetHints":{"allow":["GET"]}}],"collection":[{"href":"http:\/\/koski.fi\/koskenlukio\/wp-json\/wp\/v2\/pages"}],"about":[{"href":"http:\/\/koski.fi\/koskenlukio\/wp-json\/wp\/v2\/types\/page"}],"author":[{"embeddable":true,"href":"http:\/\/koski.fi\/koskenlukio\/wp-json\/wp\/v2\/users\/2"}],"replies":[{"embeddable":true,"href":"http:\/\/koski.fi\/koskenlukio\/wp-json\/wp\/v2\/comments?post=15"}],"version-history":[{"count":19,"href":"http:\/\/koski.fi\/koskenlukio\/wp-json\/wp\/v2\/pages\/15\/revisions"}],"predecessor-version":[{"id":645,"href":"http:\/\/koski.fi\/koskenlukio\/wp-json\/wp\/v2\/pages\/15\/revisions\/645"}],"wp:attachment":[{"href":"http:\/\/koski.fi\/koskenlukio\/wp-json\/wp\/v2\/media?parent=15"}],"curies":[{"name":"wp","href":"https:\/\/api.w.org\/{rel}","templated":true}]}} 