{"id":12,"date":"2018-02-28T15:08:59","date_gmt":"2018-02-28T13:08:59","guid":{"rendered":"http:\/\/koski.fi\/koskenlukio\/?page_id=12"},"modified":"2026-01-16T09:03:18","modified_gmt":"2026-01-16T07:03:18","slug":"ainevalintakortti","status":"publish","type":"page","link":"http:\/\/koski.fi\/koskenlukio\/ainevalintakortti\/","title":{"rendered":"Ainevalintakortti"},"content":{"rendered":"<p>Jos haet yhteisvalinnassa ensisijaisesti Kosken lukioon, niin l\u00e4het\u00e4 s\u00e4hk\u00f6inen ainevalintakortti <strong>viimeist\u00e4\u00e4n yhteishaun loppuun menness\u00e4<\/strong>. Vastaustesi perusteella suunnittelemme opintotarjontaamme ensi lukuvuodelle.<\/p>\n<p>Keskeist\u00e4 t\u00e4ss\u00e4 kohtaa on valinnaisten kielten valinnat. Muita valintoja ehtii tekem\u00e4\u00e4n toukokuun Lukiop\u00e4iv\u00e4ss\u00e4 ti 26.5., kes\u00e4ll\u00e4 tai koulun alkaessa. Haluamme my\u00f6s muistuttaa siit\u00e4, ett\u00e4 Kosken lukiossa pystyt muuttamaan valintojasi joustavasti ja oman mielenkiintosi mukaan.<\/p>\n<div><a href=\"https:\/\/forms.gle\/MksgfztLooGvej9C6\">Kosken lukion ainevalintakortti<\/a><\/div>\n<p>&nbsp;<\/p>\n","protected":false},"excerpt":{"rendered":"<p>Jos haet yhteisvalinnassa ensisijaisesti Kosken lukioon, niin l\u00e4het\u00e4 s\u00e4hk\u00f6inen ainevalintakortti  [&#8230;]<\/p>\n","protected":false},"author":2,"featured_media":0,"parent":0,"menu_order":0,"comment_status":"closed","ping_status":"closed","template":"","meta":{"footnotes":""},"class_list":["post-12","page","type-page","status-publish","hentry"],"jetpack_sharing_enabled":true,"_links":{"self":[{"href":"http:\/\/koski.fi\/koskenlukio\/wp-json\/wp\/v2\/pages\/12","targetHints":{"allow":["GET"]}}],"collection":[{"href":"http:\/\/koski.fi\/koskenlukio\/wp-json\/wp\/v2\/pages"}],"about":[{"href":"http:\/\/koski.fi\/koskenlukio\/wp-json\/wp\/v2\/types\/page"}],"author":[{"embeddable":true,"href":"http:\/\/koski.fi\/koskenlukio\/wp-json\/wp\/v2\/users\/2"}],"replies":[{"embeddable":true,"href":"http:\/\/koski.fi\/koskenlukio\/wp-json\/wp\/v2\/comments?post=12"}],"version-history":[{"count":20,"href":"http:\/\/koski.fi\/koskenlukio\/wp-json\/wp\/v2\/pages\/12\/revisions"}],"predecessor-version":[{"id":682,"href":"http:\/\/koski.fi\/koskenlukio\/wp-json\/wp\/v2\/pages\/12\/revisions\/682"}],"wp:attachment":[{"href":"http:\/\/koski.fi\/koskenlukio\/wp-json\/wp\/v2\/media?parent=12"}],"curies":[{"name":"wp","href":"https:\/\/api.w.org\/{rel}","templated":true}]}}