{"id":10,"date":"2018-02-28T15:03:37","date_gmt":"2018-02-28T13:03:37","guid":{"rendered":"http:\/\/koski.fi\/koskenlukio\/?page_id=10"},"modified":"2020-01-07T09:56:07","modified_gmt":"2020-01-07T07:56:07","slug":"tutorit","status":"publish","type":"page","link":"http:\/\/koski.fi\/koskenlukio\/tutorit\/","title":{"rendered":"Tutorit"},"content":{"rendered":"<p align=\"left\"><span style=\"font-family: Arial\">SINUA VARTEN! KYSY ROHKEASTI!<\/span><\/p>\n<p align=\"left\"><span style=\"font-family: Arial\">Tutor on luotettava yst\u00e4v\u00e4, jolle opiskelija voi kertoa mahdollisesti eteen tulevista opiskeluun liittyvist\u00e4 ongelmista. P\u00e4\u00e4teht\u00e4v\u00e4 on ohjata uusia opiskelijoita sopeutumaan uuteen oppimisymp\u00e4rist\u00f6\u00f6n. Tutor neuvoo ja auttaa aloittelevaa lukiolaista opiskeluun ja lukioel\u00e4m\u00e4\u00e4n liittyviss\u00e4 kysymyksiss\u00e4. Ykk\u00f6set saivat kaksi nimetty\u00e4 tutoria, jotka huolehtivat sinusta. Sin\u00e4 saat tietysti ottaa yhteytt\u00e4 keneen haluat \ud83d\ude09<\/span><\/p>\n<p align=\"left\"><span style=\"font-family: Arial\">Odotamme yhteydenottoasi! <a href=\"http:\/\/bit.ly\/tutorimme\" target=\"_blank\" rel=\"noopener noreferrer\">bit.ly\/tutorimme<\/a><\/span><\/p>\n<p align=\"left\">\n","protected":false},"excerpt":{"rendered":"<p>SINUA VARTEN! KYSY ROHKEASTI! Tutor on luotettava yst\u00e4v\u00e4, jolle opiskelija  [&#8230;]<\/p>\n","protected":false},"author":2,"featured_media":0,"parent":0,"menu_order":0,"comment_status":"closed","ping_status":"closed","template":"","meta":{"footnotes":""},"class_list":["post-10","page","type-page","status-publish","hentry"],"jetpack_sharing_enabled":true,"_links":{"self":[{"href":"http:\/\/koski.fi\/koskenlukio\/wp-json\/wp\/v2\/pages\/10","targetHints":{"allow":["GET"]}}],"collection":[{"href":"http:\/\/koski.fi\/koskenlukio\/wp-json\/wp\/v2\/pages"}],"about":[{"href":"http:\/\/koski.fi\/koskenlukio\/wp-json\/wp\/v2\/types\/page"}],"author":[{"embeddable":true,"href":"http:\/\/koski.fi\/koskenlukio\/wp-json\/wp\/v2\/users\/2"}],"replies":[{"embeddable":true,"href":"http:\/\/koski.fi\/koskenlukio\/wp-json\/wp\/v2\/comments?post=10"}],"version-history":[{"count":4,"href":"http:\/\/koski.fi\/koskenlukio\/wp-json\/wp\/v2\/pages\/10\/revisions"}],"predecessor-version":[{"id":288,"href":"http:\/\/koski.fi\/koskenlukio\/wp-json\/wp\/v2\/pages\/10\/revisions\/288"}],"wp:attachment":[{"href":"http:\/\/koski.fi\/koskenlukio\/wp-json\/wp\/v2\/media?parent=10"}],"curies":[{"name":"wp","href":"https:\/\/api.w.org\/{rel}","templated":true}]}}